{"id":1136,"date":"2024-12-09T01:35:52","date_gmt":"2024-12-09T00:35:52","guid":{"rendered":"http:\/\/www.norgeat.fr\/?page_id=1136"},"modified":"2025-02-20T19:06:39","modified_gmt":"2025-02-20T18:06:39","slug":"population-norgeat-1841-2007","status":"publish","type":"page","link":"https:\/\/www.norgeat.fr\/index.php\/norgeat-au-fil-du-temps\/population-norgeat-1841-2007\/","title":{"rendered":"Population Norgeat 1841 &#8211; 2007"},"content":{"rendered":"\n<h2 class=\"wp-block-heading\">Population Norgeat 1841 &#8211; 2007<\/h2>\n\n\n\n<p>Christian Pujol s&rsquo;int\u00e9resse depuis des ann\u00e9es \u00e0 la D\u00e9mographie de la vall\u00e9e de Miglos.<\/p>\n\n\n<div class=\"wp-block-image\">\n<figure class=\"aligncenter size-full is-resized\"><a href=\"https:\/\/www.norgeat.fr\/wp-content\/uploads\/2024\/12\/population.jpg\" data-rel=\"lightbox-gallery-bHDqaOjt\" data-rl_title=\"Population de Norgeat 1841 - 2007\" data-rl_caption=\"Population de Norgeat 1841 - 2007\" title=\"Population de Norgeat 1841 - 2007\"><img loading=\"lazy\" decoding=\"async\" width=\"816\" height=\"568\" src=\"https:\/\/www.norgeat.fr\/wp-content\/uploads\/2024\/12\/population.jpg\" alt=\"\" class=\"wp-image-1140\" style=\"width:800px\"\/><\/a><figcaption class=\"wp-element-caption\">Population de Norgeat 1841 &#8211; 2007<\/figcaption><\/figure>\n<\/div>\n\n\n<p>En ce qui concerne l&rsquo;\u00e9volution de la population du village de Norgeat, il vient de dresser un histogramme, qui couvre la p\u00e9riode 1841\/2007.<\/p>\n\n\n\n<p>Pour une bonne interpr\u00e9tation de ce graphique, quelques pr\u00e9cisions et une mise en parall\u00e8le avec les chiffres propres \u00e0 Miglos dans sa globalit\u00e9 s&rsquo;av\u00e8rent n\u00e9cessaires.<\/p>\n\n\n\n<p>En 1670, le peuplement de la vall\u00e9e de Miglos \u00e9tait \u00e9valu\u00e9 \u00e0 700 personnes.<\/p>\n\n\n\n<p>Les premi\u00e8res donn\u00e9es fiables portant sur la population de Norgeat datent du milieu du XVIIIe si\u00e8cle.<br>Dans un document Statistique de 1765, sur le Pays de Foix (A.D. Ari\u00e8ge), on rel\u00e8ve que la Baronnie de Miglos comptait 773 habitants en 1750.<br>A savoir :.<\/p>\n\n\n\n<ul class=\"wp-block-list\">\n<li>Norgeat = 281,<\/li>\n\n\n\n<li>Arquizat = 215,<\/li>\n\n\n\n<li>Nourrat (Norrat) = 138,<\/li>\n\n\n\n<li>Axiat = 112,<\/li>\n\n\n\n<li>Baychon = 27.<\/li>\n<\/ul>\n\n\n\n<p>A cette \u00e9poque, \u00e9galement, Norgeat est le village le plus peupl\u00e9.<\/p>\n\n\n\n<p>C&rsquo;est en 1841 que la population de Miglos atteint son apog\u00e9e : 1504 habitants, dont Norgeat : 510.<\/p>\n\n\n\n<p>En 1853, on rel\u00e8ve pour Miglos : 1305 habitants, dont Norgeat : 475.<\/p>\n\n\n\n<p>En 1861, on compte \u00e0 Miglos : 1054 habitants, dont Norgeat : 418.<br>L&rsquo;\u00e9pid\u00e9mie de chol\u00e9ra qui a s\u00e9vi dans la vall\u00e9e en 1854 a d\u00e9cim\u00e9 la population et fait au moins 234 victimes (dont 56 enregistr\u00e9es pour Norgeat); d&rsquo;o\u00f9 cette importante diminution constat\u00e9e en moins de 10 ans.<\/p>\n\n\n\n<p>Le d\u00e9nombrement de 1866 reprend 1072 habitants sur la commune et Norgeat en compte 430.<\/p>\n\n\n\n<p>Au d\u00e9but du XXe si\u00e8cle, le recensement de 1901 donne pour Miglos : 769 habitants, dont Norgeat : 342.<\/p>\n\n\n\n<p>Fin du XXe si\u00e8cle, en 1999, Miglos ne compte plus que 97 habitants, dont Norgeat : 34.<br>Il est \u00e0 noter qu&rsquo;entre 1926 &amp; 1946, Miglos a perdu la moiti\u00e9 de sa population et Norgeat les deux tiers.<\/p>\n\n\n\n<p>Le dernier recensement de 2007 indique pour Miglos : 107 habitants, dont Norgeat : 30.<\/p>\n\n\n\n<p>Tous ces chiffres sont \u00e9loquents et la conclusion s&rsquo;impose d&rsquo;elle-m\u00eame.<br>A l&rsquo;instar des villages de la Haute-Ari\u00e8ge, Miglos a subi une s\u00e9v\u00e8re h\u00e9morragie d\u00e9mographique, principalement au cours de la premi\u00e8re moiti\u00e9 du si\u00e8cle dernier.<\/p>\n\n\n\n<p>Deux raisons essentielles pour expliquer ce ph\u00e9nom\u00e8ne :<\/p>\n\n\n\n<ul class=\"wp-block-list\">\n<li>La Guerre de 1914\/1918 a pr\u00e9lev\u00e9 un lourd tribu sur les populations de nos montagnes &#8211; 32 jeunes hommes de Miglos sont Morts pour la France, dont 15 \u00e0 Norgeat.<\/li>\n\n\n\n<li>L&rsquo;exode rural a fait son apparition et va tr\u00e8s vite s&rsquo;amplifier. En fait, le travail de la terre ne peut plus faire vivre d\u00e9cemment les familles, souvent trop nombreuses, de nos villages. Les jeunes ne r\u00e9sistent plus \u00e0 l&rsquo;attrait de la ville et du modernisme. Ils r\u00eavent d&rsquo;une vie meilleure et diff\u00e9rente aussi de celle de leurs parents. Ce qui se con\u00e7oit ais\u00e9ment d&rsquo;ailleurs\u2026<\/li>\n<\/ul>\n\n\n\n<p>Depuis les deux derni\u00e8res d\u00e9cennies, cependant, une l\u00e9g\u00e8re embellie se dessine pour Miglos et la courbe d\u00e9mographique s&rsquo;est invers\u00e9e\u2026timidement.<br>Ceci est \u00e9galement valable pour Norgeat.<br>Ainsi, dans ce village, au cours des derni\u00e8res ann\u00e9es :<\/p>\n\n\n\n<ul class=\"wp-block-list\">\n<li>Plusieurs maisons ont \u00e9t\u00e9 b\u00e2ties ou restaur\u00e9es, ou sont en cours de r\u00e9novation.<\/li>\n\n\n\n<li>Des retrait\u00e9s, fuyant l&rsquo;agitation citadine, sont venus s&rsquo;y retirer (tout comme le font, chaque week-end, les nombreux propri\u00e9taires de r\u00e9sidences secondaires).<\/li>\n\n\n\n<li>Quelques jeunes couples ont aussi choisi de s&rsquo;y installer\u2026<\/li>\n<\/ul>\n\n\n\n<p>\u2026 et les cris des jeunes enfants, qui jouent maintenant dans ce charmant village, sont sans aucun doute les signes annonciateurs du renouveau\u2026<\/p>\n\n\n\n<p>A signaler qu&rsquo;une synth\u00e8se du remarquable travail de Christian Pujol (Evolution de la population de la vall\u00e9e de Miglos) peut-\u00eatre consult\u00e9e sur le site internet <a href=\"http:\/\/www.amiglos.fr\/\" target=\"_blank\" rel=\"noreferrer noopener\">www.amiglos.fr<\/a><\/p>\n\n\n\n<p class=\"has-text-align-right\">C.P. &amp; G.L.<br>Octobre 2010<\/p>\n\n\n\n<p><\/p>\n","protected":false},"excerpt":{"rendered":"<p>Population Norgeat 1841 &#8211; 2007 Christian Pujol s&rsquo;int\u00e9resse depuis des ann\u00e9es \u00e0 la D\u00e9mographie de la vall\u00e9e de Miglos. En ce qui concerne l&rsquo;\u00e9volution de la population du village de &#8230;<\/p>\n","protected":false},"author":2,"featured_media":2523,"parent":416,"menu_order":10,"comment_status":"closed","ping_status":"closed","template":"","meta":{"footnotes":""},"class_list":["post-1136","page","type-page","status-publish","has-post-thumbnail","hentry"],"yoast_head":"<!-- This site is optimized with the Yoast SEO plugin v24.0 - https:\/\/yoast.com\/wordpress\/plugins\/seo\/ -->\n<title>Population Norgeat 1841 - 2007 - Norgeat<\/title>\n<meta name=\"robots\" content=\"index, follow, max-snippet:-1, max-image-preview:large, max-video-preview:-1\" \/>\n<link rel=\"canonical\" href=\"https:\/\/www.norgeat.fr\/index.php\/norgeat-au-fil-du-temps\/population-norgeat-1841-2007\/\" \/>\n<meta property=\"og:locale\" content=\"fr_FR\" \/>\n<meta property=\"og:type\" content=\"article\" \/>\n<meta property=\"og:title\" content=\"Population Norgeat 1841 - 2007 - Norgeat\" \/>\n<meta property=\"og:description\" content=\"Population Norgeat 1841 &#8211; 2007 Christian Pujol s&rsquo;int\u00e9resse depuis des ann\u00e9es \u00e0 la D\u00e9mographie de la vall\u00e9e de Miglos. En ce qui concerne l&rsquo;\u00e9volution de la population du village de ...\" \/>\n<meta property=\"og:url\" content=\"https:\/\/www.norgeat.fr\/index.php\/norgeat-au-fil-du-temps\/population-norgeat-1841-2007\/\" \/>\n<meta property=\"og:site_name\" content=\"Norgeat\" \/>\n<meta property=\"article:modified_time\" content=\"2025-02-20T18:06:39+00:00\" \/>\n<meta property=\"og:image\" content=\"https:\/\/www.norgeat.fr\/wp-content\/uploads\/2025\/02\/Projet1.jpg\" \/>\n\t<meta property=\"og:image:width\" content=\"1208\" \/>\n\t<meta property=\"og:image:height\" content=\"507\" \/>\n\t<meta property=\"og:image:type\" content=\"image\/jpeg\" \/>\n<meta name=\"twitter:card\" content=\"summary_large_image\" \/>\n<meta name=\"twitter:label1\" content=\"Dur\u00e9e de lecture estim\u00e9e\" \/>\n\t<meta name=\"twitter:data1\" content=\"4 minutes\" \/>\n<script type=\"application\/ld+json\" class=\"yoast-schema-graph\">{\"@context\":\"https:\/\/schema.org\",\"@graph\":[{\"@type\":\"WebPage\",\"@id\":\"https:\/\/www.norgeat.fr\/index.php\/norgeat-au-fil-du-temps\/population-norgeat-1841-2007\/\",\"url\":\"https:\/\/www.norgeat.fr\/index.php\/norgeat-au-fil-du-temps\/population-norgeat-1841-2007\/\",\"name\":\"Population Norgeat 1841 - 2007 - Norgeat\",\"isPartOf\":{\"@id\":\"https:\/\/www.norgeat.fr\/#website\"},\"primaryImageOfPage\":{\"@id\":\"https:\/\/www.norgeat.fr\/index.php\/norgeat-au-fil-du-temps\/population-norgeat-1841-2007\/#primaryimage\"},\"image\":{\"@id\":\"https:\/\/www.norgeat.fr\/index.php\/norgeat-au-fil-du-temps\/population-norgeat-1841-2007\/#primaryimage\"},\"thumbnailUrl\":\"https:\/\/www.norgeat.fr\/wp-content\/uploads\/2025\/02\/Projet1.jpg\",\"datePublished\":\"2024-12-09T00:35:52+00:00\",\"dateModified\":\"2025-02-20T18:06:39+00:00\",\"breadcrumb\":{\"@id\":\"https:\/\/www.norgeat.fr\/index.php\/norgeat-au-fil-du-temps\/population-norgeat-1841-2007\/#breadcrumb\"},\"inLanguage\":\"fr-FR\",\"potentialAction\":[{\"@type\":\"ReadAction\",\"target\":[\"https:\/\/www.norgeat.fr\/index.php\/norgeat-au-fil-du-temps\/population-norgeat-1841-2007\/\"]}]},{\"@type\":\"ImageObject\",\"inLanguage\":\"fr-FR\",\"@id\":\"https:\/\/www.norgeat.fr\/index.php\/norgeat-au-fil-du-temps\/population-norgeat-1841-2007\/#primaryimage\",\"url\":\"https:\/\/www.norgeat.fr\/wp-content\/uploads\/2025\/02\/Projet1.jpg\",\"contentUrl\":\"https:\/\/www.norgeat.fr\/wp-content\/uploads\/2025\/02\/Projet1.jpg\",\"width\":1208,\"height\":507},{\"@type\":\"BreadcrumbList\",\"@id\":\"https:\/\/www.norgeat.fr\/index.php\/norgeat-au-fil-du-temps\/population-norgeat-1841-2007\/#breadcrumb\",\"itemListElement\":[{\"@type\":\"ListItem\",\"position\":1,\"name\":\"Accueil\",\"item\":\"https:\/\/www.norgeat.fr\/\"},{\"@type\":\"ListItem\",\"position\":2,\"name\":\"Au fil du temps\",\"item\":\"https:\/\/www.norgeat.fr\/index.php\/norgeat-au-fil-du-temps\/\"},{\"@type\":\"ListItem\",\"position\":3,\"name\":\"Population Norgeat 1841 &#8211; 2007\"}]},{\"@type\":\"WebSite\",\"@id\":\"https:\/\/www.norgeat.fr\/#website\",\"url\":\"https:\/\/www.norgeat.fr\/\",\"name\":\"Norgeat\",\"description\":\"Norgeat, d&#039;hier et d&#039;aujourd&#039;hui...\",\"publisher\":{\"@id\":\"https:\/\/www.norgeat.fr\/#organization\"},\"potentialAction\":[{\"@type\":\"SearchAction\",\"target\":{\"@type\":\"EntryPoint\",\"urlTemplate\":\"https:\/\/www.norgeat.fr\/?s={search_term_string}\"},\"query-input\":{\"@type\":\"PropertyValueSpecification\",\"valueRequired\":true,\"valueName\":\"search_term_string\"}}],\"inLanguage\":\"fr-FR\"},{\"@type\":\"Organization\",\"@id\":\"https:\/\/www.norgeat.fr\/#organization\",\"name\":\"Le village de Norgeat en Ari\u00e8ge\",\"url\":\"https:\/\/www.norgeat.fr\/\",\"logo\":{\"@type\":\"ImageObject\",\"inLanguage\":\"fr-FR\",\"@id\":\"https:\/\/www.norgeat.fr\/#\/schema\/logo\/image\/\",\"url\":\"https:\/\/www.norgeat.fr\/wp-content\/uploads\/2024\/12\/logo-norgeat-v.png\",\"contentUrl\":\"https:\/\/www.norgeat.fr\/wp-content\/uploads\/2024\/12\/logo-norgeat-v.png\",\"width\":4306,\"height\":1521,\"caption\":\"Le village de Norgeat en Ari\u00e8ge\"},\"image\":{\"@id\":\"https:\/\/www.norgeat.fr\/#\/schema\/logo\/image\/\"}}]}<\/script>\n<!-- \/ Yoast SEO plugin. -->","yoast_head_json":{"title":"Population Norgeat 1841 - 2007 - Norgeat","robots":{"index":"index","follow":"follow","max-snippet":"max-snippet:-1","max-image-preview":"max-image-preview:large","max-video-preview":"max-video-preview:-1"},"canonical":"https:\/\/www.norgeat.fr\/index.php\/norgeat-au-fil-du-temps\/population-norgeat-1841-2007\/","og_locale":"fr_FR","og_type":"article","og_title":"Population Norgeat 1841 - 2007 - Norgeat","og_description":"Population Norgeat 1841 &#8211; 2007 Christian Pujol s&rsquo;int\u00e9resse depuis des ann\u00e9es \u00e0 la D\u00e9mographie de la vall\u00e9e de Miglos. En ce qui concerne l&rsquo;\u00e9volution de la population du village de ...","og_url":"https:\/\/www.norgeat.fr\/index.php\/norgeat-au-fil-du-temps\/population-norgeat-1841-2007\/","og_site_name":"Norgeat","article_modified_time":"2025-02-20T18:06:39+00:00","og_image":[{"width":1208,"height":507,"url":"https:\/\/www.norgeat.fr\/wp-content\/uploads\/2025\/02\/Projet1.jpg","type":"image\/jpeg"}],"twitter_card":"summary_large_image","twitter_misc":{"Dur\u00e9e de lecture estim\u00e9e":"4 minutes"},"schema":{"@context":"https:\/\/schema.org","@graph":[{"@type":"WebPage","@id":"https:\/\/www.norgeat.fr\/index.php\/norgeat-au-fil-du-temps\/population-norgeat-1841-2007\/","url":"https:\/\/www.norgeat.fr\/index.php\/norgeat-au-fil-du-temps\/population-norgeat-1841-2007\/","name":"Population Norgeat 1841 - 2007 - Norgeat","isPartOf":{"@id":"https:\/\/www.norgeat.fr\/#website"},"primaryImageOfPage":{"@id":"https:\/\/www.norgeat.fr\/index.php\/norgeat-au-fil-du-temps\/population-norgeat-1841-2007\/#primaryimage"},"image":{"@id":"https:\/\/www.norgeat.fr\/index.php\/norgeat-au-fil-du-temps\/population-norgeat-1841-2007\/#primaryimage"},"thumbnailUrl":"https:\/\/www.norgeat.fr\/wp-content\/uploads\/2025\/02\/Projet1.jpg","datePublished":"2024-12-09T00:35:52+00:00","dateModified":"2025-02-20T18:06:39+00:00","breadcrumb":{"@id":"https:\/\/www.norgeat.fr\/index.php\/norgeat-au-fil-du-temps\/population-norgeat-1841-2007\/#breadcrumb"},"inLanguage":"fr-FR","potentialAction":[{"@type":"ReadAction","target":["https:\/\/www.norgeat.fr\/index.php\/norgeat-au-fil-du-temps\/population-norgeat-1841-2007\/"]}]},{"@type":"ImageObject","inLanguage":"fr-FR","@id":"https:\/\/www.norgeat.fr\/index.php\/norgeat-au-fil-du-temps\/population-norgeat-1841-2007\/#primaryimage","url":"https:\/\/www.norgeat.fr\/wp-content\/uploads\/2025\/02\/Projet1.jpg","contentUrl":"https:\/\/www.norgeat.fr\/wp-content\/uploads\/2025\/02\/Projet1.jpg","width":1208,"height":507},{"@type":"BreadcrumbList","@id":"https:\/\/www.norgeat.fr\/index.php\/norgeat-au-fil-du-temps\/population-norgeat-1841-2007\/#breadcrumb","itemListElement":[{"@type":"ListItem","position":1,"name":"Accueil","item":"https:\/\/www.norgeat.fr\/"},{"@type":"ListItem","position":2,"name":"Au fil du temps","item":"https:\/\/www.norgeat.fr\/index.php\/norgeat-au-fil-du-temps\/"},{"@type":"ListItem","position":3,"name":"Population Norgeat 1841 &#8211; 2007"}]},{"@type":"WebSite","@id":"https:\/\/www.norgeat.fr\/#website","url":"https:\/\/www.norgeat.fr\/","name":"Norgeat","description":"Norgeat, d&#039;hier et d&#039;aujourd&#039;hui...","publisher":{"@id":"https:\/\/www.norgeat.fr\/#organization"},"potentialAction":[{"@type":"SearchAction","target":{"@type":"EntryPoint","urlTemplate":"https:\/\/www.norgeat.fr\/?s={search_term_string}"},"query-input":{"@type":"PropertyValueSpecification","valueRequired":true,"valueName":"search_term_string"}}],"inLanguage":"fr-FR"},{"@type":"Organization","@id":"https:\/\/www.norgeat.fr\/#organization","name":"Le village de Norgeat en Ari\u00e8ge","url":"https:\/\/www.norgeat.fr\/","logo":{"@type":"ImageObject","inLanguage":"fr-FR","@id":"https:\/\/www.norgeat.fr\/#\/schema\/logo\/image\/","url":"https:\/\/www.norgeat.fr\/wp-content\/uploads\/2024\/12\/logo-norgeat-v.png","contentUrl":"https:\/\/www.norgeat.fr\/wp-content\/uploads\/2024\/12\/logo-norgeat-v.png","width":4306,"height":1521,"caption":"Le village de Norgeat en Ari\u00e8ge"},"image":{"@id":"https:\/\/www.norgeat.fr\/#\/schema\/logo\/image\/"}}]}},"rttpg_featured_image_url":{"full":["https:\/\/www.norgeat.fr\/wp-content\/uploads\/2025\/02\/Projet1.jpg",1208,507,false],"landscape":["https:\/\/www.norgeat.fr\/wp-content\/uploads\/2025\/02\/Projet1.jpg",1208,507,false],"portraits":["https:\/\/www.norgeat.fr\/wp-content\/uploads\/2025\/02\/Projet1.jpg",1208,507,false],"thumbnail":["https:\/\/www.norgeat.fr\/wp-content\/uploads\/2025\/02\/Projet1-150x150.jpg",150,150,true],"medium":["https:\/\/www.norgeat.fr\/wp-content\/uploads\/2025\/02\/Projet1-300x126.jpg",300,126,true],"large":["https:\/\/www.norgeat.fr\/wp-content\/uploads\/2025\/02\/Projet1-1024x430.jpg",800,336,true],"1536x1536":["https:\/\/www.norgeat.fr\/wp-content\/uploads\/2025\/02\/Projet1.jpg",1208,507,false],"2048x2048":["https:\/\/www.norgeat.fr\/wp-content\/uploads\/2025\/02\/Projet1.jpg",1208,507,false],"onepress-blog-small":["https:\/\/www.norgeat.fr\/wp-content\/uploads\/2025\/02\/Projet1-300x150.jpg",300,150,true],"onepress-small":["https:\/\/www.norgeat.fr\/wp-content\/uploads\/2025\/02\/Projet1-480x300.jpg",480,300,true],"onepress-medium":["https:\/\/www.norgeat.fr\/wp-content\/uploads\/2025\/02\/Projet1-640x400.jpg",640,400,true]},"rttpg_author":{"display_name":"norgeat","author_link":"https:\/\/www.norgeat.fr\/index.php\/author\/norgeat\/"},"rttpg_comment":0,"rttpg_category":null,"rttpg_excerpt":"Population Norgeat 1841 &#8211; 2007 Christian Pujol s&rsquo;int\u00e9resse depuis des ann\u00e9es \u00e0 la D\u00e9mographie de la vall\u00e9e de Miglos. En ce qui concerne l&rsquo;\u00e9volution de la population du village de ...","_links":{"self":[{"href":"https:\/\/www.norgeat.fr\/index.php\/wp-json\/wp\/v2\/pages\/1136","targetHints":{"allow":["GET"]}}],"collection":[{"href":"https:\/\/www.norgeat.fr\/index.php\/wp-json\/wp\/v2\/pages"}],"about":[{"href":"https:\/\/www.norgeat.fr\/index.php\/wp-json\/wp\/v2\/types\/page"}],"author":[{"embeddable":true,"href":"https:\/\/www.norgeat.fr\/index.php\/wp-json\/wp\/v2\/users\/2"}],"replies":[{"embeddable":true,"href":"https:\/\/www.norgeat.fr\/index.php\/wp-json\/wp\/v2\/comments?post=1136"}],"version-history":[{"count":2,"href":"https:\/\/www.norgeat.fr\/index.php\/wp-json\/wp\/v2\/pages\/1136\/revisions"}],"predecessor-version":[{"id":1143,"href":"https:\/\/www.norgeat.fr\/index.php\/wp-json\/wp\/v2\/pages\/1136\/revisions\/1143"}],"up":[{"embeddable":true,"href":"https:\/\/www.norgeat.fr\/index.php\/wp-json\/wp\/v2\/pages\/416"}],"wp:featuredmedia":[{"embeddable":true,"href":"https:\/\/www.norgeat.fr\/index.php\/wp-json\/wp\/v2\/media\/2523"}],"wp:attachment":[{"href":"https:\/\/www.norgeat.fr\/index.php\/wp-json\/wp\/v2\/media?parent=1136"}],"curies":[{"name":"wp","href":"https:\/\/api.w.org\/{rel}","templated":true}]}}