{"id":1146,"date":"2024-12-09T01:49:08","date_gmt":"2024-12-09T00:49:08","guid":{"rendered":"http:\/\/www.norgeat.fr\/?page_id=1146"},"modified":"2024-12-12T00:38:26","modified_gmt":"2024-12-11T23:38:26","slug":"lepidemie-de-cholera","status":"publish","type":"page","link":"https:\/\/www.norgeat.fr\/index.php\/lepidemie-de-cholera\/","title":{"rendered":"Epid\u00e9mie de chol\u00e9ra\u2026"},"content":{"rendered":"\n<h2 class=\"wp-block-heading\">Epid\u00e9mie de chol\u00e9ra&#8230;<\/h2>\n\n\n\t\t<div class=\"rttpg-block-postgrid rttpg-block-wrapper rttpg-block-cddef0 tpg-filter-type-dropdown section-title-style-style1 img_hover_animation_default title-default title_position_default title_hover_border_default meta_position_default tpg-is-author-icon-default author-image-visibility-icon tpg-category-position-default readmore-btn-default-style grid-hover-overlay-type-always grid-hover-overlay-height-default hover-overlay-height-default tpg-title-border-default filter-nex-prev-btn-visible tpg-cat-style1 slider-scroll-hide act-label-style-inline\">\n\t\t\t<div class=\"rt-container-fluid rt-tpg-container tpg-el-main-wrapper clearfix grid-layout1-main\"\n\t\t\t\t id=\"rt-tpg-container-2069707256\"\n\t\t\t\t data-layout=\"grid-layout1\"\n\t\t\t\t data-grid-style=\"tpg-even\" data-sc-id=\"elementor\"\n\t\t\t\t data-el-settings=''\n\t\t\t\t data-el-query=''\n\t\t\t\t data-el-path=''>\n\t\t\t\t\t\t\t\t<div class='tpg-header-wrapper '>\n\t\t\t\t\n        <div class=\"tpg-widget-heading-wrapper rt-clear heading-style1 \">\n            <span class=\"tpg-widget-heading-line line-left\"><\/span>\n\t\t\t<h2 class='tpg-widget-heading'>\n\t\t\t\n\t\t\t\t                    <span>\n\t\t\t\t\t\t\t\t\t\t\t<\/span>\n\t\t\t\t\t\n\t\t\t\t\t\t\t<\/h2>            <span class=\"tpg-widget-heading-line line-right\"><\/span>\n\n\t\t\t\n        <\/div>\n\n\t\t\n\t\t\t\t\t\t<\/div>\n\t\t\t\t\n\t\t\t\t<div class=\"rt-row rt-content-loader gutenberg-inner grid-layout1 grid-behaviour tpg-even grid_layout_wrapper\">\n\t\t\t\t\t\n<div class=\"rt-col-md-4 rt-col-sm-6 rt-col-xs-12 default rt-grid-item post-1149 page type-page status-publish has-post-thumbnail hentry\"\t\tdata-id=\"1149\">\n\t<div class=\"rt-holder tpg-post-holder\">\n\t\t<div class=\"rt-detail rt-el-content-wrapper\">\n\t\t\t\t\t\t\t<div class=\"rt-img-holder tpg-el-image-wrap has-thumbnail\">\n\t\t\t\t\t<a data-id=\"1149\" href=\"https:\/\/www.norgeat.fr\/index.php\/lepidemie-de-cholera\/epidemie-de-cholera-de-1854\/\" class=\"tpg-post-link\" target=\"_self\">                        <img loading=\"lazy\" decoding=\"async\" src=\"https:\/\/www.norgeat.fr\/wp-content\/uploads\/2024\/12\/avant-reseau-cholera-768x401.jpg\"\n                             class=\"rt-img-responsive\"\n                             width=\"768\"\n                             height=\"401\"\n                             alt=\"Epid\u00e9mie de chol\u00e9ra de 1854\">\n\t\t\t\t\t\t\n\t\t\t\t\t\t\t\n\t\t<\/a>\n\t\t        <div class=\"overlay grid-hover-content\"><\/div>\n\t\t\t\t\t\t<\/div>\n\t\t\t\n\t\t\t<div class=\"entry-title-wrapper\"><h3 class=\"entry-title\"><a data-id=\"1149\" href=\"https:\/\/www.norgeat.fr\/index.php\/lepidemie-de-cholera\/epidemie-de-cholera-de-1854\/\" class=\"tpg-post-link\" target=\"_self\">Epid\u00e9mie de chol\u00e9ra de 1854<\/a><\/h3><\/div>\n\t\t\t\n\t\t\t\t\t<\/div>\n\t<\/div>\n<\/div>\n<div class=\"rt-col-md-4 rt-col-sm-6 rt-col-xs-12 default rt-grid-item post-1193 page type-page status-publish has-post-thumbnail hentry\"\t\tdata-id=\"1193\">\n\t<div class=\"rt-holder tpg-post-holder\">\n\t\t<div class=\"rt-detail rt-el-content-wrapper\">\n\t\t\t\t\t\t\t<div class=\"rt-img-holder tpg-el-image-wrap has-thumbnail\">\n\t\t\t\t\t<a data-id=\"1193\" href=\"https:\/\/www.norgeat.fr\/index.php\/lepidemie-de-cholera\/les-janirets-de-louis-pujol\/\" class=\"tpg-post-link\" target=\"_self\">                        <img loading=\"lazy\" decoding=\"async\" src=\"https:\/\/www.norgeat.fr\/wp-content\/uploads\/2024\/12\/avant-reseau-janirets-768x401.jpg\"\n                             class=\"rt-img-responsive\"\n                             width=\"768\"\n                             height=\"401\"\n                             alt=\"Les Janirets, de Louis Pujol\">\n\t\t\t\t\t\t\n\t\t\t\t\t\t\t\n\t\t<\/a>\n\t\t        <div class=\"overlay grid-hover-content\"><\/div>\n\t\t\t\t\t\t<\/div>\n\t\t\t\n\t\t\t<div class=\"entry-title-wrapper\"><h3 class=\"entry-title\"><a data-id=\"1193\" href=\"https:\/\/www.norgeat.fr\/index.php\/lepidemie-de-cholera\/les-janirets-de-louis-pujol\/\" class=\"tpg-post-link\" target=\"_self\">Les Janirets, de Louis Pujol<\/a><\/h3><\/div>\n\t\t\t\n\t\t\t\t\t<\/div>\n\t<\/div>\n<\/div>\n<div class=\"rt-col-md-4 rt-col-sm-6 rt-col-xs-12 default rt-grid-item post-1231 page type-page status-publish has-post-thumbnail hentry\"\t\tdata-id=\"1231\">\n\t<div class=\"rt-holder tpg-post-holder\">\n\t\t<div class=\"rt-detail rt-el-content-wrapper\">\n\t\t\t\t\t\t\t<div class=\"rt-img-holder tpg-el-image-wrap has-thumbnail\">\n\t\t\t\t\t<a data-id=\"1231\" href=\"https:\/\/www.norgeat.fr\/index.php\/lepidemie-de-cholera\/moyen-de-guerison-a-miglos\/\" class=\"tpg-post-link\" target=\"_self\">                        <img loading=\"lazy\" decoding=\"async\" src=\"https:\/\/www.norgeat.fr\/wp-content\/uploads\/2024\/12\/avant-reseau-guerison-768x401.jpg\"\n                             class=\"rt-img-responsive\"\n                             width=\"768\"\n                             height=\"401\"\n                             alt=\"Moyen de gu\u00e9rison&#8230; \u00e0 Miglos\">\n\t\t\t\t\t\t\n\t\t\t\t\t\t\t\n\t\t<\/a>\n\t\t        <div class=\"overlay grid-hover-content\"><\/div>\n\t\t\t\t\t\t<\/div>\n\t\t\t\n\t\t\t<div class=\"entry-title-wrapper\"><h3 class=\"entry-title\"><a data-id=\"1231\" href=\"https:\/\/www.norgeat.fr\/index.php\/lepidemie-de-cholera\/moyen-de-guerison-a-miglos\/\" class=\"tpg-post-link\" target=\"_self\">Moyen de gu\u00e9rison&#8230; \u00e0 Miglos<\/a><\/h3><\/div>\n\t\t\t\n\t\t\t\t\t<\/div>\n\t<\/div>\n<\/div>\t\t\t\t<\/div>\n\n\t\t\t\t\n\t\t\t<\/div>\n\t\t<\/div>\n\t\t","protected":false},"excerpt":{"rendered":"<p>Epid\u00e9mie de chol\u00e9ra&#8230;<\/p>\n","protected":false},"author":2,"featured_media":2039,"parent":0,"menu_order":0,"comment_status":"closed","ping_status":"closed","template":"","meta":{"footnotes":""},"class_list":["post-1146","page","type-page","status-publish","has-post-thumbnail","hentry"],"yoast_head":"<!-- This site is optimized with the Yoast SEO plugin v24.0 - https:\/\/yoast.com\/wordpress\/plugins\/seo\/ -->\n<title>Epid\u00e9mie de chol\u00e9ra\u2026 - Norgeat<\/title>\n<meta name=\"description\" content=\"Epid\u00e9mie de chol\u00e9ra - Les moyens de gu\u00e9rison - Le livre &quot;les Janirets&quot; de Louis Pujol, dans son roman l\u2019auteur narre la vie des gens de son village, Norgeat, au travers du journal qu\u2019une jeune berg\u00e8re a tenu de 1830 \u00e0 fin 1854.\" \/>\n<meta name=\"robots\" content=\"index, follow, max-snippet:-1, max-image-preview:large, max-video-preview:-1\" \/>\n<link rel=\"canonical\" href=\"https:\/\/www.norgeat.fr\/index.php\/lepidemie-de-cholera\/\" \/>\n<meta property=\"og:locale\" content=\"fr_FR\" \/>\n<meta property=\"og:type\" content=\"article\" \/>\n<meta property=\"og:title\" content=\"L&#039;\u00e9pid\u00e9mie de chol\u00e9ra...\" \/>\n<meta property=\"og:description\" content=\"Epid\u00e9mie de chol\u00e9ra - Les moyens de gu\u00e9rison - Le livre &quot;les Janirets&quot; de Louis Pujol, dans son roman l\u2019auteur narre la vie des gens de son village, Norgeat, au travers du journal qu\u2019une jeune berg\u00e8re a tenu de 1830 \u00e0 fin 1854.\" \/>\n<meta property=\"og:url\" content=\"https:\/\/www.norgeat.fr\/index.php\/lepidemie-de-cholera\/\" \/>\n<meta property=\"og:site_name\" content=\"Norgeat\" \/>\n<meta property=\"article:modified_time\" content=\"2024-12-11T23:38:26+00:00\" \/>\n<meta property=\"og:image\" content=\"https:\/\/www.norgeat.fr\/wp-content\/uploads\/2024\/12\/avant-reseau-cholera1.jpg\" \/>\n\t<meta property=\"og:image:width\" content=\"1000\" \/>\n\t<meta property=\"og:image:height\" content=\"522\" \/>\n\t<meta property=\"og:image:type\" content=\"image\/jpeg\" \/>\n<meta name=\"twitter:card\" content=\"summary_large_image\" \/>\n<meta name=\"twitter:title\" content=\"L&#039;\u00e9pid\u00e9mie de chol\u00e9ra...\" \/>\n<meta name=\"twitter:description\" content=\"Epid\u00e9mie de chol\u00e9ra - Les moyens de gu\u00e9rison - Le livre &quot;les Janirets&quot; de Louis Pujol, dans son roman l\u2019auteur narre la vie des gens de son village, Norgeat, au travers du journal qu\u2019une jeune berg\u00e8re a tenu de 1830 \u00e0 fin 1854.\" \/>\n<meta name=\"twitter:image\" content=\"https:\/\/www.norgeat.fr\/wp-content\/uploads\/2024\/12\/avant-reseau-cholera1.jpg\" \/>\n<meta name=\"twitter:label1\" content=\"Dur\u00e9e de lecture estim\u00e9e\" \/>\n\t<meta name=\"twitter:data1\" content=\"1 minute\" \/>\n<script type=\"application\/ld+json\" class=\"yoast-schema-graph\">{\"@context\":\"https:\/\/schema.org\",\"@graph\":[{\"@type\":\"WebPage\",\"@id\":\"https:\/\/www.norgeat.fr\/index.php\/lepidemie-de-cholera\/\",\"url\":\"https:\/\/www.norgeat.fr\/index.php\/lepidemie-de-cholera\/\",\"name\":\"Epid\u00e9mie de chol\u00e9ra\u2026 - Norgeat\",\"isPartOf\":{\"@id\":\"https:\/\/www.norgeat.fr\/#website\"},\"primaryImageOfPage\":{\"@id\":\"https:\/\/www.norgeat.fr\/index.php\/lepidemie-de-cholera\/#primaryimage\"},\"image\":{\"@id\":\"https:\/\/www.norgeat.fr\/index.php\/lepidemie-de-cholera\/#primaryimage\"},\"thumbnailUrl\":\"https:\/\/www.norgeat.fr\/wp-content\/uploads\/2024\/12\/avant-reseau-cholera1.jpg\",\"datePublished\":\"2024-12-09T00:49:08+00:00\",\"dateModified\":\"2024-12-11T23:38:26+00:00\",\"description\":\"Epid\u00e9mie de chol\u00e9ra - Les moyens de gu\u00e9rison - Le livre \\\"les Janirets\\\" de Louis Pujol, dans son roman l\u2019auteur narre la vie des gens de son village, Norgeat, au travers du journal qu\u2019une jeune berg\u00e8re a tenu de 1830 \u00e0 fin 1854.\",\"breadcrumb\":{\"@id\":\"https:\/\/www.norgeat.fr\/index.php\/lepidemie-de-cholera\/#breadcrumb\"},\"inLanguage\":\"fr-FR\",\"potentialAction\":[{\"@type\":\"ReadAction\",\"target\":[\"https:\/\/www.norgeat.fr\/index.php\/lepidemie-de-cholera\/\"]}]},{\"@type\":\"ImageObject\",\"inLanguage\":\"fr-FR\",\"@id\":\"https:\/\/www.norgeat.fr\/index.php\/lepidemie-de-cholera\/#primaryimage\",\"url\":\"https:\/\/www.norgeat.fr\/wp-content\/uploads\/2024\/12\/avant-reseau-cholera1.jpg\",\"contentUrl\":\"https:\/\/www.norgeat.fr\/wp-content\/uploads\/2024\/12\/avant-reseau-cholera1.jpg\",\"width\":1000,\"height\":522},{\"@type\":\"BreadcrumbList\",\"@id\":\"https:\/\/www.norgeat.fr\/index.php\/lepidemie-de-cholera\/#breadcrumb\",\"itemListElement\":[{\"@type\":\"ListItem\",\"position\":1,\"name\":\"Accueil\",\"item\":\"https:\/\/www.norgeat.fr\/\"},{\"@type\":\"ListItem\",\"position\":2,\"name\":\"Epid\u00e9mie de chol\u00e9ra\u2026\"}]},{\"@type\":\"WebSite\",\"@id\":\"https:\/\/www.norgeat.fr\/#website\",\"url\":\"https:\/\/www.norgeat.fr\/\",\"name\":\"Norgeat\",\"description\":\"Norgeat, d&#039;hier et d&#039;aujourd&#039;hui...\",\"publisher\":{\"@id\":\"https:\/\/www.norgeat.fr\/#organization\"},\"potentialAction\":[{\"@type\":\"SearchAction\",\"target\":{\"@type\":\"EntryPoint\",\"urlTemplate\":\"https:\/\/www.norgeat.fr\/?s={search_term_string}\"},\"query-input\":{\"@type\":\"PropertyValueSpecification\",\"valueRequired\":true,\"valueName\":\"search_term_string\"}}],\"inLanguage\":\"fr-FR\"},{\"@type\":\"Organization\",\"@id\":\"https:\/\/www.norgeat.fr\/#organization\",\"name\":\"Le village de Norgeat en Ari\u00e8ge\",\"url\":\"https:\/\/www.norgeat.fr\/\",\"logo\":{\"@type\":\"ImageObject\",\"inLanguage\":\"fr-FR\",\"@id\":\"https:\/\/www.norgeat.fr\/#\/schema\/logo\/image\/\",\"url\":\"https:\/\/www.norgeat.fr\/wp-content\/uploads\/2024\/12\/logo-norgeat-v.png\",\"contentUrl\":\"https:\/\/www.norgeat.fr\/wp-content\/uploads\/2024\/12\/logo-norgeat-v.png\",\"width\":4306,\"height\":1521,\"caption\":\"Le village de Norgeat en Ari\u00e8ge\"},\"image\":{\"@id\":\"https:\/\/www.norgeat.fr\/#\/schema\/logo\/image\/\"}}]}<\/script>\n<!-- \/ Yoast SEO plugin. -->","yoast_head_json":{"title":"Epid\u00e9mie de chol\u00e9ra\u2026 - Norgeat","description":"Epid\u00e9mie de chol\u00e9ra - Les moyens de gu\u00e9rison - Le livre \"les Janirets\" de Louis Pujol, dans son roman l\u2019auteur narre la vie des gens de son village, Norgeat, au travers du journal qu\u2019une jeune berg\u00e8re a tenu de 1830 \u00e0 fin 1854.","robots":{"index":"index","follow":"follow","max-snippet":"max-snippet:-1","max-image-preview":"max-image-preview:large","max-video-preview":"max-video-preview:-1"},"canonical":"https:\/\/www.norgeat.fr\/index.php\/lepidemie-de-cholera\/","og_locale":"fr_FR","og_type":"article","og_title":"L'\u00e9pid\u00e9mie de chol\u00e9ra...","og_description":"Epid\u00e9mie de chol\u00e9ra - Les moyens de gu\u00e9rison - Le livre \"les Janirets\" de Louis Pujol, dans son roman l\u2019auteur narre la vie des gens de son village, Norgeat, au travers du journal qu\u2019une jeune berg\u00e8re a tenu de 1830 \u00e0 fin 1854.","og_url":"https:\/\/www.norgeat.fr\/index.php\/lepidemie-de-cholera\/","og_site_name":"Norgeat","article_modified_time":"2024-12-11T23:38:26+00:00","og_image":[{"width":1000,"height":522,"url":"https:\/\/www.norgeat.fr\/wp-content\/uploads\/2024\/12\/avant-reseau-cholera1.jpg","type":"image\/jpeg"}],"twitter_card":"summary_large_image","twitter_title":"L'\u00e9pid\u00e9mie de chol\u00e9ra...","twitter_description":"Epid\u00e9mie de chol\u00e9ra - Les moyens de gu\u00e9rison - Le livre \"les Janirets\" de Louis Pujol, dans son roman l\u2019auteur narre la vie des gens de son village, Norgeat, au travers du journal qu\u2019une jeune berg\u00e8re a tenu de 1830 \u00e0 fin 1854.","twitter_image":"https:\/\/www.norgeat.fr\/wp-content\/uploads\/2024\/12\/avant-reseau-cholera1.jpg","twitter_misc":{"Dur\u00e9e de lecture estim\u00e9e":"1 minute"},"schema":{"@context":"https:\/\/schema.org","@graph":[{"@type":"WebPage","@id":"https:\/\/www.norgeat.fr\/index.php\/lepidemie-de-cholera\/","url":"https:\/\/www.norgeat.fr\/index.php\/lepidemie-de-cholera\/","name":"Epid\u00e9mie de chol\u00e9ra\u2026 - Norgeat","isPartOf":{"@id":"https:\/\/www.norgeat.fr\/#website"},"primaryImageOfPage":{"@id":"https:\/\/www.norgeat.fr\/index.php\/lepidemie-de-cholera\/#primaryimage"},"image":{"@id":"https:\/\/www.norgeat.fr\/index.php\/lepidemie-de-cholera\/#primaryimage"},"thumbnailUrl":"https:\/\/www.norgeat.fr\/wp-content\/uploads\/2024\/12\/avant-reseau-cholera1.jpg","datePublished":"2024-12-09T00:49:08+00:00","dateModified":"2024-12-11T23:38:26+00:00","description":"Epid\u00e9mie de chol\u00e9ra - Les moyens de gu\u00e9rison - Le livre \"les Janirets\" de Louis Pujol, dans son roman l\u2019auteur narre la vie des gens de son village, Norgeat, au travers du journal qu\u2019une jeune berg\u00e8re a tenu de 1830 \u00e0 fin 1854.","breadcrumb":{"@id":"https:\/\/www.norgeat.fr\/index.php\/lepidemie-de-cholera\/#breadcrumb"},"inLanguage":"fr-FR","potentialAction":[{"@type":"ReadAction","target":["https:\/\/www.norgeat.fr\/index.php\/lepidemie-de-cholera\/"]}]},{"@type":"ImageObject","inLanguage":"fr-FR","@id":"https:\/\/www.norgeat.fr\/index.php\/lepidemie-de-cholera\/#primaryimage","url":"https:\/\/www.norgeat.fr\/wp-content\/uploads\/2024\/12\/avant-reseau-cholera1.jpg","contentUrl":"https:\/\/www.norgeat.fr\/wp-content\/uploads\/2024\/12\/avant-reseau-cholera1.jpg","width":1000,"height":522},{"@type":"BreadcrumbList","@id":"https:\/\/www.norgeat.fr\/index.php\/lepidemie-de-cholera\/#breadcrumb","itemListElement":[{"@type":"ListItem","position":1,"name":"Accueil","item":"https:\/\/www.norgeat.fr\/"},{"@type":"ListItem","position":2,"name":"Epid\u00e9mie de chol\u00e9ra\u2026"}]},{"@type":"WebSite","@id":"https:\/\/www.norgeat.fr\/#website","url":"https:\/\/www.norgeat.fr\/","name":"Norgeat","description":"Norgeat, d&#039;hier et d&#039;aujourd&#039;hui...","publisher":{"@id":"https:\/\/www.norgeat.fr\/#organization"},"potentialAction":[{"@type":"SearchAction","target":{"@type":"EntryPoint","urlTemplate":"https:\/\/www.norgeat.fr\/?s={search_term_string}"},"query-input":{"@type":"PropertyValueSpecification","valueRequired":true,"valueName":"search_term_string"}}],"inLanguage":"fr-FR"},{"@type":"Organization","@id":"https:\/\/www.norgeat.fr\/#organization","name":"Le village de Norgeat en Ari\u00e8ge","url":"https:\/\/www.norgeat.fr\/","logo":{"@type":"ImageObject","inLanguage":"fr-FR","@id":"https:\/\/www.norgeat.fr\/#\/schema\/logo\/image\/","url":"https:\/\/www.norgeat.fr\/wp-content\/uploads\/2024\/12\/logo-norgeat-v.png","contentUrl":"https:\/\/www.norgeat.fr\/wp-content\/uploads\/2024\/12\/logo-norgeat-v.png","width":4306,"height":1521,"caption":"Le village de Norgeat en Ari\u00e8ge"},"image":{"@id":"https:\/\/www.norgeat.fr\/#\/schema\/logo\/image\/"}}]}},"rttpg_featured_image_url":{"full":["https:\/\/www.norgeat.fr\/wp-content\/uploads\/2024\/12\/avant-reseau-cholera1.jpg",1000,522,false],"landscape":["https:\/\/www.norgeat.fr\/wp-content\/uploads\/2024\/12\/avant-reseau-cholera1.jpg",1000,522,false],"portraits":["https:\/\/www.norgeat.fr\/wp-content\/uploads\/2024\/12\/avant-reseau-cholera1.jpg",1000,522,false],"thumbnail":["https:\/\/www.norgeat.fr\/wp-content\/uploads\/2024\/12\/avant-reseau-cholera1-150x150.jpg",150,150,true],"medium":["https:\/\/www.norgeat.fr\/wp-content\/uploads\/2024\/12\/avant-reseau-cholera1-300x157.jpg",300,157,true],"large":["https:\/\/www.norgeat.fr\/wp-content\/uploads\/2024\/12\/avant-reseau-cholera1.jpg",800,418,false],"1536x1536":["https:\/\/www.norgeat.fr\/wp-content\/uploads\/2024\/12\/avant-reseau-cholera1.jpg",1000,522,false],"2048x2048":["https:\/\/www.norgeat.fr\/wp-content\/uploads\/2024\/12\/avant-reseau-cholera1.jpg",1000,522,false],"onepress-blog-small":["https:\/\/www.norgeat.fr\/wp-content\/uploads\/2024\/12\/avant-reseau-cholera1-300x150.jpg",300,150,true],"onepress-small":["https:\/\/www.norgeat.fr\/wp-content\/uploads\/2024\/12\/avant-reseau-cholera1-480x300.jpg",480,300,true],"onepress-medium":["https:\/\/www.norgeat.fr\/wp-content\/uploads\/2024\/12\/avant-reseau-cholera1-640x400.jpg",640,400,true]},"rttpg_author":{"display_name":"norgeat","author_link":"https:\/\/www.norgeat.fr\/index.php\/author\/norgeat\/"},"rttpg_comment":0,"rttpg_category":null,"rttpg_excerpt":"Epid\u00e9mie de chol\u00e9ra&#8230;","_links":{"self":[{"href":"https:\/\/www.norgeat.fr\/index.php\/wp-json\/wp\/v2\/pages\/1146","targetHints":{"allow":["GET"]}}],"collection":[{"href":"https:\/\/www.norgeat.fr\/index.php\/wp-json\/wp\/v2\/pages"}],"about":[{"href":"https:\/\/www.norgeat.fr\/index.php\/wp-json\/wp\/v2\/types\/page"}],"author":[{"embeddable":true,"href":"https:\/\/www.norgeat.fr\/index.php\/wp-json\/wp\/v2\/users\/2"}],"replies":[{"embeddable":true,"href":"https:\/\/www.norgeat.fr\/index.php\/wp-json\/wp\/v2\/comments?post=1146"}],"version-history":[{"count":5,"href":"https:\/\/www.norgeat.fr\/index.php\/wp-json\/wp\/v2\/pages\/1146\/revisions"}],"predecessor-version":[{"id":2041,"href":"https:\/\/www.norgeat.fr\/index.php\/wp-json\/wp\/v2\/pages\/1146\/revisions\/2041"}],"wp:featuredmedia":[{"embeddable":true,"href":"https:\/\/www.norgeat.fr\/index.php\/wp-json\/wp\/v2\/media\/2039"}],"wp:attachment":[{"href":"https:\/\/www.norgeat.fr\/index.php\/wp-json\/wp\/v2\/media?parent=1146"}],"curies":[{"name":"wp","href":"https:\/\/api.w.org\/{rel}","templated":true}]}}