{"id":1193,"date":"2024-12-09T13:49:34","date_gmt":"2024-12-09T12:49:34","guid":{"rendered":"http:\/\/www.norgeat.fr\/?page_id=1193"},"modified":"2024-12-09T14:23:44","modified_gmt":"2024-12-09T13:23:44","slug":"les-janirets-de-louis-pujol","status":"publish","type":"page","link":"https:\/\/www.norgeat.fr\/index.php\/lepidemie-de-cholera\/les-janirets-de-louis-pujol\/","title":{"rendered":"Les Janirets, de Louis Pujol"},"content":{"rendered":"\n<h2 class=\"wp-block-heading\">L&rsquo;\u00e9pid\u00e9mie de chol\u00e9ra \u00e0 Miglos\u2026 Les Janirets, de Louis Pujol<\/h2>\n\n\n\n<p>On ne saurait \u00e9voquer l&rsquo;\u00e9pid\u00e9mie de chol\u00e9ra \u00e0 Miglos, sans faire \u00e9tat des \u00e9crits de Louis Pujol (1903\/1996), \u00e0 ce sujet.<\/p>\n\n\n\n<p>Dans son roman, en languedocien local, \u00ab\u00a0<em>Les Janirets<\/em>\u00a0\u00bb \u2013 1980 \u2013 traduit en 1989 sous le titre \u00ab\u00a0Le temps des Fleurs\u00a0\u00bb, l&rsquo;auteur narre la vie des gens de son village, Norgeat, au travers du journal qu&rsquo;une jeune berg\u00e8re a tenu de 1830 \u00e0 fin 1854.<br>Ces ouvrages se terminent donc avec la fin de l&rsquo;\u00e9pid\u00e9mie dans la commune.<br>Louis Pujol les a \u00e9crits en faisant appel \u00e0 ses propres souvenirs de jeunesse, m\u00eal\u00e9s aux r\u00e9cits des anciens d&rsquo;alors, ainsi que ceux de ses parents et grands-parents.<\/p>\n\n\n\n<div class=\"wp-block-media-text alignwide is-stacked-on-mobile\" style=\"grid-template-columns:20% auto\"><figure class=\"wp-block-media-text__media\"><a href=\"https:\/\/www.norgeat.fr\/wp-content\/uploads\/2024\/12\/les-janirets.jpg\" data-rel=\"lightbox-gallery-uQ2cq6K5\" data-rl_title=\"Les Janirets (1980)\" data-rl_caption=\"Les Janirets (1980)\" title=\"Les Janirets (1980)\"><img loading=\"lazy\" decoding=\"async\" width=\"767\" height=\"1024\" src=\"https:\/\/www.norgeat.fr\/wp-content\/uploads\/2024\/12\/les-janirets.jpg\" alt=\"\" class=\"wp-image-1194 size-full\"\/><\/a><\/figure><div class=\"wp-block-media-text__content\">\n<p>Dans son roman, en languedocien local, \u00ab\u00a0<strong><em>Les Janirets<\/em><\/strong>\u00a0\u00bb \u2013 1980 \u2013 traduit en 1989 sous le titre \u00ab\u00a0<em><strong>Le temps des Fleurs<\/strong><\/em>\u00ab\u00a0, l&rsquo;auteur narre la vie des gens de son village, Norgeat, au travers du journal qu&rsquo;une jeune berg\u00e8re a tenu de 1830 \u00e0 fin 1854.<br>Ces ouvrages se terminent donc avec la fin de l&rsquo;\u00e9pid\u00e9mie dans la commune.<br>Louis Pujol les a \u00e9crits en faisant appel \u00e0 ses propres souvenirs de jeunesse, m\u00eal\u00e9s aux r\u00e9cits des anciens d&rsquo;alors, ainsi que ceux de ses parents et grands-parents.<\/p>\n\n\n\n<p><\/p>\n<\/div><\/div>\n\n\n\n<div class=\"wp-block-media-text alignwide has-media-on-the-right is-stacked-on-mobile\" style=\"grid-template-columns:auto 20%\"><div class=\"wp-block-media-text__content\">\n<p>Apr\u00e8s la parution de \u00ab\u00a0<em>Les Janirets<\/em>\u00a0\u00bb (1980), j&rsquo;ai d\u00e9but\u00e9 un \u00e9change de correspondance avec l&rsquo;auteur (qui durera jusqu&rsquo;en 1993).<br>Les renseignements que j&rsquo;avais recueillis lors de mes recherches ne correspondaient pas toujours avec les faits qu&rsquo;il relatait, et il me paraissait int\u00e9ressant de confronter nos points de vue, en comparant les sources \u00e9crites et la tradition orale (dont il \u00e9tait un fervent d\u00e9fenseur). Louis Pujol s&rsquo;est pr\u00eat\u00e9 \u00e0 l&rsquo;exercice, sans jamais para\u00eetre particuli\u00e8rement agac\u00e9 par mes contradictions, pourtant fr\u00e9quentes. En fait, il les a balay\u00e9es d\u00e9finitivement, dans une de ses premi\u00e8res lettres : \u00ab\u00a0<em>Mon livre n&rsquo;est pas un livre d&rsquo;histoire, c&rsquo;est un roman<\/em>\u00ab\u00a0\u2026.<\/p>\n<\/div><figure class=\"wp-block-media-text__media\"><a href=\"https:\/\/www.norgeat.fr\/wp-content\/uploads\/2024\/12\/Le-Temps-des-Fleurs-Louis-Pujol-1989-1.png\" data-rel=\"lightbox-gallery-uQ2cq6K5\" data-rl_title=\"Le Temps des Fleurs (1989)\" data-rl_caption=\"Le Temps des Fleurs (1989)\" title=\"Le Temps des Fleurs (1989)\"><img loading=\"lazy\" decoding=\"async\" width=\"732\" height=\"1024\" src=\"https:\/\/www.norgeat.fr\/wp-content\/uploads\/2024\/12\/Le-Temps-des-Fleurs-Louis-Pujol-1989-1.png\" alt=\"\" class=\"wp-image-1197 size-full\"\/><\/a><\/figure><\/div>\n\n\n\n<p>Concernant l&rsquo;\u00e9pid\u00e9mie de chol\u00e9ra qui nous occupe, Louis Pujol n&rsquo;a pas eu acc\u00e8s aux registres paroissiaux, pas plus qu&rsquo;aux dossiers correspondants des Archives D\u00e9partementales. Il n&rsquo;a utilis\u00e9 que des renseignements relev\u00e9s en mairie, ou fournis par deux anciens maires de Miglos.<\/p>\n\n\n\n<p>La r\u00e9partition qu&rsquo;il donne des victimes, par village, ne pouvait donc qu&rsquo;\u00eatre approximative, d&rsquo;autant qu&rsquo;il utilise, comme base de r\u00e9f\u00e9rence, des donn\u00e9es publi\u00e9es par Casimir Barri\u00e8re-Flavy dans \u00ab\u00a0<em>La Baronnie de Miglos<\/em>\u00a0\u00bb (1894), et se rapportant au recensement de 1891. Miglos comptait alors 859 habitants, dont 367 \u00e0 Norgeat.<br>Pour m\u00e9moire : au recensement de 1851, on d\u00e9nombrait 1305 habitants sur l&rsquo;ensemble de la commune &#8211; 475 \u00e0 Norgeat, selon un rapport adress\u00e9 au pr\u00e9fet en Juin 1853 (2.0. 98&#8212; A.D. Ari\u00e8ge). On ne comptait plus que 1037 habitants \u00e0 Miglos, lors du recensement de 1856.<\/p>\n\n\n\n<p>Par recoupement des chiffres (v\u00e9rifi\u00e9s) en notre possession, la population de Norgeat devait \u00eatre alors comprise entre 400 et 410 personnes. Soit une quarantaine de plus qu&rsquo;indiqu\u00e9 dans \u00ab\u00a0<em>Les Janirets<\/em>\u00ab\u00a0.<br>Il est cependant int\u00e9ressant de noter que cette divergence peut s&rsquo;expliquer, si l&rsquo;on accorde un certain cr\u00e9dit \u00e0 la version donn\u00e9e par Louis Pujol dans son ouvrage.<br>Pour fuir l&rsquo;\u00e9pid\u00e9mie, plusieurs familles de Norgeat (une soixantaine de personnes) se seraient r\u00e9fugi\u00e9es dans les granges qu&rsquo;elles poss\u00e9daient \u00e0 \u00ab\u00a0Soustal\u00a0\u00bb, au Sud du village, pr\u00e8s de la for\u00eat (1140m d&rsquo;altitude). Il n&rsquo;y aurait eu aucune victime parmi elles.<br>\u00ab\u00a0Le Garrabi\u00e9\u00a0\u00bb, aurait jou\u00e9 le m\u00eame r\u00f4le pour certains habitants de Norrat et d&rsquo;Axiat.<br>Autant dire que je n&rsquo;ai jamais trouv\u00e9 trace, nulle part, de tout ceci.<br>Ma grand-m\u00e8re (n\u00e9e en 1895), que j&rsquo;avais pu questionner lors de la sortie du livre, n&rsquo;en avait pas non plus entendu parler (pourtant, ses parents avaient eux aussi une grange \u00e0 \u00ab\u00a0<em>Soustal<\/em>\u00ab\u00a0, mais personne de sa famille ne s&rsquo;y \u00e9tait install\u00e9 pour fuir le chol\u00e9ra)\u2026<\/p>\n\n\n\n<p>La tradition orale s&rsquo;est sans doute quelque peu fourvoy\u00e9e en la mati\u00e8re\u2026.Y aurait-il eu confusion entre \u00ab\u00a0<em>Soustal<\/em>\u00a0\u00bb et \u00ab\u00a0<em>Milhaus<\/em>\u00ab\u00a0?\u2026<br>Le nom de \u00ab\u00a0<em>Soustal<\/em>\u00ab\u00a0, qui doit venir de \u00ab\u00a0<em>Les Oustals<\/em>\u00ab\u00a0, (maisons \u2013 demeures), \u00ab\u00a0pourrait correspondre \u00e0 des masures rustiques, abandonn\u00e9es au Moyen-\u00e2ge, puis transform\u00e9es en abri de stabulation animale, avec r\u00e9serve de foin et d&rsquo;outillage agraire\u00a0\u00bb. Cf. \u00ab\u00a0<em>Toponymie. Notes de Louis Delpla<\/em>\u00ab\u00a0. Ce type d&rsquo;implantation humaine existait dans la vall\u00e9e du Vicdessos.<br>A Miglos, \u00ab\u00a0<em>Milhaus<\/em>\u00ab\u00a0, un plateau situ\u00e9 au pied de la for\u00eat du Roc, \u00e0 1250m d&rsquo;altitude, semble \u00eatre comparable.<br>La encore, la tradition orale y situe un hameau pastoral, sans doute habit\u00e9 seulement \u00e0 la belle saison, et dont les habitants auraient \u00e9t\u00e9 an\u00e9antis par la peste au XVIIe si\u00e8cle\u2026<br>Quant \u00e0 la source de \u00ab\u00a0<em>Milhaus<\/em>\u00ab\u00a0, on dit qu&rsquo;elle a des vertus curatives. Son eau aurait miraculeusement gu\u00e9ri une personne atteinte du \u00ab\u00a0<em>ma\u00efchant mal<\/em>\u00ab\u00a0\u2026<\/p>\n\n\n\n<p>Mais revenons \u00e0 \u00ab\u00a0Soustal\u00a0\u00bb. Sur ce sujet, et par rapport \u00e0 la narration faite dans son livre, Louis Pujol donne un \u00e9clairage compl\u00e9mentaire, dans le courrier qu&rsquo;il m&rsquo;a adress\u00e9 en Octobre 1980. Cette lettre ne peut \u00eatre r\u00e9sum\u00e9e, sous peine de la d\u00e9naturer; mieux vaut donc la pr\u00e9senter in extenso.<\/p>\n\n\n\n<div class=\"wp-block-media-text alignwide has-media-on-the-right\" style=\"grid-template-columns:auto 20%\"><div class=\"wp-block-media-text__content\">\n<p>Louis Pujol a publi\u00e9 plusieurs ouvrages (\u00e9crits dans la langue parl\u00e9e \u00e0 \u00ab\u00a0<em>Nourjat<\/em>\u00a0\u00bb par ses parents), qui constituent un remarquable et passionnant t\u00e9moignage sur la vie des gens de Miglos, \u00ab\u00a0<em>dans l&rsquo;ancien temps<\/em>\u00ab\u00a0.<\/p>\n\n\n\n<p>Dans \u00ab\u00a0<em>Les Janirets<\/em>\u00ab\u00a0, il a pris quelque libert\u00e9 avec la r\u00e9alit\u00e9 des \u00e9v\u00e8nements qui ont marqu\u00e9 l&rsquo;Histoire de Miglos, au milieu du XIXe si\u00e8cle.<br>Mais peut-on lui en tenir rigueur?\u2026<br>Comme il l&rsquo;indique dans sa lettre du 5 F\u00e9vrier 1982 : \u00ab\u00a0<em>\u2026Je n&rsquo;ai pas \u00e9crit ce livre dans le but d&rsquo;approfondir les points d&rsquo;histoire de la commune, mais j&rsquo;ai cit\u00e9 certains faits historiques pour \u00e9tayer mon propos\u2026Mes ouvrages retracent l&rsquo;ambiance de la vie \u00e0 Miglos et n&rsquo;ont pas la pr\u00e9tention de constituer des documents historiques<\/em>\u00ab\u00a0\u2026<\/p>\n<\/div><figure class=\"wp-block-media-text__media\"><a href=\"https:\/\/www.norgeat.fr\/wp-content\/uploads\/2024\/12\/Lettre-L-Pujol-GLOct20-1980.pdf\" target=\"_blank\" rel=\" noreferrer noopener\"><img loading=\"lazy\" decoding=\"async\" width=\"460\" height=\"650\" src=\"https:\/\/www.norgeat.fr\/wp-content\/uploads\/2024\/12\/lettre-pujol.jpg\" alt=\"\" class=\"wp-image-1217 size-full\"\/><\/a><\/figure><\/div>\n\n\n\n<div class=\"wp-block-file alignright\"><a id=\"wp-block-file--media-7729ec25-96c4-417d-9653-058f2ddd83fb\" href=\"https:\/\/www.norgeat.fr\/wp-content\/uploads\/2024\/12\/Lettre-L-Pujol-GLOct20-1980.pdf\" target=\"_blank\" rel=\"noreferrer noopener\">Lettre Louis Pujol &#8211; GL 20 Oct 1980<\/a><a href=\"https:\/\/www.norgeat.fr\/wp-content\/uploads\/2024\/12\/Lettre-L-Pujol-GLOct20-1980.pdf\" class=\"wp-block-file__button wp-element-button\" download aria-describedby=\"wp-block-file--media-7729ec25-96c4-417d-9653-058f2ddd83fb\">T\u00e9l\u00e9charger<\/a><\/div>\n\n\n\n<p><\/p>\n\n\n\n<p><\/p>\n\n\n\n<hr class=\"wp-block-separator has-alpha-channel-opacity\"\/>\n\n\n\n<p>En 1854, le chol\u00e9ra a d\u00e9cim\u00e9 Miglos. Les habitants, terroris\u00e9s par l&rsquo;avanc\u00e9e de l&rsquo;\u00e9pid\u00e9mie qui remontait la vall\u00e9e, ont sans aucun doute imagin\u00e9 bien des stratag\u00e8mes pour y \u00e9chapper.<br>Et m\u00eame si cela semble peu probable, vu l&rsquo;ampleur de l&rsquo;h\u00e9catombe \u00e0 Norgeat (comme d&rsquo;ailleurs sur l&rsquo;ensemble de la commune), on ne peut pas totalement exclure que quelques habitants de ce village se soient r\u00e9fugi\u00e9s, au plus fort de l&rsquo;\u00e9pid\u00e9mie, dans leur grange de \u00ab\u00a0<em>Soustal<\/em>\u00a0\u00bb \u2026 comme on l&rsquo;aurait rapport\u00e9 \u00e0 Louis Pujol, dans son jeune \u00e2ge.<\/p>\n\n\n\n<p class=\"has-text-align-right\">G.L. Mars 2010<\/p>\n","protected":false},"excerpt":{"rendered":"<p>L&rsquo;\u00e9pid\u00e9mie de chol\u00e9ra \u00e0 Miglos\u2026 Les Janirets, de Louis Pujol On ne saurait \u00e9voquer l&rsquo;\u00e9pid\u00e9mie de chol\u00e9ra \u00e0 Miglos, sans faire \u00e9tat des \u00e9crits de Louis Pujol (1903\/1996), \u00e0 ce &#8230;<\/p>\n","protected":false},"author":2,"featured_media":1203,"parent":1146,"menu_order":2,"comment_status":"closed","ping_status":"closed","template":"","meta":{"footnotes":""},"class_list":["post-1193","page","type-page","status-publish","has-post-thumbnail","hentry"],"yoast_head":"<!-- This site is optimized with the Yoast SEO plugin v24.0 - https:\/\/yoast.com\/wordpress\/plugins\/seo\/ -->\n<title>Les Janirets, de Louis Pujol - Norgeat<\/title>\n<meta name=\"robots\" content=\"index, follow, max-snippet:-1, max-image-preview:large, max-video-preview:-1\" \/>\n<link rel=\"canonical\" href=\"https:\/\/www.norgeat.fr\/index.php\/lepidemie-de-cholera\/les-janirets-de-louis-pujol\/\" \/>\n<meta property=\"og:locale\" content=\"fr_FR\" \/>\n<meta property=\"og:type\" content=\"article\" \/>\n<meta property=\"og:title\" content=\"Les Janirets, de Louis Pujol - Norgeat\" \/>\n<meta property=\"og:description\" content=\"L&rsquo;\u00e9pid\u00e9mie de chol\u00e9ra \u00e0 Miglos\u2026 Les Janirets, de Louis Pujol On ne saurait \u00e9voquer l&rsquo;\u00e9pid\u00e9mie de chol\u00e9ra \u00e0 Miglos, sans faire \u00e9tat des \u00e9crits de Louis Pujol (1903\/1996), \u00e0 ce ...\" \/>\n<meta property=\"og:url\" content=\"https:\/\/www.norgeat.fr\/index.php\/lepidemie-de-cholera\/les-janirets-de-louis-pujol\/\" \/>\n<meta property=\"og:site_name\" content=\"Norgeat\" \/>\n<meta property=\"article:modified_time\" content=\"2024-12-09T13:23:44+00:00\" \/>\n<meta property=\"og:image\" content=\"https:\/\/www.norgeat.fr\/wp-content\/uploads\/2024\/12\/avant-reseau-janirets.jpg\" \/>\n\t<meta property=\"og:image:width\" content=\"1000\" \/>\n\t<meta property=\"og:image:height\" content=\"522\" \/>\n\t<meta property=\"og:image:type\" content=\"image\/jpeg\" \/>\n<meta name=\"twitter:card\" content=\"summary_large_image\" \/>\n<meta name=\"twitter:label1\" content=\"Dur\u00e9e de lecture estim\u00e9e\" \/>\n\t<meta name=\"twitter:data1\" content=\"6 minutes\" \/>\n<script type=\"application\/ld+json\" class=\"yoast-schema-graph\">{\"@context\":\"https:\/\/schema.org\",\"@graph\":[{\"@type\":\"WebPage\",\"@id\":\"https:\/\/www.norgeat.fr\/index.php\/lepidemie-de-cholera\/les-janirets-de-louis-pujol\/\",\"url\":\"https:\/\/www.norgeat.fr\/index.php\/lepidemie-de-cholera\/les-janirets-de-louis-pujol\/\",\"name\":\"Les Janirets, de Louis Pujol - Norgeat\",\"isPartOf\":{\"@id\":\"https:\/\/www.norgeat.fr\/#website\"},\"primaryImageOfPage\":{\"@id\":\"https:\/\/www.norgeat.fr\/index.php\/lepidemie-de-cholera\/les-janirets-de-louis-pujol\/#primaryimage\"},\"image\":{\"@id\":\"https:\/\/www.norgeat.fr\/index.php\/lepidemie-de-cholera\/les-janirets-de-louis-pujol\/#primaryimage\"},\"thumbnailUrl\":\"https:\/\/www.norgeat.fr\/wp-content\/uploads\/2024\/12\/avant-reseau-janirets.jpg\",\"datePublished\":\"2024-12-09T12:49:34+00:00\",\"dateModified\":\"2024-12-09T13:23:44+00:00\",\"breadcrumb\":{\"@id\":\"https:\/\/www.norgeat.fr\/index.php\/lepidemie-de-cholera\/les-janirets-de-louis-pujol\/#breadcrumb\"},\"inLanguage\":\"fr-FR\",\"potentialAction\":[{\"@type\":\"ReadAction\",\"target\":[\"https:\/\/www.norgeat.fr\/index.php\/lepidemie-de-cholera\/les-janirets-de-louis-pujol\/\"]}]},{\"@type\":\"ImageObject\",\"inLanguage\":\"fr-FR\",\"@id\":\"https:\/\/www.norgeat.fr\/index.php\/lepidemie-de-cholera\/les-janirets-de-louis-pujol\/#primaryimage\",\"url\":\"https:\/\/www.norgeat.fr\/wp-content\/uploads\/2024\/12\/avant-reseau-janirets.jpg\",\"contentUrl\":\"https:\/\/www.norgeat.fr\/wp-content\/uploads\/2024\/12\/avant-reseau-janirets.jpg\",\"width\":1000,\"height\":522},{\"@type\":\"BreadcrumbList\",\"@id\":\"https:\/\/www.norgeat.fr\/index.php\/lepidemie-de-cholera\/les-janirets-de-louis-pujol\/#breadcrumb\",\"itemListElement\":[{\"@type\":\"ListItem\",\"position\":1,\"name\":\"Accueil\",\"item\":\"https:\/\/www.norgeat.fr\/\"},{\"@type\":\"ListItem\",\"position\":2,\"name\":\"Epid\u00e9mie de chol\u00e9ra\u2026\",\"item\":\"https:\/\/www.norgeat.fr\/index.php\/lepidemie-de-cholera\/\"},{\"@type\":\"ListItem\",\"position\":3,\"name\":\"Les Janirets, de Louis Pujol\"}]},{\"@type\":\"WebSite\",\"@id\":\"https:\/\/www.norgeat.fr\/#website\",\"url\":\"https:\/\/www.norgeat.fr\/\",\"name\":\"Norgeat\",\"description\":\"Norgeat, d&#039;hier et d&#039;aujourd&#039;hui...\",\"publisher\":{\"@id\":\"https:\/\/www.norgeat.fr\/#organization\"},\"potentialAction\":[{\"@type\":\"SearchAction\",\"target\":{\"@type\":\"EntryPoint\",\"urlTemplate\":\"https:\/\/www.norgeat.fr\/?s={search_term_string}\"},\"query-input\":{\"@type\":\"PropertyValueSpecification\",\"valueRequired\":true,\"valueName\":\"search_term_string\"}}],\"inLanguage\":\"fr-FR\"},{\"@type\":\"Organization\",\"@id\":\"https:\/\/www.norgeat.fr\/#organization\",\"name\":\"Le village de Norgeat en Ari\u00e8ge\",\"url\":\"https:\/\/www.norgeat.fr\/\",\"logo\":{\"@type\":\"ImageObject\",\"inLanguage\":\"fr-FR\",\"@id\":\"https:\/\/www.norgeat.fr\/#\/schema\/logo\/image\/\",\"url\":\"https:\/\/www.norgeat.fr\/wp-content\/uploads\/2024\/12\/logo-norgeat-v.png\",\"contentUrl\":\"https:\/\/www.norgeat.fr\/wp-content\/uploads\/2024\/12\/logo-norgeat-v.png\",\"width\":4306,\"height\":1521,\"caption\":\"Le village de Norgeat en Ari\u00e8ge\"},\"image\":{\"@id\":\"https:\/\/www.norgeat.fr\/#\/schema\/logo\/image\/\"}}]}<\/script>\n<!-- \/ Yoast SEO plugin. -->","yoast_head_json":{"title":"Les Janirets, de Louis Pujol - Norgeat","robots":{"index":"index","follow":"follow","max-snippet":"max-snippet:-1","max-image-preview":"max-image-preview:large","max-video-preview":"max-video-preview:-1"},"canonical":"https:\/\/www.norgeat.fr\/index.php\/lepidemie-de-cholera\/les-janirets-de-louis-pujol\/","og_locale":"fr_FR","og_type":"article","og_title":"Les Janirets, de Louis Pujol - Norgeat","og_description":"L&rsquo;\u00e9pid\u00e9mie de chol\u00e9ra \u00e0 Miglos\u2026 Les Janirets, de Louis Pujol On ne saurait \u00e9voquer l&rsquo;\u00e9pid\u00e9mie de chol\u00e9ra \u00e0 Miglos, sans faire \u00e9tat des \u00e9crits de Louis Pujol (1903\/1996), \u00e0 ce ...","og_url":"https:\/\/www.norgeat.fr\/index.php\/lepidemie-de-cholera\/les-janirets-de-louis-pujol\/","og_site_name":"Norgeat","article_modified_time":"2024-12-09T13:23:44+00:00","og_image":[{"width":1000,"height":522,"url":"https:\/\/www.norgeat.fr\/wp-content\/uploads\/2024\/12\/avant-reseau-janirets.jpg","type":"image\/jpeg"}],"twitter_card":"summary_large_image","twitter_misc":{"Dur\u00e9e de lecture estim\u00e9e":"6 minutes"},"schema":{"@context":"https:\/\/schema.org","@graph":[{"@type":"WebPage","@id":"https:\/\/www.norgeat.fr\/index.php\/lepidemie-de-cholera\/les-janirets-de-louis-pujol\/","url":"https:\/\/www.norgeat.fr\/index.php\/lepidemie-de-cholera\/les-janirets-de-louis-pujol\/","name":"Les Janirets, de Louis Pujol - Norgeat","isPartOf":{"@id":"https:\/\/www.norgeat.fr\/#website"},"primaryImageOfPage":{"@id":"https:\/\/www.norgeat.fr\/index.php\/lepidemie-de-cholera\/les-janirets-de-louis-pujol\/#primaryimage"},"image":{"@id":"https:\/\/www.norgeat.fr\/index.php\/lepidemie-de-cholera\/les-janirets-de-louis-pujol\/#primaryimage"},"thumbnailUrl":"https:\/\/www.norgeat.fr\/wp-content\/uploads\/2024\/12\/avant-reseau-janirets.jpg","datePublished":"2024-12-09T12:49:34+00:00","dateModified":"2024-12-09T13:23:44+00:00","breadcrumb":{"@id":"https:\/\/www.norgeat.fr\/index.php\/lepidemie-de-cholera\/les-janirets-de-louis-pujol\/#breadcrumb"},"inLanguage":"fr-FR","potentialAction":[{"@type":"ReadAction","target":["https:\/\/www.norgeat.fr\/index.php\/lepidemie-de-cholera\/les-janirets-de-louis-pujol\/"]}]},{"@type":"ImageObject","inLanguage":"fr-FR","@id":"https:\/\/www.norgeat.fr\/index.php\/lepidemie-de-cholera\/les-janirets-de-louis-pujol\/#primaryimage","url":"https:\/\/www.norgeat.fr\/wp-content\/uploads\/2024\/12\/avant-reseau-janirets.jpg","contentUrl":"https:\/\/www.norgeat.fr\/wp-content\/uploads\/2024\/12\/avant-reseau-janirets.jpg","width":1000,"height":522},{"@type":"BreadcrumbList","@id":"https:\/\/www.norgeat.fr\/index.php\/lepidemie-de-cholera\/les-janirets-de-louis-pujol\/#breadcrumb","itemListElement":[{"@type":"ListItem","position":1,"name":"Accueil","item":"https:\/\/www.norgeat.fr\/"},{"@type":"ListItem","position":2,"name":"Epid\u00e9mie de chol\u00e9ra\u2026","item":"https:\/\/www.norgeat.fr\/index.php\/lepidemie-de-cholera\/"},{"@type":"ListItem","position":3,"name":"Les Janirets, de Louis Pujol"}]},{"@type":"WebSite","@id":"https:\/\/www.norgeat.fr\/#website","url":"https:\/\/www.norgeat.fr\/","name":"Norgeat","description":"Norgeat, d&#039;hier et d&#039;aujourd&#039;hui...","publisher":{"@id":"https:\/\/www.norgeat.fr\/#organization"},"potentialAction":[{"@type":"SearchAction","target":{"@type":"EntryPoint","urlTemplate":"https:\/\/www.norgeat.fr\/?s={search_term_string}"},"query-input":{"@type":"PropertyValueSpecification","valueRequired":true,"valueName":"search_term_string"}}],"inLanguage":"fr-FR"},{"@type":"Organization","@id":"https:\/\/www.norgeat.fr\/#organization","name":"Le village de Norgeat en Ari\u00e8ge","url":"https:\/\/www.norgeat.fr\/","logo":{"@type":"ImageObject","inLanguage":"fr-FR","@id":"https:\/\/www.norgeat.fr\/#\/schema\/logo\/image\/","url":"https:\/\/www.norgeat.fr\/wp-content\/uploads\/2024\/12\/logo-norgeat-v.png","contentUrl":"https:\/\/www.norgeat.fr\/wp-content\/uploads\/2024\/12\/logo-norgeat-v.png","width":4306,"height":1521,"caption":"Le village de Norgeat en Ari\u00e8ge"},"image":{"@id":"https:\/\/www.norgeat.fr\/#\/schema\/logo\/image\/"}}]}},"rttpg_featured_image_url":{"full":["https:\/\/www.norgeat.fr\/wp-content\/uploads\/2024\/12\/avant-reseau-janirets.jpg",1000,522,false],"landscape":["https:\/\/www.norgeat.fr\/wp-content\/uploads\/2024\/12\/avant-reseau-janirets.jpg",1000,522,false],"portraits":["https:\/\/www.norgeat.fr\/wp-content\/uploads\/2024\/12\/avant-reseau-janirets.jpg",1000,522,false],"thumbnail":["https:\/\/www.norgeat.fr\/wp-content\/uploads\/2024\/12\/avant-reseau-janirets-150x150.jpg",150,150,true],"medium":["https:\/\/www.norgeat.fr\/wp-content\/uploads\/2024\/12\/avant-reseau-janirets-300x157.jpg",300,157,true],"large":["https:\/\/www.norgeat.fr\/wp-content\/uploads\/2024\/12\/avant-reseau-janirets.jpg",800,418,false],"1536x1536":["https:\/\/www.norgeat.fr\/wp-content\/uploads\/2024\/12\/avant-reseau-janirets.jpg",1000,522,false],"2048x2048":["https:\/\/www.norgeat.fr\/wp-content\/uploads\/2024\/12\/avant-reseau-janirets.jpg",1000,522,false],"onepress-blog-small":["https:\/\/www.norgeat.fr\/wp-content\/uploads\/2024\/12\/avant-reseau-janirets-300x150.jpg",300,150,true],"onepress-small":["https:\/\/www.norgeat.fr\/wp-content\/uploads\/2024\/12\/avant-reseau-janirets-480x300.jpg",480,300,true],"onepress-medium":["https:\/\/www.norgeat.fr\/wp-content\/uploads\/2024\/12\/avant-reseau-janirets-640x400.jpg",640,400,true]},"rttpg_author":{"display_name":"norgeat","author_link":"https:\/\/www.norgeat.fr\/index.php\/author\/norgeat\/"},"rttpg_comment":0,"rttpg_category":null,"rttpg_excerpt":"L&rsquo;\u00e9pid\u00e9mie de chol\u00e9ra \u00e0 Miglos\u2026 Les Janirets, de Louis Pujol On ne saurait \u00e9voquer l&rsquo;\u00e9pid\u00e9mie de chol\u00e9ra \u00e0 Miglos, sans faire \u00e9tat des \u00e9crits de Louis Pujol (1903\/1996), \u00e0 ce ...","_links":{"self":[{"href":"https:\/\/www.norgeat.fr\/index.php\/wp-json\/wp\/v2\/pages\/1193","targetHints":{"allow":["GET"]}}],"collection":[{"href":"https:\/\/www.norgeat.fr\/index.php\/wp-json\/wp\/v2\/pages"}],"about":[{"href":"https:\/\/www.norgeat.fr\/index.php\/wp-json\/wp\/v2\/types\/page"}],"author":[{"embeddable":true,"href":"https:\/\/www.norgeat.fr\/index.php\/wp-json\/wp\/v2\/users\/2"}],"replies":[{"embeddable":true,"href":"https:\/\/www.norgeat.fr\/index.php\/wp-json\/wp\/v2\/comments?post=1193"}],"version-history":[{"count":17,"href":"https:\/\/www.norgeat.fr\/index.php\/wp-json\/wp\/v2\/pages\/1193\/revisions"}],"predecessor-version":[{"id":1230,"href":"https:\/\/www.norgeat.fr\/index.php\/wp-json\/wp\/v2\/pages\/1193\/revisions\/1230"}],"up":[{"embeddable":true,"href":"https:\/\/www.norgeat.fr\/index.php\/wp-json\/wp\/v2\/pages\/1146"}],"wp:featuredmedia":[{"embeddable":true,"href":"https:\/\/www.norgeat.fr\/index.php\/wp-json\/wp\/v2\/media\/1203"}],"wp:attachment":[{"href":"https:\/\/www.norgeat.fr\/index.php\/wp-json\/wp\/v2\/media?parent=1193"}],"curies":[{"name":"wp","href":"https:\/\/api.w.org\/{rel}","templated":true}]}}