{"id":1231,"date":"2024-12-09T14:25:44","date_gmt":"2024-12-09T13:25:44","guid":{"rendered":"http:\/\/www.norgeat.fr\/?page_id=1231"},"modified":"2025-02-25T11:00:30","modified_gmt":"2025-02-25T10:00:30","slug":"moyen-de-guerison-a-miglos","status":"publish","type":"page","link":"https:\/\/www.norgeat.fr\/index.php\/lepidemie-de-cholera\/moyen-de-guerison-a-miglos\/","title":{"rendered":"Moyen de gu\u00e9rison&#8230; \u00e0 Miglos"},"content":{"rendered":"\n<h2 class=\"wp-block-heading\">Moyen de gu\u00e9rison&#8230; \u00e0 Miglos<\/h2>\n\n\n\n<h3 class=\"wp-block-heading\">De l\u2019\u00e9lectricit\u00e9 comme cause du chol\u00e9ra, de l\u2019hydroth\u00e9rapie comme moyen de gu\u00e9rison<\/h3>\n\n\n\n<div class=\"wp-block-media-text alignwide is-stacked-on-mobile\" style=\"grid-template-columns:25% auto\"><figure class=\"wp-block-media-text__media\"><a href=\"https:\/\/www.norgeat.fr\/wp-content\/uploads\/2024\/12\/cholera.png\" data-rel=\"lightbox-gallery-xqmRFAXm\" data-rl_title=\"Cause du chol\u00e9ra - Fran\u00e7ois Verg\u00e9 1858\" data-rl_caption=\"Cause du chol\u00e9ra - Fran\u00e7ois Verg\u00e9 1858\" title=\"Cause du chol\u00e9ra - Fran\u00e7ois Verg\u00e9 1858\"><img loading=\"lazy\" decoding=\"async\" width=\"675\" height=\"1024\" src=\"https:\/\/www.norgeat.fr\/wp-content\/uploads\/2024\/12\/cholera.png\" alt=\"\" class=\"wp-image-1152 size-full\"\/><\/a><\/figure><div class=\"wp-block-media-text__content\">\n<p>Apr\u00e8s le passage du chol\u00e9ra, nos grands m\u00e9decins et savants locaux vont s\u2019int\u00e9resser aux moyens de lutter contre ce terrible fl\u00e9au, s\u2019il venait \u00e0 ressurgir dans nos contr\u00e9es.<\/p>\n\n\n\n<p>Ainsi, en 1858, le docteur Fran\u00e7ois Verg\u00e9 (Docteur-m\u00e9decin, Membre du Comit\u00e9 d\u2019Hygi\u00e8ne de l\u2019Arrondissement de Foix, Inspecteur des Eaux d\u2019Ussat) a publi\u00e9 une \u00e9tude intitul\u00e9e :<br>\u00ab\u00a0<em><a href=\"https:\/\/gallica.bnf.fr\/ark:\/12148\/bpt6k5711868m?rk=21459;2\">De l\u2019\u00e9lectricit\u00e9 comme cause du chol\u00e9ra, De l\u2019hydroth\u00e9rapie comme moyen de gu\u00e9rison<\/a><\/em>\u00ab\u00a0.<\/p>\n<\/div><\/div>\n\n\n\n<p>L\u2019int\u00e9ress\u00e9 y d\u00e9veloppe la th\u00e9orie selon laquelle le chol\u00e9ra pourrait \u00eatre combattu efficacement gr\u00e2ce \u00e0 de l\u2019eau froide absorb\u00e9e fr\u00e9quemment et en quantit\u00e9, sans autre m\u00e9dication particuli\u00e8re.<br>Il fonde sa conviction sur plusieurs t\u00e9moignages recueillis aupr\u00e8s de personnes dignes de foi, lesquelles lui ont rapport\u00e9 que des malades gravement atteints avaient \u00e9t\u00e9 gu\u00e9ris apr\u00e8s avoir bu beaucoup d\u2019eau fra\u00eeche, par prises r\u00e9guli\u00e8res et rapproch\u00e9es, malgr\u00e9 vomissements et manifestations diarrh\u00e9iques importants.<\/p>\n\n\n\n<p>De telles observations ont eu lieu aussi \u00e0 Miglos. A savoir :<br>Deux cas d\u00e9crits par M. Bacou, fils du maire de la commune, qui concernent un nomm\u00e9 L.B, propri\u00e9taire, ainsi que Fran\u00e7ois Balan\u00e7a, un ma\u00e7on de 35 ans.<\/p>\n\n\n\n<p>Les deux autres gu\u00e9risons ont \u00e9t\u00e9 narr\u00e9es au docteur Verg\u00e9 par le cur\u00e9 du village de Norgeat, Th\u00e9odore Bedel, \u00ab\u00a0<em>un homme qui pendant l\u2019\u00e9pid\u00e9mie a \u00e9t\u00e9 d\u2019un d\u00e9vouement admirable<\/em>\u00ab\u00a0.<\/p>\n\n\n\n<p>Le pr\u00eatre lui a adress\u00e9 son t\u00e9moignage par \u00e9crit :<br>\u00ab\u00a0<em>\u2026 Je pourrais vous fournir plusieurs renseignements sur les chol\u00e9riques gu\u00e9ris par le seul rem\u00e8de de l\u2019eau fra\u00eeche, pendant le temps de l\u2019\u00e9pid\u00e9mie ; mais, pour abr\u00e9ger, je me bornerai seulement \u00e0 vous relater deux cas dans lesquels les malades ont \u00e9t\u00e9 gu\u00e9ris efficacement et radicalement par l\u2019eau fra\u00eeche, alors qu\u2019il semblait n\u2019y avoir chez eux aucun espoir de gu\u00e9rison<\/em>\u00ab\u00a0.<\/p>\n\n\n\n<p>Il s\u2019agit de :<\/p>\n\n\n\n<ul class=\"wp-block-list\">\n<li>Raymond Pujol, un berger de 27 ans, qui \u00ab\u00a0fut atteint d\u2019une attaque foudroyante de chol\u00e9ra alors qu\u2019il gardait les brebis sur les montagnes de Gudanes, \u00e0 trois lieues du village\u00a0\u00bb.<\/li>\n\n\n\n<li>Baptiste Gabarre Hillaire, 19 ans, lequel \u00ab\u00a0<em>venait de perdre son p\u00e8re, sa m\u00e8re et trois de ses fr\u00e8res, et qui \u00e9tait malade depuis 12 \u00e0 15 jours<\/em>\u00ab\u00a0.<\/li>\n<\/ul>\n\n\n\n<p><br>Tous deux s\u2019en sortiront apr\u00e8s avoir bu abondamment de cette eau fra\u00eeche et b\u00e9n\u00e9fique qui sort des entrailles de la montagne.<\/p>\n\n\n\n<hr class=\"wp-block-separator has-alpha-channel-opacity\"\/>\n\n\n\n<p class=\"has-text-align-right\"><em>Merci \u00e0 Jo\u00ebl Gardes, qui a d\u00e9nich\u00e9 cette surprenante \u00ab\u00a0publication scientifique\u00a0\u00bb.<\/em><\/p>\n\n\n\n<p class=\"has-text-align-right\">G.L. Mai 2020<\/p>\n\n\n\n<p class=\"has-text-align-right\"><a href=\"https:\/\/gallica.bnf.fr\/ark:\/12148\/bpt6k5711868m?rk=21459;2\" target=\"_blank\" rel=\"noreferrer noopener\">Source BNF-Gallica<\/a><\/p>\n\n\n\n<p><\/p>\n\n\n\n<p><\/p>\n","protected":false},"excerpt":{"rendered":"<p>Moyen de gu\u00e9rison&#8230; \u00e0 Miglos De l\u2019\u00e9lectricit\u00e9 comme cause du chol\u00e9ra, de l\u2019hydroth\u00e9rapie comme moyen de gu\u00e9rison Apr\u00e8s le passage du chol\u00e9ra, nos grands m\u00e9decins et savants locaux vont s\u2019int\u00e9resser &#8230;<\/p>\n","protected":false},"author":2,"featured_media":1235,"parent":1146,"menu_order":3,"comment_status":"closed","ping_status":"closed","template":"","meta":{"footnotes":""},"class_list":["post-1231","page","type-page","status-publish","has-post-thumbnail","hentry"],"yoast_head":"<!-- This site is optimized with the Yoast SEO plugin v24.0 - https:\/\/yoast.com\/wordpress\/plugins\/seo\/ -->\n<title>Moyen de gu\u00e9rison... \u00e0 Miglos - Norgeat<\/title>\n<meta name=\"robots\" content=\"index, follow, max-snippet:-1, max-image-preview:large, max-video-preview:-1\" \/>\n<link rel=\"canonical\" href=\"https:\/\/www.norgeat.fr\/index.php\/lepidemie-de-cholera\/moyen-de-guerison-a-miglos\/\" \/>\n<meta property=\"og:locale\" content=\"fr_FR\" \/>\n<meta property=\"og:type\" content=\"article\" \/>\n<meta property=\"og:title\" content=\"Moyen de gu\u00e9rison... \u00e0 Miglos - Norgeat\" \/>\n<meta property=\"og:description\" content=\"Moyen de gu\u00e9rison&#8230; \u00e0 Miglos De l\u2019\u00e9lectricit\u00e9 comme cause du chol\u00e9ra, de l\u2019hydroth\u00e9rapie comme moyen de gu\u00e9rison Apr\u00e8s le passage du chol\u00e9ra, nos grands m\u00e9decins et savants locaux vont s\u2019int\u00e9resser ...\" \/>\n<meta property=\"og:url\" content=\"https:\/\/www.norgeat.fr\/index.php\/lepidemie-de-cholera\/moyen-de-guerison-a-miglos\/\" \/>\n<meta property=\"og:site_name\" content=\"Norgeat\" \/>\n<meta property=\"article:modified_time\" content=\"2025-02-25T10:00:30+00:00\" \/>\n<meta property=\"og:image\" content=\"https:\/\/www.norgeat.fr\/wp-content\/uploads\/2024\/12\/avant-reseau-guerison.jpg\" \/>\n\t<meta property=\"og:image:width\" content=\"1000\" \/>\n\t<meta property=\"og:image:height\" content=\"522\" \/>\n\t<meta property=\"og:image:type\" content=\"image\/jpeg\" \/>\n<meta name=\"twitter:card\" content=\"summary_large_image\" \/>\n<meta name=\"twitter:label1\" content=\"Dur\u00e9e de lecture estim\u00e9e\" \/>\n\t<meta name=\"twitter:data1\" content=\"3 minutes\" \/>\n<script type=\"application\/ld+json\" class=\"yoast-schema-graph\">{\"@context\":\"https:\/\/schema.org\",\"@graph\":[{\"@type\":\"WebPage\",\"@id\":\"https:\/\/www.norgeat.fr\/index.php\/lepidemie-de-cholera\/moyen-de-guerison-a-miglos\/\",\"url\":\"https:\/\/www.norgeat.fr\/index.php\/lepidemie-de-cholera\/moyen-de-guerison-a-miglos\/\",\"name\":\"Moyen de gu\u00e9rison... \u00e0 Miglos - Norgeat\",\"isPartOf\":{\"@id\":\"https:\/\/www.norgeat.fr\/#website\"},\"primaryImageOfPage\":{\"@id\":\"https:\/\/www.norgeat.fr\/index.php\/lepidemie-de-cholera\/moyen-de-guerison-a-miglos\/#primaryimage\"},\"image\":{\"@id\":\"https:\/\/www.norgeat.fr\/index.php\/lepidemie-de-cholera\/moyen-de-guerison-a-miglos\/#primaryimage\"},\"thumbnailUrl\":\"https:\/\/www.norgeat.fr\/wp-content\/uploads\/2024\/12\/avant-reseau-guerison.jpg\",\"datePublished\":\"2024-12-09T13:25:44+00:00\",\"dateModified\":\"2025-02-25T10:00:30+00:00\",\"breadcrumb\":{\"@id\":\"https:\/\/www.norgeat.fr\/index.php\/lepidemie-de-cholera\/moyen-de-guerison-a-miglos\/#breadcrumb\"},\"inLanguage\":\"fr-FR\",\"potentialAction\":[{\"@type\":\"ReadAction\",\"target\":[\"https:\/\/www.norgeat.fr\/index.php\/lepidemie-de-cholera\/moyen-de-guerison-a-miglos\/\"]}]},{\"@type\":\"ImageObject\",\"inLanguage\":\"fr-FR\",\"@id\":\"https:\/\/www.norgeat.fr\/index.php\/lepidemie-de-cholera\/moyen-de-guerison-a-miglos\/#primaryimage\",\"url\":\"https:\/\/www.norgeat.fr\/wp-content\/uploads\/2024\/12\/avant-reseau-guerison.jpg\",\"contentUrl\":\"https:\/\/www.norgeat.fr\/wp-content\/uploads\/2024\/12\/avant-reseau-guerison.jpg\",\"width\":1000,\"height\":522},{\"@type\":\"BreadcrumbList\",\"@id\":\"https:\/\/www.norgeat.fr\/index.php\/lepidemie-de-cholera\/moyen-de-guerison-a-miglos\/#breadcrumb\",\"itemListElement\":[{\"@type\":\"ListItem\",\"position\":1,\"name\":\"Accueil\",\"item\":\"https:\/\/www.norgeat.fr\/\"},{\"@type\":\"ListItem\",\"position\":2,\"name\":\"Epid\u00e9mie de chol\u00e9ra\u2026\",\"item\":\"https:\/\/www.norgeat.fr\/index.php\/lepidemie-de-cholera\/\"},{\"@type\":\"ListItem\",\"position\":3,\"name\":\"Moyen de gu\u00e9rison&#8230; \u00e0 Miglos\"}]},{\"@type\":\"WebSite\",\"@id\":\"https:\/\/www.norgeat.fr\/#website\",\"url\":\"https:\/\/www.norgeat.fr\/\",\"name\":\"Norgeat\",\"description\":\"Norgeat, d&#039;hier et d&#039;aujourd&#039;hui...\",\"publisher\":{\"@id\":\"https:\/\/www.norgeat.fr\/#organization\"},\"potentialAction\":[{\"@type\":\"SearchAction\",\"target\":{\"@type\":\"EntryPoint\",\"urlTemplate\":\"https:\/\/www.norgeat.fr\/?s={search_term_string}\"},\"query-input\":{\"@type\":\"PropertyValueSpecification\",\"valueRequired\":true,\"valueName\":\"search_term_string\"}}],\"inLanguage\":\"fr-FR\"},{\"@type\":\"Organization\",\"@id\":\"https:\/\/www.norgeat.fr\/#organization\",\"name\":\"Le village de Norgeat en Ari\u00e8ge\",\"url\":\"https:\/\/www.norgeat.fr\/\",\"logo\":{\"@type\":\"ImageObject\",\"inLanguage\":\"fr-FR\",\"@id\":\"https:\/\/www.norgeat.fr\/#\/schema\/logo\/image\/\",\"url\":\"https:\/\/www.norgeat.fr\/wp-content\/uploads\/2024\/12\/logo-norgeat-v.png\",\"contentUrl\":\"https:\/\/www.norgeat.fr\/wp-content\/uploads\/2024\/12\/logo-norgeat-v.png\",\"width\":4306,\"height\":1521,\"caption\":\"Le village de Norgeat en Ari\u00e8ge\"},\"image\":{\"@id\":\"https:\/\/www.norgeat.fr\/#\/schema\/logo\/image\/\"}}]}<\/script>\n<!-- \/ Yoast SEO plugin. -->","yoast_head_json":{"title":"Moyen de gu\u00e9rison... \u00e0 Miglos - Norgeat","robots":{"index":"index","follow":"follow","max-snippet":"max-snippet:-1","max-image-preview":"max-image-preview:large","max-video-preview":"max-video-preview:-1"},"canonical":"https:\/\/www.norgeat.fr\/index.php\/lepidemie-de-cholera\/moyen-de-guerison-a-miglos\/","og_locale":"fr_FR","og_type":"article","og_title":"Moyen de gu\u00e9rison... \u00e0 Miglos - Norgeat","og_description":"Moyen de gu\u00e9rison&#8230; \u00e0 Miglos De l\u2019\u00e9lectricit\u00e9 comme cause du chol\u00e9ra, de l\u2019hydroth\u00e9rapie comme moyen de gu\u00e9rison Apr\u00e8s le passage du chol\u00e9ra, nos grands m\u00e9decins et savants locaux vont s\u2019int\u00e9resser ...","og_url":"https:\/\/www.norgeat.fr\/index.php\/lepidemie-de-cholera\/moyen-de-guerison-a-miglos\/","og_site_name":"Norgeat","article_modified_time":"2025-02-25T10:00:30+00:00","og_image":[{"width":1000,"height":522,"url":"https:\/\/www.norgeat.fr\/wp-content\/uploads\/2024\/12\/avant-reseau-guerison.jpg","type":"image\/jpeg"}],"twitter_card":"summary_large_image","twitter_misc":{"Dur\u00e9e de lecture estim\u00e9e":"3 minutes"},"schema":{"@context":"https:\/\/schema.org","@graph":[{"@type":"WebPage","@id":"https:\/\/www.norgeat.fr\/index.php\/lepidemie-de-cholera\/moyen-de-guerison-a-miglos\/","url":"https:\/\/www.norgeat.fr\/index.php\/lepidemie-de-cholera\/moyen-de-guerison-a-miglos\/","name":"Moyen de gu\u00e9rison... \u00e0 Miglos - Norgeat","isPartOf":{"@id":"https:\/\/www.norgeat.fr\/#website"},"primaryImageOfPage":{"@id":"https:\/\/www.norgeat.fr\/index.php\/lepidemie-de-cholera\/moyen-de-guerison-a-miglos\/#primaryimage"},"image":{"@id":"https:\/\/www.norgeat.fr\/index.php\/lepidemie-de-cholera\/moyen-de-guerison-a-miglos\/#primaryimage"},"thumbnailUrl":"https:\/\/www.norgeat.fr\/wp-content\/uploads\/2024\/12\/avant-reseau-guerison.jpg","datePublished":"2024-12-09T13:25:44+00:00","dateModified":"2025-02-25T10:00:30+00:00","breadcrumb":{"@id":"https:\/\/www.norgeat.fr\/index.php\/lepidemie-de-cholera\/moyen-de-guerison-a-miglos\/#breadcrumb"},"inLanguage":"fr-FR","potentialAction":[{"@type":"ReadAction","target":["https:\/\/www.norgeat.fr\/index.php\/lepidemie-de-cholera\/moyen-de-guerison-a-miglos\/"]}]},{"@type":"ImageObject","inLanguage":"fr-FR","@id":"https:\/\/www.norgeat.fr\/index.php\/lepidemie-de-cholera\/moyen-de-guerison-a-miglos\/#primaryimage","url":"https:\/\/www.norgeat.fr\/wp-content\/uploads\/2024\/12\/avant-reseau-guerison.jpg","contentUrl":"https:\/\/www.norgeat.fr\/wp-content\/uploads\/2024\/12\/avant-reseau-guerison.jpg","width":1000,"height":522},{"@type":"BreadcrumbList","@id":"https:\/\/www.norgeat.fr\/index.php\/lepidemie-de-cholera\/moyen-de-guerison-a-miglos\/#breadcrumb","itemListElement":[{"@type":"ListItem","position":1,"name":"Accueil","item":"https:\/\/www.norgeat.fr\/"},{"@type":"ListItem","position":2,"name":"Epid\u00e9mie de chol\u00e9ra\u2026","item":"https:\/\/www.norgeat.fr\/index.php\/lepidemie-de-cholera\/"},{"@type":"ListItem","position":3,"name":"Moyen de gu\u00e9rison&#8230; \u00e0 Miglos"}]},{"@type":"WebSite","@id":"https:\/\/www.norgeat.fr\/#website","url":"https:\/\/www.norgeat.fr\/","name":"Norgeat","description":"Norgeat, d&#039;hier et d&#039;aujourd&#039;hui...","publisher":{"@id":"https:\/\/www.norgeat.fr\/#organization"},"potentialAction":[{"@type":"SearchAction","target":{"@type":"EntryPoint","urlTemplate":"https:\/\/www.norgeat.fr\/?s={search_term_string}"},"query-input":{"@type":"PropertyValueSpecification","valueRequired":true,"valueName":"search_term_string"}}],"inLanguage":"fr-FR"},{"@type":"Organization","@id":"https:\/\/www.norgeat.fr\/#organization","name":"Le village de Norgeat en Ari\u00e8ge","url":"https:\/\/www.norgeat.fr\/","logo":{"@type":"ImageObject","inLanguage":"fr-FR","@id":"https:\/\/www.norgeat.fr\/#\/schema\/logo\/image\/","url":"https:\/\/www.norgeat.fr\/wp-content\/uploads\/2024\/12\/logo-norgeat-v.png","contentUrl":"https:\/\/www.norgeat.fr\/wp-content\/uploads\/2024\/12\/logo-norgeat-v.png","width":4306,"height":1521,"caption":"Le village de Norgeat en Ari\u00e8ge"},"image":{"@id":"https:\/\/www.norgeat.fr\/#\/schema\/logo\/image\/"}}]}},"rttpg_featured_image_url":{"full":["https:\/\/www.norgeat.fr\/wp-content\/uploads\/2024\/12\/avant-reseau-guerison.jpg",1000,522,false],"landscape":["https:\/\/www.norgeat.fr\/wp-content\/uploads\/2024\/12\/avant-reseau-guerison.jpg",1000,522,false],"portraits":["https:\/\/www.norgeat.fr\/wp-content\/uploads\/2024\/12\/avant-reseau-guerison.jpg",1000,522,false],"thumbnail":["https:\/\/www.norgeat.fr\/wp-content\/uploads\/2024\/12\/avant-reseau-guerison-150x150.jpg",150,150,true],"medium":["https:\/\/www.norgeat.fr\/wp-content\/uploads\/2024\/12\/avant-reseau-guerison-300x157.jpg",300,157,true],"large":["https:\/\/www.norgeat.fr\/wp-content\/uploads\/2024\/12\/avant-reseau-guerison.jpg",800,418,false],"1536x1536":["https:\/\/www.norgeat.fr\/wp-content\/uploads\/2024\/12\/avant-reseau-guerison.jpg",1000,522,false],"2048x2048":["https:\/\/www.norgeat.fr\/wp-content\/uploads\/2024\/12\/avant-reseau-guerison.jpg",1000,522,false],"onepress-blog-small":["https:\/\/www.norgeat.fr\/wp-content\/uploads\/2024\/12\/avant-reseau-guerison-300x150.jpg",300,150,true],"onepress-small":["https:\/\/www.norgeat.fr\/wp-content\/uploads\/2024\/12\/avant-reseau-guerison-480x300.jpg",480,300,true],"onepress-medium":["https:\/\/www.norgeat.fr\/wp-content\/uploads\/2024\/12\/avant-reseau-guerison-640x400.jpg",640,400,true]},"rttpg_author":{"display_name":"norgeat","author_link":"https:\/\/www.norgeat.fr\/index.php\/author\/norgeat\/"},"rttpg_comment":0,"rttpg_category":null,"rttpg_excerpt":"Moyen de gu\u00e9rison&#8230; \u00e0 Miglos De l\u2019\u00e9lectricit\u00e9 comme cause du chol\u00e9ra, de l\u2019hydroth\u00e9rapie comme moyen de gu\u00e9rison Apr\u00e8s le passage du chol\u00e9ra, nos grands m\u00e9decins et savants locaux vont s\u2019int\u00e9resser ...","_links":{"self":[{"href":"https:\/\/www.norgeat.fr\/index.php\/wp-json\/wp\/v2\/pages\/1231","targetHints":{"allow":["GET"]}}],"collection":[{"href":"https:\/\/www.norgeat.fr\/index.php\/wp-json\/wp\/v2\/pages"}],"about":[{"href":"https:\/\/www.norgeat.fr\/index.php\/wp-json\/wp\/v2\/types\/page"}],"author":[{"embeddable":true,"href":"https:\/\/www.norgeat.fr\/index.php\/wp-json\/wp\/v2\/users\/2"}],"replies":[{"embeddable":true,"href":"https:\/\/www.norgeat.fr\/index.php\/wp-json\/wp\/v2\/comments?post=1231"}],"version-history":[{"count":9,"href":"https:\/\/www.norgeat.fr\/index.php\/wp-json\/wp\/v2\/pages\/1231\/revisions"}],"predecessor-version":[{"id":2550,"href":"https:\/\/www.norgeat.fr\/index.php\/wp-json\/wp\/v2\/pages\/1231\/revisions\/2550"}],"up":[{"embeddable":true,"href":"https:\/\/www.norgeat.fr\/index.php\/wp-json\/wp\/v2\/pages\/1146"}],"wp:featuredmedia":[{"embeddable":true,"href":"https:\/\/www.norgeat.fr\/index.php\/wp-json\/wp\/v2\/media\/1235"}],"wp:attachment":[{"href":"https:\/\/www.norgeat.fr\/index.php\/wp-json\/wp\/v2\/media?parent=1231"}],"curies":[{"name":"wp","href":"https:\/\/api.w.org\/{rel}","templated":true}]}}