{"id":1247,"date":"2024-12-09T14:55:36","date_gmt":"2024-12-09T13:55:36","guid":{"rendered":"http:\/\/www.norgeat.fr\/?page_id=1247"},"modified":"2024-12-09T15:19:58","modified_gmt":"2024-12-09T14:19:58","slug":"les-cahiers-dantoine-mage","status":"publish","type":"page","link":"https:\/\/www.norgeat.fr\/index.php\/bibliographie-norgeat\/les-cahiers-dantoine-mage\/","title":{"rendered":"Les cahiers d\u2019Antoine MAGE"},"content":{"rendered":"\n<h2 class=\"wp-block-heading\">Les cahiers d\u2019Antoine MAGE<\/h2>\n\n\n\n<p>Ces \u201c<em>cahiers d\u2019\u00e9cole<\/em>\u201d m&rsquo;ont \u00e9t\u00e9 confi\u00e9s temporairement, en 1992, pour \u00eatre photocopi\u00e9s.<\/p>\n\n\n\n<p>Les manuscrits originaux ne sont pas d\u00e9pos\u00e9s aux Archives D\u00e9partementales de l\u2019Ari\u00e8ge selon le souhait d\u2019Antoine MAGE.<\/p>\n\n\n\n<figure class=\"wp-block-gallery has-nested-images columns-default is-cropped wp-block-gallery-1 is-layout-flex wp-block-gallery-is-layout-flex\">\n<figure class=\"wp-block-image size-large\"><a href=\"https:\/\/www.norgeat.fr\/wp-content\/uploads\/2024\/12\/COMMANDERIE-DE-CAPOULET.pdf\" target=\"_blank\" rel=\" noreferrer noopener\"><img loading=\"lazy\" decoding=\"async\" width=\"815\" height=\"920\" data-id=\"1255\" src=\"https:\/\/www.norgeat.fr\/wp-content\/uploads\/2024\/12\/commanderie-capoulet1.png\" alt=\"\" class=\"wp-image-1255\"\/><\/a><figcaption class=\"wp-element-caption\">Commanderie de Capoulet par Antoine Mage &#8211; 1968<\/figcaption><\/figure>\n\n\n\n<figure class=\"wp-block-image size-large\"><a href=\"https:\/\/www.norgeat.fr\/wp-content\/uploads\/2024\/12\/SEIGNEURIE-DE-JUNAC-ET-BARONNIE-DE-MIGLOS.pdf\" target=\"_blank\" rel=\" noreferrer noopener\"><img loading=\"lazy\" decoding=\"async\" width=\"815\" height=\"920\" data-id=\"1256\" src=\"https:\/\/www.norgeat.fr\/wp-content\/uploads\/2024\/12\/seigneurie-junac-baronnie-miglos1.png\" alt=\"\" class=\"wp-image-1256\"\/><\/a><figcaption class=\"wp-element-caption\">Histoire de la Seigneurie de Junac et de la Baronnie de Miglos &#8211; par Antoine Mage &#8211; 1968<\/figcaption><\/figure>\n\n\n\n<figure class=\"wp-block-image size-large\"><a href=\"https:\/\/www.norgeat.fr\/wp-content\/uploads\/2024\/12\/SEIGNEURIE-DE-NIAUX.pdf\" target=\"_blank\" rel=\" noreferrer noopener\"><img loading=\"lazy\" decoding=\"async\" width=\"815\" height=\"920\" data-id=\"1257\" src=\"https:\/\/www.norgeat.fr\/wp-content\/uploads\/2024\/12\/seigneurie-niaux-lapujade1.png\" alt=\"\" class=\"wp-image-1257\"\/><\/a><figcaption class=\"wp-element-caption\">Histoire de la Seignerie de Niaux et Lapujade &#8211; par Antoine Mage &#8211; 1985\/1986<\/figcaption><\/figure>\n<\/figure>\n\n\n\n<p><\/p>\n\n\n\n<div class=\"wp-block-file\"><a id=\"wp-block-file--media-add501a7-3bd6-4453-bb0b-c9dad95f89f5\" href=\"https:\/\/www.norgeat.fr\/wp-content\/uploads\/2024\/12\/COMMANDERIE-DE-CAPOULET.pdf\" target=\"_blank\" rel=\"noreferrer noopener\">COMMANDERIE-DE-CAPOULET<\/a><a href=\"https:\/\/www.norgeat.fr\/wp-content\/uploads\/2024\/12\/COMMANDERIE-DE-CAPOULET.pdf\" class=\"wp-block-file__button wp-element-button\" download aria-describedby=\"wp-block-file--media-add501a7-3bd6-4453-bb0b-c9dad95f89f5\">T\u00e9l\u00e9charger<\/a><\/div>\n\n\n\n<div class=\"wp-block-file\"><a id=\"wp-block-file--media-9db3851f-2947-40fd-b4a6-5bba3bebdb94\" href=\"https:\/\/www.norgeat.fr\/wp-content\/uploads\/2024\/12\/SEIGNEURIE-DE-JUNAC-ET-BARONNIE-DE-MIGLOS.pdf\" target=\"_blank\" rel=\"noreferrer noopener\">SEIGNEURIE-DE-JUNAC-ET-BARONNIE-DE-MIGLOS<\/a><a href=\"https:\/\/www.norgeat.fr\/wp-content\/uploads\/2024\/12\/SEIGNEURIE-DE-JUNAC-ET-BARONNIE-DE-MIGLOS.pdf\" class=\"wp-block-file__button wp-element-button\" download aria-describedby=\"wp-block-file--media-9db3851f-2947-40fd-b4a6-5bba3bebdb94\">T\u00e9l\u00e9charger<\/a><\/div>\n\n\n\n<div class=\"wp-block-file\"><a id=\"wp-block-file--media-581db6c4-3aaa-4781-b800-90b876b880a9\" href=\"https:\/\/www.norgeat.fr\/wp-content\/uploads\/2024\/12\/SEIGNEURIE-DE-NIAUX.pdf\" target=\"_blank\" rel=\"noreferrer noopener\">SEIGNEURIE-DE-NIAUX<\/a><a href=\"https:\/\/www.norgeat.fr\/wp-content\/uploads\/2024\/12\/SEIGNEURIE-DE-NIAUX.pdf\" class=\"wp-block-file__button wp-element-button\" download aria-describedby=\"wp-block-file--media-581db6c4-3aaa-4781-b800-90b876b880a9\">T\u00e9l\u00e9charger<\/a><\/div>\n\n\n\n<p><\/p>\n\n\n\n<p><strong>Antoine MAGE, n\u00e9 le 22 septembre 1912 \u00e0 Illier-et-Laramade et mort le 4 novembre 2004 \u00e0 Vicdessos.<\/strong><\/p>\n\n\n\n<p>Il est recrut\u00e9 en juin 1942 comme manutentionnaire pour le d\u00e9m\u00e9nagement des archives d\u00e9partementales de l\u2019Ari\u00e8ge.<br>Il gravit les \u00e9chelons, commis principal, sous-archiviste.<br>Il est nomm\u00e9 \u201cChevalier des Arts et des Lettres\u201d (arr\u00eat\u00e9 du 2 mars 1978).<\/p>\n\n\n\n<hr class=\"wp-block-separator has-alpha-channel-opacity\"\/>\n\n\n\n<p><strong>Il a travaill\u00e9 sous la direction de 6 archivistes d\u00e9partementaux :<\/strong><\/p>\n\n\n\n<ul class=\"wp-block-list\">\n<li>Eloi LAVAL (1919-1950)<\/li>\n\n\n\n<li>Bernard SAVOURET (1950-1953)<\/li>\n\n\n\n<li>Bernard LEMEE (1953-1963)<\/li>\n\n\n\n<li>Agn\u00e8s de SAINT-BLANQUAT (1963-1970)<\/li>\n\n\n\n<li>Jean-Fran\u00e7ois LE NAIL (1970-1976)<\/li>\n\n\n\n<li>Claudine PAILH\u00c8S (1976-2017)<\/li>\n<\/ul>\n\n\n\n<hr class=\"wp-block-separator has-alpha-channel-opacity\"\/>\n\n\n\n<p><strong>R\u00e9pertoire num\u00e9rique de la s\u00e9rie M : 1800-1940<\/strong><br>Avec Antoine MAGE. Dirig\u00e9 par Agn\u00e8s de SAINT-BLANQUAT.<br>Archives d\u00e9partementales de l\u2019Ari\u00e8ge \u2013 1966.<\/p>\n\n\n\n<p><strong>R\u00e9pertoire num\u00e9rique de la s\u00e9rie O, administration et comptabilit\u00e9 communales, service vicinal, dons et legs, 1800-1940.<\/strong><br>Avec Antoine MAGE. Dirig\u00e9 par Jean-Fran\u00e7ois LE NAIL.<br>Archives d\u00e9partementales de l\u2019Ari\u00e8ge \u2013 1975.<\/p>\n\n\n\n<p><strong>R\u00e9pertoire num\u00e9rique de la s\u00e9rie R, affaires militaires et organismes du temps de guerre<\/strong><br>Avec Antoine MAGE. Dirig\u00e9 par Jean-Fran\u00e7ois LE NAIL, Claudine PAILH\u00c8S.<br>Archives d\u00e9partementales de l\u2019Ari\u00e8ge \u2013 1977.<\/p>\n\n\n\n<p><strong>R\u00e9pertoire num\u00e9rique de la s\u00e9rie X, assistance et pr\u00e9voyance sociale, 1800-1940<\/strong><br>Avec Antoine MAGE, Martine PORTET-BINCOLETTO. Dirig\u00e9 par Claudine PAILH\u00c8S.<br>Archives d\u00e9partementales de l\u2019Ari\u00e8ge \u2013 1991.<\/p>\n\n\n\n<p><br><\/p>\n\n\n\n<hr class=\"wp-block-separator has-alpha-channel-opacity\"\/>\n\n\n\n<p class=\"has-text-align-right\">G.L. &#8211; D\u00e9cembre 2023.<\/p>\n\n\n\n<p><\/p>\n","protected":false},"excerpt":{"rendered":"<p>Les cahiers d\u2019Antoine MAGE Ces \u201ccahiers d\u2019\u00e9cole\u201d m&rsquo;ont \u00e9t\u00e9 confi\u00e9s temporairement, en 1992, pour \u00eatre photocopi\u00e9s. Les manuscrits originaux ne sont pas d\u00e9pos\u00e9s aux Archives D\u00e9partementales de l\u2019Ari\u00e8ge selon le &#8230;<\/p>\n","protected":false},"author":2,"featured_media":1268,"parent":1244,"menu_order":1,"comment_status":"closed","ping_status":"closed","template":"","meta":{"footnotes":""},"class_list":["post-1247","page","type-page","status-publish","has-post-thumbnail","hentry"],"yoast_head":"<!-- This site is optimized with the Yoast SEO plugin v24.0 - https:\/\/yoast.com\/wordpress\/plugins\/seo\/ -->\n<title>Les cahiers d\u2019Antoine MAGE - Norgeat<\/title>\n<meta name=\"robots\" content=\"index, follow, max-snippet:-1, max-image-preview:large, max-video-preview:-1\" \/>\n<link rel=\"canonical\" href=\"https:\/\/www.norgeat.fr\/index.php\/bibliographie-norgeat\/les-cahiers-dantoine-mage\/\" \/>\n<meta property=\"og:locale\" content=\"fr_FR\" \/>\n<meta property=\"og:type\" content=\"article\" \/>\n<meta property=\"og:title\" content=\"Les cahiers d\u2019Antoine MAGE - Norgeat\" \/>\n<meta property=\"og:description\" content=\"Les cahiers d\u2019Antoine MAGE Ces \u201ccahiers d\u2019\u00e9cole\u201d m&rsquo;ont \u00e9t\u00e9 confi\u00e9s temporairement, en 1992, pour \u00eatre photocopi\u00e9s. Les manuscrits originaux ne sont pas d\u00e9pos\u00e9s aux Archives D\u00e9partementales de l\u2019Ari\u00e8ge selon le ...\" \/>\n<meta property=\"og:url\" content=\"https:\/\/www.norgeat.fr\/index.php\/bibliographie-norgeat\/les-cahiers-dantoine-mage\/\" \/>\n<meta property=\"og:site_name\" content=\"Norgeat\" \/>\n<meta property=\"article:modified_time\" content=\"2024-12-09T14:19:58+00:00\" \/>\n<meta property=\"og:image\" content=\"https:\/\/www.norgeat.fr\/wp-content\/uploads\/2024\/12\/avant-reseau-cahier.jpg\" \/>\n\t<meta property=\"og:image:width\" content=\"1000\" \/>\n\t<meta property=\"og:image:height\" content=\"522\" \/>\n\t<meta property=\"og:image:type\" content=\"image\/jpeg\" \/>\n<meta name=\"twitter:card\" content=\"summary_large_image\" \/>\n<meta name=\"twitter:label1\" content=\"Dur\u00e9e de lecture estim\u00e9e\" \/>\n\t<meta name=\"twitter:data1\" content=\"3 minutes\" \/>\n<script type=\"application\/ld+json\" class=\"yoast-schema-graph\">{\"@context\":\"https:\/\/schema.org\",\"@graph\":[{\"@type\":\"WebPage\",\"@id\":\"https:\/\/www.norgeat.fr\/index.php\/bibliographie-norgeat\/les-cahiers-dantoine-mage\/\",\"url\":\"https:\/\/www.norgeat.fr\/index.php\/bibliographie-norgeat\/les-cahiers-dantoine-mage\/\",\"name\":\"Les cahiers d\u2019Antoine MAGE - Norgeat\",\"isPartOf\":{\"@id\":\"https:\/\/www.norgeat.fr\/#website\"},\"primaryImageOfPage\":{\"@id\":\"https:\/\/www.norgeat.fr\/index.php\/bibliographie-norgeat\/les-cahiers-dantoine-mage\/#primaryimage\"},\"image\":{\"@id\":\"https:\/\/www.norgeat.fr\/index.php\/bibliographie-norgeat\/les-cahiers-dantoine-mage\/#primaryimage\"},\"thumbnailUrl\":\"https:\/\/www.norgeat.fr\/wp-content\/uploads\/2024\/12\/avant-reseau-cahier.jpg\",\"datePublished\":\"2024-12-09T13:55:36+00:00\",\"dateModified\":\"2024-12-09T14:19:58+00:00\",\"breadcrumb\":{\"@id\":\"https:\/\/www.norgeat.fr\/index.php\/bibliographie-norgeat\/les-cahiers-dantoine-mage\/#breadcrumb\"},\"inLanguage\":\"fr-FR\",\"potentialAction\":[{\"@type\":\"ReadAction\",\"target\":[\"https:\/\/www.norgeat.fr\/index.php\/bibliographie-norgeat\/les-cahiers-dantoine-mage\/\"]}]},{\"@type\":\"ImageObject\",\"inLanguage\":\"fr-FR\",\"@id\":\"https:\/\/www.norgeat.fr\/index.php\/bibliographie-norgeat\/les-cahiers-dantoine-mage\/#primaryimage\",\"url\":\"https:\/\/www.norgeat.fr\/wp-content\/uploads\/2024\/12\/avant-reseau-cahier.jpg\",\"contentUrl\":\"https:\/\/www.norgeat.fr\/wp-content\/uploads\/2024\/12\/avant-reseau-cahier.jpg\",\"width\":1000,\"height\":522},{\"@type\":\"BreadcrumbList\",\"@id\":\"https:\/\/www.norgeat.fr\/index.php\/bibliographie-norgeat\/les-cahiers-dantoine-mage\/#breadcrumb\",\"itemListElement\":[{\"@type\":\"ListItem\",\"position\":1,\"name\":\"Accueil\",\"item\":\"https:\/\/www.norgeat.fr\/\"},{\"@type\":\"ListItem\",\"position\":2,\"name\":\"Bibliographie\",\"item\":\"https:\/\/www.norgeat.fr\/index.php\/bibliographie-norgeat\/\"},{\"@type\":\"ListItem\",\"position\":3,\"name\":\"Les cahiers d\u2019Antoine MAGE\"}]},{\"@type\":\"WebSite\",\"@id\":\"https:\/\/www.norgeat.fr\/#website\",\"url\":\"https:\/\/www.norgeat.fr\/\",\"name\":\"Norgeat\",\"description\":\"Norgeat, d&#039;hier et d&#039;aujourd&#039;hui...\",\"publisher\":{\"@id\":\"https:\/\/www.norgeat.fr\/#organization\"},\"potentialAction\":[{\"@type\":\"SearchAction\",\"target\":{\"@type\":\"EntryPoint\",\"urlTemplate\":\"https:\/\/www.norgeat.fr\/?s={search_term_string}\"},\"query-input\":{\"@type\":\"PropertyValueSpecification\",\"valueRequired\":true,\"valueName\":\"search_term_string\"}}],\"inLanguage\":\"fr-FR\"},{\"@type\":\"Organization\",\"@id\":\"https:\/\/www.norgeat.fr\/#organization\",\"name\":\"Le village de Norgeat en Ari\u00e8ge\",\"url\":\"https:\/\/www.norgeat.fr\/\",\"logo\":{\"@type\":\"ImageObject\",\"inLanguage\":\"fr-FR\",\"@id\":\"https:\/\/www.norgeat.fr\/#\/schema\/logo\/image\/\",\"url\":\"https:\/\/www.norgeat.fr\/wp-content\/uploads\/2024\/12\/logo-norgeat-v.png\",\"contentUrl\":\"https:\/\/www.norgeat.fr\/wp-content\/uploads\/2024\/12\/logo-norgeat-v.png\",\"width\":4306,\"height\":1521,\"caption\":\"Le village de Norgeat en Ari\u00e8ge\"},\"image\":{\"@id\":\"https:\/\/www.norgeat.fr\/#\/schema\/logo\/image\/\"}}]}<\/script>\n<!-- \/ Yoast SEO plugin. -->","yoast_head_json":{"title":"Les cahiers d\u2019Antoine MAGE - Norgeat","robots":{"index":"index","follow":"follow","max-snippet":"max-snippet:-1","max-image-preview":"max-image-preview:large","max-video-preview":"max-video-preview:-1"},"canonical":"https:\/\/www.norgeat.fr\/index.php\/bibliographie-norgeat\/les-cahiers-dantoine-mage\/","og_locale":"fr_FR","og_type":"article","og_title":"Les cahiers d\u2019Antoine MAGE - Norgeat","og_description":"Les cahiers d\u2019Antoine MAGE Ces \u201ccahiers d\u2019\u00e9cole\u201d m&rsquo;ont \u00e9t\u00e9 confi\u00e9s temporairement, en 1992, pour \u00eatre photocopi\u00e9s. Les manuscrits originaux ne sont pas d\u00e9pos\u00e9s aux Archives D\u00e9partementales de l\u2019Ari\u00e8ge selon le ...","og_url":"https:\/\/www.norgeat.fr\/index.php\/bibliographie-norgeat\/les-cahiers-dantoine-mage\/","og_site_name":"Norgeat","article_modified_time":"2024-12-09T14:19:58+00:00","og_image":[{"width":1000,"height":522,"url":"https:\/\/www.norgeat.fr\/wp-content\/uploads\/2024\/12\/avant-reseau-cahier.jpg","type":"image\/jpeg"}],"twitter_card":"summary_large_image","twitter_misc":{"Dur\u00e9e de lecture estim\u00e9e":"3 minutes"},"schema":{"@context":"https:\/\/schema.org","@graph":[{"@type":"WebPage","@id":"https:\/\/www.norgeat.fr\/index.php\/bibliographie-norgeat\/les-cahiers-dantoine-mage\/","url":"https:\/\/www.norgeat.fr\/index.php\/bibliographie-norgeat\/les-cahiers-dantoine-mage\/","name":"Les cahiers d\u2019Antoine MAGE - Norgeat","isPartOf":{"@id":"https:\/\/www.norgeat.fr\/#website"},"primaryImageOfPage":{"@id":"https:\/\/www.norgeat.fr\/index.php\/bibliographie-norgeat\/les-cahiers-dantoine-mage\/#primaryimage"},"image":{"@id":"https:\/\/www.norgeat.fr\/index.php\/bibliographie-norgeat\/les-cahiers-dantoine-mage\/#primaryimage"},"thumbnailUrl":"https:\/\/www.norgeat.fr\/wp-content\/uploads\/2024\/12\/avant-reseau-cahier.jpg","datePublished":"2024-12-09T13:55:36+00:00","dateModified":"2024-12-09T14:19:58+00:00","breadcrumb":{"@id":"https:\/\/www.norgeat.fr\/index.php\/bibliographie-norgeat\/les-cahiers-dantoine-mage\/#breadcrumb"},"inLanguage":"fr-FR","potentialAction":[{"@type":"ReadAction","target":["https:\/\/www.norgeat.fr\/index.php\/bibliographie-norgeat\/les-cahiers-dantoine-mage\/"]}]},{"@type":"ImageObject","inLanguage":"fr-FR","@id":"https:\/\/www.norgeat.fr\/index.php\/bibliographie-norgeat\/les-cahiers-dantoine-mage\/#primaryimage","url":"https:\/\/www.norgeat.fr\/wp-content\/uploads\/2024\/12\/avant-reseau-cahier.jpg","contentUrl":"https:\/\/www.norgeat.fr\/wp-content\/uploads\/2024\/12\/avant-reseau-cahier.jpg","width":1000,"height":522},{"@type":"BreadcrumbList","@id":"https:\/\/www.norgeat.fr\/index.php\/bibliographie-norgeat\/les-cahiers-dantoine-mage\/#breadcrumb","itemListElement":[{"@type":"ListItem","position":1,"name":"Accueil","item":"https:\/\/www.norgeat.fr\/"},{"@type":"ListItem","position":2,"name":"Bibliographie","item":"https:\/\/www.norgeat.fr\/index.php\/bibliographie-norgeat\/"},{"@type":"ListItem","position":3,"name":"Les cahiers d\u2019Antoine MAGE"}]},{"@type":"WebSite","@id":"https:\/\/www.norgeat.fr\/#website","url":"https:\/\/www.norgeat.fr\/","name":"Norgeat","description":"Norgeat, d&#039;hier et d&#039;aujourd&#039;hui...","publisher":{"@id":"https:\/\/www.norgeat.fr\/#organization"},"potentialAction":[{"@type":"SearchAction","target":{"@type":"EntryPoint","urlTemplate":"https:\/\/www.norgeat.fr\/?s={search_term_string}"},"query-input":{"@type":"PropertyValueSpecification","valueRequired":true,"valueName":"search_term_string"}}],"inLanguage":"fr-FR"},{"@type":"Organization","@id":"https:\/\/www.norgeat.fr\/#organization","name":"Le village de Norgeat en Ari\u00e8ge","url":"https:\/\/www.norgeat.fr\/","logo":{"@type":"ImageObject","inLanguage":"fr-FR","@id":"https:\/\/www.norgeat.fr\/#\/schema\/logo\/image\/","url":"https:\/\/www.norgeat.fr\/wp-content\/uploads\/2024\/12\/logo-norgeat-v.png","contentUrl":"https:\/\/www.norgeat.fr\/wp-content\/uploads\/2024\/12\/logo-norgeat-v.png","width":4306,"height":1521,"caption":"Le village de Norgeat en Ari\u00e8ge"},"image":{"@id":"https:\/\/www.norgeat.fr\/#\/schema\/logo\/image\/"}}]}},"rttpg_featured_image_url":{"full":["https:\/\/www.norgeat.fr\/wp-content\/uploads\/2024\/12\/avant-reseau-cahier.jpg",1000,522,false],"landscape":["https:\/\/www.norgeat.fr\/wp-content\/uploads\/2024\/12\/avant-reseau-cahier.jpg",1000,522,false],"portraits":["https:\/\/www.norgeat.fr\/wp-content\/uploads\/2024\/12\/avant-reseau-cahier.jpg",1000,522,false],"thumbnail":["https:\/\/www.norgeat.fr\/wp-content\/uploads\/2024\/12\/avant-reseau-cahier-150x150.jpg",150,150,true],"medium":["https:\/\/www.norgeat.fr\/wp-content\/uploads\/2024\/12\/avant-reseau-cahier-300x157.jpg",300,157,true],"large":["https:\/\/www.norgeat.fr\/wp-content\/uploads\/2024\/12\/avant-reseau-cahier.jpg",800,418,false],"1536x1536":["https:\/\/www.norgeat.fr\/wp-content\/uploads\/2024\/12\/avant-reseau-cahier.jpg",1000,522,false],"2048x2048":["https:\/\/www.norgeat.fr\/wp-content\/uploads\/2024\/12\/avant-reseau-cahier.jpg",1000,522,false],"onepress-blog-small":["https:\/\/www.norgeat.fr\/wp-content\/uploads\/2024\/12\/avant-reseau-cahier-300x150.jpg",300,150,true],"onepress-small":["https:\/\/www.norgeat.fr\/wp-content\/uploads\/2024\/12\/avant-reseau-cahier-480x300.jpg",480,300,true],"onepress-medium":["https:\/\/www.norgeat.fr\/wp-content\/uploads\/2024\/12\/avant-reseau-cahier-640x400.jpg",640,400,true]},"rttpg_author":{"display_name":"norgeat","author_link":"https:\/\/www.norgeat.fr\/index.php\/author\/norgeat\/"},"rttpg_comment":0,"rttpg_category":null,"rttpg_excerpt":"Les cahiers d\u2019Antoine MAGE Ces \u201ccahiers d\u2019\u00e9cole\u201d m&rsquo;ont \u00e9t\u00e9 confi\u00e9s temporairement, en 1992, pour \u00eatre photocopi\u00e9s. Les manuscrits originaux ne sont pas d\u00e9pos\u00e9s aux Archives D\u00e9partementales de l\u2019Ari\u00e8ge selon le ...","_links":{"self":[{"href":"https:\/\/www.norgeat.fr\/index.php\/wp-json\/wp\/v2\/pages\/1247","targetHints":{"allow":["GET"]}}],"collection":[{"href":"https:\/\/www.norgeat.fr\/index.php\/wp-json\/wp\/v2\/pages"}],"about":[{"href":"https:\/\/www.norgeat.fr\/index.php\/wp-json\/wp\/v2\/types\/page"}],"author":[{"embeddable":true,"href":"https:\/\/www.norgeat.fr\/index.php\/wp-json\/wp\/v2\/users\/2"}],"replies":[{"embeddable":true,"href":"https:\/\/www.norgeat.fr\/index.php\/wp-json\/wp\/v2\/comments?post=1247"}],"version-history":[{"count":6,"href":"https:\/\/www.norgeat.fr\/index.php\/wp-json\/wp\/v2\/pages\/1247\/revisions"}],"predecessor-version":[{"id":1267,"href":"https:\/\/www.norgeat.fr\/index.php\/wp-json\/wp\/v2\/pages\/1247\/revisions\/1267"}],"up":[{"embeddable":true,"href":"https:\/\/www.norgeat.fr\/index.php\/wp-json\/wp\/v2\/pages\/1244"}],"wp:featuredmedia":[{"embeddable":true,"href":"https:\/\/www.norgeat.fr\/index.php\/wp-json\/wp\/v2\/media\/1268"}],"wp:attachment":[{"href":"https:\/\/www.norgeat.fr\/index.php\/wp-json\/wp\/v2\/media?parent=1247"}],"curies":[{"name":"wp","href":"https:\/\/api.w.org\/{rel}","templated":true}]}}