{"id":1272,"date":"2024-12-09T15:24:55","date_gmt":"2024-12-09T14:24:55","guid":{"rendered":"http:\/\/www.norgeat.fr\/?page_id=1272"},"modified":"2024-12-09T15:41:26","modified_gmt":"2024-12-09T14:41:26","slug":"miglos-stephane-lafuente","status":"publish","type":"page","link":"https:\/\/www.norgeat.fr\/index.php\/bibliographie-norgeat\/miglos-stephane-lafuente\/","title":{"rendered":"Miglos &#8211; St\u00e9phane Lafuente"},"content":{"rendered":"\n<h2 class=\"wp-block-heading\">Miglos, Une baronnie du haut-comt\u00e9 de Foix sous l&rsquo;ancien r\u00e9gime (1599-1789) &#8211; St\u00e9phane Lafuente<\/h2>\n\n\n\n<div class=\"wp-block-media-text is-stacked-on-mobile\" style=\"grid-template-columns:25% auto\"><figure class=\"wp-block-media-text__media\"><a href=\"https:\/\/www.norgeat.fr\/wp-content\/uploads\/2024\/12\/MIGLOS-LAFUENTE-Stephane-fev2018.pdf\" target=\"_blank\" rel=\" noreferrer noopener\"><img loading=\"lazy\" decoding=\"async\" width=\"283\" height=\"400\" src=\"https:\/\/www.norgeat.fr\/wp-content\/uploads\/2024\/12\/miglos11.jpg\" alt=\"\" class=\"wp-image-1276 size-full\"\/><\/a><\/figure><div class=\"wp-block-media-text__content\">\n<p>Auteur : <strong>Lafuente, St\u00e9phane<\/strong><br>Titre : <strong>Miglos, Une baronnie du haut-comt\u00e9 de Foix sous l&rsquo;ancien r\u00e9gime (1599-1789)<\/strong><br>Publication : <strong>Septembre 1995.<\/strong><br>Notes : <strong>M\u00e9moire de Ma\u00eetrise. Sous la direction de M. Brunet Michel. Septembre 1995.<\/strong><br>Pages : <strong>234 pages<\/strong><\/p>\n\n\n\n<p>Voir le m\u00e9moire de St\u00e9phane Lafuente au format pdf<\/p>\n\n\n\n<p>Ce m\u00e9moire, \u00e9dit\u00e9 en 2001, ne comportait pas les \u00abAnnexes\u00bb.<br>Afin de restituer l\u2019int\u00e9gralit\u00e9 du m\u00e9moire, cette mise \u00e0 jour num\u00e9rique a \u00e9t\u00e9 r\u00e9alis\u00e9e en f\u00e9vrier 2018, par G\u00e9rard Lafuente et Jo\u00ebl Gardes avec l&rsquo;accord de son auteur St\u00e9phane Lafuente.<\/p>\n<\/div><\/div>\n\n\n<div style=\"text-align:center;\">\n<div style=\"margin:8px 0px 4px;\"><a href=\"https:\/\/www.calameo.com\/books\/00209538660397b0b568b\" target=\"_blank\">Miglos &#8211; Lafuente St\u00e9phane<\/a><\/div>\n<p><iframe loading=\"lazy\" src=\"\/\/v.calameo.com\/?bkcode=00209538660397b0b568b\" width=\"300\" height=\"194\" frameborder=\"0\" scrolling=\"no\" allowtransparency allowfullscreen style=\"margin:0 auto;\"><\/iframe><\/div>\n\n\n\n<hr class=\"wp-block-separator has-alpha-channel-opacity\"\/>\n\n\n\n<div class=\"wp-block-media-text is-stacked-on-mobile\" style=\"grid-template-columns:25% auto\"><figure class=\"wp-block-media-text__media\"><a href=\"https:\/\/www.norgeat.fr\/wp-content\/uploads\/2024\/12\/miglos1.jpg\" data-rel=\"lightbox-gallery-zuk3Xv9m\" data-rl_title=\"\" data-rl_caption=\"\" title=\"\"><img loading=\"lazy\" decoding=\"async\" width=\"520\" height=\"738\" src=\"https:\/\/www.norgeat.fr\/wp-content\/uploads\/2024\/12\/miglos1.jpg\" alt=\"\" class=\"wp-image-1282 size-full\"\/><\/a><\/figure><div class=\"wp-block-media-text__content\">\n<p>Ce m\u00e9moire a \u00e9t\u00e9 \u00e9dit\u00e9 en 2001, \u00e9dition C. Lacour.<\/p>\n\n\n\n<p><strong>Lafuente, St\u00e9phane<\/strong><br><strong>Miglos : une baronnie du haut-comt\u00e9 de Foix sous l&rsquo;Ancien r\u00e9gime, 1599-1789<\/strong><br>Ed : <strong>C. Lacour, 2001 (30-N\u00eemes : Impr. C. Lacour). <\/strong>&#8211; 213 p. : ill., couv. ill. ; 2001.<br>Bibliogr. p. 213.<br><strong>ISBN 2-84692-026-5<br>BN 02670195<br>01-40328<\/strong><\/p>\n<\/div><\/div>\n","protected":false},"excerpt":{"rendered":"<p>Miglos, Une baronnie du haut-comt\u00e9 de Foix sous l&rsquo;ancien r\u00e9gime (1599-1789) &#8211; St\u00e9phane Lafuente Auteur : Lafuente, St\u00e9phaneTitre : Miglos, Une baronnie du haut-comt\u00e9 de Foix sous l&rsquo;ancien r\u00e9gime (1599-1789)Publication &#8230;<\/p>\n","protected":false},"author":2,"featured_media":1288,"parent":1244,"menu_order":3,"comment_status":"closed","ping_status":"closed","template":"","meta":{"footnotes":""},"class_list":["post-1272","page","type-page","status-publish","has-post-thumbnail","hentry"],"yoast_head":"<!-- This site is optimized with the Yoast SEO plugin v24.0 - https:\/\/yoast.com\/wordpress\/plugins\/seo\/ -->\n<title>Miglos - St\u00e9phane Lafuente - Norgeat<\/title>\n<meta name=\"robots\" content=\"index, follow, max-snippet:-1, max-image-preview:large, max-video-preview:-1\" \/>\n<link rel=\"canonical\" href=\"https:\/\/www.norgeat.fr\/index.php\/bibliographie-norgeat\/miglos-stephane-lafuente\/\" \/>\n<meta property=\"og:locale\" content=\"fr_FR\" \/>\n<meta property=\"og:type\" content=\"article\" \/>\n<meta property=\"og:title\" content=\"Miglos - St\u00e9phane Lafuente - Norgeat\" \/>\n<meta property=\"og:description\" content=\"Miglos, Une baronnie du haut-comt\u00e9 de Foix sous l&rsquo;ancien r\u00e9gime (1599-1789) &#8211; St\u00e9phane Lafuente Auteur : Lafuente, St\u00e9phaneTitre : Miglos, Une baronnie du haut-comt\u00e9 de Foix sous l&rsquo;ancien r\u00e9gime (1599-1789)Publication ...\" \/>\n<meta property=\"og:url\" content=\"https:\/\/www.norgeat.fr\/index.php\/bibliographie-norgeat\/miglos-stephane-lafuente\/\" \/>\n<meta property=\"og:site_name\" content=\"Norgeat\" \/>\n<meta property=\"article:modified_time\" content=\"2024-12-09T14:41:26+00:00\" \/>\n<meta property=\"og:image\" content=\"https:\/\/www.norgeat.fr\/wp-content\/uploads\/2024\/12\/avant-reseau-miglos-stephane-lafuente.jpg\" \/>\n\t<meta property=\"og:image:width\" content=\"1000\" \/>\n\t<meta property=\"og:image:height\" content=\"522\" \/>\n\t<meta property=\"og:image:type\" content=\"image\/jpeg\" \/>\n<meta name=\"twitter:card\" content=\"summary_large_image\" \/>\n<meta name=\"twitter:label1\" content=\"Dur\u00e9e de lecture estim\u00e9e\" \/>\n\t<meta name=\"twitter:data1\" content=\"2 minutes\" \/>\n<script type=\"application\/ld+json\" class=\"yoast-schema-graph\">{\"@context\":\"https:\/\/schema.org\",\"@graph\":[{\"@type\":\"WebPage\",\"@id\":\"https:\/\/www.norgeat.fr\/index.php\/bibliographie-norgeat\/miglos-stephane-lafuente\/\",\"url\":\"https:\/\/www.norgeat.fr\/index.php\/bibliographie-norgeat\/miglos-stephane-lafuente\/\",\"name\":\"Miglos - St\u00e9phane Lafuente - Norgeat\",\"isPartOf\":{\"@id\":\"https:\/\/www.norgeat.fr\/#website\"},\"primaryImageOfPage\":{\"@id\":\"https:\/\/www.norgeat.fr\/index.php\/bibliographie-norgeat\/miglos-stephane-lafuente\/#primaryimage\"},\"image\":{\"@id\":\"https:\/\/www.norgeat.fr\/index.php\/bibliographie-norgeat\/miglos-stephane-lafuente\/#primaryimage\"},\"thumbnailUrl\":\"https:\/\/www.norgeat.fr\/wp-content\/uploads\/2024\/12\/avant-reseau-miglos-stephane-lafuente.jpg\",\"datePublished\":\"2024-12-09T14:24:55+00:00\",\"dateModified\":\"2024-12-09T14:41:26+00:00\",\"breadcrumb\":{\"@id\":\"https:\/\/www.norgeat.fr\/index.php\/bibliographie-norgeat\/miglos-stephane-lafuente\/#breadcrumb\"},\"inLanguage\":\"fr-FR\",\"potentialAction\":[{\"@type\":\"ReadAction\",\"target\":[\"https:\/\/www.norgeat.fr\/index.php\/bibliographie-norgeat\/miglos-stephane-lafuente\/\"]}]},{\"@type\":\"ImageObject\",\"inLanguage\":\"fr-FR\",\"@id\":\"https:\/\/www.norgeat.fr\/index.php\/bibliographie-norgeat\/miglos-stephane-lafuente\/#primaryimage\",\"url\":\"https:\/\/www.norgeat.fr\/wp-content\/uploads\/2024\/12\/avant-reseau-miglos-stephane-lafuente.jpg\",\"contentUrl\":\"https:\/\/www.norgeat.fr\/wp-content\/uploads\/2024\/12\/avant-reseau-miglos-stephane-lafuente.jpg\",\"width\":1000,\"height\":522},{\"@type\":\"BreadcrumbList\",\"@id\":\"https:\/\/www.norgeat.fr\/index.php\/bibliographie-norgeat\/miglos-stephane-lafuente\/#breadcrumb\",\"itemListElement\":[{\"@type\":\"ListItem\",\"position\":1,\"name\":\"Accueil\",\"item\":\"https:\/\/www.norgeat.fr\/\"},{\"@type\":\"ListItem\",\"position\":2,\"name\":\"Bibliographie\",\"item\":\"https:\/\/www.norgeat.fr\/index.php\/bibliographie-norgeat\/\"},{\"@type\":\"ListItem\",\"position\":3,\"name\":\"Miglos &#8211; St\u00e9phane Lafuente\"}]},{\"@type\":\"WebSite\",\"@id\":\"https:\/\/www.norgeat.fr\/#website\",\"url\":\"https:\/\/www.norgeat.fr\/\",\"name\":\"Norgeat\",\"description\":\"Norgeat, d&#039;hier et d&#039;aujourd&#039;hui...\",\"publisher\":{\"@id\":\"https:\/\/www.norgeat.fr\/#organization\"},\"potentialAction\":[{\"@type\":\"SearchAction\",\"target\":{\"@type\":\"EntryPoint\",\"urlTemplate\":\"https:\/\/www.norgeat.fr\/?s={search_term_string}\"},\"query-input\":{\"@type\":\"PropertyValueSpecification\",\"valueRequired\":true,\"valueName\":\"search_term_string\"}}],\"inLanguage\":\"fr-FR\"},{\"@type\":\"Organization\",\"@id\":\"https:\/\/www.norgeat.fr\/#organization\",\"name\":\"Le village de Norgeat en Ari\u00e8ge\",\"url\":\"https:\/\/www.norgeat.fr\/\",\"logo\":{\"@type\":\"ImageObject\",\"inLanguage\":\"fr-FR\",\"@id\":\"https:\/\/www.norgeat.fr\/#\/schema\/logo\/image\/\",\"url\":\"https:\/\/www.norgeat.fr\/wp-content\/uploads\/2024\/12\/logo-norgeat-v.png\",\"contentUrl\":\"https:\/\/www.norgeat.fr\/wp-content\/uploads\/2024\/12\/logo-norgeat-v.png\",\"width\":4306,\"height\":1521,\"caption\":\"Le village de Norgeat en Ari\u00e8ge\"},\"image\":{\"@id\":\"https:\/\/www.norgeat.fr\/#\/schema\/logo\/image\/\"}}]}<\/script>\n<!-- \/ Yoast SEO plugin. -->","yoast_head_json":{"title":"Miglos - St\u00e9phane Lafuente - Norgeat","robots":{"index":"index","follow":"follow","max-snippet":"max-snippet:-1","max-image-preview":"max-image-preview:large","max-video-preview":"max-video-preview:-1"},"canonical":"https:\/\/www.norgeat.fr\/index.php\/bibliographie-norgeat\/miglos-stephane-lafuente\/","og_locale":"fr_FR","og_type":"article","og_title":"Miglos - St\u00e9phane Lafuente - Norgeat","og_description":"Miglos, Une baronnie du haut-comt\u00e9 de Foix sous l&rsquo;ancien r\u00e9gime (1599-1789) &#8211; St\u00e9phane Lafuente Auteur : Lafuente, St\u00e9phaneTitre : Miglos, Une baronnie du haut-comt\u00e9 de Foix sous l&rsquo;ancien r\u00e9gime (1599-1789)Publication ...","og_url":"https:\/\/www.norgeat.fr\/index.php\/bibliographie-norgeat\/miglos-stephane-lafuente\/","og_site_name":"Norgeat","article_modified_time":"2024-12-09T14:41:26+00:00","og_image":[{"width":1000,"height":522,"url":"https:\/\/www.norgeat.fr\/wp-content\/uploads\/2024\/12\/avant-reseau-miglos-stephane-lafuente.jpg","type":"image\/jpeg"}],"twitter_card":"summary_large_image","twitter_misc":{"Dur\u00e9e de lecture estim\u00e9e":"2 minutes"},"schema":{"@context":"https:\/\/schema.org","@graph":[{"@type":"WebPage","@id":"https:\/\/www.norgeat.fr\/index.php\/bibliographie-norgeat\/miglos-stephane-lafuente\/","url":"https:\/\/www.norgeat.fr\/index.php\/bibliographie-norgeat\/miglos-stephane-lafuente\/","name":"Miglos - St\u00e9phane Lafuente - Norgeat","isPartOf":{"@id":"https:\/\/www.norgeat.fr\/#website"},"primaryImageOfPage":{"@id":"https:\/\/www.norgeat.fr\/index.php\/bibliographie-norgeat\/miglos-stephane-lafuente\/#primaryimage"},"image":{"@id":"https:\/\/www.norgeat.fr\/index.php\/bibliographie-norgeat\/miglos-stephane-lafuente\/#primaryimage"},"thumbnailUrl":"https:\/\/www.norgeat.fr\/wp-content\/uploads\/2024\/12\/avant-reseau-miglos-stephane-lafuente.jpg","datePublished":"2024-12-09T14:24:55+00:00","dateModified":"2024-12-09T14:41:26+00:00","breadcrumb":{"@id":"https:\/\/www.norgeat.fr\/index.php\/bibliographie-norgeat\/miglos-stephane-lafuente\/#breadcrumb"},"inLanguage":"fr-FR","potentialAction":[{"@type":"ReadAction","target":["https:\/\/www.norgeat.fr\/index.php\/bibliographie-norgeat\/miglos-stephane-lafuente\/"]}]},{"@type":"ImageObject","inLanguage":"fr-FR","@id":"https:\/\/www.norgeat.fr\/index.php\/bibliographie-norgeat\/miglos-stephane-lafuente\/#primaryimage","url":"https:\/\/www.norgeat.fr\/wp-content\/uploads\/2024\/12\/avant-reseau-miglos-stephane-lafuente.jpg","contentUrl":"https:\/\/www.norgeat.fr\/wp-content\/uploads\/2024\/12\/avant-reseau-miglos-stephane-lafuente.jpg","width":1000,"height":522},{"@type":"BreadcrumbList","@id":"https:\/\/www.norgeat.fr\/index.php\/bibliographie-norgeat\/miglos-stephane-lafuente\/#breadcrumb","itemListElement":[{"@type":"ListItem","position":1,"name":"Accueil","item":"https:\/\/www.norgeat.fr\/"},{"@type":"ListItem","position":2,"name":"Bibliographie","item":"https:\/\/www.norgeat.fr\/index.php\/bibliographie-norgeat\/"},{"@type":"ListItem","position":3,"name":"Miglos &#8211; St\u00e9phane Lafuente"}]},{"@type":"WebSite","@id":"https:\/\/www.norgeat.fr\/#website","url":"https:\/\/www.norgeat.fr\/","name":"Norgeat","description":"Norgeat, d&#039;hier et d&#039;aujourd&#039;hui...","publisher":{"@id":"https:\/\/www.norgeat.fr\/#organization"},"potentialAction":[{"@type":"SearchAction","target":{"@type":"EntryPoint","urlTemplate":"https:\/\/www.norgeat.fr\/?s={search_term_string}"},"query-input":{"@type":"PropertyValueSpecification","valueRequired":true,"valueName":"search_term_string"}}],"inLanguage":"fr-FR"},{"@type":"Organization","@id":"https:\/\/www.norgeat.fr\/#organization","name":"Le village de Norgeat en Ari\u00e8ge","url":"https:\/\/www.norgeat.fr\/","logo":{"@type":"ImageObject","inLanguage":"fr-FR","@id":"https:\/\/www.norgeat.fr\/#\/schema\/logo\/image\/","url":"https:\/\/www.norgeat.fr\/wp-content\/uploads\/2024\/12\/logo-norgeat-v.png","contentUrl":"https:\/\/www.norgeat.fr\/wp-content\/uploads\/2024\/12\/logo-norgeat-v.png","width":4306,"height":1521,"caption":"Le village de Norgeat en Ari\u00e8ge"},"image":{"@id":"https:\/\/www.norgeat.fr\/#\/schema\/logo\/image\/"}}]}},"rttpg_featured_image_url":{"full":["https:\/\/www.norgeat.fr\/wp-content\/uploads\/2024\/12\/avant-reseau-miglos-stephane-lafuente.jpg",1000,522,false],"landscape":["https:\/\/www.norgeat.fr\/wp-content\/uploads\/2024\/12\/avant-reseau-miglos-stephane-lafuente.jpg",1000,522,false],"portraits":["https:\/\/www.norgeat.fr\/wp-content\/uploads\/2024\/12\/avant-reseau-miglos-stephane-lafuente.jpg",1000,522,false],"thumbnail":["https:\/\/www.norgeat.fr\/wp-content\/uploads\/2024\/12\/avant-reseau-miglos-stephane-lafuente-150x150.jpg",150,150,true],"medium":["https:\/\/www.norgeat.fr\/wp-content\/uploads\/2024\/12\/avant-reseau-miglos-stephane-lafuente-300x157.jpg",300,157,true],"large":["https:\/\/www.norgeat.fr\/wp-content\/uploads\/2024\/12\/avant-reseau-miglos-stephane-lafuente.jpg",800,418,false],"1536x1536":["https:\/\/www.norgeat.fr\/wp-content\/uploads\/2024\/12\/avant-reseau-miglos-stephane-lafuente.jpg",1000,522,false],"2048x2048":["https:\/\/www.norgeat.fr\/wp-content\/uploads\/2024\/12\/avant-reseau-miglos-stephane-lafuente.jpg",1000,522,false],"onepress-blog-small":["https:\/\/www.norgeat.fr\/wp-content\/uploads\/2024\/12\/avant-reseau-miglos-stephane-lafuente-300x150.jpg",300,150,true],"onepress-small":["https:\/\/www.norgeat.fr\/wp-content\/uploads\/2024\/12\/avant-reseau-miglos-stephane-lafuente-480x300.jpg",480,300,true],"onepress-medium":["https:\/\/www.norgeat.fr\/wp-content\/uploads\/2024\/12\/avant-reseau-miglos-stephane-lafuente-640x400.jpg",640,400,true]},"rttpg_author":{"display_name":"norgeat","author_link":"https:\/\/www.norgeat.fr\/index.php\/author\/norgeat\/"},"rttpg_comment":0,"rttpg_category":null,"rttpg_excerpt":"Miglos, Une baronnie du haut-comt\u00e9 de Foix sous l&rsquo;ancien r\u00e9gime (1599-1789) &#8211; St\u00e9phane Lafuente Auteur : Lafuente, St\u00e9phaneTitre : Miglos, Une baronnie du haut-comt\u00e9 de Foix sous l&rsquo;ancien r\u00e9gime (1599-1789)Publication ...","_links":{"self":[{"href":"https:\/\/www.norgeat.fr\/index.php\/wp-json\/wp\/v2\/pages\/1272","targetHints":{"allow":["GET"]}}],"collection":[{"href":"https:\/\/www.norgeat.fr\/index.php\/wp-json\/wp\/v2\/pages"}],"about":[{"href":"https:\/\/www.norgeat.fr\/index.php\/wp-json\/wp\/v2\/types\/page"}],"author":[{"embeddable":true,"href":"https:\/\/www.norgeat.fr\/index.php\/wp-json\/wp\/v2\/users\/2"}],"replies":[{"embeddable":true,"href":"https:\/\/www.norgeat.fr\/index.php\/wp-json\/wp\/v2\/comments?post=1272"}],"version-history":[{"count":5,"href":"https:\/\/www.norgeat.fr\/index.php\/wp-json\/wp\/v2\/pages\/1272\/revisions"}],"predecessor-version":[{"id":1283,"href":"https:\/\/www.norgeat.fr\/index.php\/wp-json\/wp\/v2\/pages\/1272\/revisions\/1283"}],"up":[{"embeddable":true,"href":"https:\/\/www.norgeat.fr\/index.php\/wp-json\/wp\/v2\/pages\/1244"}],"wp:featuredmedia":[{"embeddable":true,"href":"https:\/\/www.norgeat.fr\/index.php\/wp-json\/wp\/v2\/media\/1288"}],"wp:attachment":[{"href":"https:\/\/www.norgeat.fr\/index.php\/wp-json\/wp\/v2\/media?parent=1272"}],"curies":[{"name":"wp","href":"https:\/\/api.w.org\/{rel}","templated":true}]}}