{"id":1289,"date":"2024-12-09T15:43:14","date_gmt":"2024-12-09T14:43:14","guid":{"rendered":"http:\/\/www.norgeat.fr\/?page_id=1289"},"modified":"2025-04-29T17:08:29","modified_gmt":"2025-04-29T15:08:29","slug":"recits-historiques","status":"publish","type":"page","link":"https:\/\/www.norgeat.fr\/index.php\/bibliographie-norgeat\/recits-historiques\/","title":{"rendered":"R\u00e9cits Historiques"},"content":{"rendered":"\n<h2 class=\"wp-block-heading\">Miglos &#8211; R\u00e9cits Historiques &#8211; S.L. &amp; G.L.<\/h2>\n\n\n\n<div class=\"wp-block-media-text is-stacked-on-mobile\" style=\"grid-template-columns:25% auto\"><figure class=\"wp-block-media-text__media\"><a href=\"https:\/\/www.norgeat.fr\/wp-content\/uploads\/2024\/12\/miglos1.jpg\" data-rel=\"lightbox-gallery-PVnsjpHQ\" data-rl_title=\"\" data-rl_caption=\"\" title=\"\"><img loading=\"lazy\" decoding=\"async\" width=\"520\" height=\"738\" src=\"https:\/\/www.norgeat.fr\/wp-content\/uploads\/2024\/12\/miglos1.jpg\" alt=\"\" class=\"wp-image-1282 size-full\"\/><\/a><\/figure><div class=\"wp-block-media-text__content\">\n<p><strong>Lafuente, St\u00e9phane<\/strong><br><strong>Miglos : une baronnie du haut-comt\u00e9 de Foix sous l&rsquo;Ancien r\u00e9gime, 1599-1789<\/strong>.<br>Ed : C. Lacour, 2001 (30-N\u00eemes : Impr. C. Lacour). &#8211; 213 p. : ill., couv. ill. ; 2001.<br>Bibliogr. p. 213.<br>ISBN 2-84692-026-5<br>BN 02670195<br>01-40328<\/p>\n\n\n\n<p>Ce m\u00e9moire, \u00e9dit\u00e9 en 2001, ne comportait pas les \u00abAnnexes\u00bb.<br><a href=\"https:\/\/www.norgeat.fr\/index.php\/bibliographie\/miglos-stephane-lafuente\/\">Afin de restituer l\u2019int\u00e9gralit\u00e9 du m\u00e9moire, une mise \u00e0 jour num\u00e9rique a \u00e9t\u00e9 r\u00e9alis\u00e9e en f\u00e9vrier 2018<\/a><\/p>\n<\/div><\/div>\n\n\n\n<hr class=\"wp-block-separator has-alpha-channel-opacity\"\/>\n\n\n\n<div class=\"wp-block-media-text is-stacked-on-mobile\" style=\"grid-template-columns:25% auto\"><figure class=\"wp-block-media-text__media\"><a href=\"https:\/\/www.norgeat.fr\/wp-content\/uploads\/2024\/12\/le_Chateau_Miglos.pdf\" target=\"_blank\" rel=\" noreferrer noopener\"><img loading=\"lazy\" decoding=\"async\" width=\"500\" height=\"500\" src=\"https:\/\/www.norgeat.fr\/wp-content\/uploads\/2024\/12\/chateau-feodal.jpg\" alt=\"\" class=\"wp-image-1297 size-full\"\/><\/a><\/figure><div class=\"wp-block-media-text__content\">\n<p><strong><a href=\"https:\/\/www.norgeat.fr\/wp-content\/uploads\/2024\/12\/le_Chateau_Miglos.pdf\" target=\"_blank\" rel=\"noreferrer noopener\"><em>\u00ab\u00a0Le ch\u00e2teau f\u00e9odal de Miglos\u00a0\u00bb<\/em><\/a>,<br>G\u00e9rard Lafuente<\/strong>.<\/p>\n\n\n\n<p>Le Magazine de l&rsquo;Ari\u00e9geois, N\u00b047, Avril 1985<br>Bul. Du Sp\u00e9l\u00e9o Club du Haut Sabarthez, 1985<br>Bul. Association des Amis du Ch\u00e2teau de Miglos &#8211; AACM<\/p>\n<\/div><\/div>\n\n\n\n<hr class=\"wp-block-separator has-alpha-channel-opacity\"\/>\n\n\n\n<div class=\"wp-block-media-text is-stacked-on-mobile\" style=\"grid-template-columns:25% auto\"><figure class=\"wp-block-media-text__media\"><a href=\"https:\/\/www.norgeat.fr\/wp-content\/uploads\/2024\/12\/Eglise_Arquizat.pdf\" target=\"_blank\" rel=\" noreferrer noopener\"><img loading=\"lazy\" decoding=\"async\" width=\"500\" height=\"500\" src=\"https:\/\/www.norgeat.fr\/wp-content\/uploads\/2024\/12\/eglise-arquizat.jpg\" alt=\"\" class=\"wp-image-1298 size-full\"\/><\/a><\/figure><div class=\"wp-block-media-text__content\">\n<p><strong><em><a href=\"https:\/\/www.norgeat.fr\/wp-content\/uploads\/2024\/12\/Eglise_Arquizat.pdf\" target=\"_blank\" rel=\"noreferrer noopener\">\u00ab\u00a0L\u2019\u00e9glise romane d\u2019Arquizat (Miglos)\u00a0\u00bb<\/a><\/em>,<br>G\u00e9rard Lafuente.<\/strong><\/p>\n\n\n\n<p>Le Magazine de l&rsquo;Ari\u00e9geois, N\u00b061, Sept.1986<br>Bul. Du Sp\u00e9l\u00e9o Club du Haut Sabarthez, 1992<br>Bul. Association des Amis du Ch\u00e2teau de Miglos &#8211; AACM<\/p>\n<\/div><\/div>\n\n\n\n<hr class=\"wp-block-separator has-alpha-channel-opacity\"\/>\n\n\n\n<div class=\"wp-block-media-text is-stacked-on-mobile\" style=\"grid-template-columns:25% auto\"><figure class=\"wp-block-media-text__media\"><a href=\"https:\/\/www.norgeat.fr\/wp-content\/uploads\/2024\/12\/spoulga-baychon.pdf\" target=\"_blank\" rel=\" noreferrer noopener\"><img loading=\"lazy\" decoding=\"async\" width=\"500\" height=\"500\" src=\"https:\/\/www.norgeat.fr\/wp-content\/uploads\/2024\/12\/grotte-baychon.jpg\" alt=\"\" class=\"wp-image-1299 size-full\"\/><\/a><\/figure><div class=\"wp-block-media-text__content\">\n<p><em><strong><a href=\"https:\/\/www.norgeat.fr\/wp-content\/uploads\/2024\/12\/spoulga-baychon.pdf\" target=\"_blank\" rel=\"noreferrer noopener\">\u00ab\u00a0La Grotte fortifi\u00e9e de Baychon\u00a0\u00bb<\/a><\/strong><\/em>,<br>G\u00e9rard Lafuente.<\/p>\n\n\n\n<p>Bul. Sp\u00e9l\u00e9o-Club du Haut Sabarthez, 1980<br>Autre parution : La Spoulga de Baychon, Magazine de l\u2019Ari\u00e9geois, N\u00b024, Janv.1983<br>Bul. Association des Amis du Ch\u00e2teau de Miglos &#8211; AACM<\/p>\n<\/div><\/div>\n\n\n\n<hr class=\"wp-block-separator has-alpha-channel-opacity\"\/>\n\n\n\n<div class=\"wp-block-media-text is-stacked-on-mobile\" style=\"grid-template-columns:25% auto\"><figure class=\"wp-block-media-text__media\"><a href=\"https:\/\/www.norgeat.fr\/wp-content\/uploads\/2024\/12\/Norgeat.pdf\" target=\"_blank\" rel=\" noreferrer noopener\"><img loading=\"lazy\" decoding=\"async\" width=\"500\" height=\"500\" src=\"https:\/\/www.norgeat.fr\/wp-content\/uploads\/2024\/12\/paroisse-norgeat.jpg\" alt=\"\" class=\"wp-image-1300 size-full\"\/><\/a><\/figure><div class=\"wp-block-media-text__content\">\n<p><strong><em><a href=\"https:\/\/www.norgeat.fr\/wp-content\/uploads\/2024\/12\/Norgeat.pdf\" target=\"_blank\" rel=\"noreferrer noopener\">\u00ab\u00a0La paroisse de Norgeat\u00a0\u00bb<\/a><\/em><\/strong>,<br>G\u00e9rard Lafuente.<\/p>\n\n\n\n<p>Le Magazine de l&rsquo;Ari\u00e9geois, N\u00b030, Ao\u00fbt 1983<br>Bul. Association des Amis du ch\u00e2teau de Miglos &#8211; AACM<\/p>\n<\/div><\/div>\n\n\n\n<hr class=\"wp-block-separator has-alpha-channel-opacity\"\/>\n\n\n\n<div class=\"wp-block-media-text is-stacked-on-mobile\" style=\"grid-template-columns:25% auto\"><figure class=\"wp-block-media-text__media\"><a href=\"https:\/\/www.norgeat.fr\/wp-content\/uploads\/2024\/12\/armoiries.pdf\" target=\"_blank\" rel=\" noreferrer noopener\"><img loading=\"lazy\" decoding=\"async\" width=\"500\" height=\"500\" src=\"https:\/\/www.norgeat.fr\/wp-content\/uploads\/2024\/12\/armoiries.jpg\" alt=\"\" class=\"wp-image-1296 size-full\"\/><\/a><\/figure><div class=\"wp-block-media-text__content\">\n<p><strong><em><a href=\"https:\/\/www.norgeat.fr\/wp-content\/uploads\/2024\/12\/armoiries.pdf\" target=\"_blank\" rel=\"noreferrer noopener\">\u00ab\u00a0A propos des Armoiries de Miglos\u00a0\u00bb<\/a><\/em><\/strong>,<br>G\u00e9rard Lafuente.<\/p>\n\n\n\n<p>Le Magazine de l&rsquo;Ari\u00e9geois, N\u00b029, Juin 1983<\/p>\n<\/div><\/div>\n\n\n\n<hr class=\"wp-block-separator has-alpha-channel-opacity\"\/>\n\n\n\n<div class=\"wp-block-media-text is-stacked-on-mobile\" style=\"grid-template-columns:25% auto\"><figure class=\"wp-block-media-text__media\"><a href=\"https:\/\/www.norgeat.fr\/wp-content\/uploads\/2024\/12\/Magazine-de-Ariegeois-n19-Juillet1982.pdf\" target=\"_blank\" rel=\" noreferrer noopener\"><img loading=\"lazy\" decoding=\"async\" width=\"500\" height=\"500\" src=\"https:\/\/www.norgeat.fr\/wp-content\/uploads\/2024\/12\/magazine.jpg\" alt=\"\" class=\"wp-image-1315 size-full\"\/><\/a><\/figure><div class=\"wp-block-media-text__content\">\n<p><em><strong><a href=\"https:\/\/www.norgeat.fr\/wp-content\/uploads\/2024\/12\/Magazine-de-Ariegeois-n19-Juillet1982.pdf\" target=\"_blank\" rel=\"noreferrer noopener\">\u00ab\u00a0Une maison paysanne sous la R\u00e9volution\u00a0\u00bb<\/a><\/strong><\/em>,<br>G\u00e9rard Lafuente.<\/p>\n\n\n\n<p>Le Magazine de l&rsquo;Ari\u00e9geois, N\u00b019, Juillet 1982<\/p>\n<\/div><\/div>\n\n\n\n<hr class=\"wp-block-separator has-alpha-channel-opacity\"\/>\n","protected":false},"excerpt":{"rendered":"<p>Miglos &#8211; R\u00e9cits Historiques &#8211; S.L. &amp; G.L. Lafuente, St\u00e9phaneMiglos : une baronnie du haut-comt\u00e9 de Foix sous l&rsquo;Ancien r\u00e9gime, 1599-1789.Ed : C. Lacour, 2001 (30-N\u00eemes : Impr. C. Lacour). &#8230;<\/p>\n","protected":false},"author":2,"featured_media":1319,"parent":1244,"menu_order":3,"comment_status":"closed","ping_status":"closed","template":"","meta":{"footnotes":""},"class_list":["post-1289","page","type-page","status-publish","has-post-thumbnail","hentry"],"yoast_head":"<!-- This site is optimized with the Yoast SEO plugin v24.0 - https:\/\/yoast.com\/wordpress\/plugins\/seo\/ -->\n<title>R\u00e9cits Historiques - Norgeat<\/title>\n<meta name=\"robots\" content=\"index, follow, max-snippet:-1, max-image-preview:large, max-video-preview:-1\" \/>\n<link rel=\"canonical\" href=\"https:\/\/www.norgeat.fr\/index.php\/bibliographie-norgeat\/recits-historiques\/\" \/>\n<meta property=\"og:locale\" content=\"fr_FR\" \/>\n<meta property=\"og:type\" content=\"article\" \/>\n<meta property=\"og:title\" content=\"R\u00e9cits Historiques - Norgeat\" \/>\n<meta property=\"og:description\" content=\"Miglos &#8211; R\u00e9cits Historiques &#8211; S.L. &amp; G.L. Lafuente, St\u00e9phaneMiglos : une baronnie du haut-comt\u00e9 de Foix sous l&rsquo;Ancien r\u00e9gime, 1599-1789.Ed : C. Lacour, 2001 (30-N\u00eemes : Impr. C. Lacour). ...\" \/>\n<meta property=\"og:url\" content=\"https:\/\/www.norgeat.fr\/index.php\/bibliographie-norgeat\/recits-historiques\/\" \/>\n<meta property=\"og:site_name\" content=\"Norgeat\" \/>\n<meta property=\"article:modified_time\" content=\"2025-04-29T15:08:29+00:00\" \/>\n<meta property=\"og:image\" content=\"https:\/\/www.norgeat.fr\/wp-content\/uploads\/2024\/12\/avant-reseau-recits.jpg\" \/>\n\t<meta property=\"og:image:width\" content=\"1000\" \/>\n\t<meta property=\"og:image:height\" content=\"522\" \/>\n\t<meta property=\"og:image:type\" content=\"image\/jpeg\" \/>\n<meta name=\"twitter:card\" content=\"summary_large_image\" \/>\n<meta name=\"twitter:label1\" content=\"Dur\u00e9e de lecture estim\u00e9e\" \/>\n\t<meta name=\"twitter:data1\" content=\"3 minutes\" \/>\n<script type=\"application\/ld+json\" class=\"yoast-schema-graph\">{\"@context\":\"https:\/\/schema.org\",\"@graph\":[{\"@type\":\"WebPage\",\"@id\":\"https:\/\/www.norgeat.fr\/index.php\/bibliographie-norgeat\/recits-historiques\/\",\"url\":\"https:\/\/www.norgeat.fr\/index.php\/bibliographie-norgeat\/recits-historiques\/\",\"name\":\"R\u00e9cits Historiques - Norgeat\",\"isPartOf\":{\"@id\":\"https:\/\/www.norgeat.fr\/#website\"},\"primaryImageOfPage\":{\"@id\":\"https:\/\/www.norgeat.fr\/index.php\/bibliographie-norgeat\/recits-historiques\/#primaryimage\"},\"image\":{\"@id\":\"https:\/\/www.norgeat.fr\/index.php\/bibliographie-norgeat\/recits-historiques\/#primaryimage\"},\"thumbnailUrl\":\"https:\/\/www.norgeat.fr\/wp-content\/uploads\/2024\/12\/avant-reseau-recits.jpg\",\"datePublished\":\"2024-12-09T14:43:14+00:00\",\"dateModified\":\"2025-04-29T15:08:29+00:00\",\"breadcrumb\":{\"@id\":\"https:\/\/www.norgeat.fr\/index.php\/bibliographie-norgeat\/recits-historiques\/#breadcrumb\"},\"inLanguage\":\"fr-FR\",\"potentialAction\":[{\"@type\":\"ReadAction\",\"target\":[\"https:\/\/www.norgeat.fr\/index.php\/bibliographie-norgeat\/recits-historiques\/\"]}]},{\"@type\":\"ImageObject\",\"inLanguage\":\"fr-FR\",\"@id\":\"https:\/\/www.norgeat.fr\/index.php\/bibliographie-norgeat\/recits-historiques\/#primaryimage\",\"url\":\"https:\/\/www.norgeat.fr\/wp-content\/uploads\/2024\/12\/avant-reseau-recits.jpg\",\"contentUrl\":\"https:\/\/www.norgeat.fr\/wp-content\/uploads\/2024\/12\/avant-reseau-recits.jpg\",\"width\":1000,\"height\":522},{\"@type\":\"BreadcrumbList\",\"@id\":\"https:\/\/www.norgeat.fr\/index.php\/bibliographie-norgeat\/recits-historiques\/#breadcrumb\",\"itemListElement\":[{\"@type\":\"ListItem\",\"position\":1,\"name\":\"Accueil\",\"item\":\"https:\/\/www.norgeat.fr\/\"},{\"@type\":\"ListItem\",\"position\":2,\"name\":\"Bibliographie\",\"item\":\"https:\/\/www.norgeat.fr\/index.php\/bibliographie-norgeat\/\"},{\"@type\":\"ListItem\",\"position\":3,\"name\":\"R\u00e9cits Historiques\"}]},{\"@type\":\"WebSite\",\"@id\":\"https:\/\/www.norgeat.fr\/#website\",\"url\":\"https:\/\/www.norgeat.fr\/\",\"name\":\"Norgeat\",\"description\":\"Norgeat, d&#039;hier et d&#039;aujourd&#039;hui...\",\"publisher\":{\"@id\":\"https:\/\/www.norgeat.fr\/#organization\"},\"potentialAction\":[{\"@type\":\"SearchAction\",\"target\":{\"@type\":\"EntryPoint\",\"urlTemplate\":\"https:\/\/www.norgeat.fr\/?s={search_term_string}\"},\"query-input\":{\"@type\":\"PropertyValueSpecification\",\"valueRequired\":true,\"valueName\":\"search_term_string\"}}],\"inLanguage\":\"fr-FR\"},{\"@type\":\"Organization\",\"@id\":\"https:\/\/www.norgeat.fr\/#organization\",\"name\":\"Le village de Norgeat en Ari\u00e8ge\",\"url\":\"https:\/\/www.norgeat.fr\/\",\"logo\":{\"@type\":\"ImageObject\",\"inLanguage\":\"fr-FR\",\"@id\":\"https:\/\/www.norgeat.fr\/#\/schema\/logo\/image\/\",\"url\":\"https:\/\/www.norgeat.fr\/wp-content\/uploads\/2024\/12\/logo-norgeat-v.png\",\"contentUrl\":\"https:\/\/www.norgeat.fr\/wp-content\/uploads\/2024\/12\/logo-norgeat-v.png\",\"width\":4306,\"height\":1521,\"caption\":\"Le village de Norgeat en Ari\u00e8ge\"},\"image\":{\"@id\":\"https:\/\/www.norgeat.fr\/#\/schema\/logo\/image\/\"}}]}<\/script>\n<!-- \/ Yoast SEO plugin. -->","yoast_head_json":{"title":"R\u00e9cits Historiques - Norgeat","robots":{"index":"index","follow":"follow","max-snippet":"max-snippet:-1","max-image-preview":"max-image-preview:large","max-video-preview":"max-video-preview:-1"},"canonical":"https:\/\/www.norgeat.fr\/index.php\/bibliographie-norgeat\/recits-historiques\/","og_locale":"fr_FR","og_type":"article","og_title":"R\u00e9cits Historiques - Norgeat","og_description":"Miglos &#8211; R\u00e9cits Historiques &#8211; S.L. &amp; G.L. Lafuente, St\u00e9phaneMiglos : une baronnie du haut-comt\u00e9 de Foix sous l&rsquo;Ancien r\u00e9gime, 1599-1789.Ed : C. Lacour, 2001 (30-N\u00eemes : Impr. C. Lacour). ...","og_url":"https:\/\/www.norgeat.fr\/index.php\/bibliographie-norgeat\/recits-historiques\/","og_site_name":"Norgeat","article_modified_time":"2025-04-29T15:08:29+00:00","og_image":[{"width":1000,"height":522,"url":"https:\/\/www.norgeat.fr\/wp-content\/uploads\/2024\/12\/avant-reseau-recits.jpg","type":"image\/jpeg"}],"twitter_card":"summary_large_image","twitter_misc":{"Dur\u00e9e de lecture estim\u00e9e":"3 minutes"},"schema":{"@context":"https:\/\/schema.org","@graph":[{"@type":"WebPage","@id":"https:\/\/www.norgeat.fr\/index.php\/bibliographie-norgeat\/recits-historiques\/","url":"https:\/\/www.norgeat.fr\/index.php\/bibliographie-norgeat\/recits-historiques\/","name":"R\u00e9cits Historiques - Norgeat","isPartOf":{"@id":"https:\/\/www.norgeat.fr\/#website"},"primaryImageOfPage":{"@id":"https:\/\/www.norgeat.fr\/index.php\/bibliographie-norgeat\/recits-historiques\/#primaryimage"},"image":{"@id":"https:\/\/www.norgeat.fr\/index.php\/bibliographie-norgeat\/recits-historiques\/#primaryimage"},"thumbnailUrl":"https:\/\/www.norgeat.fr\/wp-content\/uploads\/2024\/12\/avant-reseau-recits.jpg","datePublished":"2024-12-09T14:43:14+00:00","dateModified":"2025-04-29T15:08:29+00:00","breadcrumb":{"@id":"https:\/\/www.norgeat.fr\/index.php\/bibliographie-norgeat\/recits-historiques\/#breadcrumb"},"inLanguage":"fr-FR","potentialAction":[{"@type":"ReadAction","target":["https:\/\/www.norgeat.fr\/index.php\/bibliographie-norgeat\/recits-historiques\/"]}]},{"@type":"ImageObject","inLanguage":"fr-FR","@id":"https:\/\/www.norgeat.fr\/index.php\/bibliographie-norgeat\/recits-historiques\/#primaryimage","url":"https:\/\/www.norgeat.fr\/wp-content\/uploads\/2024\/12\/avant-reseau-recits.jpg","contentUrl":"https:\/\/www.norgeat.fr\/wp-content\/uploads\/2024\/12\/avant-reseau-recits.jpg","width":1000,"height":522},{"@type":"BreadcrumbList","@id":"https:\/\/www.norgeat.fr\/index.php\/bibliographie-norgeat\/recits-historiques\/#breadcrumb","itemListElement":[{"@type":"ListItem","position":1,"name":"Accueil","item":"https:\/\/www.norgeat.fr\/"},{"@type":"ListItem","position":2,"name":"Bibliographie","item":"https:\/\/www.norgeat.fr\/index.php\/bibliographie-norgeat\/"},{"@type":"ListItem","position":3,"name":"R\u00e9cits Historiques"}]},{"@type":"WebSite","@id":"https:\/\/www.norgeat.fr\/#website","url":"https:\/\/www.norgeat.fr\/","name":"Norgeat","description":"Norgeat, d&#039;hier et d&#039;aujourd&#039;hui...","publisher":{"@id":"https:\/\/www.norgeat.fr\/#organization"},"potentialAction":[{"@type":"SearchAction","target":{"@type":"EntryPoint","urlTemplate":"https:\/\/www.norgeat.fr\/?s={search_term_string}"},"query-input":{"@type":"PropertyValueSpecification","valueRequired":true,"valueName":"search_term_string"}}],"inLanguage":"fr-FR"},{"@type":"Organization","@id":"https:\/\/www.norgeat.fr\/#organization","name":"Le village de Norgeat en Ari\u00e8ge","url":"https:\/\/www.norgeat.fr\/","logo":{"@type":"ImageObject","inLanguage":"fr-FR","@id":"https:\/\/www.norgeat.fr\/#\/schema\/logo\/image\/","url":"https:\/\/www.norgeat.fr\/wp-content\/uploads\/2024\/12\/logo-norgeat-v.png","contentUrl":"https:\/\/www.norgeat.fr\/wp-content\/uploads\/2024\/12\/logo-norgeat-v.png","width":4306,"height":1521,"caption":"Le village de Norgeat en Ari\u00e8ge"},"image":{"@id":"https:\/\/www.norgeat.fr\/#\/schema\/logo\/image\/"}}]}},"rttpg_featured_image_url":{"full":["https:\/\/www.norgeat.fr\/wp-content\/uploads\/2024\/12\/avant-reseau-recits.jpg",1000,522,false],"landscape":["https:\/\/www.norgeat.fr\/wp-content\/uploads\/2024\/12\/avant-reseau-recits.jpg",1000,522,false],"portraits":["https:\/\/www.norgeat.fr\/wp-content\/uploads\/2024\/12\/avant-reseau-recits.jpg",1000,522,false],"thumbnail":["https:\/\/www.norgeat.fr\/wp-content\/uploads\/2024\/12\/avant-reseau-recits-150x150.jpg",150,150,true],"medium":["https:\/\/www.norgeat.fr\/wp-content\/uploads\/2024\/12\/avant-reseau-recits-300x157.jpg",300,157,true],"large":["https:\/\/www.norgeat.fr\/wp-content\/uploads\/2024\/12\/avant-reseau-recits.jpg",800,418,false],"1536x1536":["https:\/\/www.norgeat.fr\/wp-content\/uploads\/2024\/12\/avant-reseau-recits.jpg",1000,522,false],"2048x2048":["https:\/\/www.norgeat.fr\/wp-content\/uploads\/2024\/12\/avant-reseau-recits.jpg",1000,522,false],"onepress-blog-small":["https:\/\/www.norgeat.fr\/wp-content\/uploads\/2024\/12\/avant-reseau-recits-300x150.jpg",300,150,true],"onepress-small":["https:\/\/www.norgeat.fr\/wp-content\/uploads\/2024\/12\/avant-reseau-recits-480x300.jpg",480,300,true],"onepress-medium":["https:\/\/www.norgeat.fr\/wp-content\/uploads\/2024\/12\/avant-reseau-recits-640x400.jpg",640,400,true]},"rttpg_author":{"display_name":"norgeat","author_link":"https:\/\/www.norgeat.fr\/index.php\/author\/norgeat\/"},"rttpg_comment":0,"rttpg_category":null,"rttpg_excerpt":"Miglos &#8211; R\u00e9cits Historiques &#8211; S.L. &amp; G.L. Lafuente, St\u00e9phaneMiglos : une baronnie du haut-comt\u00e9 de Foix sous l&rsquo;Ancien r\u00e9gime, 1599-1789.Ed : C. Lacour, 2001 (30-N\u00eemes : Impr. C. Lacour). ...","_links":{"self":[{"href":"https:\/\/www.norgeat.fr\/index.php\/wp-json\/wp\/v2\/pages\/1289","targetHints":{"allow":["GET"]}}],"collection":[{"href":"https:\/\/www.norgeat.fr\/index.php\/wp-json\/wp\/v2\/pages"}],"about":[{"href":"https:\/\/www.norgeat.fr\/index.php\/wp-json\/wp\/v2\/types\/page"}],"author":[{"embeddable":true,"href":"https:\/\/www.norgeat.fr\/index.php\/wp-json\/wp\/v2\/users\/2"}],"replies":[{"embeddable":true,"href":"https:\/\/www.norgeat.fr\/index.php\/wp-json\/wp\/v2\/comments?post=1289"}],"version-history":[{"count":12,"href":"https:\/\/www.norgeat.fr\/index.php\/wp-json\/wp\/v2\/pages\/1289\/revisions"}],"predecessor-version":[{"id":2625,"href":"https:\/\/www.norgeat.fr\/index.php\/wp-json\/wp\/v2\/pages\/1289\/revisions\/2625"}],"up":[{"embeddable":true,"href":"https:\/\/www.norgeat.fr\/index.php\/wp-json\/wp\/v2\/pages\/1244"}],"wp:featuredmedia":[{"embeddable":true,"href":"https:\/\/www.norgeat.fr\/index.php\/wp-json\/wp\/v2\/media\/1319"}],"wp:attachment":[{"href":"https:\/\/www.norgeat.fr\/index.php\/wp-json\/wp\/v2\/media?parent=1289"}],"curies":[{"name":"wp","href":"https:\/\/api.w.org\/{rel}","templated":true}]}}