{"id":1335,"date":"2024-12-09T22:58:08","date_gmt":"2024-12-09T21:58:08","guid":{"rendered":"http:\/\/www.norgeat.fr\/?page_id=1335"},"modified":"2024-12-11T21:28:41","modified_gmt":"2024-12-11T20:28:41","slug":"description-sommaire-de-la-commune-de-miglos","status":"publish","type":"page","link":"https:\/\/www.norgeat.fr\/index.php\/bienvenue-sur-le-site-de-norgeat\/description-sommaire-de-la-commune-de-miglos\/","title":{"rendered":"La Commune de Miglos"},"content":{"rendered":"\n<h2 class=\"wp-block-heading\">Description sommaire de la Commune<\/h2>\n\n\n\n<div class=\"wp-block-media-text is-stacked-on-mobile\"><figure class=\"wp-block-media-text__media\"><a href=\"https:\/\/www.norgeat.fr\/wp-content\/uploads\/2024\/12\/commune1.jpg\" data-rel=\"lightbox-gallery-UphAuMyc\" data-rl_title=\"\" data-rl_caption=\"\" title=\"\"><img loading=\"lazy\" decoding=\"async\" width=\"600\" height=\"428\" src=\"https:\/\/www.norgeat.fr\/wp-content\/uploads\/2024\/12\/commune1.jpg\" alt=\"\" class=\"wp-image-1414 size-full\"\/><\/a><\/figure><div class=\"wp-block-media-text__content\">\n<p>La Commune de Miglos comprend <strong>cinq villages et hameaux<\/strong>, soit, par ordre d&rsquo;importance :<\/p>\n\n\n\n<ul class=\"wp-block-list\">\n<li><strong>Arquizat,<\/strong><\/li>\n<\/ul>\n\n\n\n<ul class=\"wp-block-list\">\n<li><strong>Norgeat,<\/strong><\/li>\n<\/ul>\n\n\n\n<ul class=\"wp-block-list\">\n<li><strong>Norrat,<\/strong><\/li>\n<\/ul>\n\n\n\n<ul class=\"wp-block-list\">\n<li><strong>Axiat,<\/strong><\/li>\n<\/ul>\n\n\n\n<ul class=\"wp-block-list\">\n<li><strong>Baychon.<\/strong><\/li>\n<\/ul>\n<\/div><\/div>\n\n\n\n<p>Les habitants sont appel\u00e9s <strong>Miglosiens et Miglosiennes<\/strong>.<\/p>\n\n\n\n<p>Ceux du hameau de Norgeat : <strong>Norgeatois et Norgeatoises<\/strong>.<\/p>\n\n\n\n<p>Le Ch\u00e2teau de Miglos existait d\u00e9j\u00e0 au d\u00e9but du XIIe si\u00e8cle.<\/p>\n\n\n\n<p>L&rsquo;Eglise romane d&rsquo;Arquizat est cit\u00e9e d\u00e8s 1097, dans une bulle du Pape Urbain II.<\/p>\n\n\n\n<p>Norgeat poss\u00e8de aussi son Eglise, construite au milieu du XIXe si\u00e8cle.<\/p>\n\n\n\n<p>Une pr\u00e9sentation quasi exhaustive de la Commune de Miglos est \u00e0 d\u00e9couvrir sur le site \u00ab\u00a0<a href=\"http:\/\/www.amiglos.fr\/\">Bienvenue \u00e0 Miglos <\/a>&#8211; <a href=\"http:\/\/www.amiglos.fr\/\">www.amiglos.fr<\/a>\u00ab\u00a0.<\/p>\n","protected":false},"excerpt":{"rendered":"<p>Description sommaire de la Commune Les habitants sont appel\u00e9s Miglosiens et Miglosiennes. Ceux du hameau de Norgeat : Norgeatois et Norgeatoises. Le Ch\u00e2teau de Miglos existait d\u00e9j\u00e0 au d\u00e9but du &#8230;<\/p>\n","protected":false},"author":2,"featured_media":1421,"parent":1328,"menu_order":2,"comment_status":"closed","ping_status":"closed","template":"","meta":{"footnotes":""},"class_list":["post-1335","page","type-page","status-publish","has-post-thumbnail","hentry"],"yoast_head":"<!-- This site is optimized with the Yoast SEO plugin v24.0 - https:\/\/yoast.com\/wordpress\/plugins\/seo\/ -->\n<title>La Commune de Miglos - Norgeat<\/title>\n<meta name=\"description\" content=\"La Commune de Miglos en Ari\u00e8ge comprend cinq villages et hameaux, soit, par ordre d\u2019importance : Arquizat, Norgeat, Norrat, Axiat, Baychon.\" \/>\n<meta name=\"robots\" content=\"index, follow, max-snippet:-1, max-image-preview:large, max-video-preview:-1\" \/>\n<link rel=\"canonical\" href=\"https:\/\/www.norgeat.fr\/index.php\/bienvenue-sur-le-site-de-norgeat\/description-sommaire-de-la-commune-de-miglos\/\" \/>\n<meta property=\"og:locale\" content=\"fr_FR\" \/>\n<meta property=\"og:type\" content=\"article\" \/>\n<meta property=\"og:title\" content=\"Description sommaire de la Commune de Miglos\" \/>\n<meta property=\"og:description\" content=\"La Commune de Miglos en Ari\u00e8ge comprend cinq villages et hameaux, soit, par ordre d\u2019importance : Arquizat, Norgeat, Norrat, Axiat, Baychon.\" \/>\n<meta property=\"og:url\" content=\"https:\/\/www.norgeat.fr\/index.php\/bienvenue-sur-le-site-de-norgeat\/description-sommaire-de-la-commune-de-miglos\/\" \/>\n<meta property=\"og:site_name\" content=\"Norgeat\" \/>\n<meta property=\"article:modified_time\" content=\"2024-12-11T20:28:41+00:00\" \/>\n<meta property=\"og:image\" content=\"https:\/\/www.norgeat.fr\/wp-content\/uploads\/2024\/12\/avant-reseau-5villages.jpg\" \/>\n\t<meta property=\"og:image:width\" content=\"1000\" \/>\n\t<meta property=\"og:image:height\" content=\"522\" \/>\n\t<meta property=\"og:image:type\" content=\"image\/jpeg\" \/>\n<meta name=\"twitter:card\" content=\"summary_large_image\" \/>\n<meta name=\"twitter:title\" content=\"Description sommaire de la Commune de Miglos\" \/>\n<meta name=\"twitter:description\" content=\"La Commune de Miglos en Ari\u00e8ge comprend cinq villages et hameaux, soit, par ordre d\u2019importance : Arquizat, Norgeat, Norrat, Axiat, Baychon.\" \/>\n<meta name=\"twitter:image\" content=\"https:\/\/www.norgeat.fr\/wp-content\/uploads\/2024\/12\/avant-reseau-5villages.jpg\" \/>\n<meta name=\"twitter:label1\" content=\"Dur\u00e9e de lecture estim\u00e9e\" \/>\n\t<meta name=\"twitter:data1\" content=\"1 minute\" \/>\n<script type=\"application\/ld+json\" class=\"yoast-schema-graph\">{\"@context\":\"https:\/\/schema.org\",\"@graph\":[{\"@type\":\"WebPage\",\"@id\":\"https:\/\/www.norgeat.fr\/index.php\/bienvenue-sur-le-site-de-norgeat\/description-sommaire-de-la-commune-de-miglos\/\",\"url\":\"https:\/\/www.norgeat.fr\/index.php\/bienvenue-sur-le-site-de-norgeat\/description-sommaire-de-la-commune-de-miglos\/\",\"name\":\"La Commune de Miglos - Norgeat\",\"isPartOf\":{\"@id\":\"https:\/\/www.norgeat.fr\/#website\"},\"primaryImageOfPage\":{\"@id\":\"https:\/\/www.norgeat.fr\/index.php\/bienvenue-sur-le-site-de-norgeat\/description-sommaire-de-la-commune-de-miglos\/#primaryimage\"},\"image\":{\"@id\":\"https:\/\/www.norgeat.fr\/index.php\/bienvenue-sur-le-site-de-norgeat\/description-sommaire-de-la-commune-de-miglos\/#primaryimage\"},\"thumbnailUrl\":\"https:\/\/www.norgeat.fr\/wp-content\/uploads\/2024\/12\/avant-reseau-5villages.jpg\",\"datePublished\":\"2024-12-09T21:58:08+00:00\",\"dateModified\":\"2024-12-11T20:28:41+00:00\",\"description\":\"La Commune de Miglos en Ari\u00e8ge comprend cinq villages et hameaux, soit, par ordre d\u2019importance : Arquizat, Norgeat, Norrat, Axiat, Baychon.\",\"breadcrumb\":{\"@id\":\"https:\/\/www.norgeat.fr\/index.php\/bienvenue-sur-le-site-de-norgeat\/description-sommaire-de-la-commune-de-miglos\/#breadcrumb\"},\"inLanguage\":\"fr-FR\",\"potentialAction\":[{\"@type\":\"ReadAction\",\"target\":[\"https:\/\/www.norgeat.fr\/index.php\/bienvenue-sur-le-site-de-norgeat\/description-sommaire-de-la-commune-de-miglos\/\"]}]},{\"@type\":\"ImageObject\",\"inLanguage\":\"fr-FR\",\"@id\":\"https:\/\/www.norgeat.fr\/index.php\/bienvenue-sur-le-site-de-norgeat\/description-sommaire-de-la-commune-de-miglos\/#primaryimage\",\"url\":\"https:\/\/www.norgeat.fr\/wp-content\/uploads\/2024\/12\/avant-reseau-5villages.jpg\",\"contentUrl\":\"https:\/\/www.norgeat.fr\/wp-content\/uploads\/2024\/12\/avant-reseau-5villages.jpg\",\"width\":1000,\"height\":522},{\"@type\":\"BreadcrumbList\",\"@id\":\"https:\/\/www.norgeat.fr\/index.php\/bienvenue-sur-le-site-de-norgeat\/description-sommaire-de-la-commune-de-miglos\/#breadcrumb\",\"itemListElement\":[{\"@type\":\"ListItem\",\"position\":1,\"name\":\"Accueil\",\"item\":\"https:\/\/www.norgeat.fr\/\"},{\"@type\":\"ListItem\",\"position\":2,\"name\":\"Bienvenue\",\"item\":\"https:\/\/www.norgeat.fr\/index.php\/bienvenue-sur-le-site-de-norgeat\/\"},{\"@type\":\"ListItem\",\"position\":3,\"name\":\"La Commune de Miglos\"}]},{\"@type\":\"WebSite\",\"@id\":\"https:\/\/www.norgeat.fr\/#website\",\"url\":\"https:\/\/www.norgeat.fr\/\",\"name\":\"Norgeat\",\"description\":\"Norgeat, d&#039;hier et d&#039;aujourd&#039;hui...\",\"publisher\":{\"@id\":\"https:\/\/www.norgeat.fr\/#organization\"},\"potentialAction\":[{\"@type\":\"SearchAction\",\"target\":{\"@type\":\"EntryPoint\",\"urlTemplate\":\"https:\/\/www.norgeat.fr\/?s={search_term_string}\"},\"query-input\":{\"@type\":\"PropertyValueSpecification\",\"valueRequired\":true,\"valueName\":\"search_term_string\"}}],\"inLanguage\":\"fr-FR\"},{\"@type\":\"Organization\",\"@id\":\"https:\/\/www.norgeat.fr\/#organization\",\"name\":\"Le village de Norgeat en Ari\u00e8ge\",\"url\":\"https:\/\/www.norgeat.fr\/\",\"logo\":{\"@type\":\"ImageObject\",\"inLanguage\":\"fr-FR\",\"@id\":\"https:\/\/www.norgeat.fr\/#\/schema\/logo\/image\/\",\"url\":\"https:\/\/www.norgeat.fr\/wp-content\/uploads\/2024\/12\/logo-norgeat-v.png\",\"contentUrl\":\"https:\/\/www.norgeat.fr\/wp-content\/uploads\/2024\/12\/logo-norgeat-v.png\",\"width\":4306,\"height\":1521,\"caption\":\"Le village de Norgeat en Ari\u00e8ge\"},\"image\":{\"@id\":\"https:\/\/www.norgeat.fr\/#\/schema\/logo\/image\/\"}}]}<\/script>\n<!-- \/ Yoast SEO plugin. -->","yoast_head_json":{"title":"La Commune de Miglos - Norgeat","description":"La Commune de Miglos en Ari\u00e8ge comprend cinq villages et hameaux, soit, par ordre d\u2019importance : Arquizat, Norgeat, Norrat, Axiat, Baychon.","robots":{"index":"index","follow":"follow","max-snippet":"max-snippet:-1","max-image-preview":"max-image-preview:large","max-video-preview":"max-video-preview:-1"},"canonical":"https:\/\/www.norgeat.fr\/index.php\/bienvenue-sur-le-site-de-norgeat\/description-sommaire-de-la-commune-de-miglos\/","og_locale":"fr_FR","og_type":"article","og_title":"Description sommaire de la Commune de Miglos","og_description":"La Commune de Miglos en Ari\u00e8ge comprend cinq villages et hameaux, soit, par ordre d\u2019importance : Arquizat, Norgeat, Norrat, Axiat, Baychon.","og_url":"https:\/\/www.norgeat.fr\/index.php\/bienvenue-sur-le-site-de-norgeat\/description-sommaire-de-la-commune-de-miglos\/","og_site_name":"Norgeat","article_modified_time":"2024-12-11T20:28:41+00:00","og_image":[{"width":1000,"height":522,"url":"https:\/\/www.norgeat.fr\/wp-content\/uploads\/2024\/12\/avant-reseau-5villages.jpg","type":"image\/jpeg"}],"twitter_card":"summary_large_image","twitter_title":"Description sommaire de la Commune de Miglos","twitter_description":"La Commune de Miglos en Ari\u00e8ge comprend cinq villages et hameaux, soit, par ordre d\u2019importance : Arquizat, Norgeat, Norrat, Axiat, Baychon.","twitter_image":"https:\/\/www.norgeat.fr\/wp-content\/uploads\/2024\/12\/avant-reseau-5villages.jpg","twitter_misc":{"Dur\u00e9e de lecture estim\u00e9e":"1 minute"},"schema":{"@context":"https:\/\/schema.org","@graph":[{"@type":"WebPage","@id":"https:\/\/www.norgeat.fr\/index.php\/bienvenue-sur-le-site-de-norgeat\/description-sommaire-de-la-commune-de-miglos\/","url":"https:\/\/www.norgeat.fr\/index.php\/bienvenue-sur-le-site-de-norgeat\/description-sommaire-de-la-commune-de-miglos\/","name":"La Commune de Miglos - Norgeat","isPartOf":{"@id":"https:\/\/www.norgeat.fr\/#website"},"primaryImageOfPage":{"@id":"https:\/\/www.norgeat.fr\/index.php\/bienvenue-sur-le-site-de-norgeat\/description-sommaire-de-la-commune-de-miglos\/#primaryimage"},"image":{"@id":"https:\/\/www.norgeat.fr\/index.php\/bienvenue-sur-le-site-de-norgeat\/description-sommaire-de-la-commune-de-miglos\/#primaryimage"},"thumbnailUrl":"https:\/\/www.norgeat.fr\/wp-content\/uploads\/2024\/12\/avant-reseau-5villages.jpg","datePublished":"2024-12-09T21:58:08+00:00","dateModified":"2024-12-11T20:28:41+00:00","description":"La Commune de Miglos en Ari\u00e8ge comprend cinq villages et hameaux, soit, par ordre d\u2019importance : Arquizat, Norgeat, Norrat, Axiat, Baychon.","breadcrumb":{"@id":"https:\/\/www.norgeat.fr\/index.php\/bienvenue-sur-le-site-de-norgeat\/description-sommaire-de-la-commune-de-miglos\/#breadcrumb"},"inLanguage":"fr-FR","potentialAction":[{"@type":"ReadAction","target":["https:\/\/www.norgeat.fr\/index.php\/bienvenue-sur-le-site-de-norgeat\/description-sommaire-de-la-commune-de-miglos\/"]}]},{"@type":"ImageObject","inLanguage":"fr-FR","@id":"https:\/\/www.norgeat.fr\/index.php\/bienvenue-sur-le-site-de-norgeat\/description-sommaire-de-la-commune-de-miglos\/#primaryimage","url":"https:\/\/www.norgeat.fr\/wp-content\/uploads\/2024\/12\/avant-reseau-5villages.jpg","contentUrl":"https:\/\/www.norgeat.fr\/wp-content\/uploads\/2024\/12\/avant-reseau-5villages.jpg","width":1000,"height":522},{"@type":"BreadcrumbList","@id":"https:\/\/www.norgeat.fr\/index.php\/bienvenue-sur-le-site-de-norgeat\/description-sommaire-de-la-commune-de-miglos\/#breadcrumb","itemListElement":[{"@type":"ListItem","position":1,"name":"Accueil","item":"https:\/\/www.norgeat.fr\/"},{"@type":"ListItem","position":2,"name":"Bienvenue","item":"https:\/\/www.norgeat.fr\/index.php\/bienvenue-sur-le-site-de-norgeat\/"},{"@type":"ListItem","position":3,"name":"La Commune de Miglos"}]},{"@type":"WebSite","@id":"https:\/\/www.norgeat.fr\/#website","url":"https:\/\/www.norgeat.fr\/","name":"Norgeat","description":"Norgeat, d&#039;hier et d&#039;aujourd&#039;hui...","publisher":{"@id":"https:\/\/www.norgeat.fr\/#organization"},"potentialAction":[{"@type":"SearchAction","target":{"@type":"EntryPoint","urlTemplate":"https:\/\/www.norgeat.fr\/?s={search_term_string}"},"query-input":{"@type":"PropertyValueSpecification","valueRequired":true,"valueName":"search_term_string"}}],"inLanguage":"fr-FR"},{"@type":"Organization","@id":"https:\/\/www.norgeat.fr\/#organization","name":"Le village de Norgeat en Ari\u00e8ge","url":"https:\/\/www.norgeat.fr\/","logo":{"@type":"ImageObject","inLanguage":"fr-FR","@id":"https:\/\/www.norgeat.fr\/#\/schema\/logo\/image\/","url":"https:\/\/www.norgeat.fr\/wp-content\/uploads\/2024\/12\/logo-norgeat-v.png","contentUrl":"https:\/\/www.norgeat.fr\/wp-content\/uploads\/2024\/12\/logo-norgeat-v.png","width":4306,"height":1521,"caption":"Le village de Norgeat en Ari\u00e8ge"},"image":{"@id":"https:\/\/www.norgeat.fr\/#\/schema\/logo\/image\/"}}]}},"rttpg_featured_image_url":{"full":["https:\/\/www.norgeat.fr\/wp-content\/uploads\/2024\/12\/avant-reseau-5villages.jpg",1000,522,false],"landscape":["https:\/\/www.norgeat.fr\/wp-content\/uploads\/2024\/12\/avant-reseau-5villages.jpg",1000,522,false],"portraits":["https:\/\/www.norgeat.fr\/wp-content\/uploads\/2024\/12\/avant-reseau-5villages.jpg",1000,522,false],"thumbnail":["https:\/\/www.norgeat.fr\/wp-content\/uploads\/2024\/12\/avant-reseau-5villages-150x150.jpg",150,150,true],"medium":["https:\/\/www.norgeat.fr\/wp-content\/uploads\/2024\/12\/avant-reseau-5villages-300x157.jpg",300,157,true],"large":["https:\/\/www.norgeat.fr\/wp-content\/uploads\/2024\/12\/avant-reseau-5villages.jpg",800,418,false],"1536x1536":["https:\/\/www.norgeat.fr\/wp-content\/uploads\/2024\/12\/avant-reseau-5villages.jpg",1000,522,false],"2048x2048":["https:\/\/www.norgeat.fr\/wp-content\/uploads\/2024\/12\/avant-reseau-5villages.jpg",1000,522,false],"onepress-blog-small":["https:\/\/www.norgeat.fr\/wp-content\/uploads\/2024\/12\/avant-reseau-5villages-300x150.jpg",300,150,true],"onepress-small":["https:\/\/www.norgeat.fr\/wp-content\/uploads\/2024\/12\/avant-reseau-5villages-480x300.jpg",480,300,true],"onepress-medium":["https:\/\/www.norgeat.fr\/wp-content\/uploads\/2024\/12\/avant-reseau-5villages-640x400.jpg",640,400,true]},"rttpg_author":{"display_name":"norgeat","author_link":"https:\/\/www.norgeat.fr\/index.php\/author\/norgeat\/"},"rttpg_comment":0,"rttpg_category":null,"rttpg_excerpt":"Description sommaire de la Commune Les habitants sont appel\u00e9s Miglosiens et Miglosiennes. Ceux du hameau de Norgeat : Norgeatois et Norgeatoises. Le Ch\u00e2teau de Miglos existait d\u00e9j\u00e0 au d\u00e9but du ...","_links":{"self":[{"href":"https:\/\/www.norgeat.fr\/index.php\/wp-json\/wp\/v2\/pages\/1335","targetHints":{"allow":["GET"]}}],"collection":[{"href":"https:\/\/www.norgeat.fr\/index.php\/wp-json\/wp\/v2\/pages"}],"about":[{"href":"https:\/\/www.norgeat.fr\/index.php\/wp-json\/wp\/v2\/types\/page"}],"author":[{"embeddable":true,"href":"https:\/\/www.norgeat.fr\/index.php\/wp-json\/wp\/v2\/users\/2"}],"replies":[{"embeddable":true,"href":"https:\/\/www.norgeat.fr\/index.php\/wp-json\/wp\/v2\/comments?post=1335"}],"version-history":[{"count":8,"href":"https:\/\/www.norgeat.fr\/index.php\/wp-json\/wp\/v2\/pages\/1335\/revisions"}],"predecessor-version":[{"id":1420,"href":"https:\/\/www.norgeat.fr\/index.php\/wp-json\/wp\/v2\/pages\/1335\/revisions\/1420"}],"up":[{"embeddable":true,"href":"https:\/\/www.norgeat.fr\/index.php\/wp-json\/wp\/v2\/pages\/1328"}],"wp:featuredmedia":[{"embeddable":true,"href":"https:\/\/www.norgeat.fr\/index.php\/wp-json\/wp\/v2\/media\/1421"}],"wp:attachment":[{"href":"https:\/\/www.norgeat.fr\/index.php\/wp-json\/wp\/v2\/media?parent=1335"}],"curies":[{"name":"wp","href":"https:\/\/api.w.org\/{rel}","templated":true}]}}