{"id":1427,"date":"2024-12-10T00:17:10","date_gmt":"2024-12-09T23:17:10","guid":{"rendered":"http:\/\/www.norgeat.fr\/?page_id=1427"},"modified":"2025-06-09T17:58:09","modified_gmt":"2025-06-09T15:58:09","slug":"presentation","status":"publish","type":"page","link":"https:\/\/www.norgeat.fr\/index.php\/bienvenue-sur-le-site-de-norgeat\/presentation\/","title":{"rendered":"Pr\u00e9sentation"},"content":{"rendered":"\n<h2 class=\"wp-block-heading\">Pr\u00e9sentation<\/h2>\n\n\n<div class=\"wp-block-image\">\n<figure class=\"aligncenter is-resized\"><a href=\"https:\/\/www.norgeat.fr\/wp-content\/uploads\/2024\/12\/avant-reseau-presentation.jpg\" data-rel=\"lightbox-gallery-Gt7FbAxt\" data-rl_title=\"\" data-rl_caption=\"\" title=\"\"><img loading=\"lazy\" decoding=\"async\" width=\"1000\" height=\"522\" src=\"https:\/\/www.norgeat.fr\/wp-content\/uploads\/2024\/12\/avant-reseau-presentation.jpg\" alt=\"\" class=\"wp-image-135\" style=\"width:650px\"\/><\/a><\/figure>\n<\/div>\n\n\n<p><strong>NORGEAT<\/strong> est l\u2019un des cinq villages et hameaux de la <strong>Commune de Miglos<\/strong>, laquelle est situ\u00e9e, selon la d\u00e9nomination actuelle, dans le \u00ab\u00a0Pays de Tarascon-sur-Ari\u00e8ge\u00a0\u00bb.<br>Dans les Temps Anciens, le territoire appartenait aux Seigneurs \u00e9ponymes de Miglos. <br>L\u2019Histoire de Norgeat est ainsi intimement li\u00e9e \u00e0 cette vall\u00e9e, surtout connue pour les imposants vestiges de son embl\u00e9matique Ch\u00e2teau m\u00e9di\u00e9val et son Eglise romane d\u2019Arquizat. N\u00e9anmoins, Norgeat poss\u00e8de ind\u00e9niablement, et ce depuis toujours, une identit\u00e9 propre au sein de ladite vall\u00e9e.<\/p>\n\n\n\n<p>Visc\u00e9ralement attach\u00e9 \u00e0 ce petit village, berceau de ma famille maternelle, j\u2019ai voulu souligner cette particularit\u00e9, par le biais du site Internet \u00ab\u00a0<strong>Norgeat-Miglos (Ari\u00e8ge), d\u2019Hier et d\u2019Aujourd\u2019hui<\/strong>\u00ab\u00a0.<\/p>\n\n\n\n<p>Celui-ci se veut compl\u00e9mentaire de \u00ab\u00a0<em>Bienvenue \u00e0 Miglos<\/em>\u00a0\u00bb  <a href=\"http:\/\/www.amiglos.fr\/\">www.amiglos.fr<\/a>, la r\u00e9f\u00e9rence en la mati\u00e8re.<\/p>\n\n\n\n<p>Cr\u00e9\u00e9 par Jo\u00ebl Gardes, il couvre l\u2019ensemble de la zone g\u00e9ographique du m\u00eame nom, et est r\u00e9guli\u00e8rement augment\u00e9 et mis \u00e0 jour. J\u2019ai apport\u00e9 d\u00e8s l\u2019origine ma contribution \u00e0 ce remarquable travail. Jo\u00ebl Gardes fait amplement de m\u00eame pour Norgeat, puisqu&rsquo;il g\u00e8re quasiment la mise en forme du site, ce dont je le remercie tr\u00e8s chaleureusement.<br>Mes remerciements vont aussi \u00e0 <a href=\"https:\/\/www.norgeat.fr\/index.php\/divers\/adieu-christian\/\">Christian Pujol<\/a>, qui m&rsquo;a bien souvent aid\u00e9 dans mes investigations et dont bon nombre de photos, ou documents agr\u00e9mentent le site.<\/p>\n\n\n\n<div class=\"wp-block-media-text is-stacked-on-mobile\" style=\"grid-template-columns:23% auto\"><figure class=\"wp-block-media-text__media\"><a href=\"https:\/\/www.norgeat.fr\/wp-content\/uploads\/2024\/12\/madeleine-pujol-arabeyre.png\" data-rel=\"lightbox-gallery-Gt7FbAxt\" data-rl_title=\"Madeleine PUJOL - n\u00e9e ARABEYRE - 1967, elle avait 72 ans.\" data-rl_caption=\"Madeleine PUJOL - n\u00e9e ARABEYRE - 1967, elle avait 72 ans.\" title=\"Madeleine PUJOL - n\u00e9e ARABEYRE - 1967, elle avait 72 ans.\"><img loading=\"lazy\" decoding=\"async\" width=\"816\" height=\"1024\" src=\"https:\/\/www.norgeat.fr\/wp-content\/uploads\/2024\/12\/madeleine-pujol-arabeyre-816x1024.png\" alt=\"\" class=\"wp-image-129 size-full\"\/><\/a><\/figure><div class=\"wp-block-media-text__content\">\n<p class=\"has-text-align-center\"><strong>G\u00e9rard Lafuente &#8211; 14 Mai 2009<\/strong><\/p>\n\n\n\n<p class=\"has-text-align-center\"><em>Je d\u00e9die ce site \u00e0 la m\u00e9moire de ma grand-m\u00e8re,<br><strong>Madeleine PUJOL &#8211; n\u00e9e ARABEYRE,<\/strong><br>qui avait vu le jour \u00e0 Norgeat-Miglos, le 14 Mai 1895<\/em><\/p>\n<\/div><\/div>\n\n\n\n<blockquote class=\"wp-block-quote is-layout-flow wp-block-quote-is-layout-flow\">\n<p><strong>Tr\u00e8s t\u00f4t, je me suis int\u00e9ress\u00e9 \u00e0 l&rsquo;Histoire de mon pays.<\/strong><br>Ma curiosit\u00e9 avait sans doute \u00e9t\u00e9 aiguis\u00e9e par les anecdotes que racontait ma grand-m\u00e8re lors des veill\u00e9es autour de l&rsquo;\u00e2tre, puis par les premiers r\u00e9cits de Louis Pujol, qui narrait ses souvenirs de jeunesse dans la langue parl\u00e9e \u00e0 Norgeat, o\u00f9 il \u00e9tait n\u00e9 en 1903.<br>D\u00e8s la fin des ann\u00e9es 1960, j&rsquo;ai donc entrepris des recherches approfondies sur la vall\u00e9e de Miglos et d\u00e9but\u00e9 une collection de cartes postales et photos anciennes.<br>J&rsquo;ai ainsi consult\u00e9 une somme d&rsquo;ouvrages et de documents dans les divers services d&rsquo;archives: Ari\u00e8ge, Haute-Garonne, Archives Nationales, Biblioth\u00e8que Nationale, I.G.N., Ev\u00each\u00e9 de Pamiers, Mairie de Miglos\u2026<br>Parall\u00e8lement, j&rsquo;ai questionn\u00e9 des historiens locaux, ainsi que des sp\u00e9cialistes de l&rsquo;H\u00e9raldique et du Catharisme, qui m&rsquo;ont toujours aimablement renseign\u00e9 (Adelin Moulis, Robert Reulle, Louis Delpla, Christian Bernadac, Claudine Pailh\u00e8s, Jacques Beffara, Jean Duvernoy\u2026). Je n&rsquo;oublie pas Louis Pujol, qui m&rsquo;a aussi apport\u00e9 son aide.<br>Au fil du temps, j&rsquo;ai ainsi amass\u00e9 une volumineuse documentation, qui m&rsquo;a permis de publier, dans le Bulletin du Sp\u00e9l\u00e9o-Club du Haut-Sabarthez et le Magazine de l&rsquo;Ari\u00e9geois notamment : Chronologie des Seigneurs et Barons de Miglos (1975), La Grotte fortifi\u00e9e de Baychon (1980), Une Maison paysanne sous la R\u00e9volution (1982), A propos des Armoiries de Miglos (1983), Quand le Hameau de Miglos voulait s&rsquo;\u00e9riger en commune (1984), La Paroisse de Norgeat (1983), Le Ch\u00e2teau de Miglos (1985), L&rsquo;Eglise romane d&rsquo;Arquizat (1986).<br>Mon fils, St\u00e9phane Lafuente, a aussi puis\u00e9 abondamment dans cette documentation, pour r\u00e9diger, en 1995, son M\u00e9moire de ma\u00eetrise: Miglos, une Baronnie du Haut-Comt\u00e9 de Foix sous l&rsquo;Ancien R\u00e9gime, publi\u00e9 aux Editions Lacourt (Nimes) en 2001, sous le titre: Miglos.<\/p>\n\n\n\n<p>Maintenant, le moment est sans aucun doute venu de mettre \u00e0 la disposition de tous ceux qui s&rsquo;int\u00e9ressent \u00e0 Miglos en g\u00e9n\u00e9ral, et \u00e0 Norgeat en particulier, le fruit de ces ann\u00e9es de recherches.<br>D&rsquo;autant que j&rsquo;ai remarqu\u00e9 depuis quelque temps, et en particulier sur Internet, une utilisation exponentielle de mes modestes \u00e9crits, ou de documents photographiques provenant de ma collection personnelle (dont j&rsquo;ai fait b\u00e9n\u00e9ficier l&rsquo;Association des Amis du Ch\u00e2teau de Miglos, lorsque j&rsquo;en \u00e9tais le pr\u00e9sident, soit pendant pr\u00e8s de vingt ans), dans bon nombre d&rsquo;historiques, ou pr\u00e9tendus tels, relatifs \u00e0 Miglos.<br>J&rsquo;en suis certes flatt\u00e9\u2026 Toutefois, si je n&rsquo;ai jamais souhait\u00e9 que l&rsquo;on me demande l&rsquo;autorisation pour ce faire, la simple courtoisie voudrait, au moins, que l&rsquo;on cite la source\u2026 Quoique l&rsquo;anonymat soit parfois pr\u00e9f\u00e9rable, quand on constate, trop souvent, que les extraits publi\u00e9s, outre les erreurs de transcription qu&rsquo;ils contiennent, ne veulent plus dire grand-chose, sortis de leur contexte.<\/p>\n\n\n\n<p>Aussi, comme \u00ab\u00a0<em>on n&rsquo;est jamais si bien servi que par soi-m\u00eame<\/em>\u00ab\u00a0, j&rsquo;ai pris l&rsquo;option de cr\u00e9er un site, \u00e0 dominante historique, propre \u00e0 Norgeat.<br>Certes le chantier est vaste, mais il va prendre forme, peu \u00e0 peu, et \u00e9voluer au fil des mois\u2026<\/p>\n\n\n\n<p class=\"has-text-align-right\">G\u00e9rard Lafuente<\/p>\n<\/blockquote>\n\n\n\n<p><\/p>\n\n\n\n<p><\/p>\n","protected":false},"excerpt":{"rendered":"<p>Pr\u00e9sentation NORGEAT est l\u2019un des cinq villages et hameaux de la Commune de Miglos, laquelle est situ\u00e9e, selon la d\u00e9nomination actuelle, dans le \u00ab\u00a0Pays de Tarascon-sur-Ari\u00e8ge\u00a0\u00bb.Dans les Temps Anciens, le &#8230;<\/p>\n","protected":false},"author":2,"featured_media":135,"parent":1328,"menu_order":1,"comment_status":"closed","ping_status":"closed","template":"","meta":{"footnotes":""},"class_list":["post-1427","page","type-page","status-publish","has-post-thumbnail","hentry"],"yoast_head":"<!-- This site is optimized with the Yoast SEO plugin v24.0 - https:\/\/yoast.com\/wordpress\/plugins\/seo\/ -->\n<title>Pr\u00e9sentation - Norgeat<\/title>\n<meta name=\"description\" content=\"NORGEAT est l\u2019un des cinq villages et hameaux de la Commune de Miglos, laquelle est situ\u00e9e, selon la d\u00e9nomination actuelle, dans le &quot; Pays de Tarascon-sur-Ari\u00e8ge &quot;.\" \/>\n<meta name=\"robots\" content=\"index, follow, max-snippet:-1, max-image-preview:large, max-video-preview:-1\" \/>\n<link rel=\"canonical\" href=\"https:\/\/www.norgeat.fr\/index.php\/bienvenue-sur-le-site-de-norgeat\/presentation\/\" \/>\n<meta property=\"og:locale\" content=\"fr_FR\" \/>\n<meta property=\"og:type\" content=\"article\" \/>\n<meta property=\"og:title\" content=\"Pr\u00e9sentation Norgeat d&#039;antan et de nos jours...\" \/>\n<meta property=\"og:description\" content=\"NORGEAT est l\u2019un des cinq villages et hameaux de la Commune de Miglos, laquelle est situ\u00e9e, selon la d\u00e9nomination actuelle, dans le &quot; Pays de Tarascon-sur-Ari\u00e8ge &quot;.\" \/>\n<meta property=\"og:url\" content=\"https:\/\/www.norgeat.fr\/index.php\/bienvenue-sur-le-site-de-norgeat\/presentation\/\" \/>\n<meta property=\"og:site_name\" content=\"Norgeat\" \/>\n<meta property=\"article:modified_time\" content=\"2025-06-09T15:58:09+00:00\" \/>\n<meta property=\"og:image\" content=\"https:\/\/www.norgeat.fr\/wp-content\/uploads\/2024\/12\/avant-reseau-presentation.jpg\" \/>\n\t<meta property=\"og:image:width\" content=\"1000\" \/>\n\t<meta property=\"og:image:height\" content=\"522\" \/>\n\t<meta property=\"og:image:type\" content=\"image\/jpeg\" \/>\n<meta name=\"twitter:card\" content=\"summary_large_image\" \/>\n<meta name=\"twitter:title\" content=\"Pr\u00e9sentation Norgeat d&#039;antan et de nos jours...\" \/>\n<meta name=\"twitter:description\" content=\"NORGEAT est l\u2019un des cinq villages et hameaux de la Commune de Miglos, laquelle est situ\u00e9e, selon la d\u00e9nomination actuelle, dans le &quot; Pays de Tarascon-sur-Ari\u00e8ge &quot;.\" \/>\n<meta name=\"twitter:image\" content=\"https:\/\/www.norgeat.fr\/wp-content\/uploads\/2024\/12\/avant-reseau-presentation.jpg\" \/>\n<meta name=\"twitter:label1\" content=\"Dur\u00e9e de lecture estim\u00e9e\" \/>\n\t<meta name=\"twitter:data1\" content=\"2 minutes\" \/>\n<script type=\"application\/ld+json\" class=\"yoast-schema-graph\">{\"@context\":\"https:\/\/schema.org\",\"@graph\":[{\"@type\":\"WebPage\",\"@id\":\"https:\/\/www.norgeat.fr\/index.php\/bienvenue-sur-le-site-de-norgeat\/presentation\/\",\"url\":\"https:\/\/www.norgeat.fr\/index.php\/bienvenue-sur-le-site-de-norgeat\/presentation\/\",\"name\":\"Pr\u00e9sentation - Norgeat\",\"isPartOf\":{\"@id\":\"https:\/\/www.norgeat.fr\/#website\"},\"primaryImageOfPage\":{\"@id\":\"https:\/\/www.norgeat.fr\/index.php\/bienvenue-sur-le-site-de-norgeat\/presentation\/#primaryimage\"},\"image\":{\"@id\":\"https:\/\/www.norgeat.fr\/index.php\/bienvenue-sur-le-site-de-norgeat\/presentation\/#primaryimage\"},\"thumbnailUrl\":\"https:\/\/www.norgeat.fr\/wp-content\/uploads\/2024\/12\/avant-reseau-presentation.jpg\",\"datePublished\":\"2024-12-09T23:17:10+00:00\",\"dateModified\":\"2025-06-09T15:58:09+00:00\",\"description\":\"NORGEAT est l\u2019un des cinq villages et hameaux de la Commune de Miglos, laquelle est situ\u00e9e, selon la d\u00e9nomination actuelle, dans le \\\" Pays de Tarascon-sur-Ari\u00e8ge \\\".\",\"breadcrumb\":{\"@id\":\"https:\/\/www.norgeat.fr\/index.php\/bienvenue-sur-le-site-de-norgeat\/presentation\/#breadcrumb\"},\"inLanguage\":\"fr-FR\",\"potentialAction\":[{\"@type\":\"ReadAction\",\"target\":[\"https:\/\/www.norgeat.fr\/index.php\/bienvenue-sur-le-site-de-norgeat\/presentation\/\"]}]},{\"@type\":\"ImageObject\",\"inLanguage\":\"fr-FR\",\"@id\":\"https:\/\/www.norgeat.fr\/index.php\/bienvenue-sur-le-site-de-norgeat\/presentation\/#primaryimage\",\"url\":\"https:\/\/www.norgeat.fr\/wp-content\/uploads\/2024\/12\/avant-reseau-presentation.jpg\",\"contentUrl\":\"https:\/\/www.norgeat.fr\/wp-content\/uploads\/2024\/12\/avant-reseau-presentation.jpg\",\"width\":1000,\"height\":522},{\"@type\":\"BreadcrumbList\",\"@id\":\"https:\/\/www.norgeat.fr\/index.php\/bienvenue-sur-le-site-de-norgeat\/presentation\/#breadcrumb\",\"itemListElement\":[{\"@type\":\"ListItem\",\"position\":1,\"name\":\"Accueil\",\"item\":\"https:\/\/www.norgeat.fr\/\"},{\"@type\":\"ListItem\",\"position\":2,\"name\":\"Bienvenue\",\"item\":\"https:\/\/www.norgeat.fr\/index.php\/bienvenue-sur-le-site-de-norgeat\/\"},{\"@type\":\"ListItem\",\"position\":3,\"name\":\"Pr\u00e9sentation\"}]},{\"@type\":\"WebSite\",\"@id\":\"https:\/\/www.norgeat.fr\/#website\",\"url\":\"https:\/\/www.norgeat.fr\/\",\"name\":\"Norgeat\",\"description\":\"Norgeat, d&#039;hier et d&#039;aujourd&#039;hui...\",\"publisher\":{\"@id\":\"https:\/\/www.norgeat.fr\/#organization\"},\"potentialAction\":[{\"@type\":\"SearchAction\",\"target\":{\"@type\":\"EntryPoint\",\"urlTemplate\":\"https:\/\/www.norgeat.fr\/?s={search_term_string}\"},\"query-input\":{\"@type\":\"PropertyValueSpecification\",\"valueRequired\":true,\"valueName\":\"search_term_string\"}}],\"inLanguage\":\"fr-FR\"},{\"@type\":\"Organization\",\"@id\":\"https:\/\/www.norgeat.fr\/#organization\",\"name\":\"Le village de Norgeat en Ari\u00e8ge\",\"url\":\"https:\/\/www.norgeat.fr\/\",\"logo\":{\"@type\":\"ImageObject\",\"inLanguage\":\"fr-FR\",\"@id\":\"https:\/\/www.norgeat.fr\/#\/schema\/logo\/image\/\",\"url\":\"https:\/\/www.norgeat.fr\/wp-content\/uploads\/2024\/12\/logo-norgeat-v.png\",\"contentUrl\":\"https:\/\/www.norgeat.fr\/wp-content\/uploads\/2024\/12\/logo-norgeat-v.png\",\"width\":4306,\"height\":1521,\"caption\":\"Le village de Norgeat en Ari\u00e8ge\"},\"image\":{\"@id\":\"https:\/\/www.norgeat.fr\/#\/schema\/logo\/image\/\"}}]}<\/script>\n<!-- \/ Yoast SEO plugin. -->","yoast_head_json":{"title":"Pr\u00e9sentation - Norgeat","description":"NORGEAT est l\u2019un des cinq villages et hameaux de la Commune de Miglos, laquelle est situ\u00e9e, selon la d\u00e9nomination actuelle, dans le \" Pays de Tarascon-sur-Ari\u00e8ge \".","robots":{"index":"index","follow":"follow","max-snippet":"max-snippet:-1","max-image-preview":"max-image-preview:large","max-video-preview":"max-video-preview:-1"},"canonical":"https:\/\/www.norgeat.fr\/index.php\/bienvenue-sur-le-site-de-norgeat\/presentation\/","og_locale":"fr_FR","og_type":"article","og_title":"Pr\u00e9sentation Norgeat d'antan et de nos jours...","og_description":"NORGEAT est l\u2019un des cinq villages et hameaux de la Commune de Miglos, laquelle est situ\u00e9e, selon la d\u00e9nomination actuelle, dans le \" Pays de Tarascon-sur-Ari\u00e8ge \".","og_url":"https:\/\/www.norgeat.fr\/index.php\/bienvenue-sur-le-site-de-norgeat\/presentation\/","og_site_name":"Norgeat","article_modified_time":"2025-06-09T15:58:09+00:00","og_image":[{"width":1000,"height":522,"url":"https:\/\/www.norgeat.fr\/wp-content\/uploads\/2024\/12\/avant-reseau-presentation.jpg","type":"image\/jpeg"}],"twitter_card":"summary_large_image","twitter_title":"Pr\u00e9sentation Norgeat d'antan et de nos jours...","twitter_description":"NORGEAT est l\u2019un des cinq villages et hameaux de la Commune de Miglos, laquelle est situ\u00e9e, selon la d\u00e9nomination actuelle, dans le \" Pays de Tarascon-sur-Ari\u00e8ge \".","twitter_image":"https:\/\/www.norgeat.fr\/wp-content\/uploads\/2024\/12\/avant-reseau-presentation.jpg","twitter_misc":{"Dur\u00e9e de lecture estim\u00e9e":"2 minutes"},"schema":{"@context":"https:\/\/schema.org","@graph":[{"@type":"WebPage","@id":"https:\/\/www.norgeat.fr\/index.php\/bienvenue-sur-le-site-de-norgeat\/presentation\/","url":"https:\/\/www.norgeat.fr\/index.php\/bienvenue-sur-le-site-de-norgeat\/presentation\/","name":"Pr\u00e9sentation - Norgeat","isPartOf":{"@id":"https:\/\/www.norgeat.fr\/#website"},"primaryImageOfPage":{"@id":"https:\/\/www.norgeat.fr\/index.php\/bienvenue-sur-le-site-de-norgeat\/presentation\/#primaryimage"},"image":{"@id":"https:\/\/www.norgeat.fr\/index.php\/bienvenue-sur-le-site-de-norgeat\/presentation\/#primaryimage"},"thumbnailUrl":"https:\/\/www.norgeat.fr\/wp-content\/uploads\/2024\/12\/avant-reseau-presentation.jpg","datePublished":"2024-12-09T23:17:10+00:00","dateModified":"2025-06-09T15:58:09+00:00","description":"NORGEAT est l\u2019un des cinq villages et hameaux de la Commune de Miglos, laquelle est situ\u00e9e, selon la d\u00e9nomination actuelle, dans le \" Pays de Tarascon-sur-Ari\u00e8ge \".","breadcrumb":{"@id":"https:\/\/www.norgeat.fr\/index.php\/bienvenue-sur-le-site-de-norgeat\/presentation\/#breadcrumb"},"inLanguage":"fr-FR","potentialAction":[{"@type":"ReadAction","target":["https:\/\/www.norgeat.fr\/index.php\/bienvenue-sur-le-site-de-norgeat\/presentation\/"]}]},{"@type":"ImageObject","inLanguage":"fr-FR","@id":"https:\/\/www.norgeat.fr\/index.php\/bienvenue-sur-le-site-de-norgeat\/presentation\/#primaryimage","url":"https:\/\/www.norgeat.fr\/wp-content\/uploads\/2024\/12\/avant-reseau-presentation.jpg","contentUrl":"https:\/\/www.norgeat.fr\/wp-content\/uploads\/2024\/12\/avant-reseau-presentation.jpg","width":1000,"height":522},{"@type":"BreadcrumbList","@id":"https:\/\/www.norgeat.fr\/index.php\/bienvenue-sur-le-site-de-norgeat\/presentation\/#breadcrumb","itemListElement":[{"@type":"ListItem","position":1,"name":"Accueil","item":"https:\/\/www.norgeat.fr\/"},{"@type":"ListItem","position":2,"name":"Bienvenue","item":"https:\/\/www.norgeat.fr\/index.php\/bienvenue-sur-le-site-de-norgeat\/"},{"@type":"ListItem","position":3,"name":"Pr\u00e9sentation"}]},{"@type":"WebSite","@id":"https:\/\/www.norgeat.fr\/#website","url":"https:\/\/www.norgeat.fr\/","name":"Norgeat","description":"Norgeat, d&#039;hier et d&#039;aujourd&#039;hui...","publisher":{"@id":"https:\/\/www.norgeat.fr\/#organization"},"potentialAction":[{"@type":"SearchAction","target":{"@type":"EntryPoint","urlTemplate":"https:\/\/www.norgeat.fr\/?s={search_term_string}"},"query-input":{"@type":"PropertyValueSpecification","valueRequired":true,"valueName":"search_term_string"}}],"inLanguage":"fr-FR"},{"@type":"Organization","@id":"https:\/\/www.norgeat.fr\/#organization","name":"Le village de Norgeat en Ari\u00e8ge","url":"https:\/\/www.norgeat.fr\/","logo":{"@type":"ImageObject","inLanguage":"fr-FR","@id":"https:\/\/www.norgeat.fr\/#\/schema\/logo\/image\/","url":"https:\/\/www.norgeat.fr\/wp-content\/uploads\/2024\/12\/logo-norgeat-v.png","contentUrl":"https:\/\/www.norgeat.fr\/wp-content\/uploads\/2024\/12\/logo-norgeat-v.png","width":4306,"height":1521,"caption":"Le village de Norgeat en Ari\u00e8ge"},"image":{"@id":"https:\/\/www.norgeat.fr\/#\/schema\/logo\/image\/"}}]}},"rttpg_featured_image_url":{"full":["https:\/\/www.norgeat.fr\/wp-content\/uploads\/2024\/12\/avant-reseau-presentation.jpg",1000,522,false],"landscape":["https:\/\/www.norgeat.fr\/wp-content\/uploads\/2024\/12\/avant-reseau-presentation.jpg",1000,522,false],"portraits":["https:\/\/www.norgeat.fr\/wp-content\/uploads\/2024\/12\/avant-reseau-presentation.jpg",1000,522,false],"thumbnail":["https:\/\/www.norgeat.fr\/wp-content\/uploads\/2024\/12\/avant-reseau-presentation-150x150.jpg",150,150,true],"medium":["https:\/\/www.norgeat.fr\/wp-content\/uploads\/2024\/12\/avant-reseau-presentation-300x157.jpg",300,157,true],"large":["https:\/\/www.norgeat.fr\/wp-content\/uploads\/2024\/12\/avant-reseau-presentation.jpg",800,418,false],"1536x1536":["https:\/\/www.norgeat.fr\/wp-content\/uploads\/2024\/12\/avant-reseau-presentation.jpg",1000,522,false],"2048x2048":["https:\/\/www.norgeat.fr\/wp-content\/uploads\/2024\/12\/avant-reseau-presentation.jpg",1000,522,false],"onepress-blog-small":["https:\/\/www.norgeat.fr\/wp-content\/uploads\/2024\/12\/avant-reseau-presentation-300x150.jpg",300,150,true],"onepress-small":["https:\/\/www.norgeat.fr\/wp-content\/uploads\/2024\/12\/avant-reseau-presentation-480x300.jpg",480,300,true],"onepress-medium":["https:\/\/www.norgeat.fr\/wp-content\/uploads\/2024\/12\/avant-reseau-presentation-640x400.jpg",640,400,true]},"rttpg_author":{"display_name":"norgeat","author_link":"https:\/\/www.norgeat.fr\/index.php\/author\/norgeat\/"},"rttpg_comment":0,"rttpg_category":null,"rttpg_excerpt":"Pr\u00e9sentation NORGEAT est l\u2019un des cinq villages et hameaux de la Commune de Miglos, laquelle est situ\u00e9e, selon la d\u00e9nomination actuelle, dans le \u00ab\u00a0Pays de Tarascon-sur-Ari\u00e8ge\u00a0\u00bb.Dans les Temps Anciens, le ...","_links":{"self":[{"href":"https:\/\/www.norgeat.fr\/index.php\/wp-json\/wp\/v2\/pages\/1427","targetHints":{"allow":["GET"]}}],"collection":[{"href":"https:\/\/www.norgeat.fr\/index.php\/wp-json\/wp\/v2\/pages"}],"about":[{"href":"https:\/\/www.norgeat.fr\/index.php\/wp-json\/wp\/v2\/types\/page"}],"author":[{"embeddable":true,"href":"https:\/\/www.norgeat.fr\/index.php\/wp-json\/wp\/v2\/users\/2"}],"replies":[{"embeddable":true,"href":"https:\/\/www.norgeat.fr\/index.php\/wp-json\/wp\/v2\/comments?post=1427"}],"version-history":[{"count":16,"href":"https:\/\/www.norgeat.fr\/index.php\/wp-json\/wp\/v2\/pages\/1427\/revisions"}],"predecessor-version":[{"id":2634,"href":"https:\/\/www.norgeat.fr\/index.php\/wp-json\/wp\/v2\/pages\/1427\/revisions\/2634"}],"up":[{"embeddable":true,"href":"https:\/\/www.norgeat.fr\/index.php\/wp-json\/wp\/v2\/pages\/1328"}],"wp:featuredmedia":[{"embeddable":true,"href":"https:\/\/www.norgeat.fr\/index.php\/wp-json\/wp\/v2\/media\/135"}],"wp:attachment":[{"href":"https:\/\/www.norgeat.fr\/index.php\/wp-json\/wp\/v2\/media?parent=1427"}],"curies":[{"name":"wp","href":"https:\/\/api.w.org\/{rel}","templated":true}]}}