{"id":1439,"date":"2024-12-10T00:39:59","date_gmt":"2024-12-09T23:39:59","guid":{"rendered":"http:\/\/www.norgeat.fr\/?page_id=1439"},"modified":"2024-12-11T22:04:36","modified_gmt":"2024-12-11T21:04:36","slug":"hommage-a-labbe-sabas-maury","status":"publish","type":"page","link":"https:\/\/www.norgeat.fr\/index.php\/la-paroisse-de-norgeat\/hommage-a-labbe-sabas-maury\/","title":{"rendered":"Abb\u00e9 Sabas MAURY"},"content":{"rendered":"\n<h2 class=\"wp-block-heading\">Hommage \u00e0 l\u2019abb\u00e9 Sabas Jean-Marie Aubin MAURY (1863-1923)<\/h2>\n\n\n\n<p>Ce pr\u00eatre a \u00e9t\u00e9 cur\u00e9 de Miglos de Janvier 1890 \u00e0 Ao\u00fbt 1906.<br>A son arriv\u00e9e il avait en charge le secteur de la paroisse de Miglos-Arquizat, comprenant les villages d\u2019Arquizat, Norrat, Axiat et Baychon.<br>Puis, \u00e0 partir de D\u00e9cembre 1892, s\u2019y rajoutera Norgeat, \u00e0 la suppression de cette paroisse.<br>(A noter qu\u2019entre Ao\u00fbt 1898 et Janvier 1901 un pr\u00eatre, Jean-Baptiste Mazenc, sera \u00e0 nouveau nomm\u00e9 \u00e0 Norgeat).<\/p>\n\n\n\n<p>C\u2019est dans son presbyt\u00e8re d\u2019Arquizat que l\u2019abb\u00e9 Sabas Maury a compos\u00e9 le fameux hymne Ari\u00e9geois : \u00ab\u00a0<em><a href=\"https:\/\/chateau-miglos.fr\/wordpress-test\/explorer\/chemin-dinterpretation\/ariejo-o-moun-pais\/\" target=\"_blank\" rel=\"noreferrer noopener\">Ari\u00e8jo \u00f4 moun pa\u00efs<\/a><\/em>\u00ab\u00a0.<\/p>\n\n\n\n<p>Pour le centenaire de sa mort un hommage lui a \u00e9t\u00e9 rendu \u00e0 Miglos, dans le cadre des Journ\u00e9es Europ\u00e9ennes du Patrimoine 2023, \u00e0 l\u2019initiative de l&rsquo;Association des Amis du Ch\u00e2teau de Miglos.<br>Cr\u00e9\u00e9s par Jo\u00ebl Gardes, pr\u00e9sident de l&rsquo;association, cinq Tableaux retra\u00e7ant la vie et l\u2019\u0153uvre de ce pr\u00eatre ont \u00e9t\u00e9 pr\u00e9sent\u00e9s au public dans l\u2019\u00e9glise d\u2019Arquizat, les 16 et 17 Septembre 2023.<\/p>\n\n\n\n<p>Ces tableaux ont ensuite \u00e9t\u00e9 pr\u00eat\u00e9s \u00e0 l\u2019association Balj\u00e9so, de Gesti\u00e8s, pour la c\u00e9r\u00e9monie inaugurale d\u2019une plaque comm\u00e9morative appos\u00e9e sur la maison natale de Sabas Maury (4 Novembre 2023).<\/p>\n\n\n\n<p>Depuis fin 2023, les Tableaux en question (\u00ab\u00a0<em><a href=\"https:\/\/chateau-miglos.fr\/wordpress-test\/2024\/01\/18\/les-100-ans-de-labbe-sabas-maury\/\" target=\"_blank\" rel=\"noreferrer noopener\">Les 100 ans de l\u2019abb\u00e9 Sabas Maury<\/a><\/em>\u00ab\u00a0) sont expos\u00e9s de fa\u00e7on permanente dans les deux \u00e9glises de la commune de Miglos : St Hilaire d\u2019Arquizat et St Hilaire de Norgeat.<\/p>\n\n\n\n<figure class=\"wp-block-gallery aligncenter has-nested-images columns-default is-cropped wp-block-gallery-1 is-layout-flex wp-block-gallery-is-layout-flex\">\n<figure class=\"wp-block-image size-large\"><a href=\"https:\/\/www.norgeat.fr\/wp-content\/uploads\/2024\/12\/Panneaux-Sabas-Maury-Eglise-Arquizat1.jpg\" data-rel=\"lightbox-gallery-pSq5huw3\" data-rl_title=\"Panneaux Sabas Maury - Eglise d&#039;Arquizat\" data-rl_caption=\"Panneaux Sabas Maury - Eglise d&#039;Arquizat\" title=\"Panneaux Sabas Maury - Eglise d&#039;Arquizat\"><img loading=\"lazy\" decoding=\"async\" width=\"1024\" height=\"678\" data-id=\"1693\" src=\"https:\/\/www.norgeat.fr\/wp-content\/uploads\/2024\/12\/Panneaux-Sabas-Maury-Eglise-Arquizat1.jpg\" alt=\"\" class=\"wp-image-1693\"\/><\/a><figcaption class=\"wp-element-caption\">Panneaux Sabas Maury &#8211; Eglise d&rsquo;Arquizat<\/figcaption><\/figure>\n\n\n\n<figure class=\"wp-block-image size-large\"><a href=\"https:\/\/www.norgeat.fr\/wp-content\/uploads\/2024\/12\/Panneaux-Sabas-Maury-Eglise-Norgeat1.jpg\" data-rel=\"lightbox-gallery-pSq5huw3\" data-rl_title=\"Panneaux Sabas Maury - Eglise de Norgeat\" data-rl_caption=\"Panneaux Sabas Maury - Eglise de Norgeat\" title=\"Panneaux Sabas Maury - Eglise de Norgeat\"><img loading=\"lazy\" decoding=\"async\" width=\"1024\" height=\"651\" data-id=\"1694\" src=\"https:\/\/www.norgeat.fr\/wp-content\/uploads\/2024\/12\/Panneaux-Sabas-Maury-Eglise-Norgeat1-1024x651.jpg\" alt=\"\" class=\"wp-image-1694\"\/><\/a><figcaption class=\"wp-element-caption\">Panneaux Sabas Maury &#8211; Eglise de Norgeat<\/figcaption><\/figure>\n<\/figure>\n\n\n\n<p class=\"has-text-align-right\">GL. Mars 2024<\/p>\n\n\n\n<p><\/p>\n","protected":false},"excerpt":{"rendered":"<p>Hommage \u00e0 l\u2019abb\u00e9 Sabas Jean-Marie Aubin MAURY (1863-1923) Ce pr\u00eatre a \u00e9t\u00e9 cur\u00e9 de Miglos de Janvier 1890 \u00e0 Ao\u00fbt 1906.A son arriv\u00e9e il avait en charge le secteur de &#8230;<\/p>\n","protected":false},"author":2,"featured_media":2005,"parent":1165,"menu_order":2,"comment_status":"closed","ping_status":"closed","template":"","meta":{"footnotes":""},"class_list":["post-1439","page","type-page","status-publish","has-post-thumbnail","hentry"],"yoast_head":"<!-- This site is optimized with the Yoast SEO plugin v24.0 - https:\/\/yoast.com\/wordpress\/plugins\/seo\/ -->\n<title>Abb\u00e9 Sabas MAURY - Norgeat<\/title>\n<meta name=\"description\" content=\"Hommage \u00e0 l\u2019abb\u00e9 Sabas MAURY, auteur chanson &quot;Ari\u00e8jo \u00f4 moun pa\u00efs&quot;\" \/>\n<meta name=\"robots\" content=\"index, follow, max-snippet:-1, max-image-preview:large, max-video-preview:-1\" \/>\n<link rel=\"canonical\" href=\"https:\/\/www.norgeat.fr\/index.php\/la-paroisse-de-norgeat\/hommage-a-labbe-sabas-maury\/\" \/>\n<meta property=\"og:locale\" content=\"fr_FR\" \/>\n<meta property=\"og:type\" content=\"article\" \/>\n<meta property=\"og:title\" content=\"Hommage \u00e0 l\u2019abb\u00e9 Sabas MAURY,\" \/>\n<meta property=\"og:description\" content=\"Hommage \u00e0 l\u2019abb\u00e9 Sabas MAURY, auteur chanson &quot;Ari\u00e8jo \u00f4 moun pa\u00efs&quot;\" \/>\n<meta property=\"og:url\" content=\"https:\/\/www.norgeat.fr\/index.php\/la-paroisse-de-norgeat\/hommage-a-labbe-sabas-maury\/\" \/>\n<meta property=\"og:site_name\" content=\"Norgeat\" \/>\n<meta property=\"article:modified_time\" content=\"2024-12-11T21:04:36+00:00\" \/>\n<meta property=\"og:image\" content=\"https:\/\/www.norgeat.fr\/wp-content\/uploads\/2024\/12\/avant-reseau-sabas.jpg\" \/>\n\t<meta property=\"og:image:width\" content=\"1000\" \/>\n\t<meta property=\"og:image:height\" content=\"522\" \/>\n\t<meta property=\"og:image:type\" content=\"image\/jpeg\" \/>\n<meta name=\"twitter:card\" content=\"summary_large_image\" \/>\n<meta name=\"twitter:title\" content=\"Hommage \u00e0 l\u2019abb\u00e9 Sabas MAURY\" \/>\n<meta name=\"twitter:description\" content=\"Hommage \u00e0 l\u2019abb\u00e9 Sabas MAURY, auteur chanson &quot;Ari\u00e8jo \u00f4 moun pa\u00efs&quot;\" \/>\n<meta name=\"twitter:image\" content=\"https:\/\/www.norgeat.fr\/wp-content\/uploads\/2024\/12\/avant-reseau-sabas.jpg\" \/>\n<meta name=\"twitter:label1\" content=\"Dur\u00e9e de lecture estim\u00e9e\" \/>\n\t<meta name=\"twitter:data1\" content=\"2 minutes\" \/>\n<script type=\"application\/ld+json\" class=\"yoast-schema-graph\">{\"@context\":\"https:\/\/schema.org\",\"@graph\":[{\"@type\":\"WebPage\",\"@id\":\"https:\/\/www.norgeat.fr\/index.php\/la-paroisse-de-norgeat\/hommage-a-labbe-sabas-maury\/\",\"url\":\"https:\/\/www.norgeat.fr\/index.php\/la-paroisse-de-norgeat\/hommage-a-labbe-sabas-maury\/\",\"name\":\"Abb\u00e9 Sabas MAURY - Norgeat\",\"isPartOf\":{\"@id\":\"https:\/\/www.norgeat.fr\/#website\"},\"primaryImageOfPage\":{\"@id\":\"https:\/\/www.norgeat.fr\/index.php\/la-paroisse-de-norgeat\/hommage-a-labbe-sabas-maury\/#primaryimage\"},\"image\":{\"@id\":\"https:\/\/www.norgeat.fr\/index.php\/la-paroisse-de-norgeat\/hommage-a-labbe-sabas-maury\/#primaryimage\"},\"thumbnailUrl\":\"https:\/\/www.norgeat.fr\/wp-content\/uploads\/2024\/12\/avant-reseau-sabas.jpg\",\"datePublished\":\"2024-12-09T23:39:59+00:00\",\"dateModified\":\"2024-12-11T21:04:36+00:00\",\"description\":\"Hommage \u00e0 l\u2019abb\u00e9 Sabas MAURY, auteur chanson \\\"Ari\u00e8jo \u00f4 moun pa\u00efs\\\"\",\"breadcrumb\":{\"@id\":\"https:\/\/www.norgeat.fr\/index.php\/la-paroisse-de-norgeat\/hommage-a-labbe-sabas-maury\/#breadcrumb\"},\"inLanguage\":\"fr-FR\",\"potentialAction\":[{\"@type\":\"ReadAction\",\"target\":[\"https:\/\/www.norgeat.fr\/index.php\/la-paroisse-de-norgeat\/hommage-a-labbe-sabas-maury\/\"]}]},{\"@type\":\"ImageObject\",\"inLanguage\":\"fr-FR\",\"@id\":\"https:\/\/www.norgeat.fr\/index.php\/la-paroisse-de-norgeat\/hommage-a-labbe-sabas-maury\/#primaryimage\",\"url\":\"https:\/\/www.norgeat.fr\/wp-content\/uploads\/2024\/12\/avant-reseau-sabas.jpg\",\"contentUrl\":\"https:\/\/www.norgeat.fr\/wp-content\/uploads\/2024\/12\/avant-reseau-sabas.jpg\",\"width\":1000,\"height\":522},{\"@type\":\"BreadcrumbList\",\"@id\":\"https:\/\/www.norgeat.fr\/index.php\/la-paroisse-de-norgeat\/hommage-a-labbe-sabas-maury\/#breadcrumb\",\"itemListElement\":[{\"@type\":\"ListItem\",\"position\":1,\"name\":\"Accueil\",\"item\":\"https:\/\/www.norgeat.fr\/\"},{\"@type\":\"ListItem\",\"position\":2,\"name\":\"La Paroisse\",\"item\":\"https:\/\/www.norgeat.fr\/index.php\/la-paroisse-de-norgeat\/\"},{\"@type\":\"ListItem\",\"position\":3,\"name\":\"Abb\u00e9 Sabas MAURY\"}]},{\"@type\":\"WebSite\",\"@id\":\"https:\/\/www.norgeat.fr\/#website\",\"url\":\"https:\/\/www.norgeat.fr\/\",\"name\":\"Norgeat\",\"description\":\"Norgeat, d&#039;hier et d&#039;aujourd&#039;hui...\",\"publisher\":{\"@id\":\"https:\/\/www.norgeat.fr\/#organization\"},\"potentialAction\":[{\"@type\":\"SearchAction\",\"target\":{\"@type\":\"EntryPoint\",\"urlTemplate\":\"https:\/\/www.norgeat.fr\/?s={search_term_string}\"},\"query-input\":{\"@type\":\"PropertyValueSpecification\",\"valueRequired\":true,\"valueName\":\"search_term_string\"}}],\"inLanguage\":\"fr-FR\"},{\"@type\":\"Organization\",\"@id\":\"https:\/\/www.norgeat.fr\/#organization\",\"name\":\"Le village de Norgeat en Ari\u00e8ge\",\"url\":\"https:\/\/www.norgeat.fr\/\",\"logo\":{\"@type\":\"ImageObject\",\"inLanguage\":\"fr-FR\",\"@id\":\"https:\/\/www.norgeat.fr\/#\/schema\/logo\/image\/\",\"url\":\"https:\/\/www.norgeat.fr\/wp-content\/uploads\/2024\/12\/logo-norgeat-v.png\",\"contentUrl\":\"https:\/\/www.norgeat.fr\/wp-content\/uploads\/2024\/12\/logo-norgeat-v.png\",\"width\":4306,\"height\":1521,\"caption\":\"Le village de Norgeat en Ari\u00e8ge\"},\"image\":{\"@id\":\"https:\/\/www.norgeat.fr\/#\/schema\/logo\/image\/\"}}]}<\/script>\n<!-- \/ Yoast SEO plugin. -->","yoast_head_json":{"title":"Abb\u00e9 Sabas MAURY - Norgeat","description":"Hommage \u00e0 l\u2019abb\u00e9 Sabas MAURY, auteur chanson \"Ari\u00e8jo \u00f4 moun pa\u00efs\"","robots":{"index":"index","follow":"follow","max-snippet":"max-snippet:-1","max-image-preview":"max-image-preview:large","max-video-preview":"max-video-preview:-1"},"canonical":"https:\/\/www.norgeat.fr\/index.php\/la-paroisse-de-norgeat\/hommage-a-labbe-sabas-maury\/","og_locale":"fr_FR","og_type":"article","og_title":"Hommage \u00e0 l\u2019abb\u00e9 Sabas MAURY,","og_description":"Hommage \u00e0 l\u2019abb\u00e9 Sabas MAURY, auteur chanson \"Ari\u00e8jo \u00f4 moun pa\u00efs\"","og_url":"https:\/\/www.norgeat.fr\/index.php\/la-paroisse-de-norgeat\/hommage-a-labbe-sabas-maury\/","og_site_name":"Norgeat","article_modified_time":"2024-12-11T21:04:36+00:00","og_image":[{"width":1000,"height":522,"url":"https:\/\/www.norgeat.fr\/wp-content\/uploads\/2024\/12\/avant-reseau-sabas.jpg","type":"image\/jpeg"}],"twitter_card":"summary_large_image","twitter_title":"Hommage \u00e0 l\u2019abb\u00e9 Sabas MAURY","twitter_description":"Hommage \u00e0 l\u2019abb\u00e9 Sabas MAURY, auteur chanson \"Ari\u00e8jo \u00f4 moun pa\u00efs\"","twitter_image":"https:\/\/www.norgeat.fr\/wp-content\/uploads\/2024\/12\/avant-reseau-sabas.jpg","twitter_misc":{"Dur\u00e9e de lecture estim\u00e9e":"2 minutes"},"schema":{"@context":"https:\/\/schema.org","@graph":[{"@type":"WebPage","@id":"https:\/\/www.norgeat.fr\/index.php\/la-paroisse-de-norgeat\/hommage-a-labbe-sabas-maury\/","url":"https:\/\/www.norgeat.fr\/index.php\/la-paroisse-de-norgeat\/hommage-a-labbe-sabas-maury\/","name":"Abb\u00e9 Sabas MAURY - Norgeat","isPartOf":{"@id":"https:\/\/www.norgeat.fr\/#website"},"primaryImageOfPage":{"@id":"https:\/\/www.norgeat.fr\/index.php\/la-paroisse-de-norgeat\/hommage-a-labbe-sabas-maury\/#primaryimage"},"image":{"@id":"https:\/\/www.norgeat.fr\/index.php\/la-paroisse-de-norgeat\/hommage-a-labbe-sabas-maury\/#primaryimage"},"thumbnailUrl":"https:\/\/www.norgeat.fr\/wp-content\/uploads\/2024\/12\/avant-reseau-sabas.jpg","datePublished":"2024-12-09T23:39:59+00:00","dateModified":"2024-12-11T21:04:36+00:00","description":"Hommage \u00e0 l\u2019abb\u00e9 Sabas MAURY, auteur chanson \"Ari\u00e8jo \u00f4 moun pa\u00efs\"","breadcrumb":{"@id":"https:\/\/www.norgeat.fr\/index.php\/la-paroisse-de-norgeat\/hommage-a-labbe-sabas-maury\/#breadcrumb"},"inLanguage":"fr-FR","potentialAction":[{"@type":"ReadAction","target":["https:\/\/www.norgeat.fr\/index.php\/la-paroisse-de-norgeat\/hommage-a-labbe-sabas-maury\/"]}]},{"@type":"ImageObject","inLanguage":"fr-FR","@id":"https:\/\/www.norgeat.fr\/index.php\/la-paroisse-de-norgeat\/hommage-a-labbe-sabas-maury\/#primaryimage","url":"https:\/\/www.norgeat.fr\/wp-content\/uploads\/2024\/12\/avant-reseau-sabas.jpg","contentUrl":"https:\/\/www.norgeat.fr\/wp-content\/uploads\/2024\/12\/avant-reseau-sabas.jpg","width":1000,"height":522},{"@type":"BreadcrumbList","@id":"https:\/\/www.norgeat.fr\/index.php\/la-paroisse-de-norgeat\/hommage-a-labbe-sabas-maury\/#breadcrumb","itemListElement":[{"@type":"ListItem","position":1,"name":"Accueil","item":"https:\/\/www.norgeat.fr\/"},{"@type":"ListItem","position":2,"name":"La Paroisse","item":"https:\/\/www.norgeat.fr\/index.php\/la-paroisse-de-norgeat\/"},{"@type":"ListItem","position":3,"name":"Abb\u00e9 Sabas MAURY"}]},{"@type":"WebSite","@id":"https:\/\/www.norgeat.fr\/#website","url":"https:\/\/www.norgeat.fr\/","name":"Norgeat","description":"Norgeat, d&#039;hier et d&#039;aujourd&#039;hui...","publisher":{"@id":"https:\/\/www.norgeat.fr\/#organization"},"potentialAction":[{"@type":"SearchAction","target":{"@type":"EntryPoint","urlTemplate":"https:\/\/www.norgeat.fr\/?s={search_term_string}"},"query-input":{"@type":"PropertyValueSpecification","valueRequired":true,"valueName":"search_term_string"}}],"inLanguage":"fr-FR"},{"@type":"Organization","@id":"https:\/\/www.norgeat.fr\/#organization","name":"Le village de Norgeat en Ari\u00e8ge","url":"https:\/\/www.norgeat.fr\/","logo":{"@type":"ImageObject","inLanguage":"fr-FR","@id":"https:\/\/www.norgeat.fr\/#\/schema\/logo\/image\/","url":"https:\/\/www.norgeat.fr\/wp-content\/uploads\/2024\/12\/logo-norgeat-v.png","contentUrl":"https:\/\/www.norgeat.fr\/wp-content\/uploads\/2024\/12\/logo-norgeat-v.png","width":4306,"height":1521,"caption":"Le village de Norgeat en Ari\u00e8ge"},"image":{"@id":"https:\/\/www.norgeat.fr\/#\/schema\/logo\/image\/"}}]}},"rttpg_featured_image_url":{"full":["https:\/\/www.norgeat.fr\/wp-content\/uploads\/2024\/12\/avant-reseau-sabas.jpg",1000,522,false],"landscape":["https:\/\/www.norgeat.fr\/wp-content\/uploads\/2024\/12\/avant-reseau-sabas.jpg",1000,522,false],"portraits":["https:\/\/www.norgeat.fr\/wp-content\/uploads\/2024\/12\/avant-reseau-sabas.jpg",1000,522,false],"thumbnail":["https:\/\/www.norgeat.fr\/wp-content\/uploads\/2024\/12\/avant-reseau-sabas-150x150.jpg",150,150,true],"medium":["https:\/\/www.norgeat.fr\/wp-content\/uploads\/2024\/12\/avant-reseau-sabas-300x157.jpg",300,157,true],"large":["https:\/\/www.norgeat.fr\/wp-content\/uploads\/2024\/12\/avant-reseau-sabas.jpg",800,418,false],"1536x1536":["https:\/\/www.norgeat.fr\/wp-content\/uploads\/2024\/12\/avant-reseau-sabas.jpg",1000,522,false],"2048x2048":["https:\/\/www.norgeat.fr\/wp-content\/uploads\/2024\/12\/avant-reseau-sabas.jpg",1000,522,false],"onepress-blog-small":["https:\/\/www.norgeat.fr\/wp-content\/uploads\/2024\/12\/avant-reseau-sabas-300x150.jpg",300,150,true],"onepress-small":["https:\/\/www.norgeat.fr\/wp-content\/uploads\/2024\/12\/avant-reseau-sabas-480x300.jpg",480,300,true],"onepress-medium":["https:\/\/www.norgeat.fr\/wp-content\/uploads\/2024\/12\/avant-reseau-sabas-640x400.jpg",640,400,true]},"rttpg_author":{"display_name":"norgeat","author_link":"https:\/\/www.norgeat.fr\/index.php\/author\/norgeat\/"},"rttpg_comment":0,"rttpg_category":null,"rttpg_excerpt":"Hommage \u00e0 l\u2019abb\u00e9 Sabas Jean-Marie Aubin MAURY (1863-1923) Ce pr\u00eatre a \u00e9t\u00e9 cur\u00e9 de Miglos de Janvier 1890 \u00e0 Ao\u00fbt 1906.A son arriv\u00e9e il avait en charge le secteur de ...","_links":{"self":[{"href":"https:\/\/www.norgeat.fr\/index.php\/wp-json\/wp\/v2\/pages\/1439","targetHints":{"allow":["GET"]}}],"collection":[{"href":"https:\/\/www.norgeat.fr\/index.php\/wp-json\/wp\/v2\/pages"}],"about":[{"href":"https:\/\/www.norgeat.fr\/index.php\/wp-json\/wp\/v2\/types\/page"}],"author":[{"embeddable":true,"href":"https:\/\/www.norgeat.fr\/index.php\/wp-json\/wp\/v2\/users\/2"}],"replies":[{"embeddable":true,"href":"https:\/\/www.norgeat.fr\/index.php\/wp-json\/wp\/v2\/comments?post=1439"}],"version-history":[{"count":4,"href":"https:\/\/www.norgeat.fr\/index.php\/wp-json\/wp\/v2\/pages\/1439\/revisions"}],"predecessor-version":[{"id":1696,"href":"https:\/\/www.norgeat.fr\/index.php\/wp-json\/wp\/v2\/pages\/1439\/revisions\/1696"}],"up":[{"embeddable":true,"href":"https:\/\/www.norgeat.fr\/index.php\/wp-json\/wp\/v2\/pages\/1165"}],"wp:featuredmedia":[{"embeddable":true,"href":"https:\/\/www.norgeat.fr\/index.php\/wp-json\/wp\/v2\/media\/2005"}],"wp:attachment":[{"href":"https:\/\/www.norgeat.fr\/index.php\/wp-json\/wp\/v2\/media?parent=1439"}],"curies":[{"name":"wp","href":"https:\/\/api.w.org\/{rel}","templated":true}]}}