{"id":1443,"date":"2024-12-10T00:43:11","date_gmt":"2024-12-09T23:43:11","guid":{"rendered":"http:\/\/www.norgeat.fr\/?page_id=1443"},"modified":"2025-02-20T17:42:31","modified_gmt":"2025-02-20T16:42:31","slug":"les-12-tableaux-historique-eglise-de-norgeat","status":"publish","type":"page","link":"https:\/\/www.norgeat.fr\/index.php\/la-paroisse-de-norgeat\/les-12-tableaux-historique-eglise-de-norgeat\/","title":{"rendered":"Historique condens\u00e9 (12 Tableaux)"},"content":{"rendered":"\n<h2 class=\"wp-block-heading\">Historique condens\u00e9 (12 Tableaux)<\/h2>\n\n\n\n<h3 class=\"wp-block-heading\">Affichage d\u2019un Historique de l\u2019\u00c9glise de Norgeat sur la fa\u00e7ade sud de l\u2019\u00e9difice<\/h3>\n\n\n\n<p>L\u2019\u00e9glise \u00e9tait nagu\u00e8re \u00ab\u00a0<em>la maison commune<\/em>\u00a0\u00bb o\u00f9 la population du village venait se rassembler, autour de son pasteur, pour tous les \u00e9v\u00e9nements marquants de la vie quotidienne, qu\u2019ils soient joyeux ou tristes et, bien entendu, pour assister \u00e0 l\u2019office des dimanches ou \u00e0 la c\u00e9l\u00e9bration des f\u00eates religieuses.<\/p>\n\n\n\n<p>A Norgeat, comme dans la plupart de nos hameaux de montagne, force est de constater (avec une certaine nostalgie pour les plus anciens), que notre \u00e9glise a fini par s\u2019endormir, au fil du temps.<br>La porte de l\u2019\u00e9difice ne s\u2019ouvre plus qu\u2019\u00e0 l\u2019occasion des enterrements et les cloches, qui rythmaient autrefois le quotidien des habitants, restent obstin\u00e9ment muettes.<br>Aujourd\u2019hui, rares sont les habitants du village qui peuvent dire quand, pourquoi et comment a \u00e9t\u00e9 construite leur \u00e9glise ?<br>Aussi, pour r\u00e9pondre \u00e0 ces questions, tout en rendant hommage aux courageux b\u00e2tisseurs Norgeatois du milieu du XIXe si\u00e8cle, et afin de participer \u00e0 la mise en valeur de notre patrimoine local, douze tableaux retra\u00e7ant l\u2019Histoire de l\u2019\u00c9glise St Hilaire de Norgeat, viennent d\u2019\u00eatre install\u00e9s sur le mur ext\u00e9rieur de l\u2019\u00e9difice. Ils sont pr\u00e9sent\u00e9s sur 4 grands panneaux en bois, fix\u00e9s de part et d\u2019autre de la porte d\u2019entr\u00e9e.<\/p>\n\n\n\n<figure class=\"wp-block-gallery aligncenter has-nested-images columns-default is-cropped wp-block-gallery-1 is-layout-flex wp-block-gallery-is-layout-flex\">\n<figure class=\"wp-block-image size-large\"><a href=\"https:\/\/www.norgeat.fr\/wp-content\/uploads\/2024\/12\/sit1.jpg\" data-rel=\"lightbox-gallery-poCCc49f\" data-rl_title=\"Les 12 tableaux de l&#039;\u00e9glise.\" data-rl_caption=\"Les 12 tableaux de l&#039;\u00e9glise.\" title=\"Les 12 tableaux de l&#039;\u00e9glise.\"><img loading=\"lazy\" decoding=\"async\" width=\"1024\" height=\"768\" data-id=\"1775\" src=\"https:\/\/www.norgeat.fr\/wp-content\/uploads\/2024\/12\/sit1.jpg\" alt=\"\" class=\"wp-image-1775\"\/><\/a><figcaption class=\"wp-element-caption\">Les 12 tableaux de l&rsquo;\u00e9glise.<\/figcaption><\/figure>\n\n\n\n<figure class=\"wp-block-image size-large\"><a href=\"https:\/\/www.norgeat.fr\/wp-content\/uploads\/2024\/12\/sit2.jpg\" data-rel=\"lightbox-gallery-poCCc49f\" data-rl_title=\"Les 12 tableaux de l&#039;\u00e9glise.\" data-rl_caption=\"Les 12 tableaux de l&#039;\u00e9glise.\" title=\"Les 12 tableaux de l&#039;\u00e9glise.\"><img loading=\"lazy\" decoding=\"async\" width=\"905\" height=\"1024\" data-id=\"1776\" src=\"https:\/\/www.norgeat.fr\/wp-content\/uploads\/2024\/12\/sit2.jpg\" alt=\"\" class=\"wp-image-1776\"\/><\/a><figcaption class=\"wp-element-caption\">Les 12 tableaux de l&rsquo;\u00e9glise.<\/figcaption><\/figure>\n\n\n\n<figure class=\"wp-block-image size-large\"><a href=\"https:\/\/www.norgeat.fr\/wp-content\/uploads\/2024\/12\/sit3.jpg\" data-rel=\"lightbox-gallery-poCCc49f\" data-rl_title=\"Les 12 tableaux de l&#039;\u00e9glise.\" data-rl_caption=\"Les 12 tableaux de l&#039;\u00e9glise.\" title=\"Les 12 tableaux de l&#039;\u00e9glise.\"><img loading=\"lazy\" decoding=\"async\" width=\"1024\" height=\"951\" data-id=\"1777\" src=\"https:\/\/www.norgeat.fr\/wp-content\/uploads\/2024\/12\/sit3.jpg\" alt=\"\" class=\"wp-image-1777\"\/><\/a><figcaption class=\"wp-element-caption\">Les 12 tableaux de l&rsquo;\u00e9glise.<\/figcaption><\/figure>\n\n\n\n<figure class=\"wp-block-image size-large\"><a href=\"https:\/\/www.norgeat.fr\/wp-content\/uploads\/2024\/12\/sit5.jpg\" data-rel=\"lightbox-gallery-poCCc49f\" data-rl_title=\"Les 12 tableaux de l&#039;\u00e9glise.\" data-rl_caption=\"Les 12 tableaux de l&#039;\u00e9glise.\" title=\"Les 12 tableaux de l&#039;\u00e9glise.\"><img loading=\"lazy\" decoding=\"async\" width=\"576\" height=\"1024\" data-id=\"1779\" src=\"https:\/\/www.norgeat.fr\/wp-content\/uploads\/2024\/12\/sit5.jpg\" alt=\"\" class=\"wp-image-1779\"\/><\/a><figcaption class=\"wp-element-caption\">Les 12 tableaux de l&rsquo;\u00e9glise.<\/figcaption><\/figure>\n\n\n\n<figure class=\"wp-block-image size-large\"><a href=\"https:\/\/www.norgeat.fr\/wp-content\/uploads\/2024\/12\/sit6.jpg\" data-rel=\"lightbox-gallery-poCCc49f\" data-rl_title=\"Les 12 tableaux de l&#039;\u00e9glise.\" data-rl_caption=\"Les 12 tableaux de l&#039;\u00e9glise.\" title=\"Les 12 tableaux de l&#039;\u00e9glise.\"><img loading=\"lazy\" decoding=\"async\" width=\"576\" height=\"1024\" data-id=\"1780\" src=\"https:\/\/www.norgeat.fr\/wp-content\/uploads\/2024\/12\/sit6.jpg\" alt=\"\" class=\"wp-image-1780\"\/><\/a><figcaption class=\"wp-element-caption\">Les 12 tableaux de l&rsquo;\u00e9glise.<\/figcaption><\/figure>\n\n\n\n<figure class=\"wp-block-image size-large\"><a href=\"https:\/\/www.norgeat.fr\/wp-content\/uploads\/2024\/12\/sit7.jpg\" data-rel=\"lightbox-gallery-poCCc49f\" data-rl_title=\"Les 12 tableaux de l&#039;\u00e9glise.\" data-rl_caption=\"Les 12 tableaux de l&#039;\u00e9glise.\" title=\"Les 12 tableaux de l&#039;\u00e9glise.\"><img loading=\"lazy\" decoding=\"async\" width=\"1024\" height=\"768\" data-id=\"1781\" src=\"https:\/\/www.norgeat.fr\/wp-content\/uploads\/2024\/12\/sit7.jpg\" alt=\"\" class=\"wp-image-1781\"\/><\/a><figcaption class=\"wp-element-caption\">Les 12 tableaux de l&rsquo;\u00e9glise.<\/figcaption><\/figure>\n<\/figure>\n\n\n\n<p>C\u2019est \u00e0 partir de l\u2019\u00e9tude sur &lsquo;<em><a href=\"http:\/\/C\u2019est \u00e0 partir de l\u2019\u00e9tude sur &quot;La Paroisse de Norgeat&quot;, que cet historique a \u00e9t\u00e9 r\u00e9alis\u00e9.        Un tel projet, \u00e0 l\u2019initiative de Jeanine Prosper, a pu aboutir gr\u00e2ce au remarquable travail d\u2019une petite \u00e9quipe de b\u00e9n\u00e9voles, ainsi qu\u2019au soutien de la municipalit\u00e9 de Miglos.  Un vernissage de cette exposition s\u2019est d\u00e9roul\u00e9 le 29 Mai dernier, sous la pr\u00e9sidence de S\u00e9bastien Lacroix, maire de la commune, et en pr\u00e9sence de Bruno Anel, repr\u00e9sentant la cure de Tarascon dont d\u00e9pend l\u2019\u00e9glise de Norgeat.\">La Paroisse de Norgeat<\/a><\/em>\u00ab\u00a0, que cet historique a \u00e9t\u00e9 r\u00e9alis\u00e9.<\/p>\n\n\n\n<p>Un tel projet, \u00e0 l\u2019initiative de Jeanine Prosper, a pu aboutir gr\u00e2ce au remarquable travail d\u2019une petite \u00e9quipe de b\u00e9n\u00e9voles, ainsi qu\u2019au soutien de la municipalit\u00e9 de Miglos.<\/p>\n\n\n\n<p>Un vernissage de cette exposition s\u2019est d\u00e9roul\u00e9 le 29 Mai dernier, sous la pr\u00e9sidence de S\u00e9bastien Lacroix, maire de la commune, et en pr\u00e9sence de Bruno Anel, repr\u00e9sentant la cure de Tarascon dont d\u00e9pend l\u2019\u00e9glise de Norgeat.<\/p>\n\n\n\n<figure class=\"wp-block-gallery aligncenter has-nested-images columns-2 is-cropped wp-block-gallery-2 is-layout-flex wp-block-gallery-is-layout-flex\">\n<figure class=\"wp-block-image size-large\"><a href=\"https:\/\/www.norgeat.fr\/wp-content\/uploads\/2024\/12\/Ver-29Mai23-MA-1.jpg\" data-rel=\"lightbox-gallery-poCCc49f\" data-rl_title=\"Vernissage - 29 mai 2023 - Photos M.A\" data-rl_caption=\"Vernissage - 29 mai 2023 - Photos M.A\" title=\"Vernissage - 29 mai 2023 - Photos M.A\"><img loading=\"lazy\" decoding=\"async\" width=\"1024\" height=\"603\" data-id=\"1785\" src=\"https:\/\/www.norgeat.fr\/wp-content\/uploads\/2024\/12\/Ver-29Mai23-MA-1.jpg\" alt=\"\" class=\"wp-image-1785\"\/><\/a><figcaption class=\"wp-element-caption\">Vernissage &#8211; 29 mai 2023 &#8211; Photos M.A<\/figcaption><\/figure>\n\n\n\n<figure class=\"wp-block-image size-large\"><a href=\"https:\/\/www.norgeat.fr\/wp-content\/uploads\/2024\/12\/Ver-29Mai23-MA-2.jpg\" data-rel=\"lightbox-gallery-poCCc49f\" data-rl_title=\"Vernissage - 29 mai 2023 - Photos M.A\" data-rl_caption=\"Vernissage - 29 mai 2023 - Photos M.A\" title=\"Vernissage - 29 mai 2023 - Photos M.A\"><img loading=\"lazy\" decoding=\"async\" width=\"1024\" height=\"609\" data-id=\"1786\" src=\"https:\/\/www.norgeat.fr\/wp-content\/uploads\/2024\/12\/Ver-29Mai23-MA-2.jpg\" alt=\"\" class=\"wp-image-1786\"\/><\/a><figcaption class=\"wp-element-caption\">Vernissage &#8211; 29 mai 2023 &#8211; Photos M.A<\/figcaption><\/figure>\n\n\n\n<figure class=\"wp-block-image size-large\"><a href=\"https:\/\/www.norgeat.fr\/wp-content\/uploads\/2024\/12\/Ver-29Mai23-MA-3.jpg\" data-rel=\"lightbox-gallery-poCCc49f\" data-rl_title=\"Vernissage - 29 mai 2023 - Photos M.A\" data-rl_caption=\"Vernissage - 29 mai 2023 - Photos M.A\" title=\"Vernissage - 29 mai 2023 - Photos M.A\"><img loading=\"lazy\" decoding=\"async\" width=\"1024\" height=\"610\" data-id=\"1787\" src=\"https:\/\/www.norgeat.fr\/wp-content\/uploads\/2024\/12\/Ver-29Mai23-MA-3.jpg\" alt=\"\" class=\"wp-image-1787\"\/><\/a><figcaption class=\"wp-element-caption\">Vernissage &#8211; 29 mai 2023 &#8211; Photos M.A<\/figcaption><\/figure>\n\n\n\n<figure class=\"wp-block-image size-large\"><a href=\"https:\/\/www.norgeat.fr\/wp-content\/uploads\/2024\/12\/Ver-29Mai23-MA-4.jpg\" data-rel=\"lightbox-gallery-poCCc49f\" data-rl_title=\"Vernissage - 29 mai 2023 - Photos M.A\" data-rl_caption=\"Vernissage - 29 mai 2023 - Photos M.A\" title=\"Vernissage - 29 mai 2023 - Photos M.A\"><img loading=\"lazy\" decoding=\"async\" width=\"1024\" height=\"606\" data-id=\"1788\" src=\"https:\/\/www.norgeat.fr\/wp-content\/uploads\/2024\/12\/Ver-29Mai23-MA-4.jpg\" alt=\"\" class=\"wp-image-1788\"\/><\/a><figcaption class=\"wp-element-caption\">Vernissage &#8211; 29 mai 2023 &#8211; Photos M.A<\/figcaption><\/figure>\n<\/figure>\n","protected":false},"excerpt":{"rendered":"<p>Historique condens\u00e9 (12 Tableaux) Affichage d\u2019un Historique de l\u2019\u00c9glise de Norgeat sur la fa\u00e7ade sud de l\u2019\u00e9difice L\u2019\u00e9glise \u00e9tait nagu\u00e8re \u00ab\u00a0la maison commune\u00a0\u00bb o\u00f9 la population du village venait se &#8230;<\/p>\n","protected":false},"author":2,"featured_media":2009,"parent":1165,"menu_order":4,"comment_status":"closed","ping_status":"closed","template":"","meta":{"footnotes":""},"class_list":["post-1443","page","type-page","status-publish","has-post-thumbnail","hentry"],"yoast_head":"<!-- This site is optimized with the Yoast SEO plugin v24.0 - https:\/\/yoast.com\/wordpress\/plugins\/seo\/ -->\n<title>Historique condens\u00e9 (12 Tableaux) - Norgeat<\/title>\n<meta name=\"description\" content=\"C\u2019est \u00e0 partir de l\u2019\u00e9tude sur &#039;La Paroisse de Norgeat&quot;, que cet historique a \u00e9t\u00e9 r\u00e9alis\u00e9.Un tel projet, \u00e0 l\u2019initiative de Jeanine Prosper, a pu aboutir gr\u00e2ce au remarquable travail d\u2019une petite \u00e9quipe de b\u00e9n\u00e9voles, ainsi qu\u2019au soutien de la municipalit\u00e9 de Miglos.\" \/>\n<meta name=\"robots\" content=\"index, follow, max-snippet:-1, max-image-preview:large, max-video-preview:-1\" \/>\n<link rel=\"canonical\" href=\"https:\/\/www.norgeat.fr\/index.php\/la-paroisse-de-norgeat\/les-12-tableaux-historique-eglise-de-norgeat\/\" \/>\n<meta property=\"og:locale\" content=\"fr_FR\" \/>\n<meta property=\"og:type\" content=\"article\" \/>\n<meta property=\"og:title\" content=\"Les 12 Tableaux - Historique \u00e9glise de Norgeat\" \/>\n<meta property=\"og:description\" content=\"C\u2019est \u00e0 partir de l\u2019\u00e9tude sur &#039;La Paroisse de Norgeat&quot;, que cet historique a \u00e9t\u00e9 r\u00e9alis\u00e9.Un tel projet, \u00e0 l\u2019initiative de Jeanine Prosper, a pu aboutir gr\u00e2ce au remarquable travail d\u2019une petite \u00e9quipe de b\u00e9n\u00e9voles, ainsi qu\u2019au soutien de la municipalit\u00e9 de Miglos.\" \/>\n<meta property=\"og:url\" content=\"https:\/\/www.norgeat.fr\/index.php\/la-paroisse-de-norgeat\/les-12-tableaux-historique-eglise-de-norgeat\/\" \/>\n<meta property=\"og:site_name\" content=\"Norgeat\" \/>\n<meta property=\"article:modified_time\" content=\"2025-02-20T16:42:31+00:00\" \/>\n<meta property=\"og:image\" content=\"https:\/\/www.norgeat.fr\/wp-content\/uploads\/2024\/12\/avant-reseau-12panneaux.jpg\" \/>\n\t<meta property=\"og:image:width\" content=\"1000\" \/>\n\t<meta property=\"og:image:height\" content=\"522\" \/>\n\t<meta property=\"og:image:type\" content=\"image\/jpeg\" \/>\n<meta name=\"twitter:card\" content=\"summary_large_image\" \/>\n<meta name=\"twitter:title\" content=\"Les 12 Tableaux - Historique \u00e9glise de Norgeat\" \/>\n<meta name=\"twitter:description\" content=\"C\u2019est \u00e0 partir de l\u2019\u00e9tude sur &#039;La Paroisse de Norgeat&quot;, que cet historique a \u00e9t\u00e9 r\u00e9alis\u00e9.Un tel projet, \u00e0 l\u2019initiative de Jeanine Prosper, a pu aboutir gr\u00e2ce au remarquable travail d\u2019une petite \u00e9quipe de b\u00e9n\u00e9voles, ainsi qu\u2019au soutien de la municipalit\u00e9 de Miglos.\" \/>\n<meta name=\"twitter:image\" content=\"https:\/\/www.norgeat.fr\/wp-content\/uploads\/2024\/12\/avant-reseau-12panneaux.jpg\" \/>\n<meta name=\"twitter:label1\" content=\"Dur\u00e9e de lecture estim\u00e9e\" \/>\n\t<meta name=\"twitter:data1\" content=\"4 minutes\" \/>\n<script type=\"application\/ld+json\" class=\"yoast-schema-graph\">{\"@context\":\"https:\/\/schema.org\",\"@graph\":[{\"@type\":\"WebPage\",\"@id\":\"https:\/\/www.norgeat.fr\/index.php\/la-paroisse-de-norgeat\/les-12-tableaux-historique-eglise-de-norgeat\/\",\"url\":\"https:\/\/www.norgeat.fr\/index.php\/la-paroisse-de-norgeat\/les-12-tableaux-historique-eglise-de-norgeat\/\",\"name\":\"Historique condens\u00e9 (12 Tableaux) - Norgeat\",\"isPartOf\":{\"@id\":\"https:\/\/www.norgeat.fr\/#website\"},\"primaryImageOfPage\":{\"@id\":\"https:\/\/www.norgeat.fr\/index.php\/la-paroisse-de-norgeat\/les-12-tableaux-historique-eglise-de-norgeat\/#primaryimage\"},\"image\":{\"@id\":\"https:\/\/www.norgeat.fr\/index.php\/la-paroisse-de-norgeat\/les-12-tableaux-historique-eglise-de-norgeat\/#primaryimage\"},\"thumbnailUrl\":\"https:\/\/www.norgeat.fr\/wp-content\/uploads\/2024\/12\/avant-reseau-12panneaux.jpg\",\"datePublished\":\"2024-12-09T23:43:11+00:00\",\"dateModified\":\"2025-02-20T16:42:31+00:00\",\"description\":\"C\u2019est \u00e0 partir de l\u2019\u00e9tude sur 'La Paroisse de Norgeat\\\", que cet historique a \u00e9t\u00e9 r\u00e9alis\u00e9.Un tel projet, \u00e0 l\u2019initiative de Jeanine Prosper, a pu aboutir gr\u00e2ce au remarquable travail d\u2019une petite \u00e9quipe de b\u00e9n\u00e9voles, ainsi qu\u2019au soutien de la municipalit\u00e9 de Miglos.\",\"breadcrumb\":{\"@id\":\"https:\/\/www.norgeat.fr\/index.php\/la-paroisse-de-norgeat\/les-12-tableaux-historique-eglise-de-norgeat\/#breadcrumb\"},\"inLanguage\":\"fr-FR\",\"potentialAction\":[{\"@type\":\"ReadAction\",\"target\":[\"https:\/\/www.norgeat.fr\/index.php\/la-paroisse-de-norgeat\/les-12-tableaux-historique-eglise-de-norgeat\/\"]}]},{\"@type\":\"ImageObject\",\"inLanguage\":\"fr-FR\",\"@id\":\"https:\/\/www.norgeat.fr\/index.php\/la-paroisse-de-norgeat\/les-12-tableaux-historique-eglise-de-norgeat\/#primaryimage\",\"url\":\"https:\/\/www.norgeat.fr\/wp-content\/uploads\/2024\/12\/avant-reseau-12panneaux.jpg\",\"contentUrl\":\"https:\/\/www.norgeat.fr\/wp-content\/uploads\/2024\/12\/avant-reseau-12panneaux.jpg\",\"width\":1000,\"height\":522},{\"@type\":\"BreadcrumbList\",\"@id\":\"https:\/\/www.norgeat.fr\/index.php\/la-paroisse-de-norgeat\/les-12-tableaux-historique-eglise-de-norgeat\/#breadcrumb\",\"itemListElement\":[{\"@type\":\"ListItem\",\"position\":1,\"name\":\"Accueil\",\"item\":\"https:\/\/www.norgeat.fr\/\"},{\"@type\":\"ListItem\",\"position\":2,\"name\":\"La Paroisse\",\"item\":\"https:\/\/www.norgeat.fr\/index.php\/la-paroisse-de-norgeat\/\"},{\"@type\":\"ListItem\",\"position\":3,\"name\":\"Historique condens\u00e9 (12 Tableaux)\"}]},{\"@type\":\"WebSite\",\"@id\":\"https:\/\/www.norgeat.fr\/#website\",\"url\":\"https:\/\/www.norgeat.fr\/\",\"name\":\"Norgeat\",\"description\":\"Norgeat, d&#039;hier et d&#039;aujourd&#039;hui...\",\"publisher\":{\"@id\":\"https:\/\/www.norgeat.fr\/#organization\"},\"potentialAction\":[{\"@type\":\"SearchAction\",\"target\":{\"@type\":\"EntryPoint\",\"urlTemplate\":\"https:\/\/www.norgeat.fr\/?s={search_term_string}\"},\"query-input\":{\"@type\":\"PropertyValueSpecification\",\"valueRequired\":true,\"valueName\":\"search_term_string\"}}],\"inLanguage\":\"fr-FR\"},{\"@type\":\"Organization\",\"@id\":\"https:\/\/www.norgeat.fr\/#organization\",\"name\":\"Le village de Norgeat en Ari\u00e8ge\",\"url\":\"https:\/\/www.norgeat.fr\/\",\"logo\":{\"@type\":\"ImageObject\",\"inLanguage\":\"fr-FR\",\"@id\":\"https:\/\/www.norgeat.fr\/#\/schema\/logo\/image\/\",\"url\":\"https:\/\/www.norgeat.fr\/wp-content\/uploads\/2024\/12\/logo-norgeat-v.png\",\"contentUrl\":\"https:\/\/www.norgeat.fr\/wp-content\/uploads\/2024\/12\/logo-norgeat-v.png\",\"width\":4306,\"height\":1521,\"caption\":\"Le village de Norgeat en Ari\u00e8ge\"},\"image\":{\"@id\":\"https:\/\/www.norgeat.fr\/#\/schema\/logo\/image\/\"}}]}<\/script>\n<!-- \/ Yoast SEO plugin. -->","yoast_head_json":{"title":"Historique condens\u00e9 (12 Tableaux) - Norgeat","description":"C\u2019est \u00e0 partir de l\u2019\u00e9tude sur 'La Paroisse de Norgeat\", que cet historique a \u00e9t\u00e9 r\u00e9alis\u00e9.Un tel projet, \u00e0 l\u2019initiative de Jeanine Prosper, a pu aboutir gr\u00e2ce au remarquable travail d\u2019une petite \u00e9quipe de b\u00e9n\u00e9voles, ainsi qu\u2019au soutien de la municipalit\u00e9 de Miglos.","robots":{"index":"index","follow":"follow","max-snippet":"max-snippet:-1","max-image-preview":"max-image-preview:large","max-video-preview":"max-video-preview:-1"},"canonical":"https:\/\/www.norgeat.fr\/index.php\/la-paroisse-de-norgeat\/les-12-tableaux-historique-eglise-de-norgeat\/","og_locale":"fr_FR","og_type":"article","og_title":"Les 12 Tableaux - Historique \u00e9glise de Norgeat","og_description":"C\u2019est \u00e0 partir de l\u2019\u00e9tude sur 'La Paroisse de Norgeat\", que cet historique a \u00e9t\u00e9 r\u00e9alis\u00e9.Un tel projet, \u00e0 l\u2019initiative de Jeanine Prosper, a pu aboutir gr\u00e2ce au remarquable travail d\u2019une petite \u00e9quipe de b\u00e9n\u00e9voles, ainsi qu\u2019au soutien de la municipalit\u00e9 de Miglos.","og_url":"https:\/\/www.norgeat.fr\/index.php\/la-paroisse-de-norgeat\/les-12-tableaux-historique-eglise-de-norgeat\/","og_site_name":"Norgeat","article_modified_time":"2025-02-20T16:42:31+00:00","og_image":[{"width":1000,"height":522,"url":"https:\/\/www.norgeat.fr\/wp-content\/uploads\/2024\/12\/avant-reseau-12panneaux.jpg","type":"image\/jpeg"}],"twitter_card":"summary_large_image","twitter_title":"Les 12 Tableaux - Historique \u00e9glise de Norgeat","twitter_description":"C\u2019est \u00e0 partir de l\u2019\u00e9tude sur 'La Paroisse de Norgeat\", que cet historique a \u00e9t\u00e9 r\u00e9alis\u00e9.Un tel projet, \u00e0 l\u2019initiative de Jeanine Prosper, a pu aboutir gr\u00e2ce au remarquable travail d\u2019une petite \u00e9quipe de b\u00e9n\u00e9voles, ainsi qu\u2019au soutien de la municipalit\u00e9 de Miglos.","twitter_image":"https:\/\/www.norgeat.fr\/wp-content\/uploads\/2024\/12\/avant-reseau-12panneaux.jpg","twitter_misc":{"Dur\u00e9e de lecture estim\u00e9e":"4 minutes"},"schema":{"@context":"https:\/\/schema.org","@graph":[{"@type":"WebPage","@id":"https:\/\/www.norgeat.fr\/index.php\/la-paroisse-de-norgeat\/les-12-tableaux-historique-eglise-de-norgeat\/","url":"https:\/\/www.norgeat.fr\/index.php\/la-paroisse-de-norgeat\/les-12-tableaux-historique-eglise-de-norgeat\/","name":"Historique condens\u00e9 (12 Tableaux) - Norgeat","isPartOf":{"@id":"https:\/\/www.norgeat.fr\/#website"},"primaryImageOfPage":{"@id":"https:\/\/www.norgeat.fr\/index.php\/la-paroisse-de-norgeat\/les-12-tableaux-historique-eglise-de-norgeat\/#primaryimage"},"image":{"@id":"https:\/\/www.norgeat.fr\/index.php\/la-paroisse-de-norgeat\/les-12-tableaux-historique-eglise-de-norgeat\/#primaryimage"},"thumbnailUrl":"https:\/\/www.norgeat.fr\/wp-content\/uploads\/2024\/12\/avant-reseau-12panneaux.jpg","datePublished":"2024-12-09T23:43:11+00:00","dateModified":"2025-02-20T16:42:31+00:00","description":"C\u2019est \u00e0 partir de l\u2019\u00e9tude sur 'La Paroisse de Norgeat\", que cet historique a \u00e9t\u00e9 r\u00e9alis\u00e9.Un tel projet, \u00e0 l\u2019initiative de Jeanine Prosper, a pu aboutir gr\u00e2ce au remarquable travail d\u2019une petite \u00e9quipe de b\u00e9n\u00e9voles, ainsi qu\u2019au soutien de la municipalit\u00e9 de Miglos.","breadcrumb":{"@id":"https:\/\/www.norgeat.fr\/index.php\/la-paroisse-de-norgeat\/les-12-tableaux-historique-eglise-de-norgeat\/#breadcrumb"},"inLanguage":"fr-FR","potentialAction":[{"@type":"ReadAction","target":["https:\/\/www.norgeat.fr\/index.php\/la-paroisse-de-norgeat\/les-12-tableaux-historique-eglise-de-norgeat\/"]}]},{"@type":"ImageObject","inLanguage":"fr-FR","@id":"https:\/\/www.norgeat.fr\/index.php\/la-paroisse-de-norgeat\/les-12-tableaux-historique-eglise-de-norgeat\/#primaryimage","url":"https:\/\/www.norgeat.fr\/wp-content\/uploads\/2024\/12\/avant-reseau-12panneaux.jpg","contentUrl":"https:\/\/www.norgeat.fr\/wp-content\/uploads\/2024\/12\/avant-reseau-12panneaux.jpg","width":1000,"height":522},{"@type":"BreadcrumbList","@id":"https:\/\/www.norgeat.fr\/index.php\/la-paroisse-de-norgeat\/les-12-tableaux-historique-eglise-de-norgeat\/#breadcrumb","itemListElement":[{"@type":"ListItem","position":1,"name":"Accueil","item":"https:\/\/www.norgeat.fr\/"},{"@type":"ListItem","position":2,"name":"La Paroisse","item":"https:\/\/www.norgeat.fr\/index.php\/la-paroisse-de-norgeat\/"},{"@type":"ListItem","position":3,"name":"Historique condens\u00e9 (12 Tableaux)"}]},{"@type":"WebSite","@id":"https:\/\/www.norgeat.fr\/#website","url":"https:\/\/www.norgeat.fr\/","name":"Norgeat","description":"Norgeat, d&#039;hier et d&#039;aujourd&#039;hui...","publisher":{"@id":"https:\/\/www.norgeat.fr\/#organization"},"potentialAction":[{"@type":"SearchAction","target":{"@type":"EntryPoint","urlTemplate":"https:\/\/www.norgeat.fr\/?s={search_term_string}"},"query-input":{"@type":"PropertyValueSpecification","valueRequired":true,"valueName":"search_term_string"}}],"inLanguage":"fr-FR"},{"@type":"Organization","@id":"https:\/\/www.norgeat.fr\/#organization","name":"Le village de Norgeat en Ari\u00e8ge","url":"https:\/\/www.norgeat.fr\/","logo":{"@type":"ImageObject","inLanguage":"fr-FR","@id":"https:\/\/www.norgeat.fr\/#\/schema\/logo\/image\/","url":"https:\/\/www.norgeat.fr\/wp-content\/uploads\/2024\/12\/logo-norgeat-v.png","contentUrl":"https:\/\/www.norgeat.fr\/wp-content\/uploads\/2024\/12\/logo-norgeat-v.png","width":4306,"height":1521,"caption":"Le village de Norgeat en Ari\u00e8ge"},"image":{"@id":"https:\/\/www.norgeat.fr\/#\/schema\/logo\/image\/"}}]}},"rttpg_featured_image_url":{"full":["https:\/\/www.norgeat.fr\/wp-content\/uploads\/2024\/12\/avant-reseau-12panneaux.jpg",1000,522,false],"landscape":["https:\/\/www.norgeat.fr\/wp-content\/uploads\/2024\/12\/avant-reseau-12panneaux.jpg",1000,522,false],"portraits":["https:\/\/www.norgeat.fr\/wp-content\/uploads\/2024\/12\/avant-reseau-12panneaux.jpg",1000,522,false],"thumbnail":["https:\/\/www.norgeat.fr\/wp-content\/uploads\/2024\/12\/avant-reseau-12panneaux-150x150.jpg",150,150,true],"medium":["https:\/\/www.norgeat.fr\/wp-content\/uploads\/2024\/12\/avant-reseau-12panneaux-300x157.jpg",300,157,true],"large":["https:\/\/www.norgeat.fr\/wp-content\/uploads\/2024\/12\/avant-reseau-12panneaux.jpg",800,418,false],"1536x1536":["https:\/\/www.norgeat.fr\/wp-content\/uploads\/2024\/12\/avant-reseau-12panneaux.jpg",1000,522,false],"2048x2048":["https:\/\/www.norgeat.fr\/wp-content\/uploads\/2024\/12\/avant-reseau-12panneaux.jpg",1000,522,false],"onepress-blog-small":["https:\/\/www.norgeat.fr\/wp-content\/uploads\/2024\/12\/avant-reseau-12panneaux-300x150.jpg",300,150,true],"onepress-small":["https:\/\/www.norgeat.fr\/wp-content\/uploads\/2024\/12\/avant-reseau-12panneaux-480x300.jpg",480,300,true],"onepress-medium":["https:\/\/www.norgeat.fr\/wp-content\/uploads\/2024\/12\/avant-reseau-12panneaux-640x400.jpg",640,400,true]},"rttpg_author":{"display_name":"norgeat","author_link":"https:\/\/www.norgeat.fr\/index.php\/author\/norgeat\/"},"rttpg_comment":0,"rttpg_category":null,"rttpg_excerpt":"Historique condens\u00e9 (12 Tableaux) Affichage d\u2019un Historique de l\u2019\u00c9glise de Norgeat sur la fa\u00e7ade sud de l\u2019\u00e9difice L\u2019\u00e9glise \u00e9tait nagu\u00e8re \u00ab\u00a0la maison commune\u00a0\u00bb o\u00f9 la population du village venait se ...","_links":{"self":[{"href":"https:\/\/www.norgeat.fr\/index.php\/wp-json\/wp\/v2\/pages\/1443","targetHints":{"allow":["GET"]}}],"collection":[{"href":"https:\/\/www.norgeat.fr\/index.php\/wp-json\/wp\/v2\/pages"}],"about":[{"href":"https:\/\/www.norgeat.fr\/index.php\/wp-json\/wp\/v2\/types\/page"}],"author":[{"embeddable":true,"href":"https:\/\/www.norgeat.fr\/index.php\/wp-json\/wp\/v2\/users\/2"}],"replies":[{"embeddable":true,"href":"https:\/\/www.norgeat.fr\/index.php\/wp-json\/wp\/v2\/comments?post=1443"}],"version-history":[{"count":6,"href":"https:\/\/www.norgeat.fr\/index.php\/wp-json\/wp\/v2\/pages\/1443\/revisions"}],"predecessor-version":[{"id":2531,"href":"https:\/\/www.norgeat.fr\/index.php\/wp-json\/wp\/v2\/pages\/1443\/revisions\/2531"}],"up":[{"embeddable":true,"href":"https:\/\/www.norgeat.fr\/index.php\/wp-json\/wp\/v2\/pages\/1165"}],"wp:featuredmedia":[{"embeddable":true,"href":"https:\/\/www.norgeat.fr\/index.php\/wp-json\/wp\/v2\/media\/2009"}],"wp:attachment":[{"href":"https:\/\/www.norgeat.fr\/index.php\/wp-json\/wp\/v2\/media?parent=1443"}],"curies":[{"name":"wp","href":"https:\/\/api.w.org\/{rel}","templated":true}]}}