{"id":1447,"date":"2024-12-10T00:46:08","date_gmt":"2024-12-09T23:46:08","guid":{"rendered":"http:\/\/www.norgeat.fr\/?page_id=1447"},"modified":"2024-12-11T22:34:55","modified_gmt":"2024-12-11T21:34:55","slug":"registre-de-la-paroisse-de-norgeat-de-1846-1893","status":"publish","type":"page","link":"https:\/\/www.norgeat.fr\/index.php\/la-paroisse-de-norgeat\/registre-de-la-paroisse-de-norgeat-de-1846-1893\/","title":{"rendered":"Registre de la Paroisse"},"content":{"rendered":"\n<h2 class=\"wp-block-heading\">Registre de la Paroisse 1846-1893<\/h2>\n\n\n\n<h3 class=\"wp-block-heading\">Le \u00ab\u00a0Registre de la Paroisse de Norgeat\u00a0\u00bb a \u00e9t\u00e9 retrouv\u00e9.<\/h3>\n\n\n\n<p>Disparu entre fin 1979 et d\u00e9but 1980, il aura fallu une quarantaine d\u2019ann\u00e9es pour que le registre en question r\u00e9apparaisse enfin.<\/p>\n\n\n\n<p>Dans le cadre de mon \u00e9tude sur l\u2019\u00e9glise de Norgeat, et comme je l&rsquo;indiquais en Septembre 1980 dans l&rsquo;article intitul\u00e9 \u00ab\u00a0<strong><em>Journal du cur\u00e9 Bedel 1851 &#8211; 1870<\/em><\/strong>\u00ab\u00a0, j\u2019avais pu consulter la copie manuscrite qui en avait \u00e9t\u00e9 faite par J.P. Daraux, l\u2019\u00e9t\u00e9 1979.<br>Je souhaitais malgr\u00e9 tout photocopier ce document dans son l\u2019int\u00e9gralit\u00e9, afin de pouvoir le pr\u00e9senter \u00e0 l\u2019appui du texte.<br>Le maire de Miglos de l\u2019\u00e9poque, Emile Daraux (de Norgeat), m\u2019avait donn\u00e9 son accord mais, malgr\u00e9 nos recherches conjointes dans tous les recoins possibles de la sacristie et de l\u2019\u00e9glise, le registre \u00e9tait rest\u00e9 introuvable.<br>La conclusion s\u2019imposait : quelqu\u2019un se l\u2019\u00e9tait appropri\u00e9.<\/p>\n\n\n\n<p>Bien que d\u00e9pit\u00e9 par un tel constat, je n\u2019ai jamais perdu de vue cette affaire.<br>En 2008, un heureux hasard me permettra de confondre \u00ab\u00a0<em>l\u2019emprunteur ind\u00e9licat<\/em>\u00a0\u00bb (dont je pr\u00e9f\u00e8re taire le nom), puis d\u2019obtenir, non sans difficult\u00e9s d\u2019ailleurs et bon nombre d\u2019ann\u00e9es plus tard, la restitution de ce pr\u00e9cieux document, qui est un bien commun des gens de Norgeat et fait incontestablement partie du patrimoine culturel de Miglos.<\/p>\n\n\n\n<p>Ao\u00fbt 2021, le \u00ab\u00a0<em>Journal de bord du cur\u00e9 Bedel<\/em>\u00a0\u00bb est enfin d\u00e9pos\u00e9 \u00e0 la cure de Tarascon, o\u00f9 sont conserv\u00e9es les archives de la paroisse de Miglos.<\/p>\n\n\n\n<p>Merci au P\u00e8re Daniel Pizivin (cur\u00e9-doyen de Tarascon), qui me l\u2019a confi\u00e9 le temps d\u2019en faire une copie num\u00e9ris\u00e9e (Cf. ci-apr\u00e8s).<br>Ce registre n&rsquo;\u00e9tant gu\u00e8re en bon \u00e9tat, il \u00e9tait souhaitable d&rsquo;\u00e9viter les manipulations fr\u00e9quentes pouvant nuire \u00e0 sa conservation. Aussi, la version num\u00e9ris\u00e9e permettra-t-elle d&rsquo;acc\u00e9der ais\u00e9ment aux informations qu&rsquo;il contient, en \u00e9vitant de le d\u00e9t\u00e9riorer davantage.<\/p>\n\n\n\n<p>Merci \u00e9galement \u00e0 Martine et Michel Aubier, dont l\u2019aide a \u00e9t\u00e9 d\u00e9terminante dans la phase restitution dudit document.<\/p>\n\n\n\n<p class=\"has-text-align-center\"><strong>Registre Paroisse Norgeat 1846 &#8211; 1893<\/strong><\/p>\n\n\n<div style=\"text-align:center;\">\n<div style=\"margin:8px 0px 4px;\"><a href=\"https:\/\/www.calameo.com\/books\/00067657161bc99f4cfc3\" target=\"_blank\">Registre Paroisse Norgeat 1846 &#8211; 1893<\/a><\/div>\n<p><iframe loading=\"lazy\" src=\"\/\/v.calameo.com\/?bkcode=00067657161bc99f4cfc3\" width=\"300\" height=\"194\" frameborder=\"0\" scrolling=\"no\" allowtransparency allowfullscreen style=\"margin:0 auto;\"><\/iframe><\/div>\n\n\n\n<div class=\"wp-block-file aligncenter\"><a id=\"wp-block-file--media-235a02fb-ca20-4dc9-b316-d6cd9810ec6c\" href=\"https:\/\/www.norgeat.fr\/wp-content\/uploads\/2024\/12\/Registre-paroisse-Norgeat-1846-18931.pdf\" target=\"_blank\" rel=\"noreferrer noopener\">Registre-paroisse-Norgeat-1846-1893<\/a><a href=\"https:\/\/www.norgeat.fr\/wp-content\/uploads\/2024\/12\/Registre-paroisse-Norgeat-1846-18931.pdf\" class=\"wp-block-file__button wp-element-button\" download aria-describedby=\"wp-block-file--media-235a02fb-ca20-4dc9-b316-d6cd9810ec6c\">T\u00e9l\u00e9charger<\/a><\/div>\n\n\n\n<p><strong>Description :<\/strong><\/p>\n\n\n\n<ul class=\"wp-block-list\">\n<li>Dimensions = 220 x 170 x 10 mm<\/li>\n\n\n\n<li>24 feuilles &#8211; 47 pages \u00e9crites<\/li>\n\n\n\n<li>Couverture cartonn\u00e9e (Etat d\u00e9fectueux &#8211; Dos non cartonn\u00e9)<\/li>\n\n\n\n<li>Brochage en mauvais \u00e9tat (3 liens de ficelle relient l\u2019ensemble : plat de devant, plat de derri\u00e8re et pages).<\/li>\n<\/ul>\n\n\n\n<p>On notera que la premi\u00e8re de couverture porte l\u2019inscription : \u00ab\u00a0<em>Registre des Premi\u00e8res Communions &amp; des Confirmations<\/em>\u00ab\u00a0.<br>Cette mention n\u2019a pas \u00e9t\u00e9 \u00e9crite par le cur\u00e9 Th\u00e9odore Bedel (qui a ouvert le registre d\u00e8s son installation \u00e0 Norgeat &#8211; Juillet 1851) mais tr\u00e8s vraisemblablement par son successeur, Louis Th\u00e9odore Rouzaud (arriv\u00e9 en Septembre 1870).<br>Le cur\u00e9 Bedel l\u2019avait intitul\u00e9 \u00ab\u00a0<em>Registre de la Paroisse de Norgeat<\/em>\u00ab\u00a0. (Cf. page 01).<\/p>\n\n\n\n<p>Apr\u00e8s le d\u00e9part du cur\u00e9 Rouzaud (Septembre 1892), la paroisse a \u00e9t\u00e9 rattach\u00e9e \u00e0 celle de Miglos. Le cur\u00e9 d\u2019Arquizat, Sabas Maury, a encore utilis\u00e9 le registre en question pour y inscrire le nom des enfants du village de Norgeat ayant \u00e9t\u00e9 \u00ab\u00a0<em>confirm\u00e9s dans l\u2019\u00e9glise de Siguer, par Monseigneur Rougerie, le 10 Septembre 1893<\/em>\u00ab\u00a0. (Cf. page 47).<\/p>\n\n\n\n<p class=\"has-text-align-right\">G.L. &#8211; Septembre 2021.<\/p>\n\n\n\n<hr class=\"wp-block-separator has-alpha-channel-opacity\"\/>\n\n\n\n<h3 class=\"wp-block-heading\">D\u00e9p\u00f4t du \u00ab\u00a0Registre de la Paroisse de Norgeat\u00a0\u00bb aux Archives D\u00e9partementales de l&rsquo;Ari\u00e8ge.<\/h3>\n\n\n\n<p>Par souci de pr\u00e9servation, le registre pr\u00e9cit\u00e9 a finalement \u00e9t\u00e9 d\u00e9pos\u00e9 aux Archives D\u00e9partementales de l&rsquo;Ari\u00e8ge, le 8 Ao\u00fbt 2022, par l&rsquo;interm\u00e9diaire d&rsquo;Aur\u00e8le Boulanger.<br>Un re\u00e7u de d\u00e9p\u00f4t a \u00e9t\u00e9 \u00e9tabli, au nom de G\u00e9rard Lafuente, par la Directrice des Archives, Marie-Georges Allabert.<\/p>\n\n\n\n<p class=\"has-text-align-right\">G.L. &#8211; Septembre 2022.<\/p>\n","protected":false},"excerpt":{"rendered":"<p>Registre de la Paroisse 1846-1893 Le \u00ab\u00a0Registre de la Paroisse de Norgeat\u00a0\u00bb a \u00e9t\u00e9 retrouv\u00e9. Disparu entre fin 1979 et d\u00e9but 1980, il aura fallu une quarantaine d\u2019ann\u00e9es pour que &#8230;<\/p>\n","protected":false},"author":2,"featured_media":2016,"parent":1165,"menu_order":7,"comment_status":"closed","ping_status":"closed","template":"","meta":{"footnotes":""},"class_list":["post-1447","page","type-page","status-publish","has-post-thumbnail","hentry"],"yoast_head":"<!-- This site is optimized with the Yoast SEO plugin v24.0 - https:\/\/yoast.com\/wordpress\/plugins\/seo\/ -->\n<title>Registre de la Paroisse - Norgeat<\/title>\n<meta name=\"description\" content=\"Le Registre de la Paroisse de Norgeat de 1846-1893 a \u00e9t\u00e9 retrouv\u00e9 - isparu entre fin 1979 et d\u00e9but 1980, il aura fallu une quarantaine d\u2019ann\u00e9es pour que le registre en question r\u00e9apparaisse enfin.\" \/>\n<meta name=\"robots\" content=\"index, follow, max-snippet:-1, max-image-preview:large, max-video-preview:-1\" \/>\n<link rel=\"canonical\" href=\"https:\/\/www.norgeat.fr\/index.php\/la-paroisse-de-norgeat\/registre-de-la-paroisse-de-norgeat-de-1846-1893\/\" \/>\n<meta property=\"og:locale\" content=\"fr_FR\" \/>\n<meta property=\"og:type\" content=\"article\" \/>\n<meta property=\"og:title\" content=\"Registre de la Paroisse de Norgeat de 1846-1893\" \/>\n<meta property=\"og:description\" content=\"Le Registre de la Paroisse de Norgeat de 1846-1893 a \u00e9t\u00e9 retrouv\u00e9 - isparu entre fin 1979 et d\u00e9but 1980, il aura fallu une quarantaine d\u2019ann\u00e9es pour que le registre en question r\u00e9apparaisse enfin.\" \/>\n<meta property=\"og:url\" content=\"https:\/\/www.norgeat.fr\/index.php\/la-paroisse-de-norgeat\/registre-de-la-paroisse-de-norgeat-de-1846-1893\/\" \/>\n<meta property=\"og:site_name\" content=\"Norgeat\" \/>\n<meta property=\"article:modified_time\" content=\"2024-12-11T21:34:55+00:00\" \/>\n<meta property=\"og:image\" content=\"https:\/\/www.norgeat.fr\/wp-content\/uploads\/2024\/12\/avant-reseau-registre.jpg\" \/>\n\t<meta property=\"og:image:width\" content=\"1000\" \/>\n\t<meta property=\"og:image:height\" content=\"522\" \/>\n\t<meta property=\"og:image:type\" content=\"image\/jpeg\" \/>\n<meta name=\"twitter:card\" content=\"summary_large_image\" \/>\n<meta name=\"twitter:title\" content=\"Registre de la Paroisse de Norgeat de 1846-1893\" \/>\n<meta name=\"twitter:description\" content=\"Le Registre de la Paroisse de Norgeat de 1846-1893 a \u00e9t\u00e9 retrouv\u00e9 - isparu entre fin 1979 et d\u00e9but 1980, il aura fallu une quarantaine d\u2019ann\u00e9es pour que le registre en question r\u00e9apparaisse enfin.\" \/>\n<meta name=\"twitter:image\" content=\"https:\/\/www.norgeat.fr\/wp-content\/uploads\/2024\/12\/avant-reseau-registre.jpg\" \/>\n<meta name=\"twitter:label1\" content=\"Dur\u00e9e de lecture estim\u00e9e\" \/>\n\t<meta name=\"twitter:data1\" content=\"3 minutes\" \/>\n<script type=\"application\/ld+json\" class=\"yoast-schema-graph\">{\"@context\":\"https:\/\/schema.org\",\"@graph\":[{\"@type\":\"WebPage\",\"@id\":\"https:\/\/www.norgeat.fr\/index.php\/la-paroisse-de-norgeat\/registre-de-la-paroisse-de-norgeat-de-1846-1893\/\",\"url\":\"https:\/\/www.norgeat.fr\/index.php\/la-paroisse-de-norgeat\/registre-de-la-paroisse-de-norgeat-de-1846-1893\/\",\"name\":\"Registre de la Paroisse - Norgeat\",\"isPartOf\":{\"@id\":\"https:\/\/www.norgeat.fr\/#website\"},\"primaryImageOfPage\":{\"@id\":\"https:\/\/www.norgeat.fr\/index.php\/la-paroisse-de-norgeat\/registre-de-la-paroisse-de-norgeat-de-1846-1893\/#primaryimage\"},\"image\":{\"@id\":\"https:\/\/www.norgeat.fr\/index.php\/la-paroisse-de-norgeat\/registre-de-la-paroisse-de-norgeat-de-1846-1893\/#primaryimage\"},\"thumbnailUrl\":\"https:\/\/www.norgeat.fr\/wp-content\/uploads\/2024\/12\/avant-reseau-registre.jpg\",\"datePublished\":\"2024-12-09T23:46:08+00:00\",\"dateModified\":\"2024-12-11T21:34:55+00:00\",\"description\":\"Le Registre de la Paroisse de Norgeat de 1846-1893 a \u00e9t\u00e9 retrouv\u00e9 - isparu entre fin 1979 et d\u00e9but 1980, il aura fallu une quarantaine d\u2019ann\u00e9es pour que le registre en question r\u00e9apparaisse enfin.\",\"breadcrumb\":{\"@id\":\"https:\/\/www.norgeat.fr\/index.php\/la-paroisse-de-norgeat\/registre-de-la-paroisse-de-norgeat-de-1846-1893\/#breadcrumb\"},\"inLanguage\":\"fr-FR\",\"potentialAction\":[{\"@type\":\"ReadAction\",\"target\":[\"https:\/\/www.norgeat.fr\/index.php\/la-paroisse-de-norgeat\/registre-de-la-paroisse-de-norgeat-de-1846-1893\/\"]}]},{\"@type\":\"ImageObject\",\"inLanguage\":\"fr-FR\",\"@id\":\"https:\/\/www.norgeat.fr\/index.php\/la-paroisse-de-norgeat\/registre-de-la-paroisse-de-norgeat-de-1846-1893\/#primaryimage\",\"url\":\"https:\/\/www.norgeat.fr\/wp-content\/uploads\/2024\/12\/avant-reseau-registre.jpg\",\"contentUrl\":\"https:\/\/www.norgeat.fr\/wp-content\/uploads\/2024\/12\/avant-reseau-registre.jpg\",\"width\":1000,\"height\":522},{\"@type\":\"BreadcrumbList\",\"@id\":\"https:\/\/www.norgeat.fr\/index.php\/la-paroisse-de-norgeat\/registre-de-la-paroisse-de-norgeat-de-1846-1893\/#breadcrumb\",\"itemListElement\":[{\"@type\":\"ListItem\",\"position\":1,\"name\":\"Accueil\",\"item\":\"https:\/\/www.norgeat.fr\/\"},{\"@type\":\"ListItem\",\"position\":2,\"name\":\"La Paroisse\",\"item\":\"https:\/\/www.norgeat.fr\/index.php\/la-paroisse-de-norgeat\/\"},{\"@type\":\"ListItem\",\"position\":3,\"name\":\"Registre de la Paroisse\"}]},{\"@type\":\"WebSite\",\"@id\":\"https:\/\/www.norgeat.fr\/#website\",\"url\":\"https:\/\/www.norgeat.fr\/\",\"name\":\"Norgeat\",\"description\":\"Norgeat, d&#039;hier et d&#039;aujourd&#039;hui...\",\"publisher\":{\"@id\":\"https:\/\/www.norgeat.fr\/#organization\"},\"potentialAction\":[{\"@type\":\"SearchAction\",\"target\":{\"@type\":\"EntryPoint\",\"urlTemplate\":\"https:\/\/www.norgeat.fr\/?s={search_term_string}\"},\"query-input\":{\"@type\":\"PropertyValueSpecification\",\"valueRequired\":true,\"valueName\":\"search_term_string\"}}],\"inLanguage\":\"fr-FR\"},{\"@type\":\"Organization\",\"@id\":\"https:\/\/www.norgeat.fr\/#organization\",\"name\":\"Le village de Norgeat en Ari\u00e8ge\",\"url\":\"https:\/\/www.norgeat.fr\/\",\"logo\":{\"@type\":\"ImageObject\",\"inLanguage\":\"fr-FR\",\"@id\":\"https:\/\/www.norgeat.fr\/#\/schema\/logo\/image\/\",\"url\":\"https:\/\/www.norgeat.fr\/wp-content\/uploads\/2024\/12\/logo-norgeat-v.png\",\"contentUrl\":\"https:\/\/www.norgeat.fr\/wp-content\/uploads\/2024\/12\/logo-norgeat-v.png\",\"width\":4306,\"height\":1521,\"caption\":\"Le village de Norgeat en Ari\u00e8ge\"},\"image\":{\"@id\":\"https:\/\/www.norgeat.fr\/#\/schema\/logo\/image\/\"}}]}<\/script>\n<!-- \/ Yoast SEO plugin. -->","yoast_head_json":{"title":"Registre de la Paroisse - Norgeat","description":"Le Registre de la Paroisse de Norgeat de 1846-1893 a \u00e9t\u00e9 retrouv\u00e9 - isparu entre fin 1979 et d\u00e9but 1980, il aura fallu une quarantaine d\u2019ann\u00e9es pour que le registre en question r\u00e9apparaisse enfin.","robots":{"index":"index","follow":"follow","max-snippet":"max-snippet:-1","max-image-preview":"max-image-preview:large","max-video-preview":"max-video-preview:-1"},"canonical":"https:\/\/www.norgeat.fr\/index.php\/la-paroisse-de-norgeat\/registre-de-la-paroisse-de-norgeat-de-1846-1893\/","og_locale":"fr_FR","og_type":"article","og_title":"Registre de la Paroisse de Norgeat de 1846-1893","og_description":"Le Registre de la Paroisse de Norgeat de 1846-1893 a \u00e9t\u00e9 retrouv\u00e9 - isparu entre fin 1979 et d\u00e9but 1980, il aura fallu une quarantaine d\u2019ann\u00e9es pour que le registre en question r\u00e9apparaisse enfin.","og_url":"https:\/\/www.norgeat.fr\/index.php\/la-paroisse-de-norgeat\/registre-de-la-paroisse-de-norgeat-de-1846-1893\/","og_site_name":"Norgeat","article_modified_time":"2024-12-11T21:34:55+00:00","og_image":[{"width":1000,"height":522,"url":"https:\/\/www.norgeat.fr\/wp-content\/uploads\/2024\/12\/avant-reseau-registre.jpg","type":"image\/jpeg"}],"twitter_card":"summary_large_image","twitter_title":"Registre de la Paroisse de Norgeat de 1846-1893","twitter_description":"Le Registre de la Paroisse de Norgeat de 1846-1893 a \u00e9t\u00e9 retrouv\u00e9 - isparu entre fin 1979 et d\u00e9but 1980, il aura fallu une quarantaine d\u2019ann\u00e9es pour que le registre en question r\u00e9apparaisse enfin.","twitter_image":"https:\/\/www.norgeat.fr\/wp-content\/uploads\/2024\/12\/avant-reseau-registre.jpg","twitter_misc":{"Dur\u00e9e de lecture estim\u00e9e":"3 minutes"},"schema":{"@context":"https:\/\/schema.org","@graph":[{"@type":"WebPage","@id":"https:\/\/www.norgeat.fr\/index.php\/la-paroisse-de-norgeat\/registre-de-la-paroisse-de-norgeat-de-1846-1893\/","url":"https:\/\/www.norgeat.fr\/index.php\/la-paroisse-de-norgeat\/registre-de-la-paroisse-de-norgeat-de-1846-1893\/","name":"Registre de la Paroisse - Norgeat","isPartOf":{"@id":"https:\/\/www.norgeat.fr\/#website"},"primaryImageOfPage":{"@id":"https:\/\/www.norgeat.fr\/index.php\/la-paroisse-de-norgeat\/registre-de-la-paroisse-de-norgeat-de-1846-1893\/#primaryimage"},"image":{"@id":"https:\/\/www.norgeat.fr\/index.php\/la-paroisse-de-norgeat\/registre-de-la-paroisse-de-norgeat-de-1846-1893\/#primaryimage"},"thumbnailUrl":"https:\/\/www.norgeat.fr\/wp-content\/uploads\/2024\/12\/avant-reseau-registre.jpg","datePublished":"2024-12-09T23:46:08+00:00","dateModified":"2024-12-11T21:34:55+00:00","description":"Le Registre de la Paroisse de Norgeat de 1846-1893 a \u00e9t\u00e9 retrouv\u00e9 - isparu entre fin 1979 et d\u00e9but 1980, il aura fallu une quarantaine d\u2019ann\u00e9es pour que le registre en question r\u00e9apparaisse enfin.","breadcrumb":{"@id":"https:\/\/www.norgeat.fr\/index.php\/la-paroisse-de-norgeat\/registre-de-la-paroisse-de-norgeat-de-1846-1893\/#breadcrumb"},"inLanguage":"fr-FR","potentialAction":[{"@type":"ReadAction","target":["https:\/\/www.norgeat.fr\/index.php\/la-paroisse-de-norgeat\/registre-de-la-paroisse-de-norgeat-de-1846-1893\/"]}]},{"@type":"ImageObject","inLanguage":"fr-FR","@id":"https:\/\/www.norgeat.fr\/index.php\/la-paroisse-de-norgeat\/registre-de-la-paroisse-de-norgeat-de-1846-1893\/#primaryimage","url":"https:\/\/www.norgeat.fr\/wp-content\/uploads\/2024\/12\/avant-reseau-registre.jpg","contentUrl":"https:\/\/www.norgeat.fr\/wp-content\/uploads\/2024\/12\/avant-reseau-registre.jpg","width":1000,"height":522},{"@type":"BreadcrumbList","@id":"https:\/\/www.norgeat.fr\/index.php\/la-paroisse-de-norgeat\/registre-de-la-paroisse-de-norgeat-de-1846-1893\/#breadcrumb","itemListElement":[{"@type":"ListItem","position":1,"name":"Accueil","item":"https:\/\/www.norgeat.fr\/"},{"@type":"ListItem","position":2,"name":"La Paroisse","item":"https:\/\/www.norgeat.fr\/index.php\/la-paroisse-de-norgeat\/"},{"@type":"ListItem","position":3,"name":"Registre de la Paroisse"}]},{"@type":"WebSite","@id":"https:\/\/www.norgeat.fr\/#website","url":"https:\/\/www.norgeat.fr\/","name":"Norgeat","description":"Norgeat, d&#039;hier et d&#039;aujourd&#039;hui...","publisher":{"@id":"https:\/\/www.norgeat.fr\/#organization"},"potentialAction":[{"@type":"SearchAction","target":{"@type":"EntryPoint","urlTemplate":"https:\/\/www.norgeat.fr\/?s={search_term_string}"},"query-input":{"@type":"PropertyValueSpecification","valueRequired":true,"valueName":"search_term_string"}}],"inLanguage":"fr-FR"},{"@type":"Organization","@id":"https:\/\/www.norgeat.fr\/#organization","name":"Le village de Norgeat en Ari\u00e8ge","url":"https:\/\/www.norgeat.fr\/","logo":{"@type":"ImageObject","inLanguage":"fr-FR","@id":"https:\/\/www.norgeat.fr\/#\/schema\/logo\/image\/","url":"https:\/\/www.norgeat.fr\/wp-content\/uploads\/2024\/12\/logo-norgeat-v.png","contentUrl":"https:\/\/www.norgeat.fr\/wp-content\/uploads\/2024\/12\/logo-norgeat-v.png","width":4306,"height":1521,"caption":"Le village de Norgeat en Ari\u00e8ge"},"image":{"@id":"https:\/\/www.norgeat.fr\/#\/schema\/logo\/image\/"}}]}},"rttpg_featured_image_url":{"full":["https:\/\/www.norgeat.fr\/wp-content\/uploads\/2024\/12\/avant-reseau-registre.jpg",1000,522,false],"landscape":["https:\/\/www.norgeat.fr\/wp-content\/uploads\/2024\/12\/avant-reseau-registre.jpg",1000,522,false],"portraits":["https:\/\/www.norgeat.fr\/wp-content\/uploads\/2024\/12\/avant-reseau-registre.jpg",1000,522,false],"thumbnail":["https:\/\/www.norgeat.fr\/wp-content\/uploads\/2024\/12\/avant-reseau-registre-150x150.jpg",150,150,true],"medium":["https:\/\/www.norgeat.fr\/wp-content\/uploads\/2024\/12\/avant-reseau-registre-300x157.jpg",300,157,true],"large":["https:\/\/www.norgeat.fr\/wp-content\/uploads\/2024\/12\/avant-reseau-registre.jpg",800,418,false],"1536x1536":["https:\/\/www.norgeat.fr\/wp-content\/uploads\/2024\/12\/avant-reseau-registre.jpg",1000,522,false],"2048x2048":["https:\/\/www.norgeat.fr\/wp-content\/uploads\/2024\/12\/avant-reseau-registre.jpg",1000,522,false],"onepress-blog-small":["https:\/\/www.norgeat.fr\/wp-content\/uploads\/2024\/12\/avant-reseau-registre-300x150.jpg",300,150,true],"onepress-small":["https:\/\/www.norgeat.fr\/wp-content\/uploads\/2024\/12\/avant-reseau-registre-480x300.jpg",480,300,true],"onepress-medium":["https:\/\/www.norgeat.fr\/wp-content\/uploads\/2024\/12\/avant-reseau-registre-640x400.jpg",640,400,true]},"rttpg_author":{"display_name":"norgeat","author_link":"https:\/\/www.norgeat.fr\/index.php\/author\/norgeat\/"},"rttpg_comment":0,"rttpg_category":null,"rttpg_excerpt":"Registre de la Paroisse 1846-1893 Le \u00ab\u00a0Registre de la Paroisse de Norgeat\u00a0\u00bb a \u00e9t\u00e9 retrouv\u00e9. Disparu entre fin 1979 et d\u00e9but 1980, il aura fallu une quarantaine d\u2019ann\u00e9es pour que ...","_links":{"self":[{"href":"https:\/\/www.norgeat.fr\/index.php\/wp-json\/wp\/v2\/pages\/1447","targetHints":{"allow":["GET"]}}],"collection":[{"href":"https:\/\/www.norgeat.fr\/index.php\/wp-json\/wp\/v2\/pages"}],"about":[{"href":"https:\/\/www.norgeat.fr\/index.php\/wp-json\/wp\/v2\/types\/page"}],"author":[{"embeddable":true,"href":"https:\/\/www.norgeat.fr\/index.php\/wp-json\/wp\/v2\/users\/2"}],"replies":[{"embeddable":true,"href":"https:\/\/www.norgeat.fr\/index.php\/wp-json\/wp\/v2\/comments?post=1447"}],"version-history":[{"count":6,"href":"https:\/\/www.norgeat.fr\/index.php\/wp-json\/wp\/v2\/pages\/1447\/revisions"}],"predecessor-version":[{"id":1824,"href":"https:\/\/www.norgeat.fr\/index.php\/wp-json\/wp\/v2\/pages\/1447\/revisions\/1824"}],"up":[{"embeddable":true,"href":"https:\/\/www.norgeat.fr\/index.php\/wp-json\/wp\/v2\/pages\/1165"}],"wp:featuredmedia":[{"embeddable":true,"href":"https:\/\/www.norgeat.fr\/index.php\/wp-json\/wp\/v2\/media\/2016"}],"wp:attachment":[{"href":"https:\/\/www.norgeat.fr\/index.php\/wp-json\/wp\/v2\/media?parent=1447"}],"curies":[{"name":"wp","href":"https:\/\/api.w.org\/{rel}","templated":true}]}}