{"id":1449,"date":"2024-12-10T00:47:42","date_gmt":"2024-12-09T23:47:42","guid":{"rendered":"http:\/\/www.norgeat.fr\/?page_id=1449"},"modified":"2024-12-11T22:41:12","modified_gmt":"2024-12-11T21:41:12","slug":"inventaire-biens-eglise-1906","status":"publish","type":"page","link":"https:\/\/www.norgeat.fr\/index.php\/la-paroisse-de-norgeat\/inventaire-biens-eglise-1906\/","title":{"rendered":"Inventaire des biens"},"content":{"rendered":"\n<h2 class=\"wp-block-heading\">Inventaire Biens Eglise 1906<\/h2>\n\n\n\n<p>En application de la Loi du 9 D\u00e9cembre 1905, relative \u00e0 la S\u00e9paration de l\u2019\u00c9glise et de l&rsquo;Etat, l&rsquo;Inventaire des Biens de l\u2019\u00c9glise de Norgeat a \u00e9t\u00e9 effectu\u00e9 le 26 F\u00e9vrier 1906, par le Percepteur des Contributions Directes de Tarascon\/Ari\u00e8ge (Ernest Chausson), en pr\u00e9sence du pr\u00e9sident du Bureau des Marguilliers (Pierre Crastes) et du Conseil de Fabrique.<br>Estimation du patrimoine : 12 437 francs.<br>A noter que le cur\u00e9 de Miglos (<a href=\"https:\/\/www.norgeat.fr\/index.php\/la-paroisse-de-norgeat\/abbe-sabas-maury\/\">Sabas Maury<\/a>) a refus\u00e9 d&rsquo;assister \u00e0 l&rsquo;inventaire, suivant en cela les pr\u00e9conisations de sa hi\u00e9rarchie.<\/p>\n\n\n\n<p>Pour l&rsquo;\u00e9glise d&rsquo;Arquizat, l&rsquo;inventaire a \u00e9t\u00e9 \u00e9tabli le 27 F\u00e9vrier 1906.<\/p>\n\n\n\n<p>Le document original est conserv\u00e9 aux Archives D\u00e9partementales de l&rsquo;Ari\u00e8ge, sous la cote 70.V2<\/p>\n\n\n<div class=\"wp-block-image\">\n<figure class=\"aligncenter size-full\"><a href=\"https:\/\/www.norgeat.fr\/wp-content\/uploads\/2024\/12\/inventaire1.pdf\" target=\"_blank\" rel=\" noreferrer noopener\"><img loading=\"lazy\" decoding=\"async\" width=\"206\" height=\"300\" src=\"https:\/\/www.norgeat.fr\/wp-content\/uploads\/2024\/12\/inventaire1.jpg\" alt=\"\" class=\"wp-image-1826\"\/><\/a><figcaption class=\"wp-element-caption\">Inventaire \u00e9glise de Norgeat<\/figcaption><\/figure>\n<\/div>\n\n\n<div class=\"wp-block-file aligncenter\"><a id=\"wp-block-file--media-32200b3a-7bea-491c-8e12-4c040f3e0fe5\" href=\"https:\/\/www.norgeat.fr\/wp-content\/uploads\/2024\/12\/inventaire1.pdf\" target=\"_blank\" rel=\"noreferrer noopener\">Inventaire \u00e9glise de Norgeat<\/a><a href=\"https:\/\/www.norgeat.fr\/wp-content\/uploads\/2024\/12\/inventaire1.pdf\" class=\"wp-block-file__button wp-element-button\" download aria-describedby=\"wp-block-file--media-32200b3a-7bea-491c-8e12-4c040f3e0fe5\">T\u00e9l\u00e9charger<\/a><\/div>\n\n\n\n<p><\/p>\n","protected":false},"excerpt":{"rendered":"<p>Inventaire Biens Eglise 1906 En application de la Loi du 9 D\u00e9cembre 1905, relative \u00e0 la S\u00e9paration de l\u2019\u00c9glise et de l&rsquo;Etat, l&rsquo;Inventaire des Biens de l\u2019\u00c9glise de Norgeat a &#8230;<\/p>\n","protected":false},"author":2,"featured_media":2018,"parent":1165,"menu_order":8,"comment_status":"closed","ping_status":"closed","template":"","meta":{"footnotes":""},"class_list":["post-1449","page","type-page","status-publish","has-post-thumbnail","hentry"],"yoast_head":"<!-- This site is optimized with the Yoast SEO plugin v24.0 - https:\/\/yoast.com\/wordpress\/plugins\/seo\/ -->\n<title>Inventaire des biens - Norgeat<\/title>\n<meta name=\"description\" content=\"En application de la Loi du 9 D\u00e9cembre 1905, relative \u00e0 la S\u00e9paration de l\u2019\u00c9glise et de l\u2019Etat, l\u2019Inventaire des Biens de l\u2019\u00c9glise de Norgeat a \u00e9t\u00e9 effectu\u00e9 le 26 F\u00e9vrier 1906, par le Percepteur des Contributions Directes de Tarascon\/Ari\u00e8ge (Ernest Chausson), en pr\u00e9sence du pr\u00e9sident du Bureau des Marguilliers (Pierre Crastes) et du Conseil de Fabrique.\" \/>\n<meta name=\"robots\" content=\"index, follow, max-snippet:-1, max-image-preview:large, max-video-preview:-1\" \/>\n<link rel=\"canonical\" href=\"https:\/\/www.norgeat.fr\/index.php\/la-paroisse-de-norgeat\/inventaire-biens-eglise-1906\/\" \/>\n<meta property=\"og:locale\" content=\"fr_FR\" \/>\n<meta property=\"og:type\" content=\"article\" \/>\n<meta property=\"og:title\" content=\"Inventaire Biens Eglise 1906\" \/>\n<meta property=\"og:description\" content=\"En application de la Loi du 9 D\u00e9cembre 1905, relative \u00e0 la S\u00e9paration de l\u2019\u00c9glise et de l\u2019Etat, l\u2019Inventaire des Biens de l\u2019\u00c9glise de Norgeat a \u00e9t\u00e9 effectu\u00e9 le 26 F\u00e9vrier 1906, par le Percepteur des Contributions Directes de Tarascon\/Ari\u00e8ge (Ernest Chausson), en pr\u00e9sence du pr\u00e9sident du Bureau des Marguilliers (Pierre Crastes) et du Conseil de Fabrique.\" \/>\n<meta property=\"og:url\" content=\"https:\/\/www.norgeat.fr\/index.php\/la-paroisse-de-norgeat\/inventaire-biens-eglise-1906\/\" \/>\n<meta property=\"og:site_name\" content=\"Norgeat\" \/>\n<meta property=\"article:modified_time\" content=\"2024-12-11T21:41:12+00:00\" \/>\n<meta property=\"og:image\" content=\"https:\/\/www.norgeat.fr\/wp-content\/uploads\/2024\/12\/avant-reseau-inventaire.jpg\" \/>\n\t<meta property=\"og:image:width\" content=\"1000\" \/>\n\t<meta property=\"og:image:height\" content=\"522\" \/>\n\t<meta property=\"og:image:type\" content=\"image\/jpeg\" \/>\n<meta name=\"twitter:card\" content=\"summary_large_image\" \/>\n<meta name=\"twitter:title\" content=\"Inventaire Biens Eglise 1906\" \/>\n<meta name=\"twitter:description\" content=\"En application de la Loi du 9 D\u00e9cembre 1905, relative \u00e0 la S\u00e9paration de l\u2019\u00c9glise et de l\u2019Etat, l\u2019Inventaire des Biens de l\u2019\u00c9glise de Norgeat a \u00e9t\u00e9 effectu\u00e9 le 26 F\u00e9vrier 1906, par le Percepteur des Contributions Directes de Tarascon\/Ari\u00e8ge (Ernest Chausson), en pr\u00e9sence du pr\u00e9sident du Bureau des Marguilliers (Pierre Crastes) et du Conseil de Fabrique.\" \/>\n<meta name=\"twitter:image\" content=\"https:\/\/www.norgeat.fr\/wp-content\/uploads\/2024\/12\/avant-reseau-inventaire.jpg\" \/>\n<meta name=\"twitter:label1\" content=\"Dur\u00e9e de lecture estim\u00e9e\" \/>\n\t<meta name=\"twitter:data1\" content=\"2 minutes\" \/>\n<script type=\"application\/ld+json\" class=\"yoast-schema-graph\">{\"@context\":\"https:\/\/schema.org\",\"@graph\":[{\"@type\":\"WebPage\",\"@id\":\"https:\/\/www.norgeat.fr\/index.php\/la-paroisse-de-norgeat\/inventaire-biens-eglise-1906\/\",\"url\":\"https:\/\/www.norgeat.fr\/index.php\/la-paroisse-de-norgeat\/inventaire-biens-eglise-1906\/\",\"name\":\"Inventaire des biens - Norgeat\",\"isPartOf\":{\"@id\":\"https:\/\/www.norgeat.fr\/#website\"},\"primaryImageOfPage\":{\"@id\":\"https:\/\/www.norgeat.fr\/index.php\/la-paroisse-de-norgeat\/inventaire-biens-eglise-1906\/#primaryimage\"},\"image\":{\"@id\":\"https:\/\/www.norgeat.fr\/index.php\/la-paroisse-de-norgeat\/inventaire-biens-eglise-1906\/#primaryimage\"},\"thumbnailUrl\":\"https:\/\/www.norgeat.fr\/wp-content\/uploads\/2024\/12\/avant-reseau-inventaire.jpg\",\"datePublished\":\"2024-12-09T23:47:42+00:00\",\"dateModified\":\"2024-12-11T21:41:12+00:00\",\"description\":\"En application de la Loi du 9 D\u00e9cembre 1905, relative \u00e0 la S\u00e9paration de l\u2019\u00c9glise et de l\u2019Etat, l\u2019Inventaire des Biens de l\u2019\u00c9glise de Norgeat a \u00e9t\u00e9 effectu\u00e9 le 26 F\u00e9vrier 1906, par le Percepteur des Contributions Directes de Tarascon\/Ari\u00e8ge (Ernest Chausson), en pr\u00e9sence du pr\u00e9sident du Bureau des Marguilliers (Pierre Crastes) et du Conseil de Fabrique.\",\"breadcrumb\":{\"@id\":\"https:\/\/www.norgeat.fr\/index.php\/la-paroisse-de-norgeat\/inventaire-biens-eglise-1906\/#breadcrumb\"},\"inLanguage\":\"fr-FR\",\"potentialAction\":[{\"@type\":\"ReadAction\",\"target\":[\"https:\/\/www.norgeat.fr\/index.php\/la-paroisse-de-norgeat\/inventaire-biens-eglise-1906\/\"]}]},{\"@type\":\"ImageObject\",\"inLanguage\":\"fr-FR\",\"@id\":\"https:\/\/www.norgeat.fr\/index.php\/la-paroisse-de-norgeat\/inventaire-biens-eglise-1906\/#primaryimage\",\"url\":\"https:\/\/www.norgeat.fr\/wp-content\/uploads\/2024\/12\/avant-reseau-inventaire.jpg\",\"contentUrl\":\"https:\/\/www.norgeat.fr\/wp-content\/uploads\/2024\/12\/avant-reseau-inventaire.jpg\",\"width\":1000,\"height\":522},{\"@type\":\"BreadcrumbList\",\"@id\":\"https:\/\/www.norgeat.fr\/index.php\/la-paroisse-de-norgeat\/inventaire-biens-eglise-1906\/#breadcrumb\",\"itemListElement\":[{\"@type\":\"ListItem\",\"position\":1,\"name\":\"Accueil\",\"item\":\"https:\/\/www.norgeat.fr\/\"},{\"@type\":\"ListItem\",\"position\":2,\"name\":\"La Paroisse\",\"item\":\"https:\/\/www.norgeat.fr\/index.php\/la-paroisse-de-norgeat\/\"},{\"@type\":\"ListItem\",\"position\":3,\"name\":\"Inventaire des biens\"}]},{\"@type\":\"WebSite\",\"@id\":\"https:\/\/www.norgeat.fr\/#website\",\"url\":\"https:\/\/www.norgeat.fr\/\",\"name\":\"Norgeat\",\"description\":\"Norgeat, d&#039;hier et d&#039;aujourd&#039;hui...\",\"publisher\":{\"@id\":\"https:\/\/www.norgeat.fr\/#organization\"},\"potentialAction\":[{\"@type\":\"SearchAction\",\"target\":{\"@type\":\"EntryPoint\",\"urlTemplate\":\"https:\/\/www.norgeat.fr\/?s={search_term_string}\"},\"query-input\":{\"@type\":\"PropertyValueSpecification\",\"valueRequired\":true,\"valueName\":\"search_term_string\"}}],\"inLanguage\":\"fr-FR\"},{\"@type\":\"Organization\",\"@id\":\"https:\/\/www.norgeat.fr\/#organization\",\"name\":\"Le village de Norgeat en Ari\u00e8ge\",\"url\":\"https:\/\/www.norgeat.fr\/\",\"logo\":{\"@type\":\"ImageObject\",\"inLanguage\":\"fr-FR\",\"@id\":\"https:\/\/www.norgeat.fr\/#\/schema\/logo\/image\/\",\"url\":\"https:\/\/www.norgeat.fr\/wp-content\/uploads\/2024\/12\/logo-norgeat-v.png\",\"contentUrl\":\"https:\/\/www.norgeat.fr\/wp-content\/uploads\/2024\/12\/logo-norgeat-v.png\",\"width\":4306,\"height\":1521,\"caption\":\"Le village de Norgeat en Ari\u00e8ge\"},\"image\":{\"@id\":\"https:\/\/www.norgeat.fr\/#\/schema\/logo\/image\/\"}}]}<\/script>\n<!-- \/ Yoast SEO plugin. -->","yoast_head_json":{"title":"Inventaire des biens - Norgeat","description":"En application de la Loi du 9 D\u00e9cembre 1905, relative \u00e0 la S\u00e9paration de l\u2019\u00c9glise et de l\u2019Etat, l\u2019Inventaire des Biens de l\u2019\u00c9glise de Norgeat a \u00e9t\u00e9 effectu\u00e9 le 26 F\u00e9vrier 1906, par le Percepteur des Contributions Directes de Tarascon\/Ari\u00e8ge (Ernest Chausson), en pr\u00e9sence du pr\u00e9sident du Bureau des Marguilliers (Pierre Crastes) et du Conseil de Fabrique.","robots":{"index":"index","follow":"follow","max-snippet":"max-snippet:-1","max-image-preview":"max-image-preview:large","max-video-preview":"max-video-preview:-1"},"canonical":"https:\/\/www.norgeat.fr\/index.php\/la-paroisse-de-norgeat\/inventaire-biens-eglise-1906\/","og_locale":"fr_FR","og_type":"article","og_title":"Inventaire Biens Eglise 1906","og_description":"En application de la Loi du 9 D\u00e9cembre 1905, relative \u00e0 la S\u00e9paration de l\u2019\u00c9glise et de l\u2019Etat, l\u2019Inventaire des Biens de l\u2019\u00c9glise de Norgeat a \u00e9t\u00e9 effectu\u00e9 le 26 F\u00e9vrier 1906, par le Percepteur des Contributions Directes de Tarascon\/Ari\u00e8ge (Ernest Chausson), en pr\u00e9sence du pr\u00e9sident du Bureau des Marguilliers (Pierre Crastes) et du Conseil de Fabrique.","og_url":"https:\/\/www.norgeat.fr\/index.php\/la-paroisse-de-norgeat\/inventaire-biens-eglise-1906\/","og_site_name":"Norgeat","article_modified_time":"2024-12-11T21:41:12+00:00","og_image":[{"width":1000,"height":522,"url":"https:\/\/www.norgeat.fr\/wp-content\/uploads\/2024\/12\/avant-reseau-inventaire.jpg","type":"image\/jpeg"}],"twitter_card":"summary_large_image","twitter_title":"Inventaire Biens Eglise 1906","twitter_description":"En application de la Loi du 9 D\u00e9cembre 1905, relative \u00e0 la S\u00e9paration de l\u2019\u00c9glise et de l\u2019Etat, l\u2019Inventaire des Biens de l\u2019\u00c9glise de Norgeat a \u00e9t\u00e9 effectu\u00e9 le 26 F\u00e9vrier 1906, par le Percepteur des Contributions Directes de Tarascon\/Ari\u00e8ge (Ernest Chausson), en pr\u00e9sence du pr\u00e9sident du Bureau des Marguilliers (Pierre Crastes) et du Conseil de Fabrique.","twitter_image":"https:\/\/www.norgeat.fr\/wp-content\/uploads\/2024\/12\/avant-reseau-inventaire.jpg","twitter_misc":{"Dur\u00e9e de lecture estim\u00e9e":"2 minutes"},"schema":{"@context":"https:\/\/schema.org","@graph":[{"@type":"WebPage","@id":"https:\/\/www.norgeat.fr\/index.php\/la-paroisse-de-norgeat\/inventaire-biens-eglise-1906\/","url":"https:\/\/www.norgeat.fr\/index.php\/la-paroisse-de-norgeat\/inventaire-biens-eglise-1906\/","name":"Inventaire des biens - Norgeat","isPartOf":{"@id":"https:\/\/www.norgeat.fr\/#website"},"primaryImageOfPage":{"@id":"https:\/\/www.norgeat.fr\/index.php\/la-paroisse-de-norgeat\/inventaire-biens-eglise-1906\/#primaryimage"},"image":{"@id":"https:\/\/www.norgeat.fr\/index.php\/la-paroisse-de-norgeat\/inventaire-biens-eglise-1906\/#primaryimage"},"thumbnailUrl":"https:\/\/www.norgeat.fr\/wp-content\/uploads\/2024\/12\/avant-reseau-inventaire.jpg","datePublished":"2024-12-09T23:47:42+00:00","dateModified":"2024-12-11T21:41:12+00:00","description":"En application de la Loi du 9 D\u00e9cembre 1905, relative \u00e0 la S\u00e9paration de l\u2019\u00c9glise et de l\u2019Etat, l\u2019Inventaire des Biens de l\u2019\u00c9glise de Norgeat a \u00e9t\u00e9 effectu\u00e9 le 26 F\u00e9vrier 1906, par le Percepteur des Contributions Directes de Tarascon\/Ari\u00e8ge (Ernest Chausson), en pr\u00e9sence du pr\u00e9sident du Bureau des Marguilliers (Pierre Crastes) et du Conseil de Fabrique.","breadcrumb":{"@id":"https:\/\/www.norgeat.fr\/index.php\/la-paroisse-de-norgeat\/inventaire-biens-eglise-1906\/#breadcrumb"},"inLanguage":"fr-FR","potentialAction":[{"@type":"ReadAction","target":["https:\/\/www.norgeat.fr\/index.php\/la-paroisse-de-norgeat\/inventaire-biens-eglise-1906\/"]}]},{"@type":"ImageObject","inLanguage":"fr-FR","@id":"https:\/\/www.norgeat.fr\/index.php\/la-paroisse-de-norgeat\/inventaire-biens-eglise-1906\/#primaryimage","url":"https:\/\/www.norgeat.fr\/wp-content\/uploads\/2024\/12\/avant-reseau-inventaire.jpg","contentUrl":"https:\/\/www.norgeat.fr\/wp-content\/uploads\/2024\/12\/avant-reseau-inventaire.jpg","width":1000,"height":522},{"@type":"BreadcrumbList","@id":"https:\/\/www.norgeat.fr\/index.php\/la-paroisse-de-norgeat\/inventaire-biens-eglise-1906\/#breadcrumb","itemListElement":[{"@type":"ListItem","position":1,"name":"Accueil","item":"https:\/\/www.norgeat.fr\/"},{"@type":"ListItem","position":2,"name":"La Paroisse","item":"https:\/\/www.norgeat.fr\/index.php\/la-paroisse-de-norgeat\/"},{"@type":"ListItem","position":3,"name":"Inventaire des biens"}]},{"@type":"WebSite","@id":"https:\/\/www.norgeat.fr\/#website","url":"https:\/\/www.norgeat.fr\/","name":"Norgeat","description":"Norgeat, d&#039;hier et d&#039;aujourd&#039;hui...","publisher":{"@id":"https:\/\/www.norgeat.fr\/#organization"},"potentialAction":[{"@type":"SearchAction","target":{"@type":"EntryPoint","urlTemplate":"https:\/\/www.norgeat.fr\/?s={search_term_string}"},"query-input":{"@type":"PropertyValueSpecification","valueRequired":true,"valueName":"search_term_string"}}],"inLanguage":"fr-FR"},{"@type":"Organization","@id":"https:\/\/www.norgeat.fr\/#organization","name":"Le village de Norgeat en Ari\u00e8ge","url":"https:\/\/www.norgeat.fr\/","logo":{"@type":"ImageObject","inLanguage":"fr-FR","@id":"https:\/\/www.norgeat.fr\/#\/schema\/logo\/image\/","url":"https:\/\/www.norgeat.fr\/wp-content\/uploads\/2024\/12\/logo-norgeat-v.png","contentUrl":"https:\/\/www.norgeat.fr\/wp-content\/uploads\/2024\/12\/logo-norgeat-v.png","width":4306,"height":1521,"caption":"Le village de Norgeat en Ari\u00e8ge"},"image":{"@id":"https:\/\/www.norgeat.fr\/#\/schema\/logo\/image\/"}}]}},"rttpg_featured_image_url":{"full":["https:\/\/www.norgeat.fr\/wp-content\/uploads\/2024\/12\/avant-reseau-inventaire.jpg",1000,522,false],"landscape":["https:\/\/www.norgeat.fr\/wp-content\/uploads\/2024\/12\/avant-reseau-inventaire.jpg",1000,522,false],"portraits":["https:\/\/www.norgeat.fr\/wp-content\/uploads\/2024\/12\/avant-reseau-inventaire.jpg",1000,522,false],"thumbnail":["https:\/\/www.norgeat.fr\/wp-content\/uploads\/2024\/12\/avant-reseau-inventaire-150x150.jpg",150,150,true],"medium":["https:\/\/www.norgeat.fr\/wp-content\/uploads\/2024\/12\/avant-reseau-inventaire-300x157.jpg",300,157,true],"large":["https:\/\/www.norgeat.fr\/wp-content\/uploads\/2024\/12\/avant-reseau-inventaire.jpg",800,418,false],"1536x1536":["https:\/\/www.norgeat.fr\/wp-content\/uploads\/2024\/12\/avant-reseau-inventaire.jpg",1000,522,false],"2048x2048":["https:\/\/www.norgeat.fr\/wp-content\/uploads\/2024\/12\/avant-reseau-inventaire.jpg",1000,522,false],"onepress-blog-small":["https:\/\/www.norgeat.fr\/wp-content\/uploads\/2024\/12\/avant-reseau-inventaire-300x150.jpg",300,150,true],"onepress-small":["https:\/\/www.norgeat.fr\/wp-content\/uploads\/2024\/12\/avant-reseau-inventaire-480x300.jpg",480,300,true],"onepress-medium":["https:\/\/www.norgeat.fr\/wp-content\/uploads\/2024\/12\/avant-reseau-inventaire-640x400.jpg",640,400,true]},"rttpg_author":{"display_name":"norgeat","author_link":"https:\/\/www.norgeat.fr\/index.php\/author\/norgeat\/"},"rttpg_comment":0,"rttpg_category":null,"rttpg_excerpt":"Inventaire Biens Eglise 1906 En application de la Loi du 9 D\u00e9cembre 1905, relative \u00e0 la S\u00e9paration de l\u2019\u00c9glise et de l&rsquo;Etat, l&rsquo;Inventaire des Biens de l\u2019\u00c9glise de Norgeat a ...","_links":{"self":[{"href":"https:\/\/www.norgeat.fr\/index.php\/wp-json\/wp\/v2\/pages\/1449","targetHints":{"allow":["GET"]}}],"collection":[{"href":"https:\/\/www.norgeat.fr\/index.php\/wp-json\/wp\/v2\/pages"}],"about":[{"href":"https:\/\/www.norgeat.fr\/index.php\/wp-json\/wp\/v2\/types\/page"}],"author":[{"embeddable":true,"href":"https:\/\/www.norgeat.fr\/index.php\/wp-json\/wp\/v2\/users\/2"}],"replies":[{"embeddable":true,"href":"https:\/\/www.norgeat.fr\/index.php\/wp-json\/wp\/v2\/comments?post=1449"}],"version-history":[{"count":4,"href":"https:\/\/www.norgeat.fr\/index.php\/wp-json\/wp\/v2\/pages\/1449\/revisions"}],"predecessor-version":[{"id":1830,"href":"https:\/\/www.norgeat.fr\/index.php\/wp-json\/wp\/v2\/pages\/1449\/revisions\/1830"}],"up":[{"embeddable":true,"href":"https:\/\/www.norgeat.fr\/index.php\/wp-json\/wp\/v2\/pages\/1165"}],"wp:featuredmedia":[{"embeddable":true,"href":"https:\/\/www.norgeat.fr\/index.php\/wp-json\/wp\/v2\/media\/2018"}],"wp:attachment":[{"href":"https:\/\/www.norgeat.fr\/index.php\/wp-json\/wp\/v2\/media?parent=1449"}],"curies":[{"name":"wp","href":"https:\/\/api.w.org\/{rel}","templated":true}]}}