{"id":155,"date":"2024-12-05T14:44:15","date_gmt":"2024-12-05T13:44:15","guid":{"rendered":"http:\/\/www.norgeat.fr\/?page_id=155"},"modified":"2024-12-14T23:45:37","modified_gmt":"2024-12-14T22:45:37","slug":"norgeat-dhier-et-daujourdhui","status":"publish","type":"page","link":"https:\/\/www.norgeat.fr\/","title":{"rendered":"Accueil"},"content":{"rendered":"","protected":false},"excerpt":{"rendered":"","protected":false},"author":2,"featured_media":2371,"parent":0,"menu_order":0,"comment_status":"closed","ping_status":"closed","template":"template-frontpage.php","meta":{"footnotes":""},"class_list":["post-155","page","type-page","status-publish","has-post-thumbnail","hentry"],"yoast_head":"<!-- This site is optimized with the Yoast SEO plugin v24.0 - https:\/\/yoast.com\/wordpress\/plugins\/seo\/ -->\n<title>Accueil - Norgeat<\/title>\n<meta name=\"description\" content=\"Norgeat est l\u2019un des cinq villages et hameaux de la Commune de Miglos, laquelle est situ\u00e9e, selon la d\u00e9nomination actuelle, dans le &quot;Pays de Tarascon-sur-Ari\u00e8ge&quot; - L\u2019Histoire de Norgeat est ainsi intimement li\u00e9e \u00e0 cette vall\u00e9e, surtout connue pour les imposants vestiges de son embl\u00e9matique Ch\u00e2teau m\u00e9di\u00e9val et son Eglise romane d\u2019Arquizat. N\u00e9anmoins, Norgeat poss\u00e8de ind\u00e9niablement, et ce depuis toujours, une identit\u00e9 propre au sein de ladite vall\u00e9e.\" \/>\n<meta name=\"robots\" content=\"index, follow, max-snippet:-1, max-image-preview:large, max-video-preview:-1\" \/>\n<link rel=\"canonical\" href=\"https:\/\/www.norgeat.fr\/\" \/>\n<meta property=\"og:locale\" content=\"fr_FR\" \/>\n<meta property=\"og:type\" content=\"article\" \/>\n<meta property=\"og:title\" content=\"Norgeat, d&#039;hier et d&#039;aujourd&#039;hui\u2026\" \/>\n<meta property=\"og:description\" content=\"Norgeat est l\u2019un des cinq villages et hameaux de la Commune de Miglos, laquelle est situ\u00e9e, selon la d\u00e9nomination actuelle, dans le &quot;Pays de Tarascon-sur-Ari\u00e8ge&quot; - L\u2019Histoire de Norgeat est ainsi intimement li\u00e9e \u00e0 cette vall\u00e9e, surtout connue pour les imposants vestiges de son embl\u00e9matique Ch\u00e2teau m\u00e9di\u00e9val et son Eglise romane d\u2019Arquizat. N\u00e9anmoins, Norgeat poss\u00e8de ind\u00e9niablement, et ce depuis toujours, une identit\u00e9 propre au sein de ladite vall\u00e9e.\" \/>\n<meta property=\"og:url\" content=\"https:\/\/www.norgeat.fr\/\" \/>\n<meta property=\"og:site_name\" content=\"Norgeat\" \/>\n<meta property=\"article:modified_time\" content=\"2024-12-14T22:45:37+00:00\" \/>\n<meta property=\"og:image\" content=\"https:\/\/www.norgeat.fr\/wp-content\/uploads\/2024\/12\/avant-reseau-accueil-norgeat.jpg\" \/>\n\t<meta property=\"og:image:width\" content=\"1000\" \/>\n\t<meta property=\"og:image:height\" content=\"620\" \/>\n\t<meta property=\"og:image:type\" content=\"image\/jpeg\" \/>\n<meta name=\"twitter:card\" content=\"summary_large_image\" \/>\n<meta name=\"twitter:title\" content=\"Norgeat, d&#039;hier et d&#039;aujourd&#039;hui\u2026\" \/>\n<meta name=\"twitter:description\" content=\"Norgeat est l\u2019un des cinq villages et hameaux de la Commune de Miglos, laquelle est situ\u00e9e, selon la d\u00e9nomination actuelle, dans le &quot;Pays de Tarascon-sur-Ari\u00e8ge&quot; - L\u2019Histoire de Norgeat est ainsi intimement li\u00e9e \u00e0 cette vall\u00e9e, surtout connue pour les imposants vestiges de son embl\u00e9matique Ch\u00e2teau m\u00e9di\u00e9val et son Eglise romane d\u2019Arquizat. N\u00e9anmoins, Norgeat poss\u00e8de ind\u00e9niablement, et ce depuis toujours, une identit\u00e9 propre au sein de ladite vall\u00e9e.\" \/>\n<meta name=\"twitter:image\" content=\"https:\/\/www.norgeat.fr\/wp-content\/uploads\/2024\/12\/avant-reseau-accueil-norgeat.jpg\" \/>\n<meta name=\"twitter:label1\" content=\"Dur\u00e9e de lecture estim\u00e9e\" \/>\n\t<meta name=\"twitter:data1\" content=\"1 minute\" \/>\n<script type=\"application\/ld+json\" class=\"yoast-schema-graph\">{\"@context\":\"https:\/\/schema.org\",\"@graph\":[{\"@type\":\"WebPage\",\"@id\":\"https:\/\/www.norgeat.fr\/\",\"url\":\"https:\/\/www.norgeat.fr\/\",\"name\":\"Accueil - Norgeat\",\"isPartOf\":{\"@id\":\"https:\/\/www.norgeat.fr\/#website\"},\"primaryImageOfPage\":{\"@id\":\"https:\/\/www.norgeat.fr\/#primaryimage\"},\"image\":{\"@id\":\"https:\/\/www.norgeat.fr\/#primaryimage\"},\"thumbnailUrl\":\"https:\/\/www.norgeat.fr\/wp-content\/uploads\/2024\/12\/avant-reseau-accueil-norgeat.jpg\",\"datePublished\":\"2024-12-05T13:44:15+00:00\",\"dateModified\":\"2024-12-14T22:45:37+00:00\",\"description\":\"Norgeat est l\u2019un des cinq villages et hameaux de la Commune de Miglos, laquelle est situ\u00e9e, selon la d\u00e9nomination actuelle, dans le \\\"Pays de Tarascon-sur-Ari\u00e8ge\\\" - L\u2019Histoire de Norgeat est ainsi intimement li\u00e9e \u00e0 cette vall\u00e9e, surtout connue pour les imposants vestiges de son embl\u00e9matique Ch\u00e2teau m\u00e9di\u00e9val et son Eglise romane d\u2019Arquizat. N\u00e9anmoins, Norgeat poss\u00e8de ind\u00e9niablement, et ce depuis toujours, une identit\u00e9 propre au sein de ladite vall\u00e9e.\",\"breadcrumb\":{\"@id\":\"https:\/\/www.norgeat.fr\/#breadcrumb\"},\"inLanguage\":\"fr-FR\",\"potentialAction\":[{\"@type\":\"ReadAction\",\"target\":[\"https:\/\/www.norgeat.fr\/\"]}]},{\"@type\":\"ImageObject\",\"inLanguage\":\"fr-FR\",\"@id\":\"https:\/\/www.norgeat.fr\/#primaryimage\",\"url\":\"https:\/\/www.norgeat.fr\/wp-content\/uploads\/2024\/12\/avant-reseau-accueil-norgeat.jpg\",\"contentUrl\":\"https:\/\/www.norgeat.fr\/wp-content\/uploads\/2024\/12\/avant-reseau-accueil-norgeat.jpg\",\"width\":1000,\"height\":620},{\"@type\":\"BreadcrumbList\",\"@id\":\"https:\/\/www.norgeat.fr\/#breadcrumb\",\"itemListElement\":[{\"@type\":\"ListItem\",\"position\":1,\"name\":\"Accueil\",\"item\":\"https:\/\/www.norgeat.fr\/\"},{\"@type\":\"ListItem\",\"position\":2,\"name\":\"Accueil\"}]},{\"@type\":\"WebSite\",\"@id\":\"https:\/\/www.norgeat.fr\/#website\",\"url\":\"https:\/\/www.norgeat.fr\/\",\"name\":\"Norgeat\",\"description\":\"Norgeat, d&#039;hier et d&#039;aujourd&#039;hui...\",\"publisher\":{\"@id\":\"https:\/\/www.norgeat.fr\/#organization\"},\"potentialAction\":[{\"@type\":\"SearchAction\",\"target\":{\"@type\":\"EntryPoint\",\"urlTemplate\":\"https:\/\/www.norgeat.fr\/?s={search_term_string}\"},\"query-input\":{\"@type\":\"PropertyValueSpecification\",\"valueRequired\":true,\"valueName\":\"search_term_string\"}}],\"inLanguage\":\"fr-FR\"},{\"@type\":\"Organization\",\"@id\":\"https:\/\/www.norgeat.fr\/#organization\",\"name\":\"Le village de Norgeat en Ari\u00e8ge\",\"url\":\"https:\/\/www.norgeat.fr\/\",\"logo\":{\"@type\":\"ImageObject\",\"inLanguage\":\"fr-FR\",\"@id\":\"https:\/\/www.norgeat.fr\/#\/schema\/logo\/image\/\",\"url\":\"https:\/\/www.norgeat.fr\/wp-content\/uploads\/2024\/12\/logo-norgeat-v.png\",\"contentUrl\":\"https:\/\/www.norgeat.fr\/wp-content\/uploads\/2024\/12\/logo-norgeat-v.png\",\"width\":4306,\"height\":1521,\"caption\":\"Le village de Norgeat en Ari\u00e8ge\"},\"image\":{\"@id\":\"https:\/\/www.norgeat.fr\/#\/schema\/logo\/image\/\"}}]}<\/script>\n<!-- \/ Yoast SEO plugin. -->","yoast_head_json":{"title":"Accueil - Norgeat","description":"Norgeat est l\u2019un des cinq villages et hameaux de la Commune de Miglos, laquelle est situ\u00e9e, selon la d\u00e9nomination actuelle, dans le \"Pays de Tarascon-sur-Ari\u00e8ge\" - L\u2019Histoire de Norgeat est ainsi intimement li\u00e9e \u00e0 cette vall\u00e9e, surtout connue pour les imposants vestiges de son embl\u00e9matique Ch\u00e2teau m\u00e9di\u00e9val et son Eglise romane d\u2019Arquizat. N\u00e9anmoins, Norgeat poss\u00e8de ind\u00e9niablement, et ce depuis toujours, une identit\u00e9 propre au sein de ladite vall\u00e9e.","robots":{"index":"index","follow":"follow","max-snippet":"max-snippet:-1","max-image-preview":"max-image-preview:large","max-video-preview":"max-video-preview:-1"},"canonical":"https:\/\/www.norgeat.fr\/","og_locale":"fr_FR","og_type":"article","og_title":"Norgeat, d'hier et d'aujourd'hui\u2026","og_description":"Norgeat est l\u2019un des cinq villages et hameaux de la Commune de Miglos, laquelle est situ\u00e9e, selon la d\u00e9nomination actuelle, dans le \"Pays de Tarascon-sur-Ari\u00e8ge\" - L\u2019Histoire de Norgeat est ainsi intimement li\u00e9e \u00e0 cette vall\u00e9e, surtout connue pour les imposants vestiges de son embl\u00e9matique Ch\u00e2teau m\u00e9di\u00e9val et son Eglise romane d\u2019Arquizat. N\u00e9anmoins, Norgeat poss\u00e8de ind\u00e9niablement, et ce depuis toujours, une identit\u00e9 propre au sein de ladite vall\u00e9e.","og_url":"https:\/\/www.norgeat.fr\/","og_site_name":"Norgeat","article_modified_time":"2024-12-14T22:45:37+00:00","og_image":[{"width":1000,"height":620,"url":"https:\/\/www.norgeat.fr\/wp-content\/uploads\/2024\/12\/avant-reseau-accueil-norgeat.jpg","type":"image\/jpeg"}],"twitter_card":"summary_large_image","twitter_title":"Norgeat, d'hier et d'aujourd'hui\u2026","twitter_description":"Norgeat est l\u2019un des cinq villages et hameaux de la Commune de Miglos, laquelle est situ\u00e9e, selon la d\u00e9nomination actuelle, dans le \"Pays de Tarascon-sur-Ari\u00e8ge\" - L\u2019Histoire de Norgeat est ainsi intimement li\u00e9e \u00e0 cette vall\u00e9e, surtout connue pour les imposants vestiges de son embl\u00e9matique Ch\u00e2teau m\u00e9di\u00e9val et son Eglise romane d\u2019Arquizat. N\u00e9anmoins, Norgeat poss\u00e8de ind\u00e9niablement, et ce depuis toujours, une identit\u00e9 propre au sein de ladite vall\u00e9e.","twitter_image":"https:\/\/www.norgeat.fr\/wp-content\/uploads\/2024\/12\/avant-reseau-accueil-norgeat.jpg","twitter_misc":{"Dur\u00e9e de lecture estim\u00e9e":"1 minute"},"schema":{"@context":"https:\/\/schema.org","@graph":[{"@type":"WebPage","@id":"https:\/\/www.norgeat.fr\/","url":"https:\/\/www.norgeat.fr\/","name":"Accueil - Norgeat","isPartOf":{"@id":"https:\/\/www.norgeat.fr\/#website"},"primaryImageOfPage":{"@id":"https:\/\/www.norgeat.fr\/#primaryimage"},"image":{"@id":"https:\/\/www.norgeat.fr\/#primaryimage"},"thumbnailUrl":"https:\/\/www.norgeat.fr\/wp-content\/uploads\/2024\/12\/avant-reseau-accueil-norgeat.jpg","datePublished":"2024-12-05T13:44:15+00:00","dateModified":"2024-12-14T22:45:37+00:00","description":"Norgeat est l\u2019un des cinq villages et hameaux de la Commune de Miglos, laquelle est situ\u00e9e, selon la d\u00e9nomination actuelle, dans le \"Pays de Tarascon-sur-Ari\u00e8ge\" - L\u2019Histoire de Norgeat est ainsi intimement li\u00e9e \u00e0 cette vall\u00e9e, surtout connue pour les imposants vestiges de son embl\u00e9matique Ch\u00e2teau m\u00e9di\u00e9val et son Eglise romane d\u2019Arquizat. N\u00e9anmoins, Norgeat poss\u00e8de ind\u00e9niablement, et ce depuis toujours, une identit\u00e9 propre au sein de ladite vall\u00e9e.","breadcrumb":{"@id":"https:\/\/www.norgeat.fr\/#breadcrumb"},"inLanguage":"fr-FR","potentialAction":[{"@type":"ReadAction","target":["https:\/\/www.norgeat.fr\/"]}]},{"@type":"ImageObject","inLanguage":"fr-FR","@id":"https:\/\/www.norgeat.fr\/#primaryimage","url":"https:\/\/www.norgeat.fr\/wp-content\/uploads\/2024\/12\/avant-reseau-accueil-norgeat.jpg","contentUrl":"https:\/\/www.norgeat.fr\/wp-content\/uploads\/2024\/12\/avant-reseau-accueil-norgeat.jpg","width":1000,"height":620},{"@type":"BreadcrumbList","@id":"https:\/\/www.norgeat.fr\/#breadcrumb","itemListElement":[{"@type":"ListItem","position":1,"name":"Accueil","item":"https:\/\/www.norgeat.fr\/"},{"@type":"ListItem","position":2,"name":"Accueil"}]},{"@type":"WebSite","@id":"https:\/\/www.norgeat.fr\/#website","url":"https:\/\/www.norgeat.fr\/","name":"Norgeat","description":"Norgeat, d&#039;hier et d&#039;aujourd&#039;hui...","publisher":{"@id":"https:\/\/www.norgeat.fr\/#organization"},"potentialAction":[{"@type":"SearchAction","target":{"@type":"EntryPoint","urlTemplate":"https:\/\/www.norgeat.fr\/?s={search_term_string}"},"query-input":{"@type":"PropertyValueSpecification","valueRequired":true,"valueName":"search_term_string"}}],"inLanguage":"fr-FR"},{"@type":"Organization","@id":"https:\/\/www.norgeat.fr\/#organization","name":"Le village de Norgeat en Ari\u00e8ge","url":"https:\/\/www.norgeat.fr\/","logo":{"@type":"ImageObject","inLanguage":"fr-FR","@id":"https:\/\/www.norgeat.fr\/#\/schema\/logo\/image\/","url":"https:\/\/www.norgeat.fr\/wp-content\/uploads\/2024\/12\/logo-norgeat-v.png","contentUrl":"https:\/\/www.norgeat.fr\/wp-content\/uploads\/2024\/12\/logo-norgeat-v.png","width":4306,"height":1521,"caption":"Le village de Norgeat en Ari\u00e8ge"},"image":{"@id":"https:\/\/www.norgeat.fr\/#\/schema\/logo\/image\/"}}]}},"rttpg_featured_image_url":{"full":["https:\/\/www.norgeat.fr\/wp-content\/uploads\/2024\/12\/avant-reseau-accueil-norgeat.jpg",1000,620,false],"landscape":["https:\/\/www.norgeat.fr\/wp-content\/uploads\/2024\/12\/avant-reseau-accueil-norgeat.jpg",1000,620,false],"portraits":["https:\/\/www.norgeat.fr\/wp-content\/uploads\/2024\/12\/avant-reseau-accueil-norgeat.jpg",1000,620,false],"thumbnail":["https:\/\/www.norgeat.fr\/wp-content\/uploads\/2024\/12\/avant-reseau-accueil-norgeat-150x150.jpg",150,150,true],"medium":["https:\/\/www.norgeat.fr\/wp-content\/uploads\/2024\/12\/avant-reseau-accueil-norgeat-300x186.jpg",300,186,true],"large":["https:\/\/www.norgeat.fr\/wp-content\/uploads\/2024\/12\/avant-reseau-accueil-norgeat.jpg",800,496,false],"1536x1536":["https:\/\/www.norgeat.fr\/wp-content\/uploads\/2024\/12\/avant-reseau-accueil-norgeat.jpg",1000,620,false],"2048x2048":["https:\/\/www.norgeat.fr\/wp-content\/uploads\/2024\/12\/avant-reseau-accueil-norgeat.jpg",1000,620,false],"onepress-blog-small":["https:\/\/www.norgeat.fr\/wp-content\/uploads\/2024\/12\/avant-reseau-accueil-norgeat-300x150.jpg",300,150,true],"onepress-small":["https:\/\/www.norgeat.fr\/wp-content\/uploads\/2024\/12\/avant-reseau-accueil-norgeat-480x300.jpg",480,300,true],"onepress-medium":["https:\/\/www.norgeat.fr\/wp-content\/uploads\/2024\/12\/avant-reseau-accueil-norgeat-640x400.jpg",640,400,true]},"rttpg_author":{"display_name":"norgeat","author_link":"https:\/\/www.norgeat.fr\/index.php\/author\/norgeat\/"},"rttpg_comment":0,"rttpg_category":null,"rttpg_excerpt":null,"_links":{"self":[{"href":"https:\/\/www.norgeat.fr\/index.php\/wp-json\/wp\/v2\/pages\/155","targetHints":{"allow":["GET"]}}],"collection":[{"href":"https:\/\/www.norgeat.fr\/index.php\/wp-json\/wp\/v2\/pages"}],"about":[{"href":"https:\/\/www.norgeat.fr\/index.php\/wp-json\/wp\/v2\/types\/page"}],"author":[{"embeddable":true,"href":"https:\/\/www.norgeat.fr\/index.php\/wp-json\/wp\/v2\/users\/2"}],"replies":[{"embeddable":true,"href":"https:\/\/www.norgeat.fr\/index.php\/wp-json\/wp\/v2\/comments?post=155"}],"version-history":[{"count":1,"href":"https:\/\/www.norgeat.fr\/index.php\/wp-json\/wp\/v2\/pages\/155\/revisions"}],"predecessor-version":[{"id":156,"href":"https:\/\/www.norgeat.fr\/index.php\/wp-json\/wp\/v2\/pages\/155\/revisions\/156"}],"wp:featuredmedia":[{"embeddable":true,"href":"https:\/\/www.norgeat.fr\/index.php\/wp-json\/wp\/v2\/media\/2371"}],"wp:attachment":[{"href":"https:\/\/www.norgeat.fr\/index.php\/wp-json\/wp\/v2\/media?parent=155"}],"curies":[{"name":"wp","href":"https:\/\/api.w.org\/{rel}","templated":true}]}}