{"id":2318,"date":"2024-12-14T16:56:07","date_gmt":"2024-12-14T15:56:07","guid":{"rendered":"https:\/\/www.norgeat.fr\/?page_id=2318"},"modified":"2025-08-30T13:42:55","modified_gmt":"2025-08-30T11:42:55","slug":"les-cartes-postales-gabarre-de-norgeat","status":"publish","type":"page","link":"https:\/\/www.norgeat.fr\/index.php\/bienvenue-sur-le-site-de-norgeat\/les-cartes-postales-gabarre-de-norgeat\/","title":{"rendered":"Les cartes postales \u00ab\u00a0Gabarre\u00a0\u00bb"},"content":{"rendered":"\n<h2 class=\"wp-block-heading\">Les cartes postales \u00ab\u00a0Gabarre\u00a0\u00bb<\/h2>\n\n\n\n<p>La plaque photographique utilis\u00e9e pour \u00e9diter la carte postale \u00ab\u00a0<em>NORGEAT (Miglos) &#8211; vue g\u00e9n\u00e9rale. (Photo Gabarre)<\/em>\u00a0\u00bb en vente au Caf\u00e9-Epicerie du village, Gabarre La Libert\u00e9, \u00e0 partir de 1930.<\/p>\n\n\n<div class=\"wp-block-image\">\n<figure class=\"aligncenter size-large is-resized\"><a href=\"https:\/\/www.norgeat.fr\/wp-content\/uploads\/2024\/12\/original-norgeat-gabarre-s.jpg\" data-rel=\"lightbox-gallery-pAOFZeVn\" data-rl_title=\"NORGEAT (Miglos) - vue g\u00e9n\u00e9rale. (Photo Gabarre) Photo prise par Fran\u00e7ois Gabarre vers 1928.\" data-rl_caption=\"NORGEAT (Miglos) - vue g\u00e9n\u00e9rale. (Photo Gabarre) Photo prise par Fran\u00e7ois Gabarre vers 1928.\" title=\"NORGEAT (Miglos) - vue g\u00e9n\u00e9rale. (Photo Gabarre) Photo prise par Fran\u00e7ois Gabarre vers 1928.\"><img loading=\"lazy\" decoding=\"async\" width=\"1024\" height=\"939\" src=\"https:\/\/www.norgeat.fr\/wp-content\/uploads\/2024\/12\/original-norgeat-gabarre-s-1024x939.jpg\" alt=\"\" class=\"wp-image-2329\" style=\"width:600px\"\/><\/a><figcaption class=\"wp-element-caption\">NORGEAT (Miglos) &#8211; vue g\u00e9n\u00e9rale. (Photo Gabarre)\nPhoto prise par Fran\u00e7ois Gabarre vers 1928.\n<\/figcaption><\/figure>\n<\/div>\n\n\n<p class=\"has-text-align-center\">Photo re\u00e7ue en novembre 2020 de Fran\u00e7ois Gabarre, petit-fils du photographe, qui d\u00e9tient la plaque photo originale.<\/p>\n\n\n\n<hr class=\"wp-block-separator has-alpha-channel-opacity\"\/>\n\n\n\n<h3 class=\"wp-block-heading\">La s\u00e9rie des 3 cartes postales de Gabarre<\/h3>\n\n\n\n<p>Deux autres cartes postales \u00ab\u00a0<em>Photo Gabarre<\/em>\u00a0\u00bb ont \u00e9t\u00e9 \u00e9dit\u00e9es \u00e0 la m\u00eame \u00e9poque :<\/p>\n\n\n\n<ul class=\"wp-block-list\">\n<li><em>Norgeat (Miglos) &#8211; l&rsquo;Eglise &#8211; l&rsquo;Ecole.<\/em><\/li>\n\n\n\n<li><em>Norgeat (Miglos) &#8211; Vue de Bareto.<\/em><\/li>\n<\/ul>\n\n\n\n<figure class=\"wp-block-gallery has-nested-images columns-default is-cropped wp-block-gallery-1 is-layout-flex wp-block-gallery-is-layout-flex\">\n<figure class=\"wp-block-image size-large\"><a href=\"https:\/\/www.norgeat.fr\/wp-content\/uploads\/2024\/12\/Norgeat-Gabarre.jpg\" data-rel=\"lightbox-gallery-pAOFZeVn\" data-rl_title=\"Norgeat (Miglos) - Vue G\u00e9n\u00e9rale - Photo Gabarre\" data-rl_caption=\"Norgeat (Miglos) - Vue G\u00e9n\u00e9rale - Photo Gabarre\" title=\"Norgeat (Miglos) - Vue G\u00e9n\u00e9rale - Photo Gabarre\"><img loading=\"lazy\" decoding=\"async\" width=\"1024\" height=\"663\" data-id=\"2321\" src=\"https:\/\/www.norgeat.fr\/wp-content\/uploads\/2024\/12\/Norgeat-Gabarre-1024x663.jpg\" alt=\"\" class=\"wp-image-2321\"\/><\/a><figcaption class=\"wp-element-caption\">Norgeat (Miglos) &#8211; Vue G\u00e9n\u00e9rale &#8211; Photo Gabarre<\/figcaption><\/figure>\n\n\n\n<figure class=\"wp-block-image size-large\"><a href=\"https:\/\/www.norgeat.fr\/wp-content\/uploads\/2024\/12\/Norgeat-Eglise-Ecole-Gabarre.jpg\" data-rel=\"lightbox-gallery-pAOFZeVn\" data-rl_title=\"Norgeat (Miglos) - L&#039;Eglise - L&#039;Ecole - Photo Gabarre\" data-rl_caption=\"Norgeat (Miglos) - L&#039;Eglise - L&#039;Ecole - Photo Gabarre\" title=\"Norgeat (Miglos) - L&#039;Eglise - L&#039;Ecole - Photo Gabarre\"><img loading=\"lazy\" decoding=\"async\" width=\"1024\" height=\"663\" data-id=\"2320\" src=\"https:\/\/www.norgeat.fr\/wp-content\/uploads\/2024\/12\/Norgeat-Eglise-Ecole-Gabarre-1024x663.jpg\" alt=\"\" class=\"wp-image-2320\"\/><\/a><figcaption class=\"wp-element-caption\">Norgeat (Miglos) &#8211; L&rsquo;Eglise &#8211; L&rsquo;Ecole &#8211; Photo Gabarre<\/figcaption><\/figure>\n\n\n\n<figure class=\"wp-block-image size-large\"><a href=\"https:\/\/www.norgeat.fr\/wp-content\/uploads\/2024\/12\/Norgeat-vue-de-Bareto-Gabarre.jpg\" data-rel=\"lightbox-gallery-pAOFZeVn\" data-rl_title=\"Norgeat (Miglos) - Vue de Bareto - Photo Gabarre\" data-rl_caption=\"Norgeat (Miglos) - Vue de Bareto - Photo Gabarre\" title=\"Norgeat (Miglos) - Vue de Bareto - Photo Gabarre\"><img loading=\"lazy\" decoding=\"async\" width=\"1024\" height=\"671\" data-id=\"2322\" src=\"https:\/\/www.norgeat.fr\/wp-content\/uploads\/2024\/12\/Norgeat-vue-de-Bareto-Gabarre-1024x671.jpg\" alt=\"\" class=\"wp-image-2322\"\/><\/a><figcaption class=\"wp-element-caption\">Norgeat (Miglos) &#8211; Vue de Bareto &#8211; Photo Gabarre<\/figcaption><\/figure>\n<\/figure>\n\n\n\n<p><\/p>\n","protected":false},"excerpt":{"rendered":"<p>Les cartes postales \u00ab\u00a0Gabarre\u00a0\u00bb La plaque photographique utilis\u00e9e pour \u00e9diter la carte postale \u00ab\u00a0NORGEAT (Miglos) &#8211; vue g\u00e9n\u00e9rale. (Photo Gabarre)\u00a0\u00bb en vente au Caf\u00e9-Epicerie du village, Gabarre La Libert\u00e9, \u00e0 &#8230;<\/p>\n","protected":false},"author":2,"featured_media":2328,"parent":1328,"menu_order":5,"comment_status":"closed","ping_status":"closed","template":"","meta":{"footnotes":""},"class_list":["post-2318","page","type-page","status-publish","has-post-thumbnail","hentry"],"yoast_head":"<!-- This site is optimized with the Yoast SEO plugin v24.0 - https:\/\/yoast.com\/wordpress\/plugins\/seo\/ -->\n<title>Les cartes postales &quot;Gabarre&quot; - Norgeat<\/title>\n<meta name=\"description\" content=\"Les cartes postales de &quot;NORGEAT (Miglos)&quot; en vente au Caf\u00e9-Epicerie du village, Gabarre La Libert\u00e9, \u00e0 partir de 1930.\" \/>\n<meta name=\"robots\" content=\"index, follow, max-snippet:-1, max-image-preview:large, max-video-preview:-1\" \/>\n<link rel=\"canonical\" href=\"https:\/\/www.norgeat.fr\/index.php\/bienvenue-sur-le-site-de-norgeat\/les-cartes-postales-gabarre-de-norgeat\/\" \/>\n<meta property=\"og:locale\" content=\"fr_FR\" \/>\n<meta property=\"og:type\" content=\"article\" \/>\n<meta property=\"og:title\" content=\"Les cartes postales \u00ab Gabarre \u00bb de Norgeat\" \/>\n<meta property=\"og:description\" content=\"Les cartes postales de &quot;NORGEAT (Miglos)&quot; en vente au Caf\u00e9-Epicerie du village, Gabarre La Libert\u00e9, \u00e0 partir de 1930.\" \/>\n<meta property=\"og:url\" content=\"https:\/\/www.norgeat.fr\/index.php\/bienvenue-sur-le-site-de-norgeat\/les-cartes-postales-gabarre-de-norgeat\/\" \/>\n<meta property=\"og:site_name\" content=\"Norgeat\" \/>\n<meta property=\"article:modified_time\" content=\"2025-08-30T11:42:55+00:00\" \/>\n<meta property=\"og:image\" content=\"https:\/\/www.norgeat.fr\/wp-content\/uploads\/2024\/12\/avant-reseau-cp-gabarre.jpg\" \/>\n\t<meta property=\"og:image:width\" content=\"1000\" \/>\n\t<meta property=\"og:image:height\" content=\"522\" \/>\n\t<meta property=\"og:image:type\" content=\"image\/jpeg\" \/>\n<meta name=\"twitter:card\" content=\"summary_large_image\" \/>\n<meta name=\"twitter:title\" content=\"Les cartes postales \u00ab Gabarre \u00bb de Norgeat\" \/>\n<meta name=\"twitter:description\" content=\"Les cartes postales de &quot;NORGEAT (Miglos)&quot; en vente au Caf\u00e9-Epicerie du village, Gabarre La Libert\u00e9, \u00e0 partir de 1930.\" \/>\n<meta name=\"twitter:image\" content=\"https:\/\/www.norgeat.fr\/wp-content\/uploads\/2024\/12\/avant-reseau-cp-gabarre.jpg\" \/>\n<meta name=\"twitter:label1\" content=\"Dur\u00e9e de lecture estim\u00e9e\" \/>\n\t<meta name=\"twitter:data1\" content=\"2 minutes\" \/>\n<script type=\"application\/ld+json\" class=\"yoast-schema-graph\">{\"@context\":\"https:\/\/schema.org\",\"@graph\":[{\"@type\":\"WebPage\",\"@id\":\"https:\/\/www.norgeat.fr\/index.php\/bienvenue-sur-le-site-de-norgeat\/les-cartes-postales-gabarre-de-norgeat\/\",\"url\":\"https:\/\/www.norgeat.fr\/index.php\/bienvenue-sur-le-site-de-norgeat\/les-cartes-postales-gabarre-de-norgeat\/\",\"name\":\"Les cartes postales \\\"Gabarre\\\" - Norgeat\",\"isPartOf\":{\"@id\":\"https:\/\/www.norgeat.fr\/#website\"},\"primaryImageOfPage\":{\"@id\":\"https:\/\/www.norgeat.fr\/index.php\/bienvenue-sur-le-site-de-norgeat\/les-cartes-postales-gabarre-de-norgeat\/#primaryimage\"},\"image\":{\"@id\":\"https:\/\/www.norgeat.fr\/index.php\/bienvenue-sur-le-site-de-norgeat\/les-cartes-postales-gabarre-de-norgeat\/#primaryimage\"},\"thumbnailUrl\":\"https:\/\/www.norgeat.fr\/wp-content\/uploads\/2024\/12\/avant-reseau-cp-gabarre.jpg\",\"datePublished\":\"2024-12-14T15:56:07+00:00\",\"dateModified\":\"2025-08-30T11:42:55+00:00\",\"description\":\"Les cartes postales de \\\"NORGEAT (Miglos)\\\" en vente au Caf\u00e9-Epicerie du village, Gabarre La Libert\u00e9, \u00e0 partir de 1930.\",\"breadcrumb\":{\"@id\":\"https:\/\/www.norgeat.fr\/index.php\/bienvenue-sur-le-site-de-norgeat\/les-cartes-postales-gabarre-de-norgeat\/#breadcrumb\"},\"inLanguage\":\"fr-FR\",\"potentialAction\":[{\"@type\":\"ReadAction\",\"target\":[\"https:\/\/www.norgeat.fr\/index.php\/bienvenue-sur-le-site-de-norgeat\/les-cartes-postales-gabarre-de-norgeat\/\"]}]},{\"@type\":\"ImageObject\",\"inLanguage\":\"fr-FR\",\"@id\":\"https:\/\/www.norgeat.fr\/index.php\/bienvenue-sur-le-site-de-norgeat\/les-cartes-postales-gabarre-de-norgeat\/#primaryimage\",\"url\":\"https:\/\/www.norgeat.fr\/wp-content\/uploads\/2024\/12\/avant-reseau-cp-gabarre.jpg\",\"contentUrl\":\"https:\/\/www.norgeat.fr\/wp-content\/uploads\/2024\/12\/avant-reseau-cp-gabarre.jpg\",\"width\":1000,\"height\":522},{\"@type\":\"BreadcrumbList\",\"@id\":\"https:\/\/www.norgeat.fr\/index.php\/bienvenue-sur-le-site-de-norgeat\/les-cartes-postales-gabarre-de-norgeat\/#breadcrumb\",\"itemListElement\":[{\"@type\":\"ListItem\",\"position\":1,\"name\":\"Accueil\",\"item\":\"https:\/\/www.norgeat.fr\/\"},{\"@type\":\"ListItem\",\"position\":2,\"name\":\"Bienvenue\",\"item\":\"https:\/\/www.norgeat.fr\/index.php\/bienvenue-sur-le-site-de-norgeat\/\"},{\"@type\":\"ListItem\",\"position\":3,\"name\":\"Les cartes postales \u00ab\u00a0Gabarre\u00a0\u00bb\"}]},{\"@type\":\"WebSite\",\"@id\":\"https:\/\/www.norgeat.fr\/#website\",\"url\":\"https:\/\/www.norgeat.fr\/\",\"name\":\"Norgeat\",\"description\":\"Norgeat, d&#039;hier et d&#039;aujourd&#039;hui...\",\"publisher\":{\"@id\":\"https:\/\/www.norgeat.fr\/#organization\"},\"potentialAction\":[{\"@type\":\"SearchAction\",\"target\":{\"@type\":\"EntryPoint\",\"urlTemplate\":\"https:\/\/www.norgeat.fr\/?s={search_term_string}\"},\"query-input\":{\"@type\":\"PropertyValueSpecification\",\"valueRequired\":true,\"valueName\":\"search_term_string\"}}],\"inLanguage\":\"fr-FR\"},{\"@type\":\"Organization\",\"@id\":\"https:\/\/www.norgeat.fr\/#organization\",\"name\":\"Le village de Norgeat en Ari\u00e8ge\",\"url\":\"https:\/\/www.norgeat.fr\/\",\"logo\":{\"@type\":\"ImageObject\",\"inLanguage\":\"fr-FR\",\"@id\":\"https:\/\/www.norgeat.fr\/#\/schema\/logo\/image\/\",\"url\":\"https:\/\/www.norgeat.fr\/wp-content\/uploads\/2024\/12\/logo-norgeat-v.png\",\"contentUrl\":\"https:\/\/www.norgeat.fr\/wp-content\/uploads\/2024\/12\/logo-norgeat-v.png\",\"width\":4306,\"height\":1521,\"caption\":\"Le village de Norgeat en Ari\u00e8ge\"},\"image\":{\"@id\":\"https:\/\/www.norgeat.fr\/#\/schema\/logo\/image\/\"}}]}<\/script>\n<!-- \/ Yoast SEO plugin. -->","yoast_head_json":{"title":"Les cartes postales \"Gabarre\" - Norgeat","description":"Les cartes postales de \"NORGEAT (Miglos)\" en vente au Caf\u00e9-Epicerie du village, Gabarre La Libert\u00e9, \u00e0 partir de 1930.","robots":{"index":"index","follow":"follow","max-snippet":"max-snippet:-1","max-image-preview":"max-image-preview:large","max-video-preview":"max-video-preview:-1"},"canonical":"https:\/\/www.norgeat.fr\/index.php\/bienvenue-sur-le-site-de-norgeat\/les-cartes-postales-gabarre-de-norgeat\/","og_locale":"fr_FR","og_type":"article","og_title":"Les cartes postales \u00ab Gabarre \u00bb de Norgeat","og_description":"Les cartes postales de \"NORGEAT (Miglos)\" en vente au Caf\u00e9-Epicerie du village, Gabarre La Libert\u00e9, \u00e0 partir de 1930.","og_url":"https:\/\/www.norgeat.fr\/index.php\/bienvenue-sur-le-site-de-norgeat\/les-cartes-postales-gabarre-de-norgeat\/","og_site_name":"Norgeat","article_modified_time":"2025-08-30T11:42:55+00:00","og_image":[{"width":1000,"height":522,"url":"https:\/\/www.norgeat.fr\/wp-content\/uploads\/2024\/12\/avant-reseau-cp-gabarre.jpg","type":"image\/jpeg"}],"twitter_card":"summary_large_image","twitter_title":"Les cartes postales \u00ab Gabarre \u00bb de Norgeat","twitter_description":"Les cartes postales de \"NORGEAT (Miglos)\" en vente au Caf\u00e9-Epicerie du village, Gabarre La Libert\u00e9, \u00e0 partir de 1930.","twitter_image":"https:\/\/www.norgeat.fr\/wp-content\/uploads\/2024\/12\/avant-reseau-cp-gabarre.jpg","twitter_misc":{"Dur\u00e9e de lecture estim\u00e9e":"2 minutes"},"schema":{"@context":"https:\/\/schema.org","@graph":[{"@type":"WebPage","@id":"https:\/\/www.norgeat.fr\/index.php\/bienvenue-sur-le-site-de-norgeat\/les-cartes-postales-gabarre-de-norgeat\/","url":"https:\/\/www.norgeat.fr\/index.php\/bienvenue-sur-le-site-de-norgeat\/les-cartes-postales-gabarre-de-norgeat\/","name":"Les cartes postales \"Gabarre\" - Norgeat","isPartOf":{"@id":"https:\/\/www.norgeat.fr\/#website"},"primaryImageOfPage":{"@id":"https:\/\/www.norgeat.fr\/index.php\/bienvenue-sur-le-site-de-norgeat\/les-cartes-postales-gabarre-de-norgeat\/#primaryimage"},"image":{"@id":"https:\/\/www.norgeat.fr\/index.php\/bienvenue-sur-le-site-de-norgeat\/les-cartes-postales-gabarre-de-norgeat\/#primaryimage"},"thumbnailUrl":"https:\/\/www.norgeat.fr\/wp-content\/uploads\/2024\/12\/avant-reseau-cp-gabarre.jpg","datePublished":"2024-12-14T15:56:07+00:00","dateModified":"2025-08-30T11:42:55+00:00","description":"Les cartes postales de \"NORGEAT (Miglos)\" en vente au Caf\u00e9-Epicerie du village, Gabarre La Libert\u00e9, \u00e0 partir de 1930.","breadcrumb":{"@id":"https:\/\/www.norgeat.fr\/index.php\/bienvenue-sur-le-site-de-norgeat\/les-cartes-postales-gabarre-de-norgeat\/#breadcrumb"},"inLanguage":"fr-FR","potentialAction":[{"@type":"ReadAction","target":["https:\/\/www.norgeat.fr\/index.php\/bienvenue-sur-le-site-de-norgeat\/les-cartes-postales-gabarre-de-norgeat\/"]}]},{"@type":"ImageObject","inLanguage":"fr-FR","@id":"https:\/\/www.norgeat.fr\/index.php\/bienvenue-sur-le-site-de-norgeat\/les-cartes-postales-gabarre-de-norgeat\/#primaryimage","url":"https:\/\/www.norgeat.fr\/wp-content\/uploads\/2024\/12\/avant-reseau-cp-gabarre.jpg","contentUrl":"https:\/\/www.norgeat.fr\/wp-content\/uploads\/2024\/12\/avant-reseau-cp-gabarre.jpg","width":1000,"height":522},{"@type":"BreadcrumbList","@id":"https:\/\/www.norgeat.fr\/index.php\/bienvenue-sur-le-site-de-norgeat\/les-cartes-postales-gabarre-de-norgeat\/#breadcrumb","itemListElement":[{"@type":"ListItem","position":1,"name":"Accueil","item":"https:\/\/www.norgeat.fr\/"},{"@type":"ListItem","position":2,"name":"Bienvenue","item":"https:\/\/www.norgeat.fr\/index.php\/bienvenue-sur-le-site-de-norgeat\/"},{"@type":"ListItem","position":3,"name":"Les cartes postales \u00ab\u00a0Gabarre\u00a0\u00bb"}]},{"@type":"WebSite","@id":"https:\/\/www.norgeat.fr\/#website","url":"https:\/\/www.norgeat.fr\/","name":"Norgeat","description":"Norgeat, d&#039;hier et d&#039;aujourd&#039;hui...","publisher":{"@id":"https:\/\/www.norgeat.fr\/#organization"},"potentialAction":[{"@type":"SearchAction","target":{"@type":"EntryPoint","urlTemplate":"https:\/\/www.norgeat.fr\/?s={search_term_string}"},"query-input":{"@type":"PropertyValueSpecification","valueRequired":true,"valueName":"search_term_string"}}],"inLanguage":"fr-FR"},{"@type":"Organization","@id":"https:\/\/www.norgeat.fr\/#organization","name":"Le village de Norgeat en Ari\u00e8ge","url":"https:\/\/www.norgeat.fr\/","logo":{"@type":"ImageObject","inLanguage":"fr-FR","@id":"https:\/\/www.norgeat.fr\/#\/schema\/logo\/image\/","url":"https:\/\/www.norgeat.fr\/wp-content\/uploads\/2024\/12\/logo-norgeat-v.png","contentUrl":"https:\/\/www.norgeat.fr\/wp-content\/uploads\/2024\/12\/logo-norgeat-v.png","width":4306,"height":1521,"caption":"Le village de Norgeat en Ari\u00e8ge"},"image":{"@id":"https:\/\/www.norgeat.fr\/#\/schema\/logo\/image\/"}}]}},"rttpg_featured_image_url":{"full":["https:\/\/www.norgeat.fr\/wp-content\/uploads\/2024\/12\/avant-reseau-cp-gabarre.jpg",1000,522,false],"landscape":["https:\/\/www.norgeat.fr\/wp-content\/uploads\/2024\/12\/avant-reseau-cp-gabarre.jpg",1000,522,false],"portraits":["https:\/\/www.norgeat.fr\/wp-content\/uploads\/2024\/12\/avant-reseau-cp-gabarre.jpg",1000,522,false],"thumbnail":["https:\/\/www.norgeat.fr\/wp-content\/uploads\/2024\/12\/avant-reseau-cp-gabarre-150x150.jpg",150,150,true],"medium":["https:\/\/www.norgeat.fr\/wp-content\/uploads\/2024\/12\/avant-reseau-cp-gabarre-300x157.jpg",300,157,true],"large":["https:\/\/www.norgeat.fr\/wp-content\/uploads\/2024\/12\/avant-reseau-cp-gabarre.jpg",800,418,false],"1536x1536":["https:\/\/www.norgeat.fr\/wp-content\/uploads\/2024\/12\/avant-reseau-cp-gabarre.jpg",1000,522,false],"2048x2048":["https:\/\/www.norgeat.fr\/wp-content\/uploads\/2024\/12\/avant-reseau-cp-gabarre.jpg",1000,522,false],"onepress-blog-small":["https:\/\/www.norgeat.fr\/wp-content\/uploads\/2024\/12\/avant-reseau-cp-gabarre-300x150.jpg",300,150,true],"onepress-small":["https:\/\/www.norgeat.fr\/wp-content\/uploads\/2024\/12\/avant-reseau-cp-gabarre-480x300.jpg",480,300,true],"onepress-medium":["https:\/\/www.norgeat.fr\/wp-content\/uploads\/2024\/12\/avant-reseau-cp-gabarre-640x400.jpg",640,400,true]},"rttpg_author":{"display_name":"norgeat","author_link":"https:\/\/www.norgeat.fr\/index.php\/author\/norgeat\/"},"rttpg_comment":0,"rttpg_category":null,"rttpg_excerpt":"Les cartes postales \u00ab\u00a0Gabarre\u00a0\u00bb La plaque photographique utilis\u00e9e pour \u00e9diter la carte postale \u00ab\u00a0NORGEAT (Miglos) &#8211; vue g\u00e9n\u00e9rale. (Photo Gabarre)\u00a0\u00bb en vente au Caf\u00e9-Epicerie du village, Gabarre La Libert\u00e9, \u00e0 ...","_links":{"self":[{"href":"https:\/\/www.norgeat.fr\/index.php\/wp-json\/wp\/v2\/pages\/2318","targetHints":{"allow":["GET"]}}],"collection":[{"href":"https:\/\/www.norgeat.fr\/index.php\/wp-json\/wp\/v2\/pages"}],"about":[{"href":"https:\/\/www.norgeat.fr\/index.php\/wp-json\/wp\/v2\/types\/page"}],"author":[{"embeddable":true,"href":"https:\/\/www.norgeat.fr\/index.php\/wp-json\/wp\/v2\/users\/2"}],"replies":[{"embeddable":true,"href":"https:\/\/www.norgeat.fr\/index.php\/wp-json\/wp\/v2\/comments?post=2318"}],"version-history":[{"count":8,"href":"https:\/\/www.norgeat.fr\/index.php\/wp-json\/wp\/v2\/pages\/2318\/revisions"}],"predecessor-version":[{"id":2683,"href":"https:\/\/www.norgeat.fr\/index.php\/wp-json\/wp\/v2\/pages\/2318\/revisions\/2683"}],"up":[{"embeddable":true,"href":"https:\/\/www.norgeat.fr\/index.php\/wp-json\/wp\/v2\/pages\/1328"}],"wp:featuredmedia":[{"embeddable":true,"href":"https:\/\/www.norgeat.fr\/index.php\/wp-json\/wp\/v2\/media\/2328"}],"wp:attachment":[{"href":"https:\/\/www.norgeat.fr\/index.php\/wp-json\/wp\/v2\/media?parent=2318"}],"curies":[{"name":"wp","href":"https:\/\/api.w.org\/{rel}","templated":true}]}}