{"id":521,"date":"2024-12-06T17:02:18","date_gmt":"2024-12-06T16:02:18","guid":{"rendered":"http:\/\/www.norgeat.fr\/?page_id=521"},"modified":"2024-12-08T21:19:03","modified_gmt":"2024-12-08T20:19:03","slug":"la-derniere-sage-femme","status":"publish","type":"page","link":"https:\/\/www.norgeat.fr\/index.php\/divers-sujets-sur-norgeat\/la-derniere-sage-femme\/","title":{"rendered":"La derni\u00e8re sage-femme"},"content":{"rendered":"\n<h2 class=\"wp-block-heading\">La derni\u00e8re sage-femme<\/h2>\n\n\n\n<p>Jusqu\u2019au milieu du XXe si\u00e8cle, les maternit\u00e9s \u00e9taient rares dans notre r\u00e9gion.<br>Aussi, en Haute Ari\u00e8ge (et comme d\u2019ailleurs dans la plupart des zones \u00e9loign\u00e9es des villes importantes), les femmes accouchaient \u00e0 la maison.<br>Pour mettre leur enfant au monde, elles \u00e9taient aid\u00e9es, la plupart du temps, par quelques femmes de leur famille ou du village, plut\u00f4t d\u2019un certain \u00e2ge et ayant quelque exp\u00e9rience dans ce domaine. Cependant, dans bon nombre de communes, une sage-femme dipl\u00f4m\u00e9e pouvait aussi les assister et pratiquer l\u2019accouchement.<br>C\u2019\u00e9tait le cas \u00e0 Miglos.<\/p>\n\n\n\n<div class=\"wp-block-media-text is-stacked-on-mobile\" style=\"grid-template-columns:30% auto\"><figure class=\"wp-block-media-text__media\"><a href=\"https:\/\/www.norgeat.fr\/wp-content\/uploads\/2024\/12\/1_Certificat-du-Jury-examen-Pamiers-1888.jpg\" data-rel=\"lightbox-gallery-VMU9wDy7\" data-rl_title=\"Certificat du Jury d&#039;examen de Pamiers (1888)\" data-rl_caption=\"Certificat du Jury d&#039;examen de Pamiers (1888)\" title=\"Certificat du Jury d&#039;examen de Pamiers (1888)\"><img loading=\"lazy\" decoding=\"async\" width=\"784\" height=\"959\" src=\"https:\/\/www.norgeat.fr\/wp-content\/uploads\/2024\/12\/1_Certificat-du-Jury-examen-Pamiers-1888.jpg\" alt=\"\" class=\"wp-image-538 size-full\"\/><\/a><\/figure><div class=\"wp-block-media-text__content\">\n<p>La derni\u00e8re sage-femme de cette vall\u00e9e, o\u00f9 elle exercera durant un demi-si\u00e8cle, \u00e9tait de Norgeat.<br>Il s\u2019agit de <strong>Baptistine Gabarre<\/strong>, n\u00e9e le 12 Ao\u00fbt 1869, d\u2019Antoine Gabarre Boulop et Marie Faur\u00e9 G\u00e9nat, qui \u00e9pousera Baptiste Gardes (\u00e9galement de Norgeat) le 10 F\u00e9vrier 1893.<br>Veuve en 1920, elle d\u00e9c\u00e8dera \u00e0 Norgeat chez Marie Balan\u00e7a du Bura\u00efre, son unique enfant, le 29 Juillet 1959.<\/p>\n\n\n\n<p>La jeune Baptistine, apr\u00e8s avoir fr\u00e9quent\u00e9 l\u2019\u00e9cole communale de Norgeat, est all\u00e9e \u00e9tudier \u00e0 Pamiers.<br>El\u00e8ve \u00e0 la maternit\u00e9 de cette ville, elle a subi avec succ\u00e8s les \u00e9preuves de l\u2019examen \u00ab\u00a0d\u2019aspirante au titre de sage-femme de premi\u00e8re classe\u00a0\u00bb, comme le pr\u00e9cise l\u2019attestation qui lui a \u00e9t\u00e9 d\u00e9livr\u00e9e le 26 Mars 1888 par l\u2019Inspection Acad\u00e9mique de l\u2019Ari\u00e8ge.<\/p>\n<\/div><\/div>\n\n\n\n<div class=\"wp-block-media-text has-media-on-the-right is-stacked-on-mobile\"><div class=\"wp-block-media-text__content\">\n<p>Elle obtiendra le \u00ab\u00a0Certificat d\u2019Aptitude \u00e0 la profession de Sage-Femme de deuxi\u00e8me classe\u00a0\u00bb, apr\u00e8s \u00eatre pass\u00e9e devant la commission ad hoc de l\u2019Ecole de plein exercice de l\u2019Acad\u00e9mie de M\u00e9decine et de Pharmacie de Toulouse, le 16 Avril 1888.<\/p>\n<\/div><figure class=\"wp-block-media-text__media\"><a href=\"https:\/\/www.norgeat.fr\/wp-content\/uploads\/2024\/12\/2_Certificat-Aptitude-1888.jpg\" data-rel=\"lightbox-gallery-VMU9wDy7\" data-rl_title=\"Certificat d&#039;Aptitude (1888)\" data-rl_caption=\"Certificat d&#039;Aptitude (1888)\" title=\"Certificat d&#039;Aptitude (1888)\"><img loading=\"lazy\" decoding=\"async\" width=\"1024\" height=\"705\" src=\"https:\/\/www.norgeat.fr\/wp-content\/uploads\/2024\/12\/2_Certificat-Aptitude-1888.jpg\" alt=\"\" class=\"wp-image-539 size-full\"\/><\/a><\/figure><\/div>\n\n\n\n<p><\/p>\n\n\n\n<p>Ce document lui permettant d\u2019exercer dans le d\u00e9partement de l\u2019Ari\u00e8ge, c\u2019est \u00e0 Miglos, et plus pr\u00e9cis\u00e9ment dans son village natal de Norgeat, qu\u2019elle s\u2019installera.<\/p>\n\n\n\n<p>On sait que Baptistine Gabarre exer\u00e7ait d\u00e9j\u00e0 \u00e0 l\u2019\u00e2ge de 22 ans, comme indiqu\u00e9 dans le D\u00e9nombrement de la Population de Miglos pour l\u2019ann\u00e9e 1891.<\/p>\n\n\n\n<p>A cette m\u00eame \u00e9poque, une autre sage-femme \u00e9tait aussi install\u00e9e sur la commune, \u00e0 Axiat : Victoire Viguerie, veuve Gardes, \u00e2g\u00e9e de 60 ans.<br>Cette derni\u00e8re est d\u00e9j\u00e0 r\u00e9pertori\u00e9e, professionnellement, lors du recensement de 1866 (\u00e2ge 35 ans &#8211; \u00e9pouse Hippolyte Gardes).<br>Selon l\u2019Annuaire Statistique du D\u00e9partement de l\u2019Ari\u00e8ge, elle est encore en activit\u00e9 en 1910, mais ne figure plus sur celui de l\u2019ann\u00e9e 1914.<br>L\u2019int\u00e9ress\u00e9e est n\u00e9e \u00e0 G\u00e9nat le 10 Avril 1831 et s&rsquo;est mari\u00e9e \u00e0 Miglos le 24 Ao\u00fbt 1848.<br>Pas de trace de son d\u00e9c\u00e8s sur les registres d\u2019\u00e9tat-civil de Miglos.<\/p>\n\n\n\n<p>On notera qu\u2019en 1866, et alors que Victoire Viguerie \u00e9tait seule \u00e0 exercer sur la commune, on y d\u00e9nombrait 37 naissances (18 gar\u00e7ons et 19 filles).<br>En 1891 la natalit\u00e9 avait commenc\u00e9 \u00e0 baisser \u00e0 Miglos ; seulement 10 gar\u00e7ons et 10 filles y sont n\u00e9s.<br>A la veille du premier grand conflit mondial, Baptistine se retrouve seule \u00e0 son tour.<br>En 1914, le nombre des naissances est tomb\u00e9 \u00e0 10 (4 gar\u00e7ons et 6 filles), et \u00e0 la fin de la Premi\u00e8re Guerre Mondiale, en 1918, seuls un gar\u00e7on et une fille verront le jour.<br>La population de Miglos continue \u00e0 d\u00e9croitre r\u00e9guli\u00e8rement entre les deux guerres, et l\u2019exode rural commence \u00e0 vider nos villages de montagne de ses forces vives.<br>Les jeunes pr\u00e9f\u00e8rent aller \u00e0 l\u2019usine et vivre en ville, plut\u00f4t que de travailler la terre, un rude labeur, trop souvent ingrat et moins r\u00e9mun\u00e9rateur.<br>Cette tendance va s\u2019accentuer de fa\u00e7on irr\u00e9m\u00e9diable au lendemain de la Guerre de 1939\/1945, et la courbe des naissances suivra logiquement la m\u00eame d\u00e9croissance rapide. Aussi, on ne compte que 14 enfants n\u00e9s entre 1945 et 1954, et aucun de 1955 \u00e0 1960.<\/p>\n\n\n\n<p>Il n\u2019y a plus besoin d\u2019une sage-femme \u00e0 Miglos, et Baptistine prendra une retraite bien m\u00e9rit\u00e9e au moment de la Seconde Guerre Mondiale.<br>Mme veuve Gardes figurait encore sur le dernier Annuaire de l\u2019Ari\u00e8ge &#8211; ann\u00e9e 1939.<\/p>\n\n\n\n<p>Tout au long de sa carri\u00e8re, Baptistine Gabarre aura eu l\u2019occasion, \u00e0 n\u2019en pas douter, de mettre en pratique les enseignements repris sur le \u00ab\u00a0Manuel de l\u2019art des Accouchements\u00a0\u00bb (\u00e9dit\u00e9 en 1874), qu\u2019elle avait achet\u00e9 le 20 Mars 1887 dans le cadre de sa formation \u00e0 la maternit\u00e9 de Pamiers.<\/p>\n\n\n\n<figure class=\"wp-block-gallery has-nested-images columns-default is-cropped wp-block-gallery-1 is-layout-flex wp-block-gallery-is-layout-flex\">\n<figure class=\"wp-block-image size-large\"><a href=\"https:\/\/www.norgeat.fr\/wp-content\/uploads\/2024\/12\/3_Manuel-art-des-Accouchements-1874.jpg\" data-rel=\"lightbox-gallery-VMU9wDy7\" data-rl_title=\"Manuel de l&#039;art des Accouchements (1874)\" data-rl_caption=\"Manuel de l&#039;art des Accouchements (1874)\" title=\"Manuel de l&#039;art des Accouchements (1874)\"><img loading=\"lazy\" decoding=\"async\" width=\"1018\" height=\"859\" data-id=\"540\" src=\"https:\/\/www.norgeat.fr\/wp-content\/uploads\/2024\/12\/3_Manuel-art-des-Accouchements-1874.jpg\" alt=\"\" class=\"wp-image-540\"\/><\/a><figcaption class=\"wp-element-caption\">Manuel de l&rsquo;art des Accouchements (1874)<\/figcaption><\/figure>\n\n\n\n<figure class=\"wp-block-image size-large\"><a href=\"https:\/\/www.norgeat.fr\/wp-content\/uploads\/2024\/12\/4_Manuel-accouchements-Extrait.jpg\" data-rel=\"lightbox-gallery-VMU9wDy7\" data-rl_title=\"Manuel accouchements (Extrait)\" data-rl_caption=\"Manuel accouchements (Extrait)\" title=\"Manuel accouchements (Extrait)\"><img loading=\"lazy\" decoding=\"async\" width=\"1024\" height=\"796\" data-id=\"541\" src=\"https:\/\/www.norgeat.fr\/wp-content\/uploads\/2024\/12\/4_Manuel-accouchements-Extrait-1024x796.jpg\" alt=\"\" class=\"wp-image-541\"\/><\/a><figcaption class=\"wp-element-caption\">Manuel accouchements (Extrait)<\/figcaption><\/figure>\n<\/figure>\n","protected":false},"excerpt":{"rendered":"<p>La derni\u00e8re sage-femme Jusqu\u2019au milieu du XXe si\u00e8cle, les maternit\u00e9s \u00e9taient rares dans notre r\u00e9gion.Aussi, en Haute Ari\u00e8ge (et comme d\u2019ailleurs dans la plupart des zones \u00e9loign\u00e9es des villes importantes), &#8230;<\/p>\n","protected":false},"author":2,"featured_media":545,"parent":410,"menu_order":1,"comment_status":"closed","ping_status":"closed","template":"","meta":{"footnotes":""},"class_list":["post-521","page","type-page","status-publish","has-post-thumbnail","hentry"],"yoast_head":"<!-- This site is optimized with the Yoast SEO plugin v24.0 - https:\/\/yoast.com\/wordpress\/plugins\/seo\/ -->\n<title>La derni\u00e8re sage-femme - Norgeat<\/title>\n<meta name=\"robots\" content=\"index, follow, max-snippet:-1, max-image-preview:large, max-video-preview:-1\" \/>\n<link rel=\"canonical\" href=\"https:\/\/www.norgeat.fr\/index.php\/divers-sujets-sur-norgeat\/la-derniere-sage-femme\/\" \/>\n<meta property=\"og:locale\" content=\"fr_FR\" \/>\n<meta property=\"og:type\" content=\"article\" \/>\n<meta property=\"og:title\" content=\"La derni\u00e8re sage-femme - Norgeat\" \/>\n<meta property=\"og:description\" content=\"La derni\u00e8re sage-femme Jusqu\u2019au milieu du XXe si\u00e8cle, les maternit\u00e9s \u00e9taient rares dans notre r\u00e9gion.Aussi, en Haute Ari\u00e8ge (et comme d\u2019ailleurs dans la plupart des zones \u00e9loign\u00e9es des villes importantes), ...\" \/>\n<meta property=\"og:url\" content=\"https:\/\/www.norgeat.fr\/index.php\/divers-sujets-sur-norgeat\/la-derniere-sage-femme\/\" \/>\n<meta property=\"og:site_name\" content=\"Norgeat\" \/>\n<meta property=\"article:modified_time\" content=\"2024-12-08T20:19:03+00:00\" \/>\n<meta property=\"og:image\" content=\"https:\/\/www.norgeat.fr\/wp-content\/uploads\/2024\/12\/avant-reseau-sage-femme.jpg\" \/>\n\t<meta property=\"og:image:width\" content=\"1000\" \/>\n\t<meta property=\"og:image:height\" content=\"522\" \/>\n\t<meta property=\"og:image:type\" content=\"image\/jpeg\" \/>\n<meta name=\"twitter:card\" content=\"summary_large_image\" \/>\n<meta name=\"twitter:label1\" content=\"Dur\u00e9e de lecture estim\u00e9e\" \/>\n\t<meta name=\"twitter:data1\" content=\"5 minutes\" \/>\n<script type=\"application\/ld+json\" class=\"yoast-schema-graph\">{\"@context\":\"https:\/\/schema.org\",\"@graph\":[{\"@type\":\"WebPage\",\"@id\":\"https:\/\/www.norgeat.fr\/index.php\/divers-sujets-sur-norgeat\/la-derniere-sage-femme\/\",\"url\":\"https:\/\/www.norgeat.fr\/index.php\/divers-sujets-sur-norgeat\/la-derniere-sage-femme\/\",\"name\":\"La derni\u00e8re sage-femme - Norgeat\",\"isPartOf\":{\"@id\":\"https:\/\/www.norgeat.fr\/#website\"},\"primaryImageOfPage\":{\"@id\":\"https:\/\/www.norgeat.fr\/index.php\/divers-sujets-sur-norgeat\/la-derniere-sage-femme\/#primaryimage\"},\"image\":{\"@id\":\"https:\/\/www.norgeat.fr\/index.php\/divers-sujets-sur-norgeat\/la-derniere-sage-femme\/#primaryimage\"},\"thumbnailUrl\":\"https:\/\/www.norgeat.fr\/wp-content\/uploads\/2024\/12\/avant-reseau-sage-femme.jpg\",\"datePublished\":\"2024-12-06T16:02:18+00:00\",\"dateModified\":\"2024-12-08T20:19:03+00:00\",\"breadcrumb\":{\"@id\":\"https:\/\/www.norgeat.fr\/index.php\/divers-sujets-sur-norgeat\/la-derniere-sage-femme\/#breadcrumb\"},\"inLanguage\":\"fr-FR\",\"potentialAction\":[{\"@type\":\"ReadAction\",\"target\":[\"https:\/\/www.norgeat.fr\/index.php\/divers-sujets-sur-norgeat\/la-derniere-sage-femme\/\"]}]},{\"@type\":\"ImageObject\",\"inLanguage\":\"fr-FR\",\"@id\":\"https:\/\/www.norgeat.fr\/index.php\/divers-sujets-sur-norgeat\/la-derniere-sage-femme\/#primaryimage\",\"url\":\"https:\/\/www.norgeat.fr\/wp-content\/uploads\/2024\/12\/avant-reseau-sage-femme.jpg\",\"contentUrl\":\"https:\/\/www.norgeat.fr\/wp-content\/uploads\/2024\/12\/avant-reseau-sage-femme.jpg\",\"width\":1000,\"height\":522},{\"@type\":\"BreadcrumbList\",\"@id\":\"https:\/\/www.norgeat.fr\/index.php\/divers-sujets-sur-norgeat\/la-derniere-sage-femme\/#breadcrumb\",\"itemListElement\":[{\"@type\":\"ListItem\",\"position\":1,\"name\":\"Accueil\",\"item\":\"https:\/\/www.norgeat.fr\/\"},{\"@type\":\"ListItem\",\"position\":2,\"name\":\"Divers\",\"item\":\"https:\/\/www.norgeat.fr\/index.php\/divers-sujets-sur-norgeat\/\"},{\"@type\":\"ListItem\",\"position\":3,\"name\":\"La derni\u00e8re sage-femme\"}]},{\"@type\":\"WebSite\",\"@id\":\"https:\/\/www.norgeat.fr\/#website\",\"url\":\"https:\/\/www.norgeat.fr\/\",\"name\":\"Norgeat\",\"description\":\"Norgeat, d&#039;hier et d&#039;aujourd&#039;hui...\",\"publisher\":{\"@id\":\"https:\/\/www.norgeat.fr\/#organization\"},\"potentialAction\":[{\"@type\":\"SearchAction\",\"target\":{\"@type\":\"EntryPoint\",\"urlTemplate\":\"https:\/\/www.norgeat.fr\/?s={search_term_string}\"},\"query-input\":{\"@type\":\"PropertyValueSpecification\",\"valueRequired\":true,\"valueName\":\"search_term_string\"}}],\"inLanguage\":\"fr-FR\"},{\"@type\":\"Organization\",\"@id\":\"https:\/\/www.norgeat.fr\/#organization\",\"name\":\"Le village de Norgeat en Ari\u00e8ge\",\"url\":\"https:\/\/www.norgeat.fr\/\",\"logo\":{\"@type\":\"ImageObject\",\"inLanguage\":\"fr-FR\",\"@id\":\"https:\/\/www.norgeat.fr\/#\/schema\/logo\/image\/\",\"url\":\"https:\/\/www.norgeat.fr\/wp-content\/uploads\/2024\/12\/logo-norgeat-v.png\",\"contentUrl\":\"https:\/\/www.norgeat.fr\/wp-content\/uploads\/2024\/12\/logo-norgeat-v.png\",\"width\":4306,\"height\":1521,\"caption\":\"Le village de Norgeat en Ari\u00e8ge\"},\"image\":{\"@id\":\"https:\/\/www.norgeat.fr\/#\/schema\/logo\/image\/\"}}]}<\/script>\n<!-- \/ Yoast SEO plugin. -->","yoast_head_json":{"title":"La derni\u00e8re sage-femme - Norgeat","robots":{"index":"index","follow":"follow","max-snippet":"max-snippet:-1","max-image-preview":"max-image-preview:large","max-video-preview":"max-video-preview:-1"},"canonical":"https:\/\/www.norgeat.fr\/index.php\/divers-sujets-sur-norgeat\/la-derniere-sage-femme\/","og_locale":"fr_FR","og_type":"article","og_title":"La derni\u00e8re sage-femme - Norgeat","og_description":"La derni\u00e8re sage-femme Jusqu\u2019au milieu du XXe si\u00e8cle, les maternit\u00e9s \u00e9taient rares dans notre r\u00e9gion.Aussi, en Haute Ari\u00e8ge (et comme d\u2019ailleurs dans la plupart des zones \u00e9loign\u00e9es des villes importantes), ...","og_url":"https:\/\/www.norgeat.fr\/index.php\/divers-sujets-sur-norgeat\/la-derniere-sage-femme\/","og_site_name":"Norgeat","article_modified_time":"2024-12-08T20:19:03+00:00","og_image":[{"width":1000,"height":522,"url":"https:\/\/www.norgeat.fr\/wp-content\/uploads\/2024\/12\/avant-reseau-sage-femme.jpg","type":"image\/jpeg"}],"twitter_card":"summary_large_image","twitter_misc":{"Dur\u00e9e de lecture estim\u00e9e":"5 minutes"},"schema":{"@context":"https:\/\/schema.org","@graph":[{"@type":"WebPage","@id":"https:\/\/www.norgeat.fr\/index.php\/divers-sujets-sur-norgeat\/la-derniere-sage-femme\/","url":"https:\/\/www.norgeat.fr\/index.php\/divers-sujets-sur-norgeat\/la-derniere-sage-femme\/","name":"La derni\u00e8re sage-femme - Norgeat","isPartOf":{"@id":"https:\/\/www.norgeat.fr\/#website"},"primaryImageOfPage":{"@id":"https:\/\/www.norgeat.fr\/index.php\/divers-sujets-sur-norgeat\/la-derniere-sage-femme\/#primaryimage"},"image":{"@id":"https:\/\/www.norgeat.fr\/index.php\/divers-sujets-sur-norgeat\/la-derniere-sage-femme\/#primaryimage"},"thumbnailUrl":"https:\/\/www.norgeat.fr\/wp-content\/uploads\/2024\/12\/avant-reseau-sage-femme.jpg","datePublished":"2024-12-06T16:02:18+00:00","dateModified":"2024-12-08T20:19:03+00:00","breadcrumb":{"@id":"https:\/\/www.norgeat.fr\/index.php\/divers-sujets-sur-norgeat\/la-derniere-sage-femme\/#breadcrumb"},"inLanguage":"fr-FR","potentialAction":[{"@type":"ReadAction","target":["https:\/\/www.norgeat.fr\/index.php\/divers-sujets-sur-norgeat\/la-derniere-sage-femme\/"]}]},{"@type":"ImageObject","inLanguage":"fr-FR","@id":"https:\/\/www.norgeat.fr\/index.php\/divers-sujets-sur-norgeat\/la-derniere-sage-femme\/#primaryimage","url":"https:\/\/www.norgeat.fr\/wp-content\/uploads\/2024\/12\/avant-reseau-sage-femme.jpg","contentUrl":"https:\/\/www.norgeat.fr\/wp-content\/uploads\/2024\/12\/avant-reseau-sage-femme.jpg","width":1000,"height":522},{"@type":"BreadcrumbList","@id":"https:\/\/www.norgeat.fr\/index.php\/divers-sujets-sur-norgeat\/la-derniere-sage-femme\/#breadcrumb","itemListElement":[{"@type":"ListItem","position":1,"name":"Accueil","item":"https:\/\/www.norgeat.fr\/"},{"@type":"ListItem","position":2,"name":"Divers","item":"https:\/\/www.norgeat.fr\/index.php\/divers-sujets-sur-norgeat\/"},{"@type":"ListItem","position":3,"name":"La derni\u00e8re sage-femme"}]},{"@type":"WebSite","@id":"https:\/\/www.norgeat.fr\/#website","url":"https:\/\/www.norgeat.fr\/","name":"Norgeat","description":"Norgeat, d&#039;hier et d&#039;aujourd&#039;hui...","publisher":{"@id":"https:\/\/www.norgeat.fr\/#organization"},"potentialAction":[{"@type":"SearchAction","target":{"@type":"EntryPoint","urlTemplate":"https:\/\/www.norgeat.fr\/?s={search_term_string}"},"query-input":{"@type":"PropertyValueSpecification","valueRequired":true,"valueName":"search_term_string"}}],"inLanguage":"fr-FR"},{"@type":"Organization","@id":"https:\/\/www.norgeat.fr\/#organization","name":"Le village de Norgeat en Ari\u00e8ge","url":"https:\/\/www.norgeat.fr\/","logo":{"@type":"ImageObject","inLanguage":"fr-FR","@id":"https:\/\/www.norgeat.fr\/#\/schema\/logo\/image\/","url":"https:\/\/www.norgeat.fr\/wp-content\/uploads\/2024\/12\/logo-norgeat-v.png","contentUrl":"https:\/\/www.norgeat.fr\/wp-content\/uploads\/2024\/12\/logo-norgeat-v.png","width":4306,"height":1521,"caption":"Le village de Norgeat en Ari\u00e8ge"},"image":{"@id":"https:\/\/www.norgeat.fr\/#\/schema\/logo\/image\/"}}]}},"rttpg_featured_image_url":{"full":["https:\/\/www.norgeat.fr\/wp-content\/uploads\/2024\/12\/avant-reseau-sage-femme.jpg",1000,522,false],"landscape":["https:\/\/www.norgeat.fr\/wp-content\/uploads\/2024\/12\/avant-reseau-sage-femme.jpg",1000,522,false],"portraits":["https:\/\/www.norgeat.fr\/wp-content\/uploads\/2024\/12\/avant-reseau-sage-femme.jpg",1000,522,false],"thumbnail":["https:\/\/www.norgeat.fr\/wp-content\/uploads\/2024\/12\/avant-reseau-sage-femme-150x150.jpg",150,150,true],"medium":["https:\/\/www.norgeat.fr\/wp-content\/uploads\/2024\/12\/avant-reseau-sage-femme-300x157.jpg",300,157,true],"large":["https:\/\/www.norgeat.fr\/wp-content\/uploads\/2024\/12\/avant-reseau-sage-femme.jpg",800,418,false],"1536x1536":["https:\/\/www.norgeat.fr\/wp-content\/uploads\/2024\/12\/avant-reseau-sage-femme.jpg",1000,522,false],"2048x2048":["https:\/\/www.norgeat.fr\/wp-content\/uploads\/2024\/12\/avant-reseau-sage-femme.jpg",1000,522,false],"onepress-blog-small":["https:\/\/www.norgeat.fr\/wp-content\/uploads\/2024\/12\/avant-reseau-sage-femme-300x150.jpg",300,150,true],"onepress-small":["https:\/\/www.norgeat.fr\/wp-content\/uploads\/2024\/12\/avant-reseau-sage-femme-480x300.jpg",480,300,true],"onepress-medium":["https:\/\/www.norgeat.fr\/wp-content\/uploads\/2024\/12\/avant-reseau-sage-femme-640x400.jpg",640,400,true]},"rttpg_author":{"display_name":"norgeat","author_link":"https:\/\/www.norgeat.fr\/index.php\/author\/norgeat\/"},"rttpg_comment":0,"rttpg_category":null,"rttpg_excerpt":"La derni\u00e8re sage-femme Jusqu\u2019au milieu du XXe si\u00e8cle, les maternit\u00e9s \u00e9taient rares dans notre r\u00e9gion.Aussi, en Haute Ari\u00e8ge (et comme d\u2019ailleurs dans la plupart des zones \u00e9loign\u00e9es des villes importantes), ...","_links":{"self":[{"href":"https:\/\/www.norgeat.fr\/index.php\/wp-json\/wp\/v2\/pages\/521","targetHints":{"allow":["GET"]}}],"collection":[{"href":"https:\/\/www.norgeat.fr\/index.php\/wp-json\/wp\/v2\/pages"}],"about":[{"href":"https:\/\/www.norgeat.fr\/index.php\/wp-json\/wp\/v2\/types\/page"}],"author":[{"embeddable":true,"href":"https:\/\/www.norgeat.fr\/index.php\/wp-json\/wp\/v2\/users\/2"}],"replies":[{"embeddable":true,"href":"https:\/\/www.norgeat.fr\/index.php\/wp-json\/wp\/v2\/comments?post=521"}],"version-history":[{"count":5,"href":"https:\/\/www.norgeat.fr\/index.php\/wp-json\/wp\/v2\/pages\/521\/revisions"}],"predecessor-version":[{"id":547,"href":"https:\/\/www.norgeat.fr\/index.php\/wp-json\/wp\/v2\/pages\/521\/revisions\/547"}],"up":[{"embeddable":true,"href":"https:\/\/www.norgeat.fr\/index.php\/wp-json\/wp\/v2\/pages\/410"}],"wp:featuredmedia":[{"embeddable":true,"href":"https:\/\/www.norgeat.fr\/index.php\/wp-json\/wp\/v2\/media\/545"}],"wp:attachment":[{"href":"https:\/\/www.norgeat.fr\/index.php\/wp-json\/wp\/v2\/media?parent=521"}],"curies":[{"name":"wp","href":"https:\/\/api.w.org\/{rel}","templated":true}]}}