{"id":553,"date":"2024-12-06T17:58:32","date_gmt":"2024-12-06T16:58:32","guid":{"rendered":"http:\/\/www.norgeat.fr\/?page_id=553"},"modified":"2024-12-06T18:34:30","modified_gmt":"2024-12-06T17:34:30","slug":"souvenirs-des-annees-1950","status":"publish","type":"page","link":"https:\/\/www.norgeat.fr\/index.php\/divers-sujets-sur-norgeat\/souvenirs-des-annees-1950\/","title":{"rendered":"Souvenirs des Ann\u00e9es 1950"},"content":{"rendered":"\n<h2 class=\"wp-block-heading\">Souvenirs des Ann\u00e9es 1950<\/h2>\n\n\n\n<p>La p\u00e9riode estivale pass\u00e9e, et les \u00ab\u00a0<em>doryphores<\/em>\u00a0\u00bb repartis \u00e0 la ville, Norgeat retrouve sa qui\u00e9tude. C\u2019est alors que j\u2019aime fl\u00e2ner dans les ruelles du village, \u00e0 la recherche du temps pass\u00e9, celui de mon enfance, des ann\u00e9es 1950.<\/p>\n\n\n\n<p>A cette \u00e9poque, et en toutes saisons, Norgeat n\u2019\u00e9tait certes pas aussi paisible que de nos jours. De l\u2019aube au cr\u00e9puscule il y r\u00e9gnait toujours une certaine animation. M\u00eame la nuit, o\u00f9 l\u2019on entendait aboyer les chiens, qui se r\u00e9pondaient d\u2019une maison \u00e0 l\u2019autre.<\/p>\n\n\n\n<p>La vall\u00e9e de Miglos \u00e9tait encore relativement peupl\u00e9e et les habitations n\u2019\u00e9taient pas cern\u00e9es, comme de nos jours, par une v\u00e9g\u00e9tation luxuriante, o\u00f9 dominent largement fr\u00eanes et noisetiers.<br>On y vivait principalement du travail de la terre et d\u2019un peu d\u2019\u00e9levage.<br>Les champs \u00e9taient cultiv\u00e9s haut sur les flancs pentus de la montagne.<br>Chaque famille poss\u00e9dait \u00e9galement des b\u00eates (quelques vaches, un \u00e2ne, voire un mulet ou un cheval, des moutons parfois, un porc, des poules et des lapins\u2026.)<br>Le labeur \u00e9tait rude et ne procurait malgr\u00e9 tout que de bien modestes revenus.<br>A quelques exceptions pr\u00e8s, seuls les plus anciens s\u2019en accommodaient et s\u2019accrochaient encore \u00e0 la terre qui les avait vus na\u00eetre.<br>Les jeunes, quant \u00e0 eux, \u00e9taient partis travailler \u00e0 la ville, dans l\u2019espoir d\u2019une vie meilleure.<\/p>\n\n\n\n<p>Cet exode de la population de nos montagnes avait commenc\u00e9 d\u00e8s le d\u00e9but du XXe si\u00e8cle et s\u2019est amplifi\u00e9 apr\u00e8s la Premi\u00e8re Guerre mondiale.<br>Mais pour les cong\u00e9s et les vacances scolaires, enfants et petits-enfants ne manquaient jamais de retourner \u00ab\u00a0<em>au pays<\/em>\u00ab\u00a0. Les a\u00een\u00e9s venaient aider aux travaux agricoles du moment, tandis que les plus jeunes transformaient le village en aire de jeux\u2026<br>Pour ce qui me concerne, c\u2019est \u00e0 Norgeat que je passais toutes mes vacances.<br>Les cong\u00e9s termin\u00e9s, mes parents retournaient \u00e0 leur travail et me laissaient \u00e0 la garde de ma grand-m\u00e8re Madeleine jusqu\u2019\u00e0 la reprise de l\u2019\u00e9cole, qui avait lieu \u00e0 l\u2019\u00e9poque le 1er Octobre.<br>Bon nombre de mes camarades de jeux \u00e9taient dans la m\u00eame situation\u2026 Et nous \u00e9tions tous ravis d\u2019une telle aubaine.<br>Ainsi, pouvais-je me vanter de fr\u00e9quenter, durant les vacances, des gar\u00e7ons et des filles venus de divers coins de France, et notamment de grandes villes, telles Paris, Marseille, Lyon, ou Toulouse , bien s\u00fbr. Cependant, malgr\u00e9 leurs accents diff\u00e9rents, tous puisaient leurs racines \u00e0 Miglos.<\/p>\n\n\n\n<p>En ce temps-l\u00e0, les \u00ab\u00a0<em>figures<\/em> \u00a0\u00bb du village avaient pour nom : <em>Le Pradenc, Saumade, La Pl\u00e8npl\u00e8ne, M\u00e9m\u00e9 Phine, Le Pilor, Jeanne de Tanguet, Paul de Courdilh, Ziou, Miquel, Massou, L\u00e8no de Moundilho, Tonin de Labiche, Marcel de Liau, Pintoun, La Lamp\u00e8ro, Bat\u00e8 de Lergne, Las Malbrounos, Bati, Le Piloto, Jean Le Bon, La Tounrate, Le Quinze \u2026. Etc\u2026<\/em><br><\/p>\n\n\n\n<p>Nous, les enfants, ne les connaissions, pour la plupart, que sous ce surnom, par lequel ils \u00e9taient commun\u00e9ment d\u00e9sign\u00e9s, en lieu et place de leur v\u00e9ritable patronyme, trop souvent le m\u00eame d\u2019ailleurs (Gardes, Pujol, Gabarre\u2026).<br>Tous ces gens sont morts, depuis bien longtemps pour certains, mais je me souviens fort bien d\u2019eux. Leur visage est rest\u00e9 grav\u00e9 dans ma m\u00e9moire.<br>Parfois d\u2019ailleurs, au fil de mes fl\u00e2neries, je crois apercevoir, surgie de nulle part, la silhouette famili\u00e8re de l\u2019un de ces personnages, au coin d\u2019une ruelle, sur le pas d\u2019une porte, pench\u00e9e \u00e0 la fen\u00eatre, portant un \u00e9norme faix d\u2019herbe sur la t\u00eate, ou puisant la cruche \u00e0 la fontaine\u2026.<br>Quant \u00e0 la demeure de chacun d\u2019eux, je la revois tout aussi distinctement.<br>Certes l\u2019habitat d\u2019alors a bien chang\u00e9 depuis. Maisons et granges ont \u00e9t\u00e9 \u00ab\u00a0<em>rajeunies<\/em>\u00a0\u00bb (ce qui n\u2019\u00e9tait pas un luxe, soit dit en passant), et si \u00ab\u00a0<em>p\u00e9pi le bi\u00e8lh<\/em>\u00a0\u00bb revenait, il ne reconna\u00eetrait pas son village, ni peut-\u00eatre m\u00eame sa maison.<\/p>\n\n\n\n<p>Le temps semble s\u2019\u00eatre fig\u00e9 sur mes souvenirs d\u2019enfant, lorsque je repense \u00e0 cette \u00e9poque\u2026.<br>C\u2019est pourquoi, et afin que tous ces gens (qui, \u00e0 une \u00e9poque donn\u00e9e, ont \u00e9t\u00e9 l\u2019\u00e2me du village) ne tombent d\u00e9finitivement dans l\u2019oubli, il m\u2019a sembl\u00e9 n\u00e9cessaire de reparler d\u2019eux ; une fa\u00e7on de leur rendre hommage.<br>Pour ce faire, et comme \u00e0 l\u2019habitude, Christian Pujol m\u2019a apport\u00e9 une aide pr\u00e9cieuse.<br>Dans les ann\u00e9es 1950, lui aussi venait tr\u00e8s r\u00e9guli\u00e8rement \u00e0 Miglos et partageait son temps entre Norrat (\u00e0 la maison Lagrimpe, o\u00f9 est n\u00e9e sa m\u00e8re) et Norgeat (chez Madeleine, sa grand-m\u00e8re paternelle).<br>Ainsi, \u00e0 partir du Cadastre de 1953 (ann\u00e9e rep\u00e8re de notre \u00e9tude), il a dress\u00e9 un plan du village de Norgeat, sur lequel sont r\u00e9pertori\u00e9es les habitations occup\u00e9es \u00e0 cette \u00e9poque. A noter qu\u2019un relev\u00e9 du Cadastre de 1834 est \u00e9galement pr\u00e9sent\u00e9, \u00e0 titre de comparaison.<br>La num\u00e9rotation des parcelles en question renvoie au listing des personnes, d\u00e9c\u00e9d\u00e9es depuis lors, qui vivaient \u00e0 Norgeat dans les ann\u00e9es 1950, et que nous avons connues. Cet \u00e9tat permet \u00e9galement de faire la distinction entre les r\u00e9sidents habituels et ceux (not\u00e9s en italique) qui venaient au village pendant les p\u00e9riodes de cong\u00e9s.<\/p>\n\n\n\n<p>Voir documents ci-apr\u00e8s.<\/p>\n\n\n\n<p class=\"has-text-align-right\">G. Lafuente &#8211; avec le concours de C. Pujol<br>Ao\u00fbt 2015<br>Derni\u00e8re Mise \u00e0 jour : Juin 2016<\/p>\n\n\n\n<figure class=\"wp-block-pullquote has-text-align-left\"><blockquote><p>Nous tenons \u00e0 remercier tous ceux qui nous ont permis de retrouver le patronyme v\u00e9ritable des quelques personnes que nous ne parvenions pas \u00e0 identifier formellement, sur la base du seul surnom\u2026<br>Merci donc \u00e0 L\u00e9a Faur\u00e9-Gardes, Ang\u00e8le Contr\u00e9ras-Daraux, Marie-H\u00e9l\u00e8ne David-Gonord, Jeannine Rolland-Gabarre, Henri Pujol et Fran\u00e7ois Gardes.<\/p><\/blockquote><\/figure>\n\n\n\n<figure class=\"wp-block-gallery aligncenter has-nested-images columns-default is-cropped wp-block-gallery-1 is-layout-flex wp-block-gallery-is-layout-flex\">\n<figure class=\"wp-block-image size-full\"><a href=\"https:\/\/www.norgeat.fr\/wp-content\/uploads\/2024\/12\/Norgeat-Maisons-habitees-en-1953-pour-Site-.jpg\" data-rel=\"lightbox-gallery-wmZ3qp21\" data-rl_title=\"Norgeat - Maisons habit\u00e9es en 1953\" data-rl_caption=\"Norgeat - Maisons habit\u00e9es en 1953\" title=\"Norgeat - Maisons habit\u00e9es en 1953\"><img loading=\"lazy\" decoding=\"async\" width=\"1700\" height=\"2322\" data-id=\"558\" src=\"https:\/\/www.norgeat.fr\/wp-content\/uploads\/2024\/12\/Norgeat-Maisons-habitees-en-1953-pour-Site-.jpg\" alt=\"\" class=\"wp-image-558\"\/><\/a><figcaption class=\"wp-element-caption\"><mark style=\"background-color:rgba(0, 0, 0, 0)\" class=\"has-inline-color has-white-color\"><strong>Le village en 1953<\/strong><\/mark><\/figcaption><\/figure>\n\n\n\n<figure class=\"wp-block-image size-large\"><a href=\"https:\/\/www.norgeat.fr\/wp-content\/uploads\/2024\/12\/Norgeat-Le-village-en-1834.-pour-Site-.jpg\" data-rel=\"lightbox-gallery-wmZ3qp21\" data-rl_title=\"Norgeat - Le village en 1834.\" data-rl_caption=\"Norgeat - Le village en 1834.\" title=\"Norgeat - Le village en 1834.\"><img loading=\"lazy\" decoding=\"async\" width=\"710\" height=\"1024\" data-id=\"557\" src=\"https:\/\/www.norgeat.fr\/wp-content\/uploads\/2024\/12\/Norgeat-Le-village-en-1834.-pour-Site--710x1024.jpg\" alt=\"\" class=\"wp-image-557\"\/><\/a><figcaption class=\"wp-element-caption\"><strong>Le village en 1834<\/strong><\/figcaption><\/figure>\n<\/figure>\n\n\n<div class=\"wp-block-image\">\n<figure class=\"aligncenter is-resized\"><a href=\"https:\/\/www.norgeat.fr\/wp-content\/uploads\/2024\/12\/gensdenorgeatannaes1950juil2016.pdf\" target=\"_blank\" rel=\" noreferrer noopener\"><img loading=\"lazy\" decoding=\"async\" width=\"290\" height=\"400\" src=\"https:\/\/www.norgeat.fr\/wp-content\/uploads\/2024\/12\/maisons.jpg\" alt=\"\" class=\"wp-image-568\" style=\"width:250px\"\/><\/a><\/figure>\n<\/div>\n\n\n<div data-wp-interactive=\"core\/file\" class=\"wp-block-file aligncenter\"><object data-wp-bind--hidden=\"!state.hasPdfPreview\" hidden class=\"wp-block-file__embed\" data=\"https:\/\/www.norgeat.fr\/wp-content\/uploads\/2024\/12\/gensdenorgeatannaes1950juil2016.pdf\" type=\"application\/pdf\" style=\"width:100%;height:600px\" aria-label=\"Contenu embarqu\u00e9 gensdenorgeatannaes1950juil2016.\"><\/object><a id=\"wp-block-file--media-135c3280-bf24-4e0f-8e30-62db85c92425\" href=\"https:\/\/www.norgeat.fr\/wp-content\/uploads\/2024\/12\/gensdenorgeatannaes1950juil2016.pdf\">gensdenorgeatannaes1950juil2016<\/a><a href=\"https:\/\/www.norgeat.fr\/wp-content\/uploads\/2024\/12\/gensdenorgeatannaes1950juil2016.pdf\" class=\"wp-block-file__button wp-element-button\" download aria-describedby=\"wp-block-file--media-135c3280-bf24-4e0f-8e30-62db85c92425\">T\u00e9l\u00e9charger<\/a><\/div>\n","protected":false},"excerpt":{"rendered":"<p>Souvenirs des Ann\u00e9es 1950 La p\u00e9riode estivale pass\u00e9e, et les \u00ab\u00a0doryphores\u00a0\u00bb repartis \u00e0 la ville, Norgeat retrouve sa qui\u00e9tude. C\u2019est alors que j\u2019aime fl\u00e2ner dans les ruelles du village, \u00e0 &#8230;<\/p>\n","protected":false},"author":2,"featured_media":575,"parent":410,"menu_order":3,"comment_status":"closed","ping_status":"closed","template":"","meta":{"footnotes":""},"class_list":["post-553","page","type-page","status-publish","has-post-thumbnail","hentry"],"yoast_head":"<!-- This site is optimized with the Yoast SEO plugin v24.0 - https:\/\/yoast.com\/wordpress\/plugins\/seo\/ -->\n<title>Souvenirs des Ann\u00e9es 1950 - Norgeat<\/title>\n<meta name=\"robots\" content=\"index, follow, max-snippet:-1, max-image-preview:large, max-video-preview:-1\" \/>\n<link rel=\"canonical\" href=\"https:\/\/www.norgeat.fr\/index.php\/divers-sujets-sur-norgeat\/souvenirs-des-annees-1950\/\" \/>\n<meta property=\"og:locale\" content=\"fr_FR\" \/>\n<meta property=\"og:type\" content=\"article\" \/>\n<meta property=\"og:title\" content=\"Souvenirs des Ann\u00e9es 1950 - Norgeat\" \/>\n<meta property=\"og:description\" content=\"Souvenirs des Ann\u00e9es 1950 La p\u00e9riode estivale pass\u00e9e, et les \u00ab\u00a0doryphores\u00a0\u00bb repartis \u00e0 la ville, Norgeat retrouve sa qui\u00e9tude. C\u2019est alors que j\u2019aime fl\u00e2ner dans les ruelles du village, \u00e0 ...\" \/>\n<meta property=\"og:url\" content=\"https:\/\/www.norgeat.fr\/index.php\/divers-sujets-sur-norgeat\/souvenirs-des-annees-1950\/\" \/>\n<meta property=\"og:site_name\" content=\"Norgeat\" \/>\n<meta property=\"article:modified_time\" content=\"2024-12-06T17:34:30+00:00\" \/>\n<meta property=\"og:image\" content=\"https:\/\/www.norgeat.fr\/wp-content\/uploads\/2024\/12\/avant-reseau-1950.jpg\" \/>\n\t<meta property=\"og:image:width\" content=\"1000\" \/>\n\t<meta property=\"og:image:height\" content=\"522\" \/>\n\t<meta property=\"og:image:type\" content=\"image\/jpeg\" \/>\n<meta name=\"twitter:card\" content=\"summary_large_image\" \/>\n<meta name=\"twitter:label1\" content=\"Dur\u00e9e de lecture estim\u00e9e\" \/>\n\t<meta name=\"twitter:data1\" content=\"6 minutes\" \/>\n<script type=\"application\/ld+json\" class=\"yoast-schema-graph\">{\"@context\":\"https:\/\/schema.org\",\"@graph\":[{\"@type\":\"WebPage\",\"@id\":\"https:\/\/www.norgeat.fr\/index.php\/divers-sujets-sur-norgeat\/souvenirs-des-annees-1950\/\",\"url\":\"https:\/\/www.norgeat.fr\/index.php\/divers-sujets-sur-norgeat\/souvenirs-des-annees-1950\/\",\"name\":\"Souvenirs des Ann\u00e9es 1950 - Norgeat\",\"isPartOf\":{\"@id\":\"https:\/\/www.norgeat.fr\/#website\"},\"primaryImageOfPage\":{\"@id\":\"https:\/\/www.norgeat.fr\/index.php\/divers-sujets-sur-norgeat\/souvenirs-des-annees-1950\/#primaryimage\"},\"image\":{\"@id\":\"https:\/\/www.norgeat.fr\/index.php\/divers-sujets-sur-norgeat\/souvenirs-des-annees-1950\/#primaryimage\"},\"thumbnailUrl\":\"https:\/\/www.norgeat.fr\/wp-content\/uploads\/2024\/12\/avant-reseau-1950.jpg\",\"datePublished\":\"2024-12-06T16:58:32+00:00\",\"dateModified\":\"2024-12-06T17:34:30+00:00\",\"breadcrumb\":{\"@id\":\"https:\/\/www.norgeat.fr\/index.php\/divers-sujets-sur-norgeat\/souvenirs-des-annees-1950\/#breadcrumb\"},\"inLanguage\":\"fr-FR\",\"potentialAction\":[{\"@type\":\"ReadAction\",\"target\":[\"https:\/\/www.norgeat.fr\/index.php\/divers-sujets-sur-norgeat\/souvenirs-des-annees-1950\/\"]}]},{\"@type\":\"ImageObject\",\"inLanguage\":\"fr-FR\",\"@id\":\"https:\/\/www.norgeat.fr\/index.php\/divers-sujets-sur-norgeat\/souvenirs-des-annees-1950\/#primaryimage\",\"url\":\"https:\/\/www.norgeat.fr\/wp-content\/uploads\/2024\/12\/avant-reseau-1950.jpg\",\"contentUrl\":\"https:\/\/www.norgeat.fr\/wp-content\/uploads\/2024\/12\/avant-reseau-1950.jpg\",\"width\":1000,\"height\":522},{\"@type\":\"BreadcrumbList\",\"@id\":\"https:\/\/www.norgeat.fr\/index.php\/divers-sujets-sur-norgeat\/souvenirs-des-annees-1950\/#breadcrumb\",\"itemListElement\":[{\"@type\":\"ListItem\",\"position\":1,\"name\":\"Accueil\",\"item\":\"https:\/\/www.norgeat.fr\/\"},{\"@type\":\"ListItem\",\"position\":2,\"name\":\"Divers\",\"item\":\"https:\/\/www.norgeat.fr\/index.php\/divers-sujets-sur-norgeat\/\"},{\"@type\":\"ListItem\",\"position\":3,\"name\":\"Souvenirs des Ann\u00e9es 1950\"}]},{\"@type\":\"WebSite\",\"@id\":\"https:\/\/www.norgeat.fr\/#website\",\"url\":\"https:\/\/www.norgeat.fr\/\",\"name\":\"Norgeat\",\"description\":\"Norgeat, d&#039;hier et d&#039;aujourd&#039;hui...\",\"publisher\":{\"@id\":\"https:\/\/www.norgeat.fr\/#organization\"},\"potentialAction\":[{\"@type\":\"SearchAction\",\"target\":{\"@type\":\"EntryPoint\",\"urlTemplate\":\"https:\/\/www.norgeat.fr\/?s={search_term_string}\"},\"query-input\":{\"@type\":\"PropertyValueSpecification\",\"valueRequired\":true,\"valueName\":\"search_term_string\"}}],\"inLanguage\":\"fr-FR\"},{\"@type\":\"Organization\",\"@id\":\"https:\/\/www.norgeat.fr\/#organization\",\"name\":\"Le village de Norgeat en Ari\u00e8ge\",\"url\":\"https:\/\/www.norgeat.fr\/\",\"logo\":{\"@type\":\"ImageObject\",\"inLanguage\":\"fr-FR\",\"@id\":\"https:\/\/www.norgeat.fr\/#\/schema\/logo\/image\/\",\"url\":\"https:\/\/www.norgeat.fr\/wp-content\/uploads\/2024\/12\/logo-norgeat-v.png\",\"contentUrl\":\"https:\/\/www.norgeat.fr\/wp-content\/uploads\/2024\/12\/logo-norgeat-v.png\",\"width\":4306,\"height\":1521,\"caption\":\"Le village de Norgeat en Ari\u00e8ge\"},\"image\":{\"@id\":\"https:\/\/www.norgeat.fr\/#\/schema\/logo\/image\/\"}}]}<\/script>\n<!-- \/ Yoast SEO plugin. -->","yoast_head_json":{"title":"Souvenirs des Ann\u00e9es 1950 - Norgeat","robots":{"index":"index","follow":"follow","max-snippet":"max-snippet:-1","max-image-preview":"max-image-preview:large","max-video-preview":"max-video-preview:-1"},"canonical":"https:\/\/www.norgeat.fr\/index.php\/divers-sujets-sur-norgeat\/souvenirs-des-annees-1950\/","og_locale":"fr_FR","og_type":"article","og_title":"Souvenirs des Ann\u00e9es 1950 - Norgeat","og_description":"Souvenirs des Ann\u00e9es 1950 La p\u00e9riode estivale pass\u00e9e, et les \u00ab\u00a0doryphores\u00a0\u00bb repartis \u00e0 la ville, Norgeat retrouve sa qui\u00e9tude. C\u2019est alors que j\u2019aime fl\u00e2ner dans les ruelles du village, \u00e0 ...","og_url":"https:\/\/www.norgeat.fr\/index.php\/divers-sujets-sur-norgeat\/souvenirs-des-annees-1950\/","og_site_name":"Norgeat","article_modified_time":"2024-12-06T17:34:30+00:00","og_image":[{"width":1000,"height":522,"url":"https:\/\/www.norgeat.fr\/wp-content\/uploads\/2024\/12\/avant-reseau-1950.jpg","type":"image\/jpeg"}],"twitter_card":"summary_large_image","twitter_misc":{"Dur\u00e9e de lecture estim\u00e9e":"6 minutes"},"schema":{"@context":"https:\/\/schema.org","@graph":[{"@type":"WebPage","@id":"https:\/\/www.norgeat.fr\/index.php\/divers-sujets-sur-norgeat\/souvenirs-des-annees-1950\/","url":"https:\/\/www.norgeat.fr\/index.php\/divers-sujets-sur-norgeat\/souvenirs-des-annees-1950\/","name":"Souvenirs des Ann\u00e9es 1950 - Norgeat","isPartOf":{"@id":"https:\/\/www.norgeat.fr\/#website"},"primaryImageOfPage":{"@id":"https:\/\/www.norgeat.fr\/index.php\/divers-sujets-sur-norgeat\/souvenirs-des-annees-1950\/#primaryimage"},"image":{"@id":"https:\/\/www.norgeat.fr\/index.php\/divers-sujets-sur-norgeat\/souvenirs-des-annees-1950\/#primaryimage"},"thumbnailUrl":"https:\/\/www.norgeat.fr\/wp-content\/uploads\/2024\/12\/avant-reseau-1950.jpg","datePublished":"2024-12-06T16:58:32+00:00","dateModified":"2024-12-06T17:34:30+00:00","breadcrumb":{"@id":"https:\/\/www.norgeat.fr\/index.php\/divers-sujets-sur-norgeat\/souvenirs-des-annees-1950\/#breadcrumb"},"inLanguage":"fr-FR","potentialAction":[{"@type":"ReadAction","target":["https:\/\/www.norgeat.fr\/index.php\/divers-sujets-sur-norgeat\/souvenirs-des-annees-1950\/"]}]},{"@type":"ImageObject","inLanguage":"fr-FR","@id":"https:\/\/www.norgeat.fr\/index.php\/divers-sujets-sur-norgeat\/souvenirs-des-annees-1950\/#primaryimage","url":"https:\/\/www.norgeat.fr\/wp-content\/uploads\/2024\/12\/avant-reseau-1950.jpg","contentUrl":"https:\/\/www.norgeat.fr\/wp-content\/uploads\/2024\/12\/avant-reseau-1950.jpg","width":1000,"height":522},{"@type":"BreadcrumbList","@id":"https:\/\/www.norgeat.fr\/index.php\/divers-sujets-sur-norgeat\/souvenirs-des-annees-1950\/#breadcrumb","itemListElement":[{"@type":"ListItem","position":1,"name":"Accueil","item":"https:\/\/www.norgeat.fr\/"},{"@type":"ListItem","position":2,"name":"Divers","item":"https:\/\/www.norgeat.fr\/index.php\/divers-sujets-sur-norgeat\/"},{"@type":"ListItem","position":3,"name":"Souvenirs des Ann\u00e9es 1950"}]},{"@type":"WebSite","@id":"https:\/\/www.norgeat.fr\/#website","url":"https:\/\/www.norgeat.fr\/","name":"Norgeat","description":"Norgeat, d&#039;hier et d&#039;aujourd&#039;hui...","publisher":{"@id":"https:\/\/www.norgeat.fr\/#organization"},"potentialAction":[{"@type":"SearchAction","target":{"@type":"EntryPoint","urlTemplate":"https:\/\/www.norgeat.fr\/?s={search_term_string}"},"query-input":{"@type":"PropertyValueSpecification","valueRequired":true,"valueName":"search_term_string"}}],"inLanguage":"fr-FR"},{"@type":"Organization","@id":"https:\/\/www.norgeat.fr\/#organization","name":"Le village de Norgeat en Ari\u00e8ge","url":"https:\/\/www.norgeat.fr\/","logo":{"@type":"ImageObject","inLanguage":"fr-FR","@id":"https:\/\/www.norgeat.fr\/#\/schema\/logo\/image\/","url":"https:\/\/www.norgeat.fr\/wp-content\/uploads\/2024\/12\/logo-norgeat-v.png","contentUrl":"https:\/\/www.norgeat.fr\/wp-content\/uploads\/2024\/12\/logo-norgeat-v.png","width":4306,"height":1521,"caption":"Le village de Norgeat en Ari\u00e8ge"},"image":{"@id":"https:\/\/www.norgeat.fr\/#\/schema\/logo\/image\/"}}]}},"rttpg_featured_image_url":{"full":["https:\/\/www.norgeat.fr\/wp-content\/uploads\/2024\/12\/avant-reseau-1950.jpg",1000,522,false],"landscape":["https:\/\/www.norgeat.fr\/wp-content\/uploads\/2024\/12\/avant-reseau-1950.jpg",1000,522,false],"portraits":["https:\/\/www.norgeat.fr\/wp-content\/uploads\/2024\/12\/avant-reseau-1950.jpg",1000,522,false],"thumbnail":["https:\/\/www.norgeat.fr\/wp-content\/uploads\/2024\/12\/avant-reseau-1950-150x150.jpg",150,150,true],"medium":["https:\/\/www.norgeat.fr\/wp-content\/uploads\/2024\/12\/avant-reseau-1950-300x157.jpg",300,157,true],"large":["https:\/\/www.norgeat.fr\/wp-content\/uploads\/2024\/12\/avant-reseau-1950.jpg",800,418,false],"1536x1536":["https:\/\/www.norgeat.fr\/wp-content\/uploads\/2024\/12\/avant-reseau-1950.jpg",1000,522,false],"2048x2048":["https:\/\/www.norgeat.fr\/wp-content\/uploads\/2024\/12\/avant-reseau-1950.jpg",1000,522,false],"onepress-blog-small":["https:\/\/www.norgeat.fr\/wp-content\/uploads\/2024\/12\/avant-reseau-1950-300x150.jpg",300,150,true],"onepress-small":["https:\/\/www.norgeat.fr\/wp-content\/uploads\/2024\/12\/avant-reseau-1950-480x300.jpg",480,300,true],"onepress-medium":["https:\/\/www.norgeat.fr\/wp-content\/uploads\/2024\/12\/avant-reseau-1950-640x400.jpg",640,400,true]},"rttpg_author":{"display_name":"norgeat","author_link":"https:\/\/www.norgeat.fr\/index.php\/author\/norgeat\/"},"rttpg_comment":0,"rttpg_category":null,"rttpg_excerpt":"Souvenirs des Ann\u00e9es 1950 La p\u00e9riode estivale pass\u00e9e, et les \u00ab\u00a0doryphores\u00a0\u00bb repartis \u00e0 la ville, Norgeat retrouve sa qui\u00e9tude. C\u2019est alors que j\u2019aime fl\u00e2ner dans les ruelles du village, \u00e0 ...","_links":{"self":[{"href":"https:\/\/www.norgeat.fr\/index.php\/wp-json\/wp\/v2\/pages\/553","targetHints":{"allow":["GET"]}}],"collection":[{"href":"https:\/\/www.norgeat.fr\/index.php\/wp-json\/wp\/v2\/pages"}],"about":[{"href":"https:\/\/www.norgeat.fr\/index.php\/wp-json\/wp\/v2\/types\/page"}],"author":[{"embeddable":true,"href":"https:\/\/www.norgeat.fr\/index.php\/wp-json\/wp\/v2\/users\/2"}],"replies":[{"embeddable":true,"href":"https:\/\/www.norgeat.fr\/index.php\/wp-json\/wp\/v2\/comments?post=553"}],"version-history":[{"count":10,"href":"https:\/\/www.norgeat.fr\/index.php\/wp-json\/wp\/v2\/pages\/553\/revisions"}],"predecessor-version":[{"id":574,"href":"https:\/\/www.norgeat.fr\/index.php\/wp-json\/wp\/v2\/pages\/553\/revisions\/574"}],"up":[{"embeddable":true,"href":"https:\/\/www.norgeat.fr\/index.php\/wp-json\/wp\/v2\/pages\/410"}],"wp:featuredmedia":[{"embeddable":true,"href":"https:\/\/www.norgeat.fr\/index.php\/wp-json\/wp\/v2\/media\/575"}],"wp:attachment":[{"href":"https:\/\/www.norgeat.fr\/index.php\/wp-json\/wp\/v2\/media?parent=553"}],"curies":[{"name":"wp","href":"https:\/\/api.w.org\/{rel}","templated":true}]}}