{"id":596,"date":"2024-12-06T20:28:47","date_gmt":"2024-12-06T19:28:47","guid":{"rendered":"http:\/\/www.norgeat.fr\/?page_id=596"},"modified":"2024-12-12T16:44:50","modified_gmt":"2024-12-12T15:44:50","slug":"la-fete-au-village-autrefois","status":"publish","type":"page","link":"https:\/\/www.norgeat.fr\/index.php\/divers-sujets-sur-norgeat\/la-fete-au-village-autrefois\/","title":{"rendered":"La f\u00eate au village, autrefois"},"content":{"rendered":"\n<h2 class=\"wp-block-heading\">La f\u00eate au village, autrefois<\/h2>\n\n\n\n<div class=\"wp-block-media-text has-media-on-the-right\" style=\"grid-template-columns:auto 15%\"><div class=\"wp-block-media-text__content\">\n<p><strong>F\u00caTE ANNUELLE<\/strong><br>On savait faire la f\u00eate, \u00e0 Norgeat, au d\u00e9but du si\u00e8cle dernier.<br>Pour s&rsquo;en convaincre, il suffit de consulter le programme des festivit\u00e9s de Juin 1914.<\/p>\n<\/div><figure class=\"wp-block-media-text__media\"><a href=\"https:\/\/www.norgeat.fr\/wp-content\/uploads\/2024\/12\/Ladepeche-20Juin1914.pdf\" target=\"_blank\" rel=\" noreferrer noopener\"><img loading=\"lazy\" decoding=\"async\" width=\"100\" height=\"96\" src=\"https:\/\/www.norgeat.fr\/wp-content\/uploads\/2024\/12\/programme1.jpg\" alt=\"\" class=\"wp-image-602 size-full\"\/><\/a><\/figure><\/div>\n\n\n\n<div class=\"wp-block-file alignright\"><a id=\"wp-block-file--media-734c2bea-a94f-468e-862d-806d5aab7d7e\" href=\"https:\/\/www.norgeat.fr\/wp-content\/uploads\/2024\/12\/Ladepeche-20Juin1914.pdf\" target=\"_blank\" rel=\"noreferrer noopener\">Ladepeche-20Juin1914<\/a><a href=\"https:\/\/www.norgeat.fr\/wp-content\/uploads\/2024\/12\/Ladepeche-20Juin1914.pdf\" class=\"wp-block-file__button wp-element-button\" download aria-describedby=\"wp-block-file--media-734c2bea-a94f-468e-862d-806d5aab7d7e\">T\u00e9l\u00e9charger<\/a><\/div>\n\n\n\n<p><\/p>\n\n\n\n<p><\/p>\n\n\n\n<p>Trois jours de f\u00eate, avec : retraite aux flambeaux, concert de la Soci\u00e9t\u00e9 Philarmonique de Norgeat, bal, course aux \u00e2nes, course au sac, jeux divers, grande farandole et l\u00e2cher du ballon \u00ab\u00a0le Miglosien\u00a0\u00bb.<\/p>\n\n\n\n<p>Louis Pujol (po\u00e8te et \u00e9crivain Norgeatois \u2013 1903\/1996), a fourni quelques renseignements compl\u00e9mentaires dans son ouvrage \u00ab\u00a0<em><a href=\"https:\/\/biblio.cieldoc.com\/libre\/integral\/libr0417.pdf\" target=\"_blank\" rel=\"noreferrer noopener\">Miclos \u2013 A las auri\u00e8ros de tems bielh<\/a><\/em>\u00ab\u00a0, (p 33).<\/p>\n\n\n\n<blockquote class=\"wp-block-quote is-layout-flow wp-block-quote-is-layout-flow\">\n<p>\u00ab\u00a0<em>\u2026Le jour de la f\u00eate, les deux musiques de Norgeat (celle de l&rsquo;instituteur Casimir Truel et celle d&rsquo;Hilaire Gabarre de la Lhibert\u00e8), se regroupaient pour faire le tour du village, \u00e0 grand bruit de basses et de grosses caisses, et donnaient un concert comme le font les grands orchestres dans les villes. Le bal qui suivait faisait danser toute la jeunesse de la commune et m\u00eame celle des villages voisins, qui passait les cols \u00e0 travers la montagne.<br>Le dernier jour, apr\u00e8s la course aux \u00e2nes et la course au sac, une Montgolfi\u00e8re, comme on disait, \u00e9tait l\u00e2ch\u00e9e dans le ciel. Elle portait aux gens de Foix, quand l&rsquo;autan soufflait des Lhabairiels, le nom de \u00ab\u00a0Miglos\u00a0\u00bb et le salut de toute la population de cette jolie vall\u00e9e\u2026<\/em>\u00ab\u00a0.<\/p>\n<\/blockquote>\n\n\n\n<p>Ma grand-m\u00e8re Madeleine (n\u00e9e en 1895) racontait \u00e9galement que, dans sa jeunesse, la f\u00eate avait lieu le 14 Janvier, jour de la Saint Hilaire, le saint patron du village et de la commune. Le bal se tenait dans la vaste cour de la maison Gabarre (La Lhibert\u00e8), pr\u00e8s de la place. En ce temps l\u00e0, il y avait beaucoup de neige l&rsquo;hiver. Aussi, apr\u00e8s avoir bien nettoy\u00e9 la cour, on la recouvrait d&rsquo;une sorte de b\u00e2che, confectionn\u00e9e avec plusieurs draps cousus ensemble (pr\u00eat\u00e9s par chaque famille, \u00e0 tour de r\u00f4le), tendue sur des cordes \u00e0 foin fix\u00e9es aux quatre coins. L&rsquo;aire de danse \u00e9tait ainsi abrit\u00e9e de la neige et du froid.<\/p>\n\n\n\n<figure class=\"wp-block-gallery aligncenter has-nested-images columns-default is-cropped wp-block-gallery-1 is-layout-flex wp-block-gallery-is-layout-flex\">\n<figure class=\"wp-block-image size-large\"><a href=\"https:\/\/www.norgeat.fr\/wp-content\/uploads\/2024\/12\/p1.jpg\" data-rel=\"lightbox-gallery-Dyhd7yci\" data-rl_title=\"Norgeat - Fanfare de l&#039;instituteur Casimir Truel (\u00e0 droite) vers 1900\" data-rl_caption=\"Norgeat - Fanfare de l&#039;instituteur Casimir Truel (\u00e0 droite) vers 1900\" title=\"Norgeat - Fanfare de l&#039;instituteur Casimir Truel (\u00e0 droite) vers 1900\"><img loading=\"lazy\" decoding=\"async\" width=\"800\" height=\"577\" data-id=\"600\" src=\"https:\/\/www.norgeat.fr\/wp-content\/uploads\/2024\/12\/p1.jpg\" alt=\"\" class=\"wp-image-600\"\/><\/a><figcaption class=\"wp-element-caption\">Norgeat &#8211; Fanfare de l&rsquo;instituteur Casimir Truel (\u00e0 droite) vers 1900<\/figcaption><\/figure>\n\n\n\n<figure class=\"wp-block-image size-large\"><a href=\"https:\/\/www.norgeat.fr\/wp-content\/uploads\/2024\/12\/p2.jpg\" data-rel=\"lightbox-gallery-Dyhd7yci\" data-rl_title=\"La F\u00eate \u00e0 Arquizat-milieu XXe s.(Coll. J.G)\" data-rl_caption=\"La F\u00eate \u00e0 Arquizat-milieu XXe s.(Coll. J.G)\" title=\"La F\u00eate \u00e0 Arquizat-milieu XXe s.(Coll. J.G)\"><img loading=\"lazy\" decoding=\"async\" width=\"800\" height=\"571\" data-id=\"601\" src=\"https:\/\/www.norgeat.fr\/wp-content\/uploads\/2024\/12\/p2.jpg\" alt=\"\" class=\"wp-image-601\"\/><\/a><figcaption class=\"wp-element-caption\">La F\u00eate \u00e0 Arquizat-milieu XXe s.(Coll. J.G)<\/figcaption><\/figure>\n<\/figure>\n\n\n\n<p>Voil\u00e0 plus d&rsquo;un quart de si\u00e8cle que la f\u00eate \u00e0 Norgeat n&rsquo;a plus lieu\u2026<br>Depuis cette \u00e9poque, la f\u00eate communale de Miglos est organis\u00e9e chaque ann\u00e9e \u00e0 la mi-Ao\u00fbt.<\/p>\n\n\n\n<p>A signaler, pour l&rsquo;anecdote, que la SACEM \u00ab\u00a0<em>s\u00e9vit<\/em>\u00a0\u00bb depuis d\u00e9j\u00e0 fort longtemps. Ainsi, lors de la d\u00e9lib\u00e9ration municipale du 29 Janvier 1934, \u00ab\u00a0<em>le maire (Honor\u00e9 Pujol) expose qu&rsquo;\u00e0 l&rsquo;occasion des f\u00eates publiques la commune est tenue de payer pour la musique les droits d&rsquo;auteurs, qui s&rsquo;\u00e9l\u00e8vent pour chaque jour de f\u00eate \u00e0 soixante six francs et qu&rsquo;il y aurait avantage \u00e0 souscrire un abonnement \u00e0 la soci\u00e9t\u00e9 des auteurs et compositeurs, charg\u00e9e de percevoir les droits<\/em>\u00ab\u00a0. Pr\u00e9conisation adopt\u00e9e.<\/p>\n\n\n\n<p>L&rsquo;Annuaire de l&rsquo;Ari\u00e8ge r\u00e9pertoriait aussi la f\u00eate de Miglos. Pour les ann\u00e9es 1866 &amp; 1877, par exemple, on rel\u00e8ve : \u00ab\u00a0<em>Miglos &#8211; La f\u00eate est plac\u00e9e sous l&rsquo;invocation de St Hilaire, le 14 Janvier. Elle est renvoy\u00e9e au dimanche suivant et dure 3 jours<\/em>\u00ab\u00a0.<\/p>\n\n\n\n<p class=\"has-text-align-right\">G.L. Janvier 2010<\/p>\n\n\n\n<hr class=\"wp-block-separator has-alpha-channel-opacity\"\/>\n\n\n\n<h3 class=\"wp-block-heading\">CARNAVAL<\/h3>\n\n\n\n<p>Toujours au d\u00e9but du XXe si\u00e8cle, Carnaval offrait aussi \u00e0 la population de la commune, et plus particuli\u00e8rement \u00e0 la jeunesse, l\u2019occasion de se divertir, en perp\u00e9tuant une tradition ancienne.<br>En t\u00e9moigne la carte \u00e9crite \u00e0 cette \u00e9poque par Alfr\u00e9dine (un pr\u00e9nom fort original au demeurant) \u00ab\u00a0<em>venue vill\u00e9giaturer<\/em>\u00a0\u00bb \u00e0 Miglos.<br>On y rel\u00e8ve :<br>\u2026 \u00ab\u00a0L<em>es f\u00eates de Carnaval sont splendides cette ann\u00e9e. Les masques abondent et leurs costumes sont du meilleur go\u00fbt. Avec un peu d\u2019indulgence on se croirait vraiment transport\u00e9 \u00e0 Venise\u00a0\u00bb<\/em>\u2026.<\/p>\n\n\n\n<figure class=\"wp-block-gallery aligncenter has-nested-images columns-default is-cropped wp-block-gallery-2 is-layout-flex wp-block-gallery-is-layout-flex\">\n<figure class=\"wp-block-image size-large\"><a href=\"https:\/\/www.norgeat.fr\/wp-content\/uploads\/2024\/12\/CP-Carnaval-de-Miglos-recto.jpg\" data-rel=\"lightbox-gallery-Dyhd7yci\" data-rl_title=\"Carte postale d\u00e9but XXe si\u00e8cle - Recto\" data-rl_caption=\"Carte postale d\u00e9but XXe si\u00e8cle - Recto\" title=\"Carte postale d\u00e9but XXe si\u00e8cle - Recto\"><img loading=\"lazy\" decoding=\"async\" width=\"1024\" height=\"656\" data-id=\"2114\" src=\"https:\/\/www.norgeat.fr\/wp-content\/uploads\/2024\/12\/CP-Carnaval-de-Miglos-recto-1024x656.jpg\" alt=\"\" class=\"wp-image-2114\"\/><\/a><figcaption class=\"wp-element-caption\">Carte postale d\u00e9but XXe si\u00e8cle &#8211; Recto <\/figcaption><\/figure>\n\n\n\n<figure class=\"wp-block-image size-large\"><a href=\"https:\/\/www.norgeat.fr\/wp-content\/uploads\/2024\/12\/CP-Carnaval-de-Miglos-verso.jpg\" data-rel=\"lightbox-gallery-Dyhd7yci\" data-rl_title=\"\" data-rl_caption=\"\" title=\"\"><img loading=\"lazy\" decoding=\"async\" width=\"1024\" height=\"656\" data-id=\"2115\" src=\"https:\/\/www.norgeat.fr\/wp-content\/uploads\/2024\/12\/CP-Carnaval-de-Miglos-verso-1024x656.jpg\" alt=\"\" class=\"wp-image-2115\"\/><\/a><\/figure>\n<\/figure>\n\n\n\n<p>\u00c0 partir de d\u00e9but F\u00e9vrier, les jeunes avaient pour habitude de se costumer, le plus souvent avec des habits de l\u2019ancien temps. Ils dissimulaient \u00e9galement leur visage sous un masque ou un foulard ne laissant entrevoir que les yeux et la bouche.<br>Ainsi d\u00e9guis\u00e9s, munis d\u2019un grand b\u00e2ton de berger, ils d\u00e9ambulaient dans le village en signalant leur approche au son de trompes et de cloches de vaches.<br>Par petits groupes, et souvent constitu\u00e9s en couples (des gar\u00e7ons se travestissaient fr\u00e9quemment en femme), ils allaient frapper \u00e0 la porte des maisons, apr\u00e8s la tomb\u00e9e de la nuit, lorsque les occupants \u00e9taient r\u00e9unis autour de l\u2019\u00e2tre pour la veill\u00e9e.<br>Leur entr\u00e9e tapageuse ne manquait pas d\u2019apeurer les enfants qui n\u2019\u00e9taient pas encore couch\u00e9s. Tout en gesticulant au milieu de la cuisine, ils faisaient admirer leurs d\u00e9guisements. S\u2019ils d\u00e9bitaient quelques fadaises ou r\u00e9pondaient aux questions pos\u00e9es, c\u2019\u00e9tait d\u2019une voix d\u00e9form\u00e9e afin d\u2019\u00e9viter d\u2019\u00eatre reconnus. Apr\u00e8s quoi, ils repartaient, toujours aussi bruyamment, vers une autre maison.<br>Mardi Gras marquait la fin de cette p\u00e9riode festive.<br>Ce jour-l\u00e0, tous les jeunes de Norgeat se d\u00e9guisaient. Dans une ambiance de liesse, ils faisaient alors le tour du village pour montrer \u00e0 tous \u00ab\u00a0<em>Carnaval<\/em>\u00ab\u00a0, un mannequin costum\u00e9 de fa\u00e7on grotesque et empaill\u00e9 d\u2019avoine. Certains membres du groupe \u00e9taient charg\u00e9s de la qu\u00eate des \u0153ufs. \u00c0 chaque maison visit\u00e9e, ils tendaient un panier \u00e0 la ma\u00eetresse du logis, qui y d\u00e9posait quelques \u0153ufs et parfois m\u00eame du saucisson ou du jambon.<br>\u00c0 la fin de la soir\u00e9e, \u00ab\u00a0<em>Carnaval<\/em>\u00a0\u00bb \u00e9tait conduit jusqu\u2019aux Prats d\u2019Abalh (apr\u00e8s le village c\u00f4t\u00e9 Arquizat) dans un joyeux tintamarre, pour \u00eatre noy\u00e9 dans le ruisseau.<br>Pendant le sacrifice, les participants chantaient \u00e0 tue-t\u00eate le refrain rituel :<\/p>\n\n\n\n<p><\/p>\n\n\n\n<div class=\"wp-block-columns is-layout-flex wp-container-core-columns-is-layout-9d6595d7 wp-block-columns-is-layout-flex\">\n<div class=\"wp-block-column is-layout-flow wp-block-column-is-layout-flow\">\n<p><em>Adiu paure, paure, paure,<br>Adiu paure Carnabal.<br>Tu t\u2019en bas e ieu demori<br>Tu t\u2019en bas per l\u2019aigo abalh.<br>Nous deichos en eritatge<br>Las patanos et les gras d\u2019alh.<br>T\u2019en es anat e ieu demori<br>Per manj\u00e0 la soupo a l\u2019oli.<\/em><\/p>\n<\/div>\n\n\n\n<div class=\"wp-block-column is-layout-flow wp-block-column-is-layout-flow\">\n<p><em>Adieu pauvre, pauvre, pauvre,<br>Adieu pauvre Carnaval.<br>Tu t\u2019en vas et moi je reste<br>Tu t\u2019en vas au fil de l\u2019eau.<br>Tu nous laisses en h\u00e9ritage<br>Les patates et les grains d\u2019ail.<br>Tu es parti et moi je reste<br>Pour manger la soupe \u00e0 l\u2019huile.<\/em><\/p>\n<\/div>\n<\/div>\n\n\n\n<p>Carnaval emport\u00e9 par le torrent, le calme revenait enfin\u2026<\/p>\n\n\n\n<p>Mais la journ\u00e9e n\u2019\u00e9tait cependant pas finie pour les gar\u00e7ons. Ils se retrouvaient \u00e0 l\u2019auberge du village, chez \u00ab\u00a0<em>La Lhibert\u00e9<\/em>\u00ab\u00a0, autour d\u2019une imposante omelette faite avec le produit de la qu\u00eate des \u0153ufs. Une bien agr\u00e9able fa\u00e7on de terminer la f\u00eate\u2026<br>Les jeunes-filles n\u2019\u00e9taient pas convi\u00e9es aux r\u00e9jouissances car, en ce temps-l\u00e0, il \u00e9tait inconvenant qu\u2019elles fr\u00e9quentent le caf\u00e9 apr\u00e8s la tomb\u00e9e de la nuit.<\/p>\n\n\n\n<p>Madeleine, mon a\u00efeule, se rappelait parfaitement des Carnavals de son enfance ; c\u2019est elle qui m\u2019a d\u2019ailleurs appris la chanson \u00ab\u00a0<em>Adiu paure Carnabal<\/em>\u00ab\u00a0.<br>Louis Pujol parle aussi de cette f\u00eate dans l\u2019ouvrage pr\u00e9c\u00e9demment cit\u00e9 (p.65).<\/p>\n\n\n\n<p class=\"has-text-align-right\">G.L. Novembre 2012<\/p>\n\n\n<div class=\"wp-block-image\">\n<figure class=\"aligncenter size-full is-resized\"><a href=\"https:\/\/biblio.cieldoc.com\/libre\/integral\/libr0417.pdf\" target=\"_blank\" rel=\" noreferrer noopener\"><img loading=\"lazy\" decoding=\"async\" width=\"667\" height=\"918\" src=\"https:\/\/www.norgeat.fr\/wp-content\/uploads\/2024\/12\/miclos1.jpg\" alt=\"\" class=\"wp-image-623\" style=\"width:auto;height:400px\"\/><\/a><figcaption class=\"wp-element-caption\">Miclos \u2013 A las Aurieros del Tems Bielh &#8211; Louis Pujol<\/figcaption><\/figure>\n<\/div>","protected":false},"excerpt":{"rendered":"<p>La f\u00eate au village, autrefois F\u00caTE ANNUELLEOn savait faire la f\u00eate, \u00e0 Norgeat, au d\u00e9but du si\u00e8cle dernier.Pour s&rsquo;en convaincre, il suffit de consulter le programme des festivit\u00e9s de Juin &#8230;<\/p>\n","protected":false},"author":2,"featured_media":626,"parent":410,"menu_order":6,"comment_status":"closed","ping_status":"closed","template":"","meta":{"footnotes":""},"class_list":["post-596","page","type-page","status-publish","has-post-thumbnail","hentry"],"yoast_head":"<!-- This site is optimized with the Yoast SEO plugin v24.0 - https:\/\/yoast.com\/wordpress\/plugins\/seo\/ -->\n<title>La f\u00eate au village, autrefois - Norgeat<\/title>\n<meta name=\"robots\" content=\"index, follow, max-snippet:-1, max-image-preview:large, max-video-preview:-1\" \/>\n<link rel=\"canonical\" href=\"https:\/\/www.norgeat.fr\/index.php\/divers-sujets-sur-norgeat\/la-fete-au-village-autrefois\/\" \/>\n<meta property=\"og:locale\" content=\"fr_FR\" \/>\n<meta property=\"og:type\" content=\"article\" \/>\n<meta property=\"og:title\" content=\"La f\u00eate au village, autrefois - Norgeat\" \/>\n<meta property=\"og:description\" content=\"La f\u00eate au village, autrefois F\u00caTE ANNUELLEOn savait faire la f\u00eate, \u00e0 Norgeat, au d\u00e9but du si\u00e8cle dernier.Pour s&rsquo;en convaincre, il suffit de consulter le programme des festivit\u00e9s de Juin ...\" \/>\n<meta property=\"og:url\" content=\"https:\/\/www.norgeat.fr\/index.php\/divers-sujets-sur-norgeat\/la-fete-au-village-autrefois\/\" \/>\n<meta property=\"og:site_name\" content=\"Norgeat\" \/>\n<meta property=\"article:modified_time\" content=\"2024-12-12T15:44:50+00:00\" \/>\n<meta property=\"og:image\" content=\"https:\/\/www.norgeat.fr\/wp-content\/uploads\/2024\/12\/avant-reseau-fete.jpg\" \/>\n\t<meta property=\"og:image:width\" content=\"1000\" \/>\n\t<meta property=\"og:image:height\" content=\"522\" \/>\n\t<meta property=\"og:image:type\" content=\"image\/jpeg\" \/>\n<meta name=\"twitter:card\" content=\"summary_large_image\" \/>\n<meta name=\"twitter:label1\" content=\"Dur\u00e9e de lecture estim\u00e9e\" \/>\n\t<meta name=\"twitter:data1\" content=\"7 minutes\" \/>\n<script type=\"application\/ld+json\" class=\"yoast-schema-graph\">{\"@context\":\"https:\/\/schema.org\",\"@graph\":[{\"@type\":\"WebPage\",\"@id\":\"https:\/\/www.norgeat.fr\/index.php\/divers-sujets-sur-norgeat\/la-fete-au-village-autrefois\/\",\"url\":\"https:\/\/www.norgeat.fr\/index.php\/divers-sujets-sur-norgeat\/la-fete-au-village-autrefois\/\",\"name\":\"La f\u00eate au village, autrefois - Norgeat\",\"isPartOf\":{\"@id\":\"https:\/\/www.norgeat.fr\/#website\"},\"primaryImageOfPage\":{\"@id\":\"https:\/\/www.norgeat.fr\/index.php\/divers-sujets-sur-norgeat\/la-fete-au-village-autrefois\/#primaryimage\"},\"image\":{\"@id\":\"https:\/\/www.norgeat.fr\/index.php\/divers-sujets-sur-norgeat\/la-fete-au-village-autrefois\/#primaryimage\"},\"thumbnailUrl\":\"https:\/\/www.norgeat.fr\/wp-content\/uploads\/2024\/12\/avant-reseau-fete.jpg\",\"datePublished\":\"2024-12-06T19:28:47+00:00\",\"dateModified\":\"2024-12-12T15:44:50+00:00\",\"breadcrumb\":{\"@id\":\"https:\/\/www.norgeat.fr\/index.php\/divers-sujets-sur-norgeat\/la-fete-au-village-autrefois\/#breadcrumb\"},\"inLanguage\":\"fr-FR\",\"potentialAction\":[{\"@type\":\"ReadAction\",\"target\":[\"https:\/\/www.norgeat.fr\/index.php\/divers-sujets-sur-norgeat\/la-fete-au-village-autrefois\/\"]}]},{\"@type\":\"ImageObject\",\"inLanguage\":\"fr-FR\",\"@id\":\"https:\/\/www.norgeat.fr\/index.php\/divers-sujets-sur-norgeat\/la-fete-au-village-autrefois\/#primaryimage\",\"url\":\"https:\/\/www.norgeat.fr\/wp-content\/uploads\/2024\/12\/avant-reseau-fete.jpg\",\"contentUrl\":\"https:\/\/www.norgeat.fr\/wp-content\/uploads\/2024\/12\/avant-reseau-fete.jpg\",\"width\":1000,\"height\":522},{\"@type\":\"BreadcrumbList\",\"@id\":\"https:\/\/www.norgeat.fr\/index.php\/divers-sujets-sur-norgeat\/la-fete-au-village-autrefois\/#breadcrumb\",\"itemListElement\":[{\"@type\":\"ListItem\",\"position\":1,\"name\":\"Accueil\",\"item\":\"https:\/\/www.norgeat.fr\/\"},{\"@type\":\"ListItem\",\"position\":2,\"name\":\"Divers\",\"item\":\"https:\/\/www.norgeat.fr\/index.php\/divers-sujets-sur-norgeat\/\"},{\"@type\":\"ListItem\",\"position\":3,\"name\":\"La f\u00eate au village, autrefois\"}]},{\"@type\":\"WebSite\",\"@id\":\"https:\/\/www.norgeat.fr\/#website\",\"url\":\"https:\/\/www.norgeat.fr\/\",\"name\":\"Norgeat\",\"description\":\"Norgeat, d&#039;hier et d&#039;aujourd&#039;hui...\",\"publisher\":{\"@id\":\"https:\/\/www.norgeat.fr\/#organization\"},\"potentialAction\":[{\"@type\":\"SearchAction\",\"target\":{\"@type\":\"EntryPoint\",\"urlTemplate\":\"https:\/\/www.norgeat.fr\/?s={search_term_string}\"},\"query-input\":{\"@type\":\"PropertyValueSpecification\",\"valueRequired\":true,\"valueName\":\"search_term_string\"}}],\"inLanguage\":\"fr-FR\"},{\"@type\":\"Organization\",\"@id\":\"https:\/\/www.norgeat.fr\/#organization\",\"name\":\"Le village de Norgeat en Ari\u00e8ge\",\"url\":\"https:\/\/www.norgeat.fr\/\",\"logo\":{\"@type\":\"ImageObject\",\"inLanguage\":\"fr-FR\",\"@id\":\"https:\/\/www.norgeat.fr\/#\/schema\/logo\/image\/\",\"url\":\"https:\/\/www.norgeat.fr\/wp-content\/uploads\/2024\/12\/logo-norgeat-v.png\",\"contentUrl\":\"https:\/\/www.norgeat.fr\/wp-content\/uploads\/2024\/12\/logo-norgeat-v.png\",\"width\":4306,\"height\":1521,\"caption\":\"Le village de Norgeat en Ari\u00e8ge\"},\"image\":{\"@id\":\"https:\/\/www.norgeat.fr\/#\/schema\/logo\/image\/\"}}]}<\/script>\n<!-- \/ Yoast SEO plugin. -->","yoast_head_json":{"title":"La f\u00eate au village, autrefois - Norgeat","robots":{"index":"index","follow":"follow","max-snippet":"max-snippet:-1","max-image-preview":"max-image-preview:large","max-video-preview":"max-video-preview:-1"},"canonical":"https:\/\/www.norgeat.fr\/index.php\/divers-sujets-sur-norgeat\/la-fete-au-village-autrefois\/","og_locale":"fr_FR","og_type":"article","og_title":"La f\u00eate au village, autrefois - Norgeat","og_description":"La f\u00eate au village, autrefois F\u00caTE ANNUELLEOn savait faire la f\u00eate, \u00e0 Norgeat, au d\u00e9but du si\u00e8cle dernier.Pour s&rsquo;en convaincre, il suffit de consulter le programme des festivit\u00e9s de Juin ...","og_url":"https:\/\/www.norgeat.fr\/index.php\/divers-sujets-sur-norgeat\/la-fete-au-village-autrefois\/","og_site_name":"Norgeat","article_modified_time":"2024-12-12T15:44:50+00:00","og_image":[{"width":1000,"height":522,"url":"https:\/\/www.norgeat.fr\/wp-content\/uploads\/2024\/12\/avant-reseau-fete.jpg","type":"image\/jpeg"}],"twitter_card":"summary_large_image","twitter_misc":{"Dur\u00e9e de lecture estim\u00e9e":"7 minutes"},"schema":{"@context":"https:\/\/schema.org","@graph":[{"@type":"WebPage","@id":"https:\/\/www.norgeat.fr\/index.php\/divers-sujets-sur-norgeat\/la-fete-au-village-autrefois\/","url":"https:\/\/www.norgeat.fr\/index.php\/divers-sujets-sur-norgeat\/la-fete-au-village-autrefois\/","name":"La f\u00eate au village, autrefois - Norgeat","isPartOf":{"@id":"https:\/\/www.norgeat.fr\/#website"},"primaryImageOfPage":{"@id":"https:\/\/www.norgeat.fr\/index.php\/divers-sujets-sur-norgeat\/la-fete-au-village-autrefois\/#primaryimage"},"image":{"@id":"https:\/\/www.norgeat.fr\/index.php\/divers-sujets-sur-norgeat\/la-fete-au-village-autrefois\/#primaryimage"},"thumbnailUrl":"https:\/\/www.norgeat.fr\/wp-content\/uploads\/2024\/12\/avant-reseau-fete.jpg","datePublished":"2024-12-06T19:28:47+00:00","dateModified":"2024-12-12T15:44:50+00:00","breadcrumb":{"@id":"https:\/\/www.norgeat.fr\/index.php\/divers-sujets-sur-norgeat\/la-fete-au-village-autrefois\/#breadcrumb"},"inLanguage":"fr-FR","potentialAction":[{"@type":"ReadAction","target":["https:\/\/www.norgeat.fr\/index.php\/divers-sujets-sur-norgeat\/la-fete-au-village-autrefois\/"]}]},{"@type":"ImageObject","inLanguage":"fr-FR","@id":"https:\/\/www.norgeat.fr\/index.php\/divers-sujets-sur-norgeat\/la-fete-au-village-autrefois\/#primaryimage","url":"https:\/\/www.norgeat.fr\/wp-content\/uploads\/2024\/12\/avant-reseau-fete.jpg","contentUrl":"https:\/\/www.norgeat.fr\/wp-content\/uploads\/2024\/12\/avant-reseau-fete.jpg","width":1000,"height":522},{"@type":"BreadcrumbList","@id":"https:\/\/www.norgeat.fr\/index.php\/divers-sujets-sur-norgeat\/la-fete-au-village-autrefois\/#breadcrumb","itemListElement":[{"@type":"ListItem","position":1,"name":"Accueil","item":"https:\/\/www.norgeat.fr\/"},{"@type":"ListItem","position":2,"name":"Divers","item":"https:\/\/www.norgeat.fr\/index.php\/divers-sujets-sur-norgeat\/"},{"@type":"ListItem","position":3,"name":"La f\u00eate au village, autrefois"}]},{"@type":"WebSite","@id":"https:\/\/www.norgeat.fr\/#website","url":"https:\/\/www.norgeat.fr\/","name":"Norgeat","description":"Norgeat, d&#039;hier et d&#039;aujourd&#039;hui...","publisher":{"@id":"https:\/\/www.norgeat.fr\/#organization"},"potentialAction":[{"@type":"SearchAction","target":{"@type":"EntryPoint","urlTemplate":"https:\/\/www.norgeat.fr\/?s={search_term_string}"},"query-input":{"@type":"PropertyValueSpecification","valueRequired":true,"valueName":"search_term_string"}}],"inLanguage":"fr-FR"},{"@type":"Organization","@id":"https:\/\/www.norgeat.fr\/#organization","name":"Le village de Norgeat en Ari\u00e8ge","url":"https:\/\/www.norgeat.fr\/","logo":{"@type":"ImageObject","inLanguage":"fr-FR","@id":"https:\/\/www.norgeat.fr\/#\/schema\/logo\/image\/","url":"https:\/\/www.norgeat.fr\/wp-content\/uploads\/2024\/12\/logo-norgeat-v.png","contentUrl":"https:\/\/www.norgeat.fr\/wp-content\/uploads\/2024\/12\/logo-norgeat-v.png","width":4306,"height":1521,"caption":"Le village de Norgeat en Ari\u00e8ge"},"image":{"@id":"https:\/\/www.norgeat.fr\/#\/schema\/logo\/image\/"}}]}},"rttpg_featured_image_url":{"full":["https:\/\/www.norgeat.fr\/wp-content\/uploads\/2024\/12\/avant-reseau-fete.jpg",1000,522,false],"landscape":["https:\/\/www.norgeat.fr\/wp-content\/uploads\/2024\/12\/avant-reseau-fete.jpg",1000,522,false],"portraits":["https:\/\/www.norgeat.fr\/wp-content\/uploads\/2024\/12\/avant-reseau-fete.jpg",1000,522,false],"thumbnail":["https:\/\/www.norgeat.fr\/wp-content\/uploads\/2024\/12\/avant-reseau-fete-150x150.jpg",150,150,true],"medium":["https:\/\/www.norgeat.fr\/wp-content\/uploads\/2024\/12\/avant-reseau-fete-300x157.jpg",300,157,true],"large":["https:\/\/www.norgeat.fr\/wp-content\/uploads\/2024\/12\/avant-reseau-fete.jpg",800,418,false],"1536x1536":["https:\/\/www.norgeat.fr\/wp-content\/uploads\/2024\/12\/avant-reseau-fete.jpg",1000,522,false],"2048x2048":["https:\/\/www.norgeat.fr\/wp-content\/uploads\/2024\/12\/avant-reseau-fete.jpg",1000,522,false],"onepress-blog-small":["https:\/\/www.norgeat.fr\/wp-content\/uploads\/2024\/12\/avant-reseau-fete-300x150.jpg",300,150,true],"onepress-small":["https:\/\/www.norgeat.fr\/wp-content\/uploads\/2024\/12\/avant-reseau-fete-480x300.jpg",480,300,true],"onepress-medium":["https:\/\/www.norgeat.fr\/wp-content\/uploads\/2024\/12\/avant-reseau-fete-640x400.jpg",640,400,true]},"rttpg_author":{"display_name":"norgeat","author_link":"https:\/\/www.norgeat.fr\/index.php\/author\/norgeat\/"},"rttpg_comment":0,"rttpg_category":null,"rttpg_excerpt":"La f\u00eate au village, autrefois F\u00caTE ANNUELLEOn savait faire la f\u00eate, \u00e0 Norgeat, au d\u00e9but du si\u00e8cle dernier.Pour s&rsquo;en convaincre, il suffit de consulter le programme des festivit\u00e9s de Juin ...","_links":{"self":[{"href":"https:\/\/www.norgeat.fr\/index.php\/wp-json\/wp\/v2\/pages\/596","targetHints":{"allow":["GET"]}}],"collection":[{"href":"https:\/\/www.norgeat.fr\/index.php\/wp-json\/wp\/v2\/pages"}],"about":[{"href":"https:\/\/www.norgeat.fr\/index.php\/wp-json\/wp\/v2\/types\/page"}],"author":[{"embeddable":true,"href":"https:\/\/www.norgeat.fr\/index.php\/wp-json\/wp\/v2\/users\/2"}],"replies":[{"embeddable":true,"href":"https:\/\/www.norgeat.fr\/index.php\/wp-json\/wp\/v2\/comments?post=596"}],"version-history":[{"count":19,"href":"https:\/\/www.norgeat.fr\/index.php\/wp-json\/wp\/v2\/pages\/596\/revisions"}],"predecessor-version":[{"id":2117,"href":"https:\/\/www.norgeat.fr\/index.php\/wp-json\/wp\/v2\/pages\/596\/revisions\/2117"}],"up":[{"embeddable":true,"href":"https:\/\/www.norgeat.fr\/index.php\/wp-json\/wp\/v2\/pages\/410"}],"wp:featuredmedia":[{"embeddable":true,"href":"https:\/\/www.norgeat.fr\/index.php\/wp-json\/wp\/v2\/media\/626"}],"wp:attachment":[{"href":"https:\/\/www.norgeat.fr\/index.php\/wp-json\/wp\/v2\/media?parent=596"}],"curies":[{"name":"wp","href":"https:\/\/api.w.org\/{rel}","templated":true}]}}