{"id":708,"date":"2024-12-06T23:08:47","date_gmt":"2024-12-06T22:08:47","guid":{"rendered":"http:\/\/www.norgeat.fr\/?page_id=708"},"modified":"2024-12-08T21:21:01","modified_gmt":"2024-12-08T20:21:01","slug":"portraits-danciens","status":"publish","type":"page","link":"https:\/\/www.norgeat.fr\/index.php\/divers-sujets-sur-norgeat\/portraits-danciens\/","title":{"rendered":"Portraits d&rsquo;Anciens"},"content":{"rendered":"\n<h2 class=\"wp-block-heading\">Portraits d&rsquo;Anciens<\/h2>\n\n\n\n<p>Liliane BERRA, n\u00e9e PROSPER en 1945, est plus connue \u00e0 Miglos sous le nom de Lili de Pavillon (de \u00ab\u00a0Pabilhoun \u00ab\u00a0, comme on disait jusqu\u2019au milieu du XXe si\u00e8cle).<br>Elle vit au Pays Basque, o\u00f9 elle est install\u00e9e depuis fort longtemps, raisons familiales et professionnelles obligent.<br>Lili est cependant rest\u00e9e tr\u00e8s attach\u00e9e \u00e0 Miglos et revient r\u00e9guli\u00e8rement \u00e0 Norgeat, terre de ses anc\u00eatres maternels (les GARDES Pavillon).<br>Durant de nombreuses ann\u00e9es, quand elle retournait au \u00ab\u00a0pays\u00a0\u00bb, elle habitait la maison de ses grands-parents.<\/p>\n\n\n\n<div class=\"wp-block-media-text is-stacked-on-mobile\" style=\"grid-template-columns:25% auto\"><figure class=\"wp-block-media-text__media\"><a href=\"https:\/\/www.norgeat.fr\/wp-content\/uploads\/2024\/12\/Mars-2006-GL.jpg\" data-rel=\"lightbox-gallery-SE4WWi24\" data-rl_title=\"Photo Maison Pavillon - Mars 2006 (GL)\" data-rl_caption=\"Photo Maison Pavillon - Mars 2006 (GL)\" title=\"Photo Maison Pavillon - Mars 2006 (GL)\"><img loading=\"lazy\" decoding=\"async\" width=\"800\" height=\"571\" src=\"https:\/\/www.norgeat.fr\/wp-content\/uploads\/2024\/12\/Mars-2006-GL.jpg\" alt=\"\" class=\"wp-image-724 size-full\"\/><\/a><\/figure><div class=\"wp-block-media-text__content\">\n<p>Maison Pavillon &#8211; Mars 2006 (GL)<\/p>\n<\/div><\/div>\n\n\n\n<p>R\u00e9cemment, avec Claude, son mari, elle a fait r\u00e9nover la vieille demeure familiale. Une r\u00e9novation remarquablement r\u00e9ussie, d\u2019ailleurs.<\/p>\n\n\n\n<div class=\"wp-block-media-text has-media-on-the-right is-stacked-on-mobile\" style=\"grid-template-columns:auto 25%\"><div class=\"wp-block-media-text__content\">\n<p>Maison Berra &#8211; Septembre 2011 (GL)<\/p>\n<\/div><figure class=\"wp-block-media-text__media\"><a href=\"https:\/\/www.norgeat.fr\/wp-content\/uploads\/2024\/12\/Sept.2011-GL.jpg\" data-rel=\"lightbox-gallery-SE4WWi24\" data-rl_title=\"Photo Maison Berra - Septembre 2011 (GL)\" data-rl_caption=\"Photo Maison Berra - Septembre 2011 (GL)\" title=\"Photo Maison Berra - Septembre 2011 (GL)\"><img loading=\"lazy\" decoding=\"async\" width=\"800\" height=\"575\" src=\"https:\/\/www.norgeat.fr\/wp-content\/uploads\/2024\/12\/Sept.2011-GL.jpg\" alt=\"\" class=\"wp-image-728 size-full\"\/><\/a><\/figure><\/div>\n\n\n\n<p>Maintenant retrait\u00e9e, Lili peut enfin s\u2019adonner \u00e0 sa passion pour la peinture\u2026.<\/p>\n\n\n\n<div class=\"wp-block-media-text is-stacked-on-mobile\" style=\"grid-template-columns:25% auto\"><figure class=\"wp-block-media-text__media\"><a href=\"https:\/\/www.norgeat.fr\/wp-content\/uploads\/2024\/12\/Chateau-LB-Mai-2013.jpg\" data-rel=\"lightbox-gallery-SE4WWi24\" data-rl_title=\"Ch\u00e2teau de Miglos (LB _2013)\" data-rl_caption=\"Ch\u00e2teau de Miglos (LB _2013)\" title=\"Ch\u00e2teau de Miglos (LB _2013)\"><img loading=\"lazy\" decoding=\"async\" width=\"800\" height=\"633\" src=\"https:\/\/www.norgeat.fr\/wp-content\/uploads\/2024\/12\/Chateau-LB-Mai-2013.jpg\" alt=\"\" class=\"wp-image-717 size-full\"\/><\/a><\/figure><div class=\"wp-block-media-text__content\">\n<p>Ch\u00e2teau de Miglos (LB _2013)<\/p>\n<\/div><\/div>\n\n\n\n<p>Ainsi, parmi les tableaux qu\u2019elle a peints, on peut admirer avec d\u00e9lice quelques magnifiques \u00ab\u00a0<em>Portraits d\u2019Anciens<\/em>\u00ab\u00a0, ces \u00ab\u00a0<em>figures<\/em>\u00a0\u00bb Norgeatoises qui ont marqu\u00e9 notre jeunesse.<br>Les personnages sont tellement ressemblants et pleins de vie, sur les toiles r\u00e9alis\u00e9es \u00e0 la peinture acrylique.<br>On reconna\u00eet :<br>Madeleine (fait des cr\u00eapes, en 1968), Saumade (confectionne un panier, en 1961), Le Pradenc (fabrique un collier de vache, en 1967), et Jean de Pavillon (avec son \u00e2ne, vers 1965).<br>Autre sc\u00e8ne typique : Fillette \u00e0 la fontaine de la Place (vers 1955).<\/p>\n\n\n\n<p><em>Un grand Merci \u00e0 Lili, qui m\u2019a permis de photographier ces tableaux pour les exposer dans le Site consacr\u00e9 \u00e0 Norgeat\u2026 et \u00e9galement un petit rappel : cette galerie de portraits ne demande qu\u2019\u00e0 s\u2019enrichir de nouveaux personnages\u2026<\/em><\/p>\n\n\n\n<p>Nouveaux Tableaux :<\/p>\n\n\n\n<ul class=\"wp-block-list\">\n<li>Raymond Salvaing Lacaze, fait cuire l&rsquo;azinat.<\/li>\n\n\n\n<li>Augustine Gardes Pavillon, portrait.<\/li>\n\n\n\n<li>C\u00e9line Balan\u00e7a, portrait.<\/li>\n\n\n\n<li>Pierre Pujol &amp; Marcel Pujol Liau, sc\u00e8ne de la \u00ab\u00a0f\u00eate\u00a0\u00bb du cochon.<\/li>\n\n\n\n<li>Baptistine Pujol Mouno\u00ef, ramasse les patates.<\/li>\n\n\n\n<li>Fontaine de la Place du village.<\/li>\n\n\n\n<li>Ancienne maison D\u00e9camps-Blanc.<\/li>\n<\/ul>\n\n\n\n<p class=\"has-text-align-right\">G.L. Septembre 2013<br>Derni\u00e8re Mise \u00e0 jour : Mai 2017<\/p>\n\n\n\n<div class=\"wp-block-media-text has-media-on-the-right is-stacked-on-mobile\" style=\"grid-template-columns:auto 25%\"><div class=\"wp-block-media-text__content\">\n<p>Madeleine &#8211; 1968 (L.B. 2012)<\/p>\n<\/div><figure class=\"wp-block-media-text__media\"><a href=\"https:\/\/www.norgeat.fr\/wp-content\/uploads\/2024\/12\/Madeleine_-1968-Lili-B.-2012.jpg\" data-rel=\"lightbox-gallery-SE4WWi24\" data-rl_title=\"Madeleine - 1968 (L.B. 2012)\" data-rl_caption=\"Madeleine - 1968 (L.B. 2012)\" title=\"Madeleine - 1968 (L.B. 2012)\"><img loading=\"lazy\" decoding=\"async\" width=\"800\" height=\"613\" src=\"https:\/\/www.norgeat.fr\/wp-content\/uploads\/2024\/12\/Madeleine_-1968-Lili-B.-2012.jpg\" alt=\"\" class=\"wp-image-723 size-full\"\/><\/a><\/figure><\/div>\n\n\n\n<div class=\"wp-block-media-text is-stacked-on-mobile\" style=\"grid-template-columns:25% auto\"><figure class=\"wp-block-media-text__media\"><a href=\"https:\/\/www.norgeat.fr\/wp-content\/uploads\/2024\/12\/Saumade_-1961-LB-2013.jpg\" data-rel=\"lightbox-gallery-SE4WWi24\" data-rl_title=\"Saumade - 1961 (L.B. 2013)\" data-rl_caption=\"Saumade - 1961 (L.B. 2013)\" title=\"Saumade - 1961 (L.B. 2013)\"><img loading=\"lazy\" decoding=\"async\" width=\"800\" height=\"801\" src=\"https:\/\/www.norgeat.fr\/wp-content\/uploads\/2024\/12\/Saumade_-1961-LB-2013.jpg\" alt=\"\" class=\"wp-image-727 size-full\"\/><\/a><\/figure><div class=\"wp-block-media-text__content\">\n<p>Saumade &#8211; 1961 (L.B. 2013)<\/p>\n<\/div><\/div>\n\n\n\n<div class=\"wp-block-media-text has-media-on-the-right is-stacked-on-mobile\" style=\"grid-template-columns:auto 25%\"><div class=\"wp-block-media-text__content\">\n<p>Le Pradenc &#8211; 1967 (L.B. 2013)<\/p>\n<\/div><figure class=\"wp-block-media-text__media\"><a href=\"https:\/\/www.norgeat.fr\/wp-content\/uploads\/2024\/12\/Le-Pradenc_1967-LB-2013-rotated.jpg\" data-rel=\"lightbox-gallery-SE4WWi24\" data-rl_title=\"Le Pradenc - 1967 (L.B. 2013)\" data-rl_caption=\"Le Pradenc - 1967 (L.B. 2013)\" title=\"Le Pradenc - 1967 (L.B. 2013)\"><img loading=\"lazy\" decoding=\"async\" width=\"800\" height=\"792\" src=\"https:\/\/www.norgeat.fr\/wp-content\/uploads\/2024\/12\/Le-Pradenc_1967-LB-2013-rotated.jpg\" alt=\"\" class=\"wp-image-722 size-full\"\/><\/a><\/figure><\/div>\n\n\n\n<div class=\"wp-block-media-text is-stacked-on-mobile\" style=\"grid-template-columns:25% auto\"><figure class=\"wp-block-media-text__media\"><a href=\"https:\/\/www.norgeat.fr\/wp-content\/uploads\/2024\/12\/Jean-et-son-ane_-v.1965-LB-2012.jpg\" data-rel=\"lightbox-gallery-SE4WWi24\" data-rl_title=\"Jean - vers 1965 (L.B. 2012)\" data-rl_caption=\"Jean - vers 1965 (L.B. 2012)\" title=\"Jean - vers 1965 (L.B. 2012)\"><img loading=\"lazy\" decoding=\"async\" width=\"654\" height=\"800\" src=\"https:\/\/www.norgeat.fr\/wp-content\/uploads\/2024\/12\/Jean-et-son-ane_-v.1965-LB-2012.jpg\" alt=\"\" class=\"wp-image-721 size-full\"\/><\/a><\/figure><div class=\"wp-block-media-text__content\">\n<p>Jean &#8211; vers 1965 (L.B. 2012)<\/p>\n<\/div><\/div>\n\n\n\n<div class=\"wp-block-media-text has-media-on-the-right is-stacked-on-mobile\" style=\"grid-template-columns:auto 25%\"><div class=\"wp-block-media-text__content\">\n<p>Fillette \u00e0 la fontaine &#8211; vers 1955 (L.B 2012).<\/p>\n<\/div><figure class=\"wp-block-media-text__media\"><a href=\"https:\/\/www.norgeat.fr\/wp-content\/uploads\/2024\/12\/Fillette-a-la-fontaine-de-la-place-LB-2012.jpg\" data-rel=\"lightbox-gallery-SE4WWi24\" data-rl_title=\"Fillette \u00e0 la fontaine - vers 1955 (L.B 2012).\" data-rl_caption=\"Fillette \u00e0 la fontaine - vers 1955 (L.B 2012).\" title=\"Fillette \u00e0 la fontaine - vers 1955 (L.B 2012).\"><img loading=\"lazy\" decoding=\"async\" width=\"800\" height=\"571\" src=\"https:\/\/www.norgeat.fr\/wp-content\/uploads\/2024\/12\/Fillette-a-la-fontaine-de-la-place-LB-2012.jpg\" alt=\"\" class=\"wp-image-718 size-full\"\/><\/a><\/figure><\/div>\n\n\n\n<div class=\"wp-block-media-text is-stacked-on-mobile\" style=\"grid-template-columns:25% auto\"><figure class=\"wp-block-media-text__media\"><a href=\"https:\/\/www.norgeat.fr\/wp-content\/uploads\/2024\/12\/Raymond-Lacaze_-1989-LB-2013.jpg\" data-rel=\"lightbox-gallery-SE4WWi24\" data-rl_title=\"Raymond Lacaze - 1989 (L.B. 2013)\" data-rl_caption=\"Raymond Lacaze - 1989 (L.B. 2013)\" title=\"Raymond Lacaze - 1989 (L.B. 2013)\"><img loading=\"lazy\" decoding=\"async\" width=\"800\" height=\"608\" src=\"https:\/\/www.norgeat.fr\/wp-content\/uploads\/2024\/12\/Raymond-Lacaze_-1989-LB-2013.jpg\" alt=\"\" class=\"wp-image-726 size-full\"\/><\/a><\/figure><div class=\"wp-block-media-text__content\">\n<p>Raymond Lacaze &#8211; 1989 (L.B. 2013)<\/p>\n<\/div><\/div>\n\n\n\n<div class=\"wp-block-media-text has-media-on-the-right is-stacked-on-mobile\" style=\"grid-template-columns:auto 25%\"><div class=\"wp-block-media-text__content\">\n<p>Gustine de Pavillon vers 1963 (L.B. 2013)<\/p>\n<\/div><figure class=\"wp-block-media-text__media\"><a href=\"https:\/\/www.norgeat.fr\/wp-content\/uploads\/2024\/12\/Gustine-de-Pavillon_1963-LB-2013.jpg\" data-rel=\"lightbox-gallery-SE4WWi24\" data-rl_title=\"Gustine de Pavillon vers 1963 (L.B. 2013)\" data-rl_caption=\"Gustine de Pavillon vers 1963 (L.B. 2013)\" title=\"Gustine de Pavillon vers 1963 (L.B. 2013)\"><img loading=\"lazy\" decoding=\"async\" width=\"800\" height=\"793\" src=\"https:\/\/www.norgeat.fr\/wp-content\/uploads\/2024\/12\/Gustine-de-Pavillon_1963-LB-2013.jpg\" alt=\"\" class=\"wp-image-720 size-full\"\/><\/a><\/figure><\/div>\n\n\n\n<div class=\"wp-block-media-text is-stacked-on-mobile\" style=\"grid-template-columns:25% auto\"><figure class=\"wp-block-media-text__media\"><a href=\"https:\/\/www.norgeat.fr\/wp-content\/uploads\/2024\/12\/Celine-_-v.1965-L.B.-2014.jpg\" data-rel=\"lightbox-gallery-SE4WWi24\" data-rl_title=\"C\u00e9line - v.1965 (L.B. 2014)\" data-rl_caption=\"C\u00e9line - v.1965 (L.B. 2014)\" title=\"C\u00e9line - v.1965 (L.B. 2014)\"><img loading=\"lazy\" decoding=\"async\" width=\"546\" height=\"800\" src=\"https:\/\/www.norgeat.fr\/wp-content\/uploads\/2024\/12\/Celine-_-v.1965-L.B.-2014.jpg\" alt=\"\" class=\"wp-image-716 size-full\"\/><\/a><\/figure><div class=\"wp-block-media-text__content\">\n<p>C\u00e9line &#8211; v.1965 (L.B. 2014)<\/p>\n<\/div><\/div>\n\n\n\n<div class=\"wp-block-media-text has-media-on-the-right is-stacked-on-mobile\" style=\"grid-template-columns:auto 25%\"><div class=\"wp-block-media-text__content\">\n<p>Pierre &amp; Marcel &#8211; F\u00e9v.1961 (L.B. 2015)<\/p>\n<\/div><figure class=\"wp-block-media-text__media\"><a href=\"https:\/\/www.norgeat.fr\/wp-content\/uploads\/2024\/12\/Pierre-Marcel-_-Fev.1961-L.B.-2015.jpg\" data-rel=\"lightbox-gallery-SE4WWi24\" data-rl_title=\"Pierre &amp; Marcel - F\u00e9v.1961 (L.B. 2015)\" data-rl_caption=\"Pierre &amp; Marcel - F\u00e9v.1961 (L.B. 2015)\" title=\"Pierre &amp; Marcel - F\u00e9v.1961 (L.B. 2015)\"><img loading=\"lazy\" decoding=\"async\" width=\"621\" height=\"800\" src=\"https:\/\/www.norgeat.fr\/wp-content\/uploads\/2024\/12\/Pierre-Marcel-_-Fev.1961-L.B.-2015.jpg\" alt=\"\" class=\"wp-image-725 size-full\"\/><\/a><\/figure><\/div>\n\n\n\n<div class=\"wp-block-media-text is-stacked-on-mobile\" style=\"grid-template-columns:25% auto\"><figure class=\"wp-block-media-text__media\"><a href=\"https:\/\/www.norgeat.fr\/wp-content\/uploads\/2024\/12\/Baptistine-de-Mounoi-1960-L.B.2016.jpg\" data-rel=\"lightbox-gallery-SE4WWi24\" data-rl_title=\"Baptistine de Mouno\u00ef - 1960 (L.B. 2016)\" data-rl_caption=\"Baptistine de Mouno\u00ef - 1960 (L.B. 2016)\" title=\"Baptistine de Mouno\u00ef - 1960 (L.B. 2016)\"><img loading=\"lazy\" decoding=\"async\" width=\"550\" height=\"800\" src=\"https:\/\/www.norgeat.fr\/wp-content\/uploads\/2024\/12\/Baptistine-de-Mounoi-1960-L.B.2016.jpg\" alt=\"\" class=\"wp-image-715 size-full\"\/><\/a><\/figure><div class=\"wp-block-media-text__content\">\n<p>Baptistine de Mouno\u00ef &#8211; 1960 (L.B. 2016)<\/p>\n<\/div><\/div>\n\n\n\n<div class=\"wp-block-media-text has-media-on-the-right is-stacked-on-mobile\" style=\"grid-template-columns:auto 25%\"><div class=\"wp-block-media-text__content\">\n<p>Fontaine &#8211; Place de Norgeat (L.B. 2017)<\/p>\n<\/div><figure class=\"wp-block-media-text__media\"><a href=\"https:\/\/www.norgeat.fr\/wp-content\/uploads\/2024\/12\/fontainedelaplacelb2017.jpg\" data-rel=\"lightbox-gallery-SE4WWi24\" data-rl_title=\"Fontaine - Place de Norgeat (L.B. 2017)\" data-rl_caption=\"Fontaine - Place de Norgeat (L.B. 2017)\" title=\"Fontaine - Place de Norgeat (L.B. 2017)\"><img loading=\"lazy\" decoding=\"async\" width=\"603\" height=\"800\" src=\"https:\/\/www.norgeat.fr\/wp-content\/uploads\/2024\/12\/fontainedelaplacelb2017.jpg\" alt=\"\" class=\"wp-image-719 size-full\"\/><\/a><\/figure><\/div>\n\n\n\n<div class=\"wp-block-media-text is-stacked-on-mobile\" style=\"grid-template-columns:25% auto\"><figure class=\"wp-block-media-text__media\"><a href=\"https:\/\/www.norgeat.fr\/wp-content\/uploads\/2024\/12\/Ancienne-Maison-Decamps-Blanc-L.B.-2017.jpg\" data-rel=\"lightbox-gallery-SE4WWi24\" data-rl_title=\"Ancienne maison D\u00e9camps-Blanc (L.B. 2017)\" data-rl_caption=\"Ancienne maison D\u00e9camps-Blanc (L.B. 2017)\" title=\"Ancienne maison D\u00e9camps-Blanc (L.B. 2017)\"><img loading=\"lazy\" decoding=\"async\" width=\"800\" height=\"593\" src=\"https:\/\/www.norgeat.fr\/wp-content\/uploads\/2024\/12\/Ancienne-Maison-Decamps-Blanc-L.B.-2017.jpg\" alt=\"\" class=\"wp-image-713 size-full\"\/><\/a><\/figure><div class=\"wp-block-media-text__content\">\n<p>Ancienne maison D\u00e9camps-Blanc (L.B. 2017)<\/p>\n<\/div><\/div>\n","protected":false},"excerpt":{"rendered":"<p>Portraits d&rsquo;Anciens Liliane BERRA, n\u00e9e PROSPER en 1945, est plus connue \u00e0 Miglos sous le nom de Lili de Pavillon (de \u00ab\u00a0Pabilhoun \u00ab\u00a0, comme on disait jusqu\u2019au milieu du XXe &#8230;<\/p>\n","protected":false},"author":2,"featured_media":729,"parent":410,"menu_order":9,"comment_status":"closed","ping_status":"closed","template":"","meta":{"footnotes":""},"class_list":["post-708","page","type-page","status-publish","has-post-thumbnail","hentry"],"yoast_head":"<!-- This site is optimized with the Yoast SEO plugin v24.0 - https:\/\/yoast.com\/wordpress\/plugins\/seo\/ -->\n<title>Portraits d&#039;Anciens - Norgeat<\/title>\n<meta name=\"robots\" content=\"index, follow, max-snippet:-1, max-image-preview:large, max-video-preview:-1\" \/>\n<link rel=\"canonical\" href=\"https:\/\/www.norgeat.fr\/index.php\/divers-sujets-sur-norgeat\/portraits-danciens\/\" \/>\n<meta property=\"og:locale\" content=\"fr_FR\" \/>\n<meta property=\"og:type\" content=\"article\" \/>\n<meta property=\"og:title\" content=\"Portraits d&#039;Anciens - Norgeat\" \/>\n<meta property=\"og:description\" content=\"Portraits d&rsquo;Anciens Liliane BERRA, n\u00e9e PROSPER en 1945, est plus connue \u00e0 Miglos sous le nom de Lili de Pavillon (de \u00ab\u00a0Pabilhoun \u00ab\u00a0, comme on disait jusqu\u2019au milieu du XXe ...\" \/>\n<meta property=\"og:url\" content=\"https:\/\/www.norgeat.fr\/index.php\/divers-sujets-sur-norgeat\/portraits-danciens\/\" \/>\n<meta property=\"og:site_name\" content=\"Norgeat\" \/>\n<meta property=\"article:modified_time\" content=\"2024-12-08T20:21:01+00:00\" \/>\n<meta property=\"og:image\" content=\"https:\/\/www.norgeat.fr\/wp-content\/uploads\/2024\/12\/avant-reseau-ancien-1.jpg\" \/>\n\t<meta property=\"og:image:width\" content=\"1000\" \/>\n\t<meta property=\"og:image:height\" content=\"522\" \/>\n\t<meta property=\"og:image:type\" content=\"image\/jpeg\" \/>\n<meta name=\"twitter:card\" content=\"summary_large_image\" \/>\n<meta name=\"twitter:label1\" content=\"Dur\u00e9e de lecture estim\u00e9e\" \/>\n\t<meta name=\"twitter:data1\" content=\"6 minutes\" \/>\n<script type=\"application\/ld+json\" class=\"yoast-schema-graph\">{\"@context\":\"https:\/\/schema.org\",\"@graph\":[{\"@type\":\"WebPage\",\"@id\":\"https:\/\/www.norgeat.fr\/index.php\/divers-sujets-sur-norgeat\/portraits-danciens\/\",\"url\":\"https:\/\/www.norgeat.fr\/index.php\/divers-sujets-sur-norgeat\/portraits-danciens\/\",\"name\":\"Portraits d'Anciens - Norgeat\",\"isPartOf\":{\"@id\":\"https:\/\/www.norgeat.fr\/#website\"},\"primaryImageOfPage\":{\"@id\":\"https:\/\/www.norgeat.fr\/index.php\/divers-sujets-sur-norgeat\/portraits-danciens\/#primaryimage\"},\"image\":{\"@id\":\"https:\/\/www.norgeat.fr\/index.php\/divers-sujets-sur-norgeat\/portraits-danciens\/#primaryimage\"},\"thumbnailUrl\":\"https:\/\/www.norgeat.fr\/wp-content\/uploads\/2024\/12\/avant-reseau-ancien-1.jpg\",\"datePublished\":\"2024-12-06T22:08:47+00:00\",\"dateModified\":\"2024-12-08T20:21:01+00:00\",\"breadcrumb\":{\"@id\":\"https:\/\/www.norgeat.fr\/index.php\/divers-sujets-sur-norgeat\/portraits-danciens\/#breadcrumb\"},\"inLanguage\":\"fr-FR\",\"potentialAction\":[{\"@type\":\"ReadAction\",\"target\":[\"https:\/\/www.norgeat.fr\/index.php\/divers-sujets-sur-norgeat\/portraits-danciens\/\"]}]},{\"@type\":\"ImageObject\",\"inLanguage\":\"fr-FR\",\"@id\":\"https:\/\/www.norgeat.fr\/index.php\/divers-sujets-sur-norgeat\/portraits-danciens\/#primaryimage\",\"url\":\"https:\/\/www.norgeat.fr\/wp-content\/uploads\/2024\/12\/avant-reseau-ancien-1.jpg\",\"contentUrl\":\"https:\/\/www.norgeat.fr\/wp-content\/uploads\/2024\/12\/avant-reseau-ancien-1.jpg\",\"width\":1000,\"height\":522},{\"@type\":\"BreadcrumbList\",\"@id\":\"https:\/\/www.norgeat.fr\/index.php\/divers-sujets-sur-norgeat\/portraits-danciens\/#breadcrumb\",\"itemListElement\":[{\"@type\":\"ListItem\",\"position\":1,\"name\":\"Accueil\",\"item\":\"https:\/\/www.norgeat.fr\/\"},{\"@type\":\"ListItem\",\"position\":2,\"name\":\"Divers\",\"item\":\"https:\/\/www.norgeat.fr\/index.php\/divers-sujets-sur-norgeat\/\"},{\"@type\":\"ListItem\",\"position\":3,\"name\":\"Portraits d&rsquo;Anciens\"}]},{\"@type\":\"WebSite\",\"@id\":\"https:\/\/www.norgeat.fr\/#website\",\"url\":\"https:\/\/www.norgeat.fr\/\",\"name\":\"Norgeat\",\"description\":\"Norgeat, d&#039;hier et d&#039;aujourd&#039;hui...\",\"publisher\":{\"@id\":\"https:\/\/www.norgeat.fr\/#organization\"},\"potentialAction\":[{\"@type\":\"SearchAction\",\"target\":{\"@type\":\"EntryPoint\",\"urlTemplate\":\"https:\/\/www.norgeat.fr\/?s={search_term_string}\"},\"query-input\":{\"@type\":\"PropertyValueSpecification\",\"valueRequired\":true,\"valueName\":\"search_term_string\"}}],\"inLanguage\":\"fr-FR\"},{\"@type\":\"Organization\",\"@id\":\"https:\/\/www.norgeat.fr\/#organization\",\"name\":\"Le village de Norgeat en Ari\u00e8ge\",\"url\":\"https:\/\/www.norgeat.fr\/\",\"logo\":{\"@type\":\"ImageObject\",\"inLanguage\":\"fr-FR\",\"@id\":\"https:\/\/www.norgeat.fr\/#\/schema\/logo\/image\/\",\"url\":\"https:\/\/www.norgeat.fr\/wp-content\/uploads\/2024\/12\/logo-norgeat-v.png\",\"contentUrl\":\"https:\/\/www.norgeat.fr\/wp-content\/uploads\/2024\/12\/logo-norgeat-v.png\",\"width\":4306,\"height\":1521,\"caption\":\"Le village de Norgeat en Ari\u00e8ge\"},\"image\":{\"@id\":\"https:\/\/www.norgeat.fr\/#\/schema\/logo\/image\/\"}}]}<\/script>\n<!-- \/ Yoast SEO plugin. -->","yoast_head_json":{"title":"Portraits d'Anciens - Norgeat","robots":{"index":"index","follow":"follow","max-snippet":"max-snippet:-1","max-image-preview":"max-image-preview:large","max-video-preview":"max-video-preview:-1"},"canonical":"https:\/\/www.norgeat.fr\/index.php\/divers-sujets-sur-norgeat\/portraits-danciens\/","og_locale":"fr_FR","og_type":"article","og_title":"Portraits d'Anciens - Norgeat","og_description":"Portraits d&rsquo;Anciens Liliane BERRA, n\u00e9e PROSPER en 1945, est plus connue \u00e0 Miglos sous le nom de Lili de Pavillon (de \u00ab\u00a0Pabilhoun \u00ab\u00a0, comme on disait jusqu\u2019au milieu du XXe ...","og_url":"https:\/\/www.norgeat.fr\/index.php\/divers-sujets-sur-norgeat\/portraits-danciens\/","og_site_name":"Norgeat","article_modified_time":"2024-12-08T20:21:01+00:00","og_image":[{"width":1000,"height":522,"url":"https:\/\/www.norgeat.fr\/wp-content\/uploads\/2024\/12\/avant-reseau-ancien-1.jpg","type":"image\/jpeg"}],"twitter_card":"summary_large_image","twitter_misc":{"Dur\u00e9e de lecture estim\u00e9e":"6 minutes"},"schema":{"@context":"https:\/\/schema.org","@graph":[{"@type":"WebPage","@id":"https:\/\/www.norgeat.fr\/index.php\/divers-sujets-sur-norgeat\/portraits-danciens\/","url":"https:\/\/www.norgeat.fr\/index.php\/divers-sujets-sur-norgeat\/portraits-danciens\/","name":"Portraits d'Anciens - Norgeat","isPartOf":{"@id":"https:\/\/www.norgeat.fr\/#website"},"primaryImageOfPage":{"@id":"https:\/\/www.norgeat.fr\/index.php\/divers-sujets-sur-norgeat\/portraits-danciens\/#primaryimage"},"image":{"@id":"https:\/\/www.norgeat.fr\/index.php\/divers-sujets-sur-norgeat\/portraits-danciens\/#primaryimage"},"thumbnailUrl":"https:\/\/www.norgeat.fr\/wp-content\/uploads\/2024\/12\/avant-reseau-ancien-1.jpg","datePublished":"2024-12-06T22:08:47+00:00","dateModified":"2024-12-08T20:21:01+00:00","breadcrumb":{"@id":"https:\/\/www.norgeat.fr\/index.php\/divers-sujets-sur-norgeat\/portraits-danciens\/#breadcrumb"},"inLanguage":"fr-FR","potentialAction":[{"@type":"ReadAction","target":["https:\/\/www.norgeat.fr\/index.php\/divers-sujets-sur-norgeat\/portraits-danciens\/"]}]},{"@type":"ImageObject","inLanguage":"fr-FR","@id":"https:\/\/www.norgeat.fr\/index.php\/divers-sujets-sur-norgeat\/portraits-danciens\/#primaryimage","url":"https:\/\/www.norgeat.fr\/wp-content\/uploads\/2024\/12\/avant-reseau-ancien-1.jpg","contentUrl":"https:\/\/www.norgeat.fr\/wp-content\/uploads\/2024\/12\/avant-reseau-ancien-1.jpg","width":1000,"height":522},{"@type":"BreadcrumbList","@id":"https:\/\/www.norgeat.fr\/index.php\/divers-sujets-sur-norgeat\/portraits-danciens\/#breadcrumb","itemListElement":[{"@type":"ListItem","position":1,"name":"Accueil","item":"https:\/\/www.norgeat.fr\/"},{"@type":"ListItem","position":2,"name":"Divers","item":"https:\/\/www.norgeat.fr\/index.php\/divers-sujets-sur-norgeat\/"},{"@type":"ListItem","position":3,"name":"Portraits d&rsquo;Anciens"}]},{"@type":"WebSite","@id":"https:\/\/www.norgeat.fr\/#website","url":"https:\/\/www.norgeat.fr\/","name":"Norgeat","description":"Norgeat, d&#039;hier et d&#039;aujourd&#039;hui...","publisher":{"@id":"https:\/\/www.norgeat.fr\/#organization"},"potentialAction":[{"@type":"SearchAction","target":{"@type":"EntryPoint","urlTemplate":"https:\/\/www.norgeat.fr\/?s={search_term_string}"},"query-input":{"@type":"PropertyValueSpecification","valueRequired":true,"valueName":"search_term_string"}}],"inLanguage":"fr-FR"},{"@type":"Organization","@id":"https:\/\/www.norgeat.fr\/#organization","name":"Le village de Norgeat en Ari\u00e8ge","url":"https:\/\/www.norgeat.fr\/","logo":{"@type":"ImageObject","inLanguage":"fr-FR","@id":"https:\/\/www.norgeat.fr\/#\/schema\/logo\/image\/","url":"https:\/\/www.norgeat.fr\/wp-content\/uploads\/2024\/12\/logo-norgeat-v.png","contentUrl":"https:\/\/www.norgeat.fr\/wp-content\/uploads\/2024\/12\/logo-norgeat-v.png","width":4306,"height":1521,"caption":"Le village de Norgeat en Ari\u00e8ge"},"image":{"@id":"https:\/\/www.norgeat.fr\/#\/schema\/logo\/image\/"}}]}},"rttpg_featured_image_url":{"full":["https:\/\/www.norgeat.fr\/wp-content\/uploads\/2024\/12\/avant-reseau-ancien-1.jpg",1000,522,false],"landscape":["https:\/\/www.norgeat.fr\/wp-content\/uploads\/2024\/12\/avant-reseau-ancien-1.jpg",1000,522,false],"portraits":["https:\/\/www.norgeat.fr\/wp-content\/uploads\/2024\/12\/avant-reseau-ancien-1.jpg",1000,522,false],"thumbnail":["https:\/\/www.norgeat.fr\/wp-content\/uploads\/2024\/12\/avant-reseau-ancien-1-150x150.jpg",150,150,true],"medium":["https:\/\/www.norgeat.fr\/wp-content\/uploads\/2024\/12\/avant-reseau-ancien-1-300x157.jpg",300,157,true],"large":["https:\/\/www.norgeat.fr\/wp-content\/uploads\/2024\/12\/avant-reseau-ancien-1.jpg",800,418,false],"1536x1536":["https:\/\/www.norgeat.fr\/wp-content\/uploads\/2024\/12\/avant-reseau-ancien-1.jpg",1000,522,false],"2048x2048":["https:\/\/www.norgeat.fr\/wp-content\/uploads\/2024\/12\/avant-reseau-ancien-1.jpg",1000,522,false],"onepress-blog-small":["https:\/\/www.norgeat.fr\/wp-content\/uploads\/2024\/12\/avant-reseau-ancien-1-300x150.jpg",300,150,true],"onepress-small":["https:\/\/www.norgeat.fr\/wp-content\/uploads\/2024\/12\/avant-reseau-ancien-1-480x300.jpg",480,300,true],"onepress-medium":["https:\/\/www.norgeat.fr\/wp-content\/uploads\/2024\/12\/avant-reseau-ancien-1-640x400.jpg",640,400,true]},"rttpg_author":{"display_name":"norgeat","author_link":"https:\/\/www.norgeat.fr\/index.php\/author\/norgeat\/"},"rttpg_comment":0,"rttpg_category":null,"rttpg_excerpt":"Portraits d&rsquo;Anciens Liliane BERRA, n\u00e9e PROSPER en 1945, est plus connue \u00e0 Miglos sous le nom de Lili de Pavillon (de \u00ab\u00a0Pabilhoun \u00ab\u00a0, comme on disait jusqu\u2019au milieu du XXe ...","_links":{"self":[{"href":"https:\/\/www.norgeat.fr\/index.php\/wp-json\/wp\/v2\/pages\/708","targetHints":{"allow":["GET"]}}],"collection":[{"href":"https:\/\/www.norgeat.fr\/index.php\/wp-json\/wp\/v2\/pages"}],"about":[{"href":"https:\/\/www.norgeat.fr\/index.php\/wp-json\/wp\/v2\/types\/page"}],"author":[{"embeddable":true,"href":"https:\/\/www.norgeat.fr\/index.php\/wp-json\/wp\/v2\/users\/2"}],"replies":[{"embeddable":true,"href":"https:\/\/www.norgeat.fr\/index.php\/wp-json\/wp\/v2\/comments?post=708"}],"version-history":[{"count":12,"href":"https:\/\/www.norgeat.fr\/index.php\/wp-json\/wp\/v2\/pages\/708\/revisions"}],"predecessor-version":[{"id":749,"href":"https:\/\/www.norgeat.fr\/index.php\/wp-json\/wp\/v2\/pages\/708\/revisions\/749"}],"up":[{"embeddable":true,"href":"https:\/\/www.norgeat.fr\/index.php\/wp-json\/wp\/v2\/pages\/410"}],"wp:featuredmedia":[{"embeddable":true,"href":"https:\/\/www.norgeat.fr\/index.php\/wp-json\/wp\/v2\/media\/729"}],"wp:attachment":[{"href":"https:\/\/www.norgeat.fr\/index.php\/wp-json\/wp\/v2\/media?parent=708"}],"curies":[{"name":"wp","href":"https:\/\/api.w.org\/{rel}","templated":true}]}}