{"id":751,"date":"2024-12-06T23:51:03","date_gmt":"2024-12-06T22:51:03","guid":{"rendered":"http:\/\/www.norgeat.fr\/?page_id=751"},"modified":"2024-12-11T11:51:32","modified_gmt":"2024-12-11T10:51:32","slug":"adieu-christian","status":"publish","type":"page","link":"https:\/\/www.norgeat.fr\/index.php\/divers-sujets-sur-norgeat\/adieu-christian\/","title":{"rendered":"Adieu Christian"},"content":{"rendered":"\n<h2 class=\"wp-block-heading\">Adieu Christian<\/h2>\n\n\n\n<p>Christian<br>Je veux te dire, moi aussi, que je suis particuli\u00e8rement pein\u00e9 par ton d\u00e9part, survenu bien trop t\u00f4t, h\u00e9las !\u2026<\/p>\n\n\n\n<div class=\"wp-block-media-text alignwide is-stacked-on-mobile is-vertically-aligned-center\" style=\"grid-template-columns:15% auto\"><figure class=\"wp-block-media-text__media\"><a href=\"https:\/\/www.norgeat.fr\/wp-content\/uploads\/2024\/12\/christian1.jpg\" data-rel=\"lightbox-gallery-g1mEPw4u\" data-rl_title=\"Christian Pujol\" data-rl_caption=\"Christian Pujol\" title=\"Christian Pujol\"><img loading=\"lazy\" decoding=\"async\" width=\"307\" height=\"421\" src=\"https:\/\/www.norgeat.fr\/wp-content\/uploads\/2024\/12\/christian1.jpg\" alt=\"\" class=\"wp-image-757 size-full\"\/><\/a><\/figure><div class=\"wp-block-media-text__content\">\n<p>Tu me laisses donc seul, et quelque peu d\u00e9sempar\u00e9, pour continuer \u00e0 retracer, sur le site <a href=\"https:\/\/www.norgeat.fr\/\">www.norgeat.fr<\/a>, l\u2019Histoire du village de Norgeat, o\u00f9 nous nous retrouvions avec joie, pendant les vacances, chez notre grand-m\u00e8re Madeleine.<\/p>\n<\/div><\/div>\n\n\n\n<p>M\u00e9m\u00e9 \u00e9tait intarissable lorsqu\u2019elle \u00e9voquait la vie rude des gens \u00e0 Miglos dans \u00ab\u00a0<em>l\u2019Ancien Temps<\/em>\u00ab\u00a0. Nous avons su tirer profit, un maximum je pense, d\u2019une telle mine de renseignements, qui nous ont permis, bien plus tard, d\u2019alimenter notre site.<br>C\u2019\u00e9tait g\u00e9n\u00e9ralement le soir, \u00e0 la veill\u00e9e au coin du feu, qu\u2019elle nous livrait ses anecdotes, moiti\u00e9 en patois, moiti\u00e9 en fran\u00e7ais\u2026<br>Elle ne se faisait pas prier pour assouvir notre curiosit\u00e9 d\u2019adolescents, en r\u00e9pondant aux nombreuses questions qu\u2019on lui posait. Et si elle s\u2019interrompait, de temps \u00e0 autre, c\u2019\u00e9tait seulement pour te demander de ne pas \u00ab\u00a0<em>fousiguer<\/em> \u00a0\u00bb le feu avec les pincettes, ton passe-temps favori au coin de l\u2019\u00e2tre.<\/p>\n\n\n\n<p>Je me suis laiss\u00e9 dire que l\u00e0 o\u00f9 tu es maintenant il y a beaucoup de monde et bien s\u00fbr les Miglosiens qui t\u2019y ont pr\u00e9c\u00e9d\u00e9.<br>Tu vas donc retrouver tous les Norgeatois que tu as eu le m\u00e9rite de faire revivre dans les pages du site Norgeat.<br>Ils vont vouloir te remercier mais aussi, \u00e0 n\u2019en pas douter, te demander d\u2019\u00e9tablir leur g\u00e9n\u00e9alogie.<br>L\u00e0, aucun probl\u00e8me pour toi, le passionn\u00e9 et sp\u00e9cialiste incontest\u00e9, tu excelles.<br>Ainsi, tu n\u2019auras m\u00eame pas le temps de t\u2019ennuyer.<\/p>\n\n\n\n<p>Mais ici, tu vas beaucoup me manquer et \u00ab\u00a0<em>on ne fera plus de Migloseries ensemble<\/em>\u00ab\u00a0.<br>Pourtant, il reste encore bon nombre d\u2019autres pages de \u00ab\u00a0<em>souvenirs d\u2019antan<\/em>\u00a0\u00bb \u00e0 ouvrir sur le Site Norgeat. Je te promets que je vais m\u2019y atteler\u2026 en pensant bien \u00e0 toi.<\/p>\n\n\n\n<p>Merci Cousin\u2026<br>Adieu Christian\u2026<br>G.L.<br>25 Septembre 2017<\/p>\n","protected":false},"excerpt":{"rendered":"<p>Adieu Christian ChristianJe veux te dire, moi aussi, que je suis particuli\u00e8rement pein\u00e9 par ton d\u00e9part, survenu bien trop t\u00f4t, h\u00e9las !\u2026 Tu me laisses donc seul, et quelque peu &#8230;<\/p>\n","protected":false},"author":2,"featured_media":758,"parent":410,"menu_order":10,"comment_status":"closed","ping_status":"closed","template":"","meta":{"footnotes":""},"class_list":["post-751","page","type-page","status-publish","has-post-thumbnail","hentry"],"yoast_head":"<!-- This site is optimized with the Yoast SEO plugin v24.0 - https:\/\/yoast.com\/wordpress\/plugins\/seo\/ -->\n<title>Adieu Christian - Norgeat<\/title>\n<meta name=\"robots\" content=\"index, follow, max-snippet:-1, max-image-preview:large, max-video-preview:-1\" \/>\n<link rel=\"canonical\" href=\"https:\/\/www.norgeat.fr\/index.php\/divers-sujets-sur-norgeat\/adieu-christian\/\" \/>\n<meta property=\"og:locale\" content=\"fr_FR\" \/>\n<meta property=\"og:type\" content=\"article\" \/>\n<meta property=\"og:title\" content=\"Adieu Christian - Norgeat\" \/>\n<meta property=\"og:description\" content=\"Adieu Christian ChristianJe veux te dire, moi aussi, que je suis particuli\u00e8rement pein\u00e9 par ton d\u00e9part, survenu bien trop t\u00f4t, h\u00e9las !\u2026 Tu me laisses donc seul, et quelque peu ...\" \/>\n<meta property=\"og:url\" content=\"https:\/\/www.norgeat.fr\/index.php\/divers-sujets-sur-norgeat\/adieu-christian\/\" \/>\n<meta property=\"og:site_name\" content=\"Norgeat\" \/>\n<meta property=\"article:modified_time\" content=\"2024-12-11T10:51:32+00:00\" \/>\n<meta property=\"og:image\" content=\"https:\/\/www.norgeat.fr\/wp-content\/uploads\/2024\/12\/avant-reseau-christian.jpg\" \/>\n\t<meta property=\"og:image:width\" content=\"1000\" \/>\n\t<meta property=\"og:image:height\" content=\"522\" \/>\n\t<meta property=\"og:image:type\" content=\"image\/jpeg\" \/>\n<meta name=\"twitter:card\" content=\"summary_large_image\" \/>\n<meta name=\"twitter:label1\" content=\"Dur\u00e9e de lecture estim\u00e9e\" \/>\n\t<meta name=\"twitter:data1\" content=\"2 minutes\" \/>\n<script type=\"application\/ld+json\" class=\"yoast-schema-graph\">{\"@context\":\"https:\/\/schema.org\",\"@graph\":[{\"@type\":\"WebPage\",\"@id\":\"https:\/\/www.norgeat.fr\/index.php\/divers-sujets-sur-norgeat\/adieu-christian\/\",\"url\":\"https:\/\/www.norgeat.fr\/index.php\/divers-sujets-sur-norgeat\/adieu-christian\/\",\"name\":\"Adieu Christian - Norgeat\",\"isPartOf\":{\"@id\":\"https:\/\/www.norgeat.fr\/#website\"},\"primaryImageOfPage\":{\"@id\":\"https:\/\/www.norgeat.fr\/index.php\/divers-sujets-sur-norgeat\/adieu-christian\/#primaryimage\"},\"image\":{\"@id\":\"https:\/\/www.norgeat.fr\/index.php\/divers-sujets-sur-norgeat\/adieu-christian\/#primaryimage\"},\"thumbnailUrl\":\"https:\/\/www.norgeat.fr\/wp-content\/uploads\/2024\/12\/avant-reseau-christian.jpg\",\"datePublished\":\"2024-12-06T22:51:03+00:00\",\"dateModified\":\"2024-12-11T10:51:32+00:00\",\"breadcrumb\":{\"@id\":\"https:\/\/www.norgeat.fr\/index.php\/divers-sujets-sur-norgeat\/adieu-christian\/#breadcrumb\"},\"inLanguage\":\"fr-FR\",\"potentialAction\":[{\"@type\":\"ReadAction\",\"target\":[\"https:\/\/www.norgeat.fr\/index.php\/divers-sujets-sur-norgeat\/adieu-christian\/\"]}]},{\"@type\":\"ImageObject\",\"inLanguage\":\"fr-FR\",\"@id\":\"https:\/\/www.norgeat.fr\/index.php\/divers-sujets-sur-norgeat\/adieu-christian\/#primaryimage\",\"url\":\"https:\/\/www.norgeat.fr\/wp-content\/uploads\/2024\/12\/avant-reseau-christian.jpg\",\"contentUrl\":\"https:\/\/www.norgeat.fr\/wp-content\/uploads\/2024\/12\/avant-reseau-christian.jpg\",\"width\":1000,\"height\":522},{\"@type\":\"BreadcrumbList\",\"@id\":\"https:\/\/www.norgeat.fr\/index.php\/divers-sujets-sur-norgeat\/adieu-christian\/#breadcrumb\",\"itemListElement\":[{\"@type\":\"ListItem\",\"position\":1,\"name\":\"Accueil\",\"item\":\"https:\/\/www.norgeat.fr\/\"},{\"@type\":\"ListItem\",\"position\":2,\"name\":\"Divers\",\"item\":\"https:\/\/www.norgeat.fr\/index.php\/divers-sujets-sur-norgeat\/\"},{\"@type\":\"ListItem\",\"position\":3,\"name\":\"Adieu Christian\"}]},{\"@type\":\"WebSite\",\"@id\":\"https:\/\/www.norgeat.fr\/#website\",\"url\":\"https:\/\/www.norgeat.fr\/\",\"name\":\"Norgeat\",\"description\":\"Norgeat, d&#039;hier et d&#039;aujourd&#039;hui...\",\"publisher\":{\"@id\":\"https:\/\/www.norgeat.fr\/#organization\"},\"potentialAction\":[{\"@type\":\"SearchAction\",\"target\":{\"@type\":\"EntryPoint\",\"urlTemplate\":\"https:\/\/www.norgeat.fr\/?s={search_term_string}\"},\"query-input\":{\"@type\":\"PropertyValueSpecification\",\"valueRequired\":true,\"valueName\":\"search_term_string\"}}],\"inLanguage\":\"fr-FR\"},{\"@type\":\"Organization\",\"@id\":\"https:\/\/www.norgeat.fr\/#organization\",\"name\":\"Le village de Norgeat en Ari\u00e8ge\",\"url\":\"https:\/\/www.norgeat.fr\/\",\"logo\":{\"@type\":\"ImageObject\",\"inLanguage\":\"fr-FR\",\"@id\":\"https:\/\/www.norgeat.fr\/#\/schema\/logo\/image\/\",\"url\":\"https:\/\/www.norgeat.fr\/wp-content\/uploads\/2024\/12\/logo-norgeat-v.png\",\"contentUrl\":\"https:\/\/www.norgeat.fr\/wp-content\/uploads\/2024\/12\/logo-norgeat-v.png\",\"width\":4306,\"height\":1521,\"caption\":\"Le village de Norgeat en Ari\u00e8ge\"},\"image\":{\"@id\":\"https:\/\/www.norgeat.fr\/#\/schema\/logo\/image\/\"}}]}<\/script>\n<!-- \/ Yoast SEO plugin. -->","yoast_head_json":{"title":"Adieu Christian - Norgeat","robots":{"index":"index","follow":"follow","max-snippet":"max-snippet:-1","max-image-preview":"max-image-preview:large","max-video-preview":"max-video-preview:-1"},"canonical":"https:\/\/www.norgeat.fr\/index.php\/divers-sujets-sur-norgeat\/adieu-christian\/","og_locale":"fr_FR","og_type":"article","og_title":"Adieu Christian - Norgeat","og_description":"Adieu Christian ChristianJe veux te dire, moi aussi, que je suis particuli\u00e8rement pein\u00e9 par ton d\u00e9part, survenu bien trop t\u00f4t, h\u00e9las !\u2026 Tu me laisses donc seul, et quelque peu ...","og_url":"https:\/\/www.norgeat.fr\/index.php\/divers-sujets-sur-norgeat\/adieu-christian\/","og_site_name":"Norgeat","article_modified_time":"2024-12-11T10:51:32+00:00","og_image":[{"width":1000,"height":522,"url":"https:\/\/www.norgeat.fr\/wp-content\/uploads\/2024\/12\/avant-reseau-christian.jpg","type":"image\/jpeg"}],"twitter_card":"summary_large_image","twitter_misc":{"Dur\u00e9e de lecture estim\u00e9e":"2 minutes"},"schema":{"@context":"https:\/\/schema.org","@graph":[{"@type":"WebPage","@id":"https:\/\/www.norgeat.fr\/index.php\/divers-sujets-sur-norgeat\/adieu-christian\/","url":"https:\/\/www.norgeat.fr\/index.php\/divers-sujets-sur-norgeat\/adieu-christian\/","name":"Adieu Christian - Norgeat","isPartOf":{"@id":"https:\/\/www.norgeat.fr\/#website"},"primaryImageOfPage":{"@id":"https:\/\/www.norgeat.fr\/index.php\/divers-sujets-sur-norgeat\/adieu-christian\/#primaryimage"},"image":{"@id":"https:\/\/www.norgeat.fr\/index.php\/divers-sujets-sur-norgeat\/adieu-christian\/#primaryimage"},"thumbnailUrl":"https:\/\/www.norgeat.fr\/wp-content\/uploads\/2024\/12\/avant-reseau-christian.jpg","datePublished":"2024-12-06T22:51:03+00:00","dateModified":"2024-12-11T10:51:32+00:00","breadcrumb":{"@id":"https:\/\/www.norgeat.fr\/index.php\/divers-sujets-sur-norgeat\/adieu-christian\/#breadcrumb"},"inLanguage":"fr-FR","potentialAction":[{"@type":"ReadAction","target":["https:\/\/www.norgeat.fr\/index.php\/divers-sujets-sur-norgeat\/adieu-christian\/"]}]},{"@type":"ImageObject","inLanguage":"fr-FR","@id":"https:\/\/www.norgeat.fr\/index.php\/divers-sujets-sur-norgeat\/adieu-christian\/#primaryimage","url":"https:\/\/www.norgeat.fr\/wp-content\/uploads\/2024\/12\/avant-reseau-christian.jpg","contentUrl":"https:\/\/www.norgeat.fr\/wp-content\/uploads\/2024\/12\/avant-reseau-christian.jpg","width":1000,"height":522},{"@type":"BreadcrumbList","@id":"https:\/\/www.norgeat.fr\/index.php\/divers-sujets-sur-norgeat\/adieu-christian\/#breadcrumb","itemListElement":[{"@type":"ListItem","position":1,"name":"Accueil","item":"https:\/\/www.norgeat.fr\/"},{"@type":"ListItem","position":2,"name":"Divers","item":"https:\/\/www.norgeat.fr\/index.php\/divers-sujets-sur-norgeat\/"},{"@type":"ListItem","position":3,"name":"Adieu Christian"}]},{"@type":"WebSite","@id":"https:\/\/www.norgeat.fr\/#website","url":"https:\/\/www.norgeat.fr\/","name":"Norgeat","description":"Norgeat, d&#039;hier et d&#039;aujourd&#039;hui...","publisher":{"@id":"https:\/\/www.norgeat.fr\/#organization"},"potentialAction":[{"@type":"SearchAction","target":{"@type":"EntryPoint","urlTemplate":"https:\/\/www.norgeat.fr\/?s={search_term_string}"},"query-input":{"@type":"PropertyValueSpecification","valueRequired":true,"valueName":"search_term_string"}}],"inLanguage":"fr-FR"},{"@type":"Organization","@id":"https:\/\/www.norgeat.fr\/#organization","name":"Le village de Norgeat en Ari\u00e8ge","url":"https:\/\/www.norgeat.fr\/","logo":{"@type":"ImageObject","inLanguage":"fr-FR","@id":"https:\/\/www.norgeat.fr\/#\/schema\/logo\/image\/","url":"https:\/\/www.norgeat.fr\/wp-content\/uploads\/2024\/12\/logo-norgeat-v.png","contentUrl":"https:\/\/www.norgeat.fr\/wp-content\/uploads\/2024\/12\/logo-norgeat-v.png","width":4306,"height":1521,"caption":"Le village de Norgeat en Ari\u00e8ge"},"image":{"@id":"https:\/\/www.norgeat.fr\/#\/schema\/logo\/image\/"}}]}},"rttpg_featured_image_url":{"full":["https:\/\/www.norgeat.fr\/wp-content\/uploads\/2024\/12\/avant-reseau-christian.jpg",1000,522,false],"landscape":["https:\/\/www.norgeat.fr\/wp-content\/uploads\/2024\/12\/avant-reseau-christian.jpg",1000,522,false],"portraits":["https:\/\/www.norgeat.fr\/wp-content\/uploads\/2024\/12\/avant-reseau-christian.jpg",1000,522,false],"thumbnail":["https:\/\/www.norgeat.fr\/wp-content\/uploads\/2024\/12\/avant-reseau-christian-150x150.jpg",150,150,true],"medium":["https:\/\/www.norgeat.fr\/wp-content\/uploads\/2024\/12\/avant-reseau-christian-300x157.jpg",300,157,true],"large":["https:\/\/www.norgeat.fr\/wp-content\/uploads\/2024\/12\/avant-reseau-christian.jpg",800,418,false],"1536x1536":["https:\/\/www.norgeat.fr\/wp-content\/uploads\/2024\/12\/avant-reseau-christian.jpg",1000,522,false],"2048x2048":["https:\/\/www.norgeat.fr\/wp-content\/uploads\/2024\/12\/avant-reseau-christian.jpg",1000,522,false],"onepress-blog-small":["https:\/\/www.norgeat.fr\/wp-content\/uploads\/2024\/12\/avant-reseau-christian-300x150.jpg",300,150,true],"onepress-small":["https:\/\/www.norgeat.fr\/wp-content\/uploads\/2024\/12\/avant-reseau-christian-480x300.jpg",480,300,true],"onepress-medium":["https:\/\/www.norgeat.fr\/wp-content\/uploads\/2024\/12\/avant-reseau-christian-640x400.jpg",640,400,true]},"rttpg_author":{"display_name":"norgeat","author_link":"https:\/\/www.norgeat.fr\/index.php\/author\/norgeat\/"},"rttpg_comment":0,"rttpg_category":null,"rttpg_excerpt":"Adieu Christian ChristianJe veux te dire, moi aussi, que je suis particuli\u00e8rement pein\u00e9 par ton d\u00e9part, survenu bien trop t\u00f4t, h\u00e9las !\u2026 Tu me laisses donc seul, et quelque peu ...","_links":{"self":[{"href":"https:\/\/www.norgeat.fr\/index.php\/wp-json\/wp\/v2\/pages\/751","targetHints":{"allow":["GET"]}}],"collection":[{"href":"https:\/\/www.norgeat.fr\/index.php\/wp-json\/wp\/v2\/pages"}],"about":[{"href":"https:\/\/www.norgeat.fr\/index.php\/wp-json\/wp\/v2\/types\/page"}],"author":[{"embeddable":true,"href":"https:\/\/www.norgeat.fr\/index.php\/wp-json\/wp\/v2\/users\/2"}],"replies":[{"embeddable":true,"href":"https:\/\/www.norgeat.fr\/index.php\/wp-json\/wp\/v2\/comments?post=751"}],"version-history":[{"count":7,"href":"https:\/\/www.norgeat.fr\/index.php\/wp-json\/wp\/v2\/pages\/751\/revisions"}],"predecessor-version":[{"id":1969,"href":"https:\/\/www.norgeat.fr\/index.php\/wp-json\/wp\/v2\/pages\/751\/revisions\/1969"}],"up":[{"embeddable":true,"href":"https:\/\/www.norgeat.fr\/index.php\/wp-json\/wp\/v2\/pages\/410"}],"wp:featuredmedia":[{"embeddable":true,"href":"https:\/\/www.norgeat.fr\/index.php\/wp-json\/wp\/v2\/media\/758"}],"wp:attachment":[{"href":"https:\/\/www.norgeat.fr\/index.php\/wp-json\/wp\/v2\/media?parent=751"}],"curies":[{"name":"wp","href":"https:\/\/api.w.org\/{rel}","templated":true}]}}