{"id":785,"date":"2024-12-07T00:36:44","date_gmt":"2024-12-06T23:36:44","guid":{"rendered":"http:\/\/www.norgeat.fr\/?page_id=785"},"modified":"2024-12-08T21:15:12","modified_gmt":"2024-12-08T20:15:12","slug":"ecole-norgeat-liste-des-instituteurs","status":"publish","type":"page","link":"https:\/\/www.norgeat.fr\/index.php\/ecoles-de-miglos-arquizat-norgeat-et-norrat\/ecole-norgeat-liste-des-instituteurs\/","title":{"rendered":"\u00c9cole Norgeat \u2013 Liste des instituteurs"},"content":{"rendered":"\n<h2 class=\"wp-block-heading\">\u00c9cole Norgeat \u2013 Liste des instituteurs<\/h2>\n\n\n\n<figure class=\"wp-block-table\"><table class=\"has-fixed-layout\"><tbody><tr><td><strong>Ann\u00e9e<\/strong><\/td><td><strong>Nom &#8211; Pr\u00e9nom<\/strong><\/td><td><strong>Observations<\/strong><\/td><td><strong>Maire<\/strong><\/td><\/tr><tr><td><strong>1865<\/strong><\/td><td><strong>EST\u00c8BE Jean-Pierre<\/strong><\/td><td>Ouverture \u00e9cole mixte de Norgeat<br>octobre 1865<br>PV d&rsquo;installation de l&rsquo;instituteur<br>dat\u00e9 du 17 oct. 1865<\/td><td><strong>BACOU Jacques<\/strong><\/td><\/tr><tr><td><strong>1869<\/strong><\/td><td><strong>RIVES Pierre<\/strong><\/td><td>&nbsp;<\/td><td><strong>BACOU Jacques<\/strong><\/td><\/tr><tr><td><strong>1870<\/strong><\/td><td><strong>ROUSSEL&nbsp; (Monsieur)<br><\/strong><\/td><td>A assur\u00e9 la rentr\u00e9e d&rsquo;octobre 1870<\/td><td><strong>GARDES Jean<\/strong><\/td><\/tr><tr><td><strong>1870<\/strong><\/td><td><strong>TIGNOL Baptiste<\/strong><\/td><td>Son \u00e9pouse Jos\u00e9phine<br>donnera naissance<br>\u00e0 une fille, Baptistine, le 1er mai 1876<\/td><td><strong>GARDES Jean<\/strong><\/td><\/tr><tr><td><strong>1871<\/strong><\/td><td><strong>PIQUEMAL Louis<\/strong><\/td><td>Effectue un remplacement de 3 semaines \u00e0 compter du 18 F\u00e9vrier 1871<\/td><td><strong>GARDES Jean<\/strong><\/td><\/tr><tr><td><strong>1877<\/strong><\/td><td><strong>CASS\u00c9 Michel<br><\/strong><\/td><td>Arriv\u00e9 le 31 janvier 1877<\/td><td><strong>BACOU Jean-Marie<\/strong><\/td><\/tr><tr><td><strong>1877<\/strong><\/td><td><strong>ARABEYRE Joseph<\/strong><\/td><td>A assur\u00e9 un remplacement de 3 mois \u00e0 compter du 1er octobre 1877<strong><br><\/strong><\/td><td><strong>BACOU Jean-Marie<\/strong><\/td><\/tr><tr><td><strong>1878<\/strong><\/td><td><strong>MOT Albert<\/strong><\/td><td>&nbsp;<\/td><td><strong>BACOU Jean-Marie<\/strong><\/td><\/tr><tr><td><strong>1878<\/strong><\/td><td><strong>LAURENS Louis<\/strong><\/td><td>&nbsp;<\/td><td><strong>BACOU Jean-Marie<\/strong><\/td><\/tr><tr><td><strong>1880<\/strong><\/td><td><strong>FAUR\u00c9 Ambroise Victorin<br>FAUR\u00c9 Jos\u00e9phine<\/strong> (n\u00e9e Izaure)<\/td><td>Cr\u00e9ation d&rsquo;un poste double<br>suite \u00e0 l&rsquo;ouverture<br>d&rsquo;une \u00e9cole de filles<br>le 1er octobre 1880<strong><br><\/strong><\/td><td><strong>BACOU Jean-Marie<\/strong><\/td><\/tr><tr><td><strong>1882<\/strong><\/td><td><strong>DURAN Bruno<br>DURAN Mari\u00e9-F\u00e9licie<\/strong><\/td><td>Affect\u00e9s \u00e0 l&rsquo;\u00e9cole de<br>Miglos-Arquizat en janvier 1886<\/td><td><strong>PUJOL Joseph<\/strong><\/td><\/tr><tr><td><strong>1886<\/strong><\/td><td><strong>TRUEL Louis Casimir<br>TRUEL Rachel <\/strong>(n\u00e9e Denjean)<strong><br><\/strong><\/td><td>Le couple Truel a enseign\u00e9<br>\u00e0 Norgeat pendant 25 ans<\/td><td><strong>BACOU Jean-Marie<\/strong><\/td><\/tr><tr><td><strong>1911<\/strong><\/td><td><strong>GALY Paul Alexis<br>GALY Marceline <\/strong>(n\u00e9e Izaure)<\/td><td>&nbsp;<\/td><td><strong>MONTAUD Constantin<br>Joseph Marie<\/strong><\/td><\/tr><tr><td><strong>1925<\/strong><\/td><td><strong>DENJEAN Fran\u00e7ois<\/strong><\/td><td>Suppression du poste<br>double \u00e0 Norgeat<br>le 1er octobre 1925<\/td><td><strong>GOUZY Jean<br>dit Le Comte<\/strong><\/td><\/tr><tr><td><strong>1931<\/strong><\/td><td><strong>GABARRE Casimir<\/strong><\/td><td>Etait n\u00e9 \u00e0 Norgeat<\/td><td><strong>PUJOL Honor\u00e9<\/strong><\/td><\/tr><tr><td><strong>1932<\/strong><\/td><td><strong>GLEYZE Fernande<br><\/strong><\/td><td>\u00c9pousera un Norgeatois : MARFAING Bernard, Fran\u00e7ois, en 1934.<\/td><td><strong>PUJOL Honor\u00e9<\/strong><\/td><\/tr><tr><td><strong>1934<\/strong><\/td><td><strong>VINCENT Andr\u00e9e<\/strong><\/td><td>&nbsp;<\/td><td><strong>PUJOL Honor\u00e9<\/strong><\/td><\/tr><tr><td><strong>1937<\/strong><\/td><td><strong>NAYROU Jean<\/strong><\/td><td>Futur S\u00e9nateur de l&rsquo;Ari\u00e8ge<\/td><td><strong>FAUR\u00c9 Joseph<\/strong><\/td><\/tr><tr><td><strong>1940<\/strong><\/td><td><strong>MUR Manuel<\/strong><\/td><td>&nbsp;<\/td><td><strong>FAUR\u00c9 Joseph<\/strong><\/td><\/tr><tr><td><br><strong>1942<\/strong><br>&nbsp;<\/td><td><strong>CRASTRE Adrienne<br><\/strong>(n\u00e9e Marrot)<strong><br><\/strong><\/td><td>D\u00e9tach\u00e9e \u00e0 Norgeat d&rsquo;octobre 1942 \u00e0 septembre 1945<strong><br><\/strong><\/td><td><strong>FAUR\u00c9 Joseph<\/strong><\/td><\/tr><tr><td><br><strong>1945<\/strong><br>&nbsp;<\/td><td><strong>SIBRAN Anne-Marie<\/strong><strong><br><\/strong><\/td><td>Suppl\u00e9ance d&rsquo;un mois<br>du 28 mai au 23 juin 1945<br>Premier poste en tant que suppl\u00e9ante<br>(\u00e0 l&rsquo;\u00e2ge de 19ans)<\/td><td><strong>ROUZAUD Henri<\/strong><\/td><\/tr><tr><td><br><strong>1945<\/strong><br>&nbsp;<\/td><td><strong>ROUMIEU Yvonne<br><\/strong>(n\u00e9e Toureng)<strong><br><\/strong><\/td><td>En poste \u00e0 Norgeat \u00e0 partir du 1er octobre 1945 et jusqu&rsquo;\u00e0 la 1\u00e8re fermeture de cette \u00e9cole,<br>fin juin 195<strong>0<\/strong><\/td><td><strong>ROUZAUD Henri<\/strong><\/td><\/tr><tr><td><strong>1946<\/strong><\/td><td><strong>BERGEAUT Armande<br><\/strong><\/td><td>Suppl\u00e9ance du 29 avril au 10 juillet<strong><br><\/strong><\/td><td><strong>ROUZAUD Henri<br><\/strong><\/td><\/tr><tr><td><strong>1955<\/strong><\/td><td><strong>ARQUIER Pierre<\/strong><\/td><td>R\u00e9ouverture \u00c9cole Norgeat<br>septembre 1955<\/td><td><strong>ROUZAUD Henri<\/strong><\/td><\/tr><tr><td><strong>1957<\/strong><\/td><td><strong>CHEIL Z\u00e9nobie<\/strong><\/td><td>2e Fermeture \u00c9cole Norgeat<br>juillet 1959<\/td><td><strong>ROUZAUD Henri<\/strong><\/td><\/tr><tr><td><strong>1959<\/strong><\/td><td><strong>MONIER Henriette<br><\/strong>(n\u00e9e Blazy)<strong><br><br><\/strong><\/td><td>Les enfants de Norgeat vont<br>\u00e0 l\u2019\u00c9cole Communale de<br>Miglos-Arquizat,<br>\u00e0 partir de la rentr\u00e9e de sept. 1959<\/td><td><strong>ROUZAUD Henri<\/strong><\/td><\/tr><tr><td><strong>1964<\/strong><\/td><td><strong>MONIER Henriette<br><\/strong> (remari\u00e9e Bernadac) <strong><br><\/strong><\/td><td>Prend la retraite l\u2019\u00e9t\u00e9 1964<\/td><td><strong>BOISSET Hubert<br><\/strong><\/td><\/tr><tr><td><strong>1964\/1970<\/strong><\/td><td colspan=\"2\"><strong>Vont se succ\u00e9der \u00e0 l\u2019\u00c9cole Communale de Miglos-Arquizat&nbsp;:&nbsp;<br>LAFFITTE Alice, BERNARD Odette,<br>SALOMON Jean-Louis, CLAUSTRES Rose-Marie,<br>CIVERA Estrella, MORANDEIRA Anne-Marie,<br>ROM\u00c9RO Michelle, CARNEIRO Esther<\/strong><\/td><td><strong>&#8230;.<\/strong><\/td><\/tr><tr><td><strong>1971<\/strong><\/td><td><strong>CARNEIRO Esther<br><\/strong>(n\u00e9e Blasco)<\/td><td>Fermeture d\u00e9finitive de l\u2019\u00c9cole<br>Communale de Miglos-Arquizat<br>fin juin 1971<\/td><td><strong>FAUR\u00c9 Jean<\/strong><\/td><\/tr><tr><td><strong>1977<\/strong><\/td><td><strong>AYNI\u00c9 Genevi\u00e8ve<br><\/strong> (n\u00e9e Clastres)<\/td><td>R\u00e9ouverture de l\u2019\u00c9cole de Norgeat<br>septembre 1977<\/td><td><strong>DARAUX \u00c9mile<\/strong><\/td><\/tr><tr><td><strong>1980<\/strong><\/td><td><strong>COMBES Jean-Marie<br><\/strong><\/td><td>&nbsp;<\/td><td><strong>DARAUX \u00c9mile<\/strong><\/td><\/tr><tr><td><strong>1981<\/strong><\/td><td rowspan=\"2\"><strong>CHAUBON Monique<\/strong><\/td><td>Arriv\u00e9e le 21 septembre 1981<\/td><td><strong>DARAUX \u00c9mile<\/strong><\/td><\/tr><tr><td><strong>1983<\/strong><\/td><td>Fermeture d\u00e9finitive de l\u2019\u00e9cole<br>de Norgeat juillet 1983<\/td><td><strong>BALAN\u00c7A Raymond<\/strong><\/td><\/tr><\/tbody><\/table><\/figure>\n","protected":false},"excerpt":{"rendered":"<p>\u00c9cole Norgeat \u2013 Liste des instituteurs Ann\u00e9e Nom &#8211; Pr\u00e9nom Observations Maire 1865 EST\u00c8BE Jean-Pierre Ouverture \u00e9cole mixte de Norgeatoctobre 1865PV d&rsquo;installation de l&rsquo;instituteurdat\u00e9 du 17 oct. 1865 BACOU Jacques &#8230;<\/p>\n","protected":false},"author":2,"featured_media":787,"parent":273,"menu_order":9,"comment_status":"closed","ping_status":"closed","template":"","meta":{"footnotes":""},"class_list":["post-785","page","type-page","status-publish","has-post-thumbnail","hentry"],"yoast_head":"<!-- This site is optimized with the Yoast SEO plugin v24.0 - https:\/\/yoast.com\/wordpress\/plugins\/seo\/ -->\n<title>\u00c9cole Norgeat \u2013 Liste des instituteurs - Norgeat<\/title>\n<meta name=\"robots\" content=\"index, follow, max-snippet:-1, max-image-preview:large, max-video-preview:-1\" \/>\n<link rel=\"canonical\" href=\"https:\/\/www.norgeat.fr\/index.php\/ecoles-de-miglos-arquizat-norgeat-et-norrat\/ecole-norgeat-liste-des-instituteurs\/\" \/>\n<meta property=\"og:locale\" content=\"fr_FR\" \/>\n<meta property=\"og:type\" content=\"article\" \/>\n<meta property=\"og:title\" content=\"\u00c9cole Norgeat \u2013 Liste des instituteurs - Norgeat\" \/>\n<meta property=\"og:description\" content=\"\u00c9cole Norgeat \u2013 Liste des instituteurs Ann\u00e9e Nom &#8211; Pr\u00e9nom Observations Maire 1865 EST\u00c8BE Jean-Pierre Ouverture \u00e9cole mixte de Norgeatoctobre 1865PV d&rsquo;installation de l&rsquo;instituteurdat\u00e9 du 17 oct. 1865 BACOU Jacques ...\" \/>\n<meta property=\"og:url\" content=\"https:\/\/www.norgeat.fr\/index.php\/ecoles-de-miglos-arquizat-norgeat-et-norrat\/ecole-norgeat-liste-des-instituteurs\/\" \/>\n<meta property=\"og:site_name\" content=\"Norgeat\" \/>\n<meta property=\"article:modified_time\" content=\"2024-12-08T20:15:12+00:00\" \/>\n<meta property=\"og:image\" content=\"https:\/\/www.norgeat.fr\/wp-content\/uploads\/2024\/12\/avant-reseau-liste-instit-norgeat.jpg\" \/>\n\t<meta property=\"og:image:width\" content=\"1000\" \/>\n\t<meta property=\"og:image:height\" content=\"522\" \/>\n\t<meta property=\"og:image:type\" content=\"image\/jpeg\" \/>\n<meta name=\"twitter:card\" content=\"summary_large_image\" \/>\n<meta name=\"twitter:label1\" content=\"Dur\u00e9e de lecture estim\u00e9e\" \/>\n\t<meta name=\"twitter:data1\" content=\"3 minutes\" \/>\n<script type=\"application\/ld+json\" class=\"yoast-schema-graph\">{\"@context\":\"https:\/\/schema.org\",\"@graph\":[{\"@type\":\"WebPage\",\"@id\":\"https:\/\/www.norgeat.fr\/index.php\/ecoles-de-miglos-arquizat-norgeat-et-norrat\/ecole-norgeat-liste-des-instituteurs\/\",\"url\":\"https:\/\/www.norgeat.fr\/index.php\/ecoles-de-miglos-arquizat-norgeat-et-norrat\/ecole-norgeat-liste-des-instituteurs\/\",\"name\":\"\u00c9cole Norgeat \u2013 Liste des instituteurs - Norgeat\",\"isPartOf\":{\"@id\":\"https:\/\/www.norgeat.fr\/#website\"},\"primaryImageOfPage\":{\"@id\":\"https:\/\/www.norgeat.fr\/index.php\/ecoles-de-miglos-arquizat-norgeat-et-norrat\/ecole-norgeat-liste-des-instituteurs\/#primaryimage\"},\"image\":{\"@id\":\"https:\/\/www.norgeat.fr\/index.php\/ecoles-de-miglos-arquizat-norgeat-et-norrat\/ecole-norgeat-liste-des-instituteurs\/#primaryimage\"},\"thumbnailUrl\":\"https:\/\/www.norgeat.fr\/wp-content\/uploads\/2024\/12\/avant-reseau-liste-instit-norgeat.jpg\",\"datePublished\":\"2024-12-06T23:36:44+00:00\",\"dateModified\":\"2024-12-08T20:15:12+00:00\",\"breadcrumb\":{\"@id\":\"https:\/\/www.norgeat.fr\/index.php\/ecoles-de-miglos-arquizat-norgeat-et-norrat\/ecole-norgeat-liste-des-instituteurs\/#breadcrumb\"},\"inLanguage\":\"fr-FR\",\"potentialAction\":[{\"@type\":\"ReadAction\",\"target\":[\"https:\/\/www.norgeat.fr\/index.php\/ecoles-de-miglos-arquizat-norgeat-et-norrat\/ecole-norgeat-liste-des-instituteurs\/\"]}]},{\"@type\":\"ImageObject\",\"inLanguage\":\"fr-FR\",\"@id\":\"https:\/\/www.norgeat.fr\/index.php\/ecoles-de-miglos-arquizat-norgeat-et-norrat\/ecole-norgeat-liste-des-instituteurs\/#primaryimage\",\"url\":\"https:\/\/www.norgeat.fr\/wp-content\/uploads\/2024\/12\/avant-reseau-liste-instit-norgeat.jpg\",\"contentUrl\":\"https:\/\/www.norgeat.fr\/wp-content\/uploads\/2024\/12\/avant-reseau-liste-instit-norgeat.jpg\",\"width\":1000,\"height\":522},{\"@type\":\"BreadcrumbList\",\"@id\":\"https:\/\/www.norgeat.fr\/index.php\/ecoles-de-miglos-arquizat-norgeat-et-norrat\/ecole-norgeat-liste-des-instituteurs\/#breadcrumb\",\"itemListElement\":[{\"@type\":\"ListItem\",\"position\":1,\"name\":\"Accueil\",\"item\":\"https:\/\/www.norgeat.fr\/\"},{\"@type\":\"ListItem\",\"position\":2,\"name\":\"Les \u00e9coles de Miglos\",\"item\":\"https:\/\/www.norgeat.fr\/index.php\/ecoles-de-miglos-arquizat-norgeat-et-norrat\/\"},{\"@type\":\"ListItem\",\"position\":3,\"name\":\"\u00c9cole Norgeat \u2013 Liste des instituteurs\"}]},{\"@type\":\"WebSite\",\"@id\":\"https:\/\/www.norgeat.fr\/#website\",\"url\":\"https:\/\/www.norgeat.fr\/\",\"name\":\"Norgeat\",\"description\":\"Norgeat, d&#039;hier et d&#039;aujourd&#039;hui...\",\"publisher\":{\"@id\":\"https:\/\/www.norgeat.fr\/#organization\"},\"potentialAction\":[{\"@type\":\"SearchAction\",\"target\":{\"@type\":\"EntryPoint\",\"urlTemplate\":\"https:\/\/www.norgeat.fr\/?s={search_term_string}\"},\"query-input\":{\"@type\":\"PropertyValueSpecification\",\"valueRequired\":true,\"valueName\":\"search_term_string\"}}],\"inLanguage\":\"fr-FR\"},{\"@type\":\"Organization\",\"@id\":\"https:\/\/www.norgeat.fr\/#organization\",\"name\":\"Le village de Norgeat en Ari\u00e8ge\",\"url\":\"https:\/\/www.norgeat.fr\/\",\"logo\":{\"@type\":\"ImageObject\",\"inLanguage\":\"fr-FR\",\"@id\":\"https:\/\/www.norgeat.fr\/#\/schema\/logo\/image\/\",\"url\":\"https:\/\/www.norgeat.fr\/wp-content\/uploads\/2024\/12\/logo-norgeat-v.png\",\"contentUrl\":\"https:\/\/www.norgeat.fr\/wp-content\/uploads\/2024\/12\/logo-norgeat-v.png\",\"width\":4306,\"height\":1521,\"caption\":\"Le village de Norgeat en Ari\u00e8ge\"},\"image\":{\"@id\":\"https:\/\/www.norgeat.fr\/#\/schema\/logo\/image\/\"}}]}<\/script>\n<!-- \/ Yoast SEO plugin. -->","yoast_head_json":{"title":"\u00c9cole Norgeat \u2013 Liste des instituteurs - Norgeat","robots":{"index":"index","follow":"follow","max-snippet":"max-snippet:-1","max-image-preview":"max-image-preview:large","max-video-preview":"max-video-preview:-1"},"canonical":"https:\/\/www.norgeat.fr\/index.php\/ecoles-de-miglos-arquizat-norgeat-et-norrat\/ecole-norgeat-liste-des-instituteurs\/","og_locale":"fr_FR","og_type":"article","og_title":"\u00c9cole Norgeat \u2013 Liste des instituteurs - Norgeat","og_description":"\u00c9cole Norgeat \u2013 Liste des instituteurs Ann\u00e9e Nom &#8211; Pr\u00e9nom Observations Maire 1865 EST\u00c8BE Jean-Pierre Ouverture \u00e9cole mixte de Norgeatoctobre 1865PV d&rsquo;installation de l&rsquo;instituteurdat\u00e9 du 17 oct. 1865 BACOU Jacques ...","og_url":"https:\/\/www.norgeat.fr\/index.php\/ecoles-de-miglos-arquizat-norgeat-et-norrat\/ecole-norgeat-liste-des-instituteurs\/","og_site_name":"Norgeat","article_modified_time":"2024-12-08T20:15:12+00:00","og_image":[{"width":1000,"height":522,"url":"https:\/\/www.norgeat.fr\/wp-content\/uploads\/2024\/12\/avant-reseau-liste-instit-norgeat.jpg","type":"image\/jpeg"}],"twitter_card":"summary_large_image","twitter_misc":{"Dur\u00e9e de lecture estim\u00e9e":"3 minutes"},"schema":{"@context":"https:\/\/schema.org","@graph":[{"@type":"WebPage","@id":"https:\/\/www.norgeat.fr\/index.php\/ecoles-de-miglos-arquizat-norgeat-et-norrat\/ecole-norgeat-liste-des-instituteurs\/","url":"https:\/\/www.norgeat.fr\/index.php\/ecoles-de-miglos-arquizat-norgeat-et-norrat\/ecole-norgeat-liste-des-instituteurs\/","name":"\u00c9cole Norgeat \u2013 Liste des instituteurs - Norgeat","isPartOf":{"@id":"https:\/\/www.norgeat.fr\/#website"},"primaryImageOfPage":{"@id":"https:\/\/www.norgeat.fr\/index.php\/ecoles-de-miglos-arquizat-norgeat-et-norrat\/ecole-norgeat-liste-des-instituteurs\/#primaryimage"},"image":{"@id":"https:\/\/www.norgeat.fr\/index.php\/ecoles-de-miglos-arquizat-norgeat-et-norrat\/ecole-norgeat-liste-des-instituteurs\/#primaryimage"},"thumbnailUrl":"https:\/\/www.norgeat.fr\/wp-content\/uploads\/2024\/12\/avant-reseau-liste-instit-norgeat.jpg","datePublished":"2024-12-06T23:36:44+00:00","dateModified":"2024-12-08T20:15:12+00:00","breadcrumb":{"@id":"https:\/\/www.norgeat.fr\/index.php\/ecoles-de-miglos-arquizat-norgeat-et-norrat\/ecole-norgeat-liste-des-instituteurs\/#breadcrumb"},"inLanguage":"fr-FR","potentialAction":[{"@type":"ReadAction","target":["https:\/\/www.norgeat.fr\/index.php\/ecoles-de-miglos-arquizat-norgeat-et-norrat\/ecole-norgeat-liste-des-instituteurs\/"]}]},{"@type":"ImageObject","inLanguage":"fr-FR","@id":"https:\/\/www.norgeat.fr\/index.php\/ecoles-de-miglos-arquizat-norgeat-et-norrat\/ecole-norgeat-liste-des-instituteurs\/#primaryimage","url":"https:\/\/www.norgeat.fr\/wp-content\/uploads\/2024\/12\/avant-reseau-liste-instit-norgeat.jpg","contentUrl":"https:\/\/www.norgeat.fr\/wp-content\/uploads\/2024\/12\/avant-reseau-liste-instit-norgeat.jpg","width":1000,"height":522},{"@type":"BreadcrumbList","@id":"https:\/\/www.norgeat.fr\/index.php\/ecoles-de-miglos-arquizat-norgeat-et-norrat\/ecole-norgeat-liste-des-instituteurs\/#breadcrumb","itemListElement":[{"@type":"ListItem","position":1,"name":"Accueil","item":"https:\/\/www.norgeat.fr\/"},{"@type":"ListItem","position":2,"name":"Les \u00e9coles de Miglos","item":"https:\/\/www.norgeat.fr\/index.php\/ecoles-de-miglos-arquizat-norgeat-et-norrat\/"},{"@type":"ListItem","position":3,"name":"\u00c9cole Norgeat \u2013 Liste des instituteurs"}]},{"@type":"WebSite","@id":"https:\/\/www.norgeat.fr\/#website","url":"https:\/\/www.norgeat.fr\/","name":"Norgeat","description":"Norgeat, d&#039;hier et d&#039;aujourd&#039;hui...","publisher":{"@id":"https:\/\/www.norgeat.fr\/#organization"},"potentialAction":[{"@type":"SearchAction","target":{"@type":"EntryPoint","urlTemplate":"https:\/\/www.norgeat.fr\/?s={search_term_string}"},"query-input":{"@type":"PropertyValueSpecification","valueRequired":true,"valueName":"search_term_string"}}],"inLanguage":"fr-FR"},{"@type":"Organization","@id":"https:\/\/www.norgeat.fr\/#organization","name":"Le village de Norgeat en Ari\u00e8ge","url":"https:\/\/www.norgeat.fr\/","logo":{"@type":"ImageObject","inLanguage":"fr-FR","@id":"https:\/\/www.norgeat.fr\/#\/schema\/logo\/image\/","url":"https:\/\/www.norgeat.fr\/wp-content\/uploads\/2024\/12\/logo-norgeat-v.png","contentUrl":"https:\/\/www.norgeat.fr\/wp-content\/uploads\/2024\/12\/logo-norgeat-v.png","width":4306,"height":1521,"caption":"Le village de Norgeat en Ari\u00e8ge"},"image":{"@id":"https:\/\/www.norgeat.fr\/#\/schema\/logo\/image\/"}}]}},"rttpg_featured_image_url":{"full":["https:\/\/www.norgeat.fr\/wp-content\/uploads\/2024\/12\/avant-reseau-liste-instit-norgeat.jpg",1000,522,false],"landscape":["https:\/\/www.norgeat.fr\/wp-content\/uploads\/2024\/12\/avant-reseau-liste-instit-norgeat.jpg",1000,522,false],"portraits":["https:\/\/www.norgeat.fr\/wp-content\/uploads\/2024\/12\/avant-reseau-liste-instit-norgeat.jpg",1000,522,false],"thumbnail":["https:\/\/www.norgeat.fr\/wp-content\/uploads\/2024\/12\/avant-reseau-liste-instit-norgeat-150x150.jpg",150,150,true],"medium":["https:\/\/www.norgeat.fr\/wp-content\/uploads\/2024\/12\/avant-reseau-liste-instit-norgeat-300x157.jpg",300,157,true],"large":["https:\/\/www.norgeat.fr\/wp-content\/uploads\/2024\/12\/avant-reseau-liste-instit-norgeat.jpg",800,418,false],"1536x1536":["https:\/\/www.norgeat.fr\/wp-content\/uploads\/2024\/12\/avant-reseau-liste-instit-norgeat.jpg",1000,522,false],"2048x2048":["https:\/\/www.norgeat.fr\/wp-content\/uploads\/2024\/12\/avant-reseau-liste-instit-norgeat.jpg",1000,522,false],"onepress-blog-small":["https:\/\/www.norgeat.fr\/wp-content\/uploads\/2024\/12\/avant-reseau-liste-instit-norgeat-300x150.jpg",300,150,true],"onepress-small":["https:\/\/www.norgeat.fr\/wp-content\/uploads\/2024\/12\/avant-reseau-liste-instit-norgeat-480x300.jpg",480,300,true],"onepress-medium":["https:\/\/www.norgeat.fr\/wp-content\/uploads\/2024\/12\/avant-reseau-liste-instit-norgeat-640x400.jpg",640,400,true]},"rttpg_author":{"display_name":"norgeat","author_link":"https:\/\/www.norgeat.fr\/index.php\/author\/norgeat\/"},"rttpg_comment":0,"rttpg_category":null,"rttpg_excerpt":"\u00c9cole Norgeat \u2013 Liste des instituteurs Ann\u00e9e Nom &#8211; Pr\u00e9nom Observations Maire 1865 EST\u00c8BE Jean-Pierre Ouverture \u00e9cole mixte de Norgeatoctobre 1865PV d&rsquo;installation de l&rsquo;instituteurdat\u00e9 du 17 oct. 1865 BACOU Jacques ...","_links":{"self":[{"href":"https:\/\/www.norgeat.fr\/index.php\/wp-json\/wp\/v2\/pages\/785","targetHints":{"allow":["GET"]}}],"collection":[{"href":"https:\/\/www.norgeat.fr\/index.php\/wp-json\/wp\/v2\/pages"}],"about":[{"href":"https:\/\/www.norgeat.fr\/index.php\/wp-json\/wp\/v2\/types\/page"}],"author":[{"embeddable":true,"href":"https:\/\/www.norgeat.fr\/index.php\/wp-json\/wp\/v2\/users\/2"}],"replies":[{"embeddable":true,"href":"https:\/\/www.norgeat.fr\/index.php\/wp-json\/wp\/v2\/comments?post=785"}],"version-history":[{"count":1,"href":"https:\/\/www.norgeat.fr\/index.php\/wp-json\/wp\/v2\/pages\/785\/revisions"}],"predecessor-version":[{"id":786,"href":"https:\/\/www.norgeat.fr\/index.php\/wp-json\/wp\/v2\/pages\/785\/revisions\/786"}],"up":[{"embeddable":true,"href":"https:\/\/www.norgeat.fr\/index.php\/wp-json\/wp\/v2\/pages\/273"}],"wp:featuredmedia":[{"embeddable":true,"href":"https:\/\/www.norgeat.fr\/index.php\/wp-json\/wp\/v2\/media\/787"}],"wp:attachment":[{"href":"https:\/\/www.norgeat.fr\/index.php\/wp-json\/wp\/v2\/media?parent=785"}],"curies":[{"name":"wp","href":"https:\/\/api.w.org\/{rel}","templated":true}]}}