{"id":791,"date":"2024-12-07T00:51:33","date_gmt":"2024-12-06T23:51:33","guid":{"rendered":"http:\/\/www.norgeat.fr\/?page_id=791"},"modified":"2024-12-08T21:15:35","modified_gmt":"2024-12-08T20:15:35","slug":"ecole-norrat-liste-des-instituteurs","status":"publish","type":"page","link":"https:\/\/www.norgeat.fr\/index.php\/ecoles-de-miglos-arquizat-norgeat-et-norrat\/ecole-norrat-liste-des-instituteurs\/","title":{"rendered":"\u00c9cole Norrat \u2013 Liste des instituteurs"},"content":{"rendered":"\n<h2 class=\"wp-block-heading\">\u00c9cole Norrat \u2013 Liste des instituteurs<\/h2>\n\n\n\n<figure class=\"wp-block-table\"><table class=\"has-fixed-layout\"><tbody><tr><td><strong>Ann\u00e9e<\/strong><\/td><td><strong>Nom &#8211; Pr\u00e9nom<\/strong><\/td><td><strong>Observations<\/strong><\/td><td><strong>Maire<\/strong><\/td><\/tr><tr><td><strong>1878<\/strong><\/td><td><strong>&nbsp;BONNEL Marie<br><\/strong><\/td><td><strong>&nbsp;<\/strong>Ouvre l&rsquo;\u00e9cole de Norrat<strong><br><\/strong><\/td><td><strong>BACOU Jean-Marie<br><\/strong><\/td><\/tr><tr><td><strong>&nbsp;1882<\/strong><\/td><td><strong>GALY Juventine<br><\/strong><\/td><td>Arrive \u00e0 Norrat<br>en avril1882<strong><br><\/strong><\/td><td><strong>PUJOL Joseph<br><\/strong><\/td><\/tr><tr><td><strong>1884<\/strong><\/td><td><strong>DESCOUS (Melle&#8230;)<\/strong><\/td><td>PV d&rsquo;installation<br>du 14 mars 1884<\/td><td><strong>&nbsp;PUJOL Joseph<br><\/strong><\/td><\/tr><tr><td><strong>&nbsp;1884<\/strong><\/td><td><strong>IZAURE Marguerite<\/strong><\/td><td>PV d&rsquo;installation<br>12 juin 1884<\/td><td><strong>&nbsp;BACOU Jean-Marie<br><\/strong><\/td><\/tr><tr><td><strong>&nbsp;1884<\/strong><\/td><td><strong>&nbsp;BEULAYGUE Fran\u00e7ois<\/strong><\/td><td>A compter d&rsquo;octobre 1884<strong><br><\/strong><\/td><td><strong>&nbsp;<\/strong><strong>BACOU Jean-Marie<\/strong><\/td><\/tr><tr><td><strong>&nbsp;1885<\/strong><\/td><td><strong>MOUR\u00c9 Marie-Jeanne<\/strong><\/td><td>Arriv\u00e9e le 1er d\u00e9cembre 1885<strong><br><\/strong><\/td><td><strong>&nbsp;<\/strong><strong>BACOU Jean-Marie<\/strong><\/td><\/tr><tr><td><strong>&nbsp;1886<\/strong><\/td><td><strong>VILLE Antoinette<\/strong><\/td><td>Arriv\u00e9e le 1er octobre 1886<\/td><td><strong>&nbsp;<\/strong><strong>BACOU Jean-Marie<\/strong><\/td><\/tr><tr><td><strong>&nbsp;1891<\/strong><\/td><td><strong>CORRAZE Marie-\u00c9milie<\/strong><\/td><td>Inaugure la nouvelle<br>\u00e9cole de Norrat<br>\u00e0 la rentr\u00e9e 1892<\/td><td><strong>TEULI\u00c8RE Lucien<br><\/strong><\/td><\/tr><tr><td><strong>&nbsp;1894<\/strong><\/td><td><strong>CAROL \u00c9lisabeth<\/strong><\/td><td>Arriv\u00e9e le 16 mai 1894<strong><br><\/strong><\/td><td><strong>&nbsp;TEULI\u00c8RE Lucien<\/strong><\/td><\/tr><tr><td><strong>&nbsp;1898<\/strong><\/td><td><strong>CADR\u00c8S Anna<\/strong><\/td><td>Effectue la rentr\u00e9e<br>d&rsquo;octobre 1898<br>Ne restera que 2 mois<\/td><td><strong>JALBERT Jean-Fran\u00e7ois<br><\/strong><\/td><\/tr><tr><td><strong>&nbsp;1898<\/strong><\/td><td><strong>VIBES Lucie<br><\/strong><\/td><td>A co<strong>mpter de d\u00e9cembre 1898<br><\/strong><\/td><td><strong>JALBERT Jean-Fran\u00e7ois<br><\/strong><\/td><\/tr><tr><td><strong>&nbsp;1900<\/strong><\/td><td><strong>SOUL\u00c9 Anne<\/strong><\/td><td>Restera 20 ans \u00e0 Norrat<\/td><td><strong>TEULI\u00c8RE Hilaire<br><\/strong><\/td><\/tr><tr><td><strong>&nbsp;1920<\/strong><\/td><td><strong>JOUL\u00c9 Paule<\/strong><\/td><td>Devient MATHE &#8211; mari\u00e9 en 1926<\/td><td><strong>MONTAUD Constantin,<br>Jean-Marie<br><\/strong><\/td><\/tr><tr><td><strong>&nbsp;1930<\/strong><\/td><td><strong>&nbsp;BLAZY Henriette<br><\/strong><\/td><td>Arriv\u00e9e en octobre 1930<br>Affect\u00e9e \u00e0 Arquizat<br>en septembre 1934<br>Deviendra MONIER,<br>puis BERNADAC<strong><br><\/strong><\/td><td><strong>PUJOL Honor\u00e9<br><\/strong><\/td><\/tr><tr><td><strong>&nbsp;1934<\/strong><\/td><td><strong>&nbsp;TULANE Marie<br><\/strong><\/td><td>Du 1er octobre 1934 au 30 septembre 1936<strong><br><\/strong><\/td><td><strong>&nbsp;PUJOL Honor\u00e9<br><\/strong><\/td><\/tr><tr><td><strong>&nbsp;1935<\/strong><\/td><td><strong>&nbsp;MINARY Marguerite<br><\/strong><\/td><td>A remplac\u00e9 Marie TULANE du 27 novembre 1935 au 04 avril 1936<strong><br><\/strong><\/td><td><strong>FAUR\u00c9 Joseph<br><\/strong><\/td><\/tr><tr><td><strong>&nbsp;1936<\/strong><\/td><td><strong>&nbsp;CRASTES Jeanne<br><\/strong>dite<strong> L\u00e9ontine <\/strong>(n\u00e9e FAUR\u00c9)<\/td><td>A ferm\u00e9 l&rsquo;\u00e9cole de Norrat<br>en 1945<strong><br><\/strong><\/td><td><strong>FAUR\u00c9 Joseph<\/strong><\/td><\/tr><\/tbody><\/table><\/figure>\n","protected":false},"excerpt":{"rendered":"<p>\u00c9cole Norrat \u2013 Liste des instituteurs Ann\u00e9e Nom &#8211; Pr\u00e9nom Observations Maire 1878 &nbsp;BONNEL Marie &nbsp;Ouvre l&rsquo;\u00e9cole de Norrat BACOU Jean-Marie &nbsp;1882 GALY Juventine Arrive \u00e0 Norraten avril1882 PUJOL Joseph &#8230;<\/p>\n","protected":false},"author":2,"featured_media":794,"parent":273,"menu_order":11,"comment_status":"closed","ping_status":"closed","template":"","meta":{"footnotes":""},"class_list":["post-791","page","type-page","status-publish","has-post-thumbnail","hentry"],"yoast_head":"<!-- This site is optimized with the Yoast SEO plugin v24.0 - https:\/\/yoast.com\/wordpress\/plugins\/seo\/ -->\n<title>\u00c9cole Norrat \u2013 Liste des instituteurs - Norgeat<\/title>\n<meta name=\"robots\" content=\"index, follow, max-snippet:-1, max-image-preview:large, max-video-preview:-1\" \/>\n<link rel=\"canonical\" href=\"https:\/\/www.norgeat.fr\/index.php\/ecoles-de-miglos-arquizat-norgeat-et-norrat\/ecole-norrat-liste-des-instituteurs\/\" \/>\n<meta property=\"og:locale\" content=\"fr_FR\" \/>\n<meta property=\"og:type\" content=\"article\" \/>\n<meta property=\"og:title\" content=\"\u00c9cole Norrat \u2013 Liste des instituteurs - Norgeat\" \/>\n<meta property=\"og:description\" content=\"\u00c9cole Norrat \u2013 Liste des instituteurs Ann\u00e9e Nom &#8211; Pr\u00e9nom Observations Maire 1878 &nbsp;BONNEL Marie &nbsp;Ouvre l&rsquo;\u00e9cole de Norrat BACOU Jean-Marie &nbsp;1882 GALY Juventine Arrive \u00e0 Norraten avril1882 PUJOL Joseph ...\" \/>\n<meta property=\"og:url\" content=\"https:\/\/www.norgeat.fr\/index.php\/ecoles-de-miglos-arquizat-norgeat-et-norrat\/ecole-norrat-liste-des-instituteurs\/\" \/>\n<meta property=\"og:site_name\" content=\"Norgeat\" \/>\n<meta property=\"article:modified_time\" content=\"2024-12-08T20:15:35+00:00\" \/>\n<meta property=\"og:image\" content=\"https:\/\/www.norgeat.fr\/wp-content\/uploads\/2024\/12\/avant-reseau-liste-instit-norrat.jpg\" \/>\n\t<meta property=\"og:image:width\" content=\"1000\" \/>\n\t<meta property=\"og:image:height\" content=\"522\" \/>\n\t<meta property=\"og:image:type\" content=\"image\/jpeg\" \/>\n<meta name=\"twitter:card\" content=\"summary_large_image\" \/>\n<meta name=\"twitter:label1\" content=\"Dur\u00e9e de lecture estim\u00e9e\" \/>\n\t<meta name=\"twitter:data1\" content=\"2 minutes\" \/>\n<script type=\"application\/ld+json\" class=\"yoast-schema-graph\">{\"@context\":\"https:\/\/schema.org\",\"@graph\":[{\"@type\":\"WebPage\",\"@id\":\"https:\/\/www.norgeat.fr\/index.php\/ecoles-de-miglos-arquizat-norgeat-et-norrat\/ecole-norrat-liste-des-instituteurs\/\",\"url\":\"https:\/\/www.norgeat.fr\/index.php\/ecoles-de-miglos-arquizat-norgeat-et-norrat\/ecole-norrat-liste-des-instituteurs\/\",\"name\":\"\u00c9cole Norrat \u2013 Liste des instituteurs - Norgeat\",\"isPartOf\":{\"@id\":\"https:\/\/www.norgeat.fr\/#website\"},\"primaryImageOfPage\":{\"@id\":\"https:\/\/www.norgeat.fr\/index.php\/ecoles-de-miglos-arquizat-norgeat-et-norrat\/ecole-norrat-liste-des-instituteurs\/#primaryimage\"},\"image\":{\"@id\":\"https:\/\/www.norgeat.fr\/index.php\/ecoles-de-miglos-arquizat-norgeat-et-norrat\/ecole-norrat-liste-des-instituteurs\/#primaryimage\"},\"thumbnailUrl\":\"https:\/\/www.norgeat.fr\/wp-content\/uploads\/2024\/12\/avant-reseau-liste-instit-norrat.jpg\",\"datePublished\":\"2024-12-06T23:51:33+00:00\",\"dateModified\":\"2024-12-08T20:15:35+00:00\",\"breadcrumb\":{\"@id\":\"https:\/\/www.norgeat.fr\/index.php\/ecoles-de-miglos-arquizat-norgeat-et-norrat\/ecole-norrat-liste-des-instituteurs\/#breadcrumb\"},\"inLanguage\":\"fr-FR\",\"potentialAction\":[{\"@type\":\"ReadAction\",\"target\":[\"https:\/\/www.norgeat.fr\/index.php\/ecoles-de-miglos-arquizat-norgeat-et-norrat\/ecole-norrat-liste-des-instituteurs\/\"]}]},{\"@type\":\"ImageObject\",\"inLanguage\":\"fr-FR\",\"@id\":\"https:\/\/www.norgeat.fr\/index.php\/ecoles-de-miglos-arquizat-norgeat-et-norrat\/ecole-norrat-liste-des-instituteurs\/#primaryimage\",\"url\":\"https:\/\/www.norgeat.fr\/wp-content\/uploads\/2024\/12\/avant-reseau-liste-instit-norrat.jpg\",\"contentUrl\":\"https:\/\/www.norgeat.fr\/wp-content\/uploads\/2024\/12\/avant-reseau-liste-instit-norrat.jpg\",\"width\":1000,\"height\":522},{\"@type\":\"BreadcrumbList\",\"@id\":\"https:\/\/www.norgeat.fr\/index.php\/ecoles-de-miglos-arquizat-norgeat-et-norrat\/ecole-norrat-liste-des-instituteurs\/#breadcrumb\",\"itemListElement\":[{\"@type\":\"ListItem\",\"position\":1,\"name\":\"Accueil\",\"item\":\"https:\/\/www.norgeat.fr\/\"},{\"@type\":\"ListItem\",\"position\":2,\"name\":\"Les \u00e9coles de Miglos\",\"item\":\"https:\/\/www.norgeat.fr\/index.php\/ecoles-de-miglos-arquizat-norgeat-et-norrat\/\"},{\"@type\":\"ListItem\",\"position\":3,\"name\":\"\u00c9cole Norrat \u2013 Liste des instituteurs\"}]},{\"@type\":\"WebSite\",\"@id\":\"https:\/\/www.norgeat.fr\/#website\",\"url\":\"https:\/\/www.norgeat.fr\/\",\"name\":\"Norgeat\",\"description\":\"Norgeat, d&#039;hier et d&#039;aujourd&#039;hui...\",\"publisher\":{\"@id\":\"https:\/\/www.norgeat.fr\/#organization\"},\"potentialAction\":[{\"@type\":\"SearchAction\",\"target\":{\"@type\":\"EntryPoint\",\"urlTemplate\":\"https:\/\/www.norgeat.fr\/?s={search_term_string}\"},\"query-input\":{\"@type\":\"PropertyValueSpecification\",\"valueRequired\":true,\"valueName\":\"search_term_string\"}}],\"inLanguage\":\"fr-FR\"},{\"@type\":\"Organization\",\"@id\":\"https:\/\/www.norgeat.fr\/#organization\",\"name\":\"Le village de Norgeat en Ari\u00e8ge\",\"url\":\"https:\/\/www.norgeat.fr\/\",\"logo\":{\"@type\":\"ImageObject\",\"inLanguage\":\"fr-FR\",\"@id\":\"https:\/\/www.norgeat.fr\/#\/schema\/logo\/image\/\",\"url\":\"https:\/\/www.norgeat.fr\/wp-content\/uploads\/2024\/12\/logo-norgeat-v.png\",\"contentUrl\":\"https:\/\/www.norgeat.fr\/wp-content\/uploads\/2024\/12\/logo-norgeat-v.png\",\"width\":4306,\"height\":1521,\"caption\":\"Le village de Norgeat en Ari\u00e8ge\"},\"image\":{\"@id\":\"https:\/\/www.norgeat.fr\/#\/schema\/logo\/image\/\"}}]}<\/script>\n<!-- \/ Yoast SEO plugin. -->","yoast_head_json":{"title":"\u00c9cole Norrat \u2013 Liste des instituteurs - Norgeat","robots":{"index":"index","follow":"follow","max-snippet":"max-snippet:-1","max-image-preview":"max-image-preview:large","max-video-preview":"max-video-preview:-1"},"canonical":"https:\/\/www.norgeat.fr\/index.php\/ecoles-de-miglos-arquizat-norgeat-et-norrat\/ecole-norrat-liste-des-instituteurs\/","og_locale":"fr_FR","og_type":"article","og_title":"\u00c9cole Norrat \u2013 Liste des instituteurs - Norgeat","og_description":"\u00c9cole Norrat \u2013 Liste des instituteurs Ann\u00e9e Nom &#8211; Pr\u00e9nom Observations Maire 1878 &nbsp;BONNEL Marie &nbsp;Ouvre l&rsquo;\u00e9cole de Norrat BACOU Jean-Marie &nbsp;1882 GALY Juventine Arrive \u00e0 Norraten avril1882 PUJOL Joseph ...","og_url":"https:\/\/www.norgeat.fr\/index.php\/ecoles-de-miglos-arquizat-norgeat-et-norrat\/ecole-norrat-liste-des-instituteurs\/","og_site_name":"Norgeat","article_modified_time":"2024-12-08T20:15:35+00:00","og_image":[{"width":1000,"height":522,"url":"https:\/\/www.norgeat.fr\/wp-content\/uploads\/2024\/12\/avant-reseau-liste-instit-norrat.jpg","type":"image\/jpeg"}],"twitter_card":"summary_large_image","twitter_misc":{"Dur\u00e9e de lecture estim\u00e9e":"2 minutes"},"schema":{"@context":"https:\/\/schema.org","@graph":[{"@type":"WebPage","@id":"https:\/\/www.norgeat.fr\/index.php\/ecoles-de-miglos-arquizat-norgeat-et-norrat\/ecole-norrat-liste-des-instituteurs\/","url":"https:\/\/www.norgeat.fr\/index.php\/ecoles-de-miglos-arquizat-norgeat-et-norrat\/ecole-norrat-liste-des-instituteurs\/","name":"\u00c9cole Norrat \u2013 Liste des instituteurs - Norgeat","isPartOf":{"@id":"https:\/\/www.norgeat.fr\/#website"},"primaryImageOfPage":{"@id":"https:\/\/www.norgeat.fr\/index.php\/ecoles-de-miglos-arquizat-norgeat-et-norrat\/ecole-norrat-liste-des-instituteurs\/#primaryimage"},"image":{"@id":"https:\/\/www.norgeat.fr\/index.php\/ecoles-de-miglos-arquizat-norgeat-et-norrat\/ecole-norrat-liste-des-instituteurs\/#primaryimage"},"thumbnailUrl":"https:\/\/www.norgeat.fr\/wp-content\/uploads\/2024\/12\/avant-reseau-liste-instit-norrat.jpg","datePublished":"2024-12-06T23:51:33+00:00","dateModified":"2024-12-08T20:15:35+00:00","breadcrumb":{"@id":"https:\/\/www.norgeat.fr\/index.php\/ecoles-de-miglos-arquizat-norgeat-et-norrat\/ecole-norrat-liste-des-instituteurs\/#breadcrumb"},"inLanguage":"fr-FR","potentialAction":[{"@type":"ReadAction","target":["https:\/\/www.norgeat.fr\/index.php\/ecoles-de-miglos-arquizat-norgeat-et-norrat\/ecole-norrat-liste-des-instituteurs\/"]}]},{"@type":"ImageObject","inLanguage":"fr-FR","@id":"https:\/\/www.norgeat.fr\/index.php\/ecoles-de-miglos-arquizat-norgeat-et-norrat\/ecole-norrat-liste-des-instituteurs\/#primaryimage","url":"https:\/\/www.norgeat.fr\/wp-content\/uploads\/2024\/12\/avant-reseau-liste-instit-norrat.jpg","contentUrl":"https:\/\/www.norgeat.fr\/wp-content\/uploads\/2024\/12\/avant-reseau-liste-instit-norrat.jpg","width":1000,"height":522},{"@type":"BreadcrumbList","@id":"https:\/\/www.norgeat.fr\/index.php\/ecoles-de-miglos-arquizat-norgeat-et-norrat\/ecole-norrat-liste-des-instituteurs\/#breadcrumb","itemListElement":[{"@type":"ListItem","position":1,"name":"Accueil","item":"https:\/\/www.norgeat.fr\/"},{"@type":"ListItem","position":2,"name":"Les \u00e9coles de Miglos","item":"https:\/\/www.norgeat.fr\/index.php\/ecoles-de-miglos-arquizat-norgeat-et-norrat\/"},{"@type":"ListItem","position":3,"name":"\u00c9cole Norrat \u2013 Liste des instituteurs"}]},{"@type":"WebSite","@id":"https:\/\/www.norgeat.fr\/#website","url":"https:\/\/www.norgeat.fr\/","name":"Norgeat","description":"Norgeat, d&#039;hier et d&#039;aujourd&#039;hui...","publisher":{"@id":"https:\/\/www.norgeat.fr\/#organization"},"potentialAction":[{"@type":"SearchAction","target":{"@type":"EntryPoint","urlTemplate":"https:\/\/www.norgeat.fr\/?s={search_term_string}"},"query-input":{"@type":"PropertyValueSpecification","valueRequired":true,"valueName":"search_term_string"}}],"inLanguage":"fr-FR"},{"@type":"Organization","@id":"https:\/\/www.norgeat.fr\/#organization","name":"Le village de Norgeat en Ari\u00e8ge","url":"https:\/\/www.norgeat.fr\/","logo":{"@type":"ImageObject","inLanguage":"fr-FR","@id":"https:\/\/www.norgeat.fr\/#\/schema\/logo\/image\/","url":"https:\/\/www.norgeat.fr\/wp-content\/uploads\/2024\/12\/logo-norgeat-v.png","contentUrl":"https:\/\/www.norgeat.fr\/wp-content\/uploads\/2024\/12\/logo-norgeat-v.png","width":4306,"height":1521,"caption":"Le village de Norgeat en Ari\u00e8ge"},"image":{"@id":"https:\/\/www.norgeat.fr\/#\/schema\/logo\/image\/"}}]}},"rttpg_featured_image_url":{"full":["https:\/\/www.norgeat.fr\/wp-content\/uploads\/2024\/12\/avant-reseau-liste-instit-norrat.jpg",1000,522,false],"landscape":["https:\/\/www.norgeat.fr\/wp-content\/uploads\/2024\/12\/avant-reseau-liste-instit-norrat.jpg",1000,522,false],"portraits":["https:\/\/www.norgeat.fr\/wp-content\/uploads\/2024\/12\/avant-reseau-liste-instit-norrat.jpg",1000,522,false],"thumbnail":["https:\/\/www.norgeat.fr\/wp-content\/uploads\/2024\/12\/avant-reseau-liste-instit-norrat-150x150.jpg",150,150,true],"medium":["https:\/\/www.norgeat.fr\/wp-content\/uploads\/2024\/12\/avant-reseau-liste-instit-norrat-300x157.jpg",300,157,true],"large":["https:\/\/www.norgeat.fr\/wp-content\/uploads\/2024\/12\/avant-reseau-liste-instit-norrat.jpg",800,418,false],"1536x1536":["https:\/\/www.norgeat.fr\/wp-content\/uploads\/2024\/12\/avant-reseau-liste-instit-norrat.jpg",1000,522,false],"2048x2048":["https:\/\/www.norgeat.fr\/wp-content\/uploads\/2024\/12\/avant-reseau-liste-instit-norrat.jpg",1000,522,false],"onepress-blog-small":["https:\/\/www.norgeat.fr\/wp-content\/uploads\/2024\/12\/avant-reseau-liste-instit-norrat-300x150.jpg",300,150,true],"onepress-small":["https:\/\/www.norgeat.fr\/wp-content\/uploads\/2024\/12\/avant-reseau-liste-instit-norrat-480x300.jpg",480,300,true],"onepress-medium":["https:\/\/www.norgeat.fr\/wp-content\/uploads\/2024\/12\/avant-reseau-liste-instit-norrat-640x400.jpg",640,400,true]},"rttpg_author":{"display_name":"norgeat","author_link":"https:\/\/www.norgeat.fr\/index.php\/author\/norgeat\/"},"rttpg_comment":0,"rttpg_category":null,"rttpg_excerpt":"\u00c9cole Norrat \u2013 Liste des instituteurs Ann\u00e9e Nom &#8211; Pr\u00e9nom Observations Maire 1878 &nbsp;BONNEL Marie &nbsp;Ouvre l&rsquo;\u00e9cole de Norrat BACOU Jean-Marie &nbsp;1882 GALY Juventine Arrive \u00e0 Norraten avril1882 PUJOL Joseph ...","_links":{"self":[{"href":"https:\/\/www.norgeat.fr\/index.php\/wp-json\/wp\/v2\/pages\/791","targetHints":{"allow":["GET"]}}],"collection":[{"href":"https:\/\/www.norgeat.fr\/index.php\/wp-json\/wp\/v2\/pages"}],"about":[{"href":"https:\/\/www.norgeat.fr\/index.php\/wp-json\/wp\/v2\/types\/page"}],"author":[{"embeddable":true,"href":"https:\/\/www.norgeat.fr\/index.php\/wp-json\/wp\/v2\/users\/2"}],"replies":[{"embeddable":true,"href":"https:\/\/www.norgeat.fr\/index.php\/wp-json\/wp\/v2\/comments?post=791"}],"version-history":[{"count":2,"href":"https:\/\/www.norgeat.fr\/index.php\/wp-json\/wp\/v2\/pages\/791\/revisions"}],"predecessor-version":[{"id":793,"href":"https:\/\/www.norgeat.fr\/index.php\/wp-json\/wp\/v2\/pages\/791\/revisions\/793"}],"up":[{"embeddable":true,"href":"https:\/\/www.norgeat.fr\/index.php\/wp-json\/wp\/v2\/pages\/273"}],"wp:featuredmedia":[{"embeddable":true,"href":"https:\/\/www.norgeat.fr\/index.php\/wp-json\/wp\/v2\/media\/794"}],"wp:attachment":[{"href":"https:\/\/www.norgeat.fr\/index.php\/wp-json\/wp\/v2\/media?parent=791"}],"curies":[{"name":"wp","href":"https:\/\/api.w.org\/{rel}","templated":true}]}}