{"id":876,"date":"2024-12-08T18:11:27","date_gmt":"2024-12-08T17:11:27","guid":{"rendered":"http:\/\/www.norgeat.fr\/?page_id=876"},"modified":"2024-12-16T15:44:08","modified_gmt":"2024-12-16T14:44:08","slug":"miglosiens-a-lhonneur-un-maire-courageux","status":"publish","type":"page","link":"https:\/\/www.norgeat.fr\/index.php\/norgeat-au-fil-du-temps\/miglosiens-a-lhonneur-un-maire-courageux\/","title":{"rendered":"Miglosiens \u00e0 l\u2019honneur"},"content":{"rendered":"\n<h2 class=\"wp-block-heading\">Miglosiens \u00e0 l\u2019honneur<\/h2>\n\n\n\n<p><strong>Un Maire courageux.<\/strong><\/p>\n\n\n\n<p>D\u00e9but Mars 1905, le maire de Miglos, Lucien PUJOL, demeurant \u00e0 Norgeat, a r\u00e9ussi \u00e0 ma\u00eetriser, seul et jusqu\u2019\u00e0 l\u2019arriv\u00e9e d\u2019un soutien, une laie affol\u00e9e qui avait p\u00e9n\u00e9tr\u00e9 dans le village pour \u00e9chapper \u00e0 quelques hommes la poursuivant.<\/p>\n\n\n\n<p>\u00ab\u00a0<em>Faisant preuve d\u2019un grand sang-froid, le maire lui introduisit sa canne recourb\u00e9e dans la bouche, \u00e0 la mani\u00e8re d\u2019un mors, et se pla\u00e7ant \u00e0 cheval sur le pachyderme (sic) l\u2019emp\u00eacha de se d\u00e9gager\u00a0\u00bb<\/em>.<br>Un voisin arriv\u00e9 en renfort \u00ab\u00a0<em>fendit le cr\u00e2ne de la b\u00eate d\u2019un coup de hache\u00a0\u00bb<\/em>.<\/p>\n\n\n\n<p>Des f\u00e9licitations officielles seront adress\u00e9es \u00ab\u00a0<em>\u00e0 ce vaillant officier municipal\u00a0\u00bb<\/em>, le 10 Mars 1905, par le Conseil municipal.<\/p>\n\n\n\n<p>Copie de la transcription de cet acte de bravoure a \u00e9t\u00e9 conserv\u00e9e par les descendants de l\u2019int\u00e9ress\u00e9.<\/p>\n\n\n\n<p>Merci \u00e0 Bernard Pujol, qui m\u2019a permis d\u2019utiliser ce document, ainsi que la photo de son arri\u00e8re-arri\u00e8re-grand-p\u00e8re.<\/p>\n\n\n\n<figure class=\"wp-block-image size-large\"><a href=\"https:\/\/www.norgeat.fr\/wp-content\/uploads\/2024\/12\/1_Lucien-Pujol-19051.jpg\" data-rel=\"lightbox-gallery-1Ldh21Qn\" data-rl_title=\"Lucien Pujol - 1905\" data-rl_caption=\"Lucien Pujol - 1905\" title=\"Lucien Pujol - 1905\"><img loading=\"lazy\" decoding=\"async\" width=\"1024\" height=\"495\" src=\"https:\/\/www.norgeat.fr\/wp-content\/uploads\/2024\/12\/1_Lucien-Pujol-19051-1024x495.jpg\" alt=\"\" class=\"wp-image-2088\"\/><\/a><figcaption class=\"wp-element-caption\">Lucien Pujol &#8211; 1905<\/figcaption><\/figure>\n\n\n\n<h3 class=\"wp-block-heading\">Lucien Pujol, a \u00e9t\u00e9 maire de Miglos de 1904 \u00e0 1907.<\/h3>\n\n\n\n<div class=\"wp-block-media-text has-media-on-the-right is-stacked-on-mobile\" style=\"grid-template-columns:auto 25%\"><div class=\"wp-block-media-text__content\">\n<p>N\u00e9 \u00e0 Norgeat le 10 D\u00e9cembre 1849, il est d\u00e9c\u00e9d\u00e9 le 31 Janvier 1907 (pendant son mandat municipal).<\/p>\n\n\n\n<p>L\u2019int\u00e9ress\u00e9 a effectu\u00e9 en Ari\u00e8ge (Erc\u00e9, Vicdessos et Saurat), les 20 derni\u00e8res ann\u00e9es de sa carri\u00e8re de \u00ab\u00a0gendarme \u00e0 pied\u00a0\u00bb.<\/p>\n\n\n\n<p>Son p\u00e8re, Joseph Pujol Lemagnoutat, avait \u00e9galement \u00e9t\u00e9 maire de Miglos, de 1881 \u00e0 1884, ainsi que pendant la vacance de cette fonction, en 1872, suite \u00e0 la r\u00e9vocation du titulaire, Jean-Marie Bacou, par d\u00e9cret pr\u00e9fectoral du 22 Septembre de la m\u00eame ann\u00e9e.<\/p>\n<\/div><figure class=\"wp-block-media-text__media\"><img loading=\"lazy\" decoding=\"async\" width=\"675\" height=\"1024\" src=\"https:\/\/www.norgeat.fr\/wp-content\/uploads\/2024\/12\/2_Lucien-Pujol-Photo1.jpg\" alt=\"\" class=\"wp-image-2091 size-full\"\/><\/figure><\/div>\n\n\n<div class=\"wp-block-image\">\n<figure class=\"aligncenter size-large is-resized\"><a href=\"https:\/\/www.norgeat.fr\/wp-content\/uploads\/2024\/12\/6_Revocation-du-maire-J.M.Bacou-18721.jpg\" data-rel=\"lightbox-gallery-1Ldh21Qn\" data-rl_title=\"R\u00e9vocation maire Jean-Marie Bacou- 1872\" data-rl_caption=\"R\u00e9vocation maire Jean-Marie Bacou- 1872\" title=\"R\u00e9vocation maire Jean-Marie Bacou- 1872\"><img loading=\"lazy\" decoding=\"async\" width=\"817\" height=\"1024\" src=\"https:\/\/www.norgeat.fr\/wp-content\/uploads\/2024\/12\/6_Revocation-du-maire-J.M.Bacou-18721-817x1024.jpg\" alt=\"\" class=\"wp-image-2093\" style=\"width:350px\"\/><\/a><figcaption class=\"wp-element-caption\">R\u00e9vocation maire Jean-Marie Bacou- 1872<\/figcaption><\/figure>\n<\/div>\n\n\n<p>A noter aussi qu\u2019en 1825, le Baron Jean Louis Hyacinthe de Vendomois, alors maire de Miglos, a enregistr\u00e9 la naissance de Joseph Pujol Lemagnoutat (4 Septembre).<\/p>\n\n\n<div class=\"wp-block-image\">\n<figure class=\"aligncenter size-large is-resized\"><a href=\"https:\/\/www.norgeat.fr\/wp-content\/uploads\/2024\/12\/5_Joseph-Pujol-Baron-de-Vendomois-18251.jpg\" data-rel=\"lightbox-gallery-1Ldh21Qn\" data-rl_title=\"Photo Acte de 1825 (Pujol J. &amp; Vendomois)\" data-rl_caption=\"Photo Acte de 1825 (Pujol J. &amp; Vendomois)\" title=\"Photo Acte de 1825 (Pujol J. &amp; Vendomois)\"><img loading=\"lazy\" decoding=\"async\" width=\"1024\" height=\"767\" src=\"https:\/\/www.norgeat.fr\/wp-content\/uploads\/2024\/12\/5_Joseph-Pujol-Baron-de-Vendomois-18251-1024x767.jpg\" alt=\"\" class=\"wp-image-2096\" style=\"width:400px\"\/><\/a><figcaption class=\"wp-element-caption\">Photo Acte de 1825 (Pujol J. &amp; Vendomois)<\/figcaption><\/figure>\n<\/div>\n\n\n<hr class=\"wp-block-separator has-alpha-channel-opacity\"\/>\n\n\n\n<h3 class=\"wp-block-heading\">Un jeune homme m\u00e9ritant<\/h3>\n\n\n\n<p>En feuilletant les vieux registres de la commune, on trouve trace d\u2019un autre signalement officiel d\u2019acte de courage.<\/p>\n\n\n\n<p>Dans les \u00ab\u00a0<em>Arr\u00eat\u00e9s du maire<\/em>\u00a0\u00bb de la p\u00e9riode 1838\/1873, \u00e0 la date du 16 Ao\u00fbt 1839, est enregistr\u00e9 \u00ab\u00a0<em>l\u2019acte de g\u00e9n\u00e9reux d\u00e9vouement<\/em>\u00a0\u00bb dont a fait preuve Arnaud Jalbert, serrurier, habitant de Miglos (vraisemblablement du village de Norrat).<\/p>\n\n\n\n<p>\u00ab\u00a0<em>Le 26 Juillet dernier, au p\u00e9ril de sa vie, il a sauv\u00e9 la nomm\u00e9e Augustine Teuli\u00e8re, \u00e2g\u00e9e de 15 ans, qu\u2019il a retir\u00e9e d\u2019un puits profond o\u00f9 elle \u00e9tait tomb\u00e9e<\/em>\u00ab\u00a0.<\/p>\n\n\n\n<p>Arnaud Jalbert s\u2019est pr\u00e9sent\u00e9 au maire, Jacques Bacou, une quinzaine de jours plus tard, pour lui relater ces faits.<br>Il \u00e9tait accompagn\u00e9 de la victime, des parents de l\u2019adolescente et de trois t\u00e9moins dignes de foi, qui ont tous certifi\u00e9 que \u00ab\u00a0leurs d\u00e9clarations \u00e9taient conform\u00e9es \u00e0 la v\u00e9rit\u00e9 \u00ab\u00a0, et demand\u00e9 \u00e0 ce qu\u2019un proc\u00e8s-verbal \u00ab\u00a0de cet acte de d\u00e9vouement \u00a0\u00bb soit \u00e9tabli, avec copie adress\u00e9e au pr\u00e9fet afin que le jeune homme puisse \u00eatre r\u00e9compens\u00e9.<\/p>\n\n\n\n<p>On ignore la suite de cette d\u00e9marche, qui n\u2019\u00e9tait manifestement pas d\u00e9sint\u00e9ress\u00e9e. L\u2019attribution d\u2019une r\u00e9compense \u00ab\u00a0en monnaie sonnante et tr\u00e9buchante\u00a0\u00bb \u00e9tait clairement pr\u00e9f\u00e9r\u00e9e \u00e0 un dipl\u00f4me d\u2019honneur.<\/p>\n\n\n\n<p>A noter une divergence entre la date port\u00e9e en marge (1839) et celle au bas de l\u2019acte (1840). Les faits se sont bien d\u00e9roul\u00e9s en 1839, mais la transcription sur le registre en question a d\u00fb \u00eatre effectu\u00e9e en d\u00e9but d\u2019ann\u00e9e 1840, d\u2019o\u00f9 l\u2019erreur du secr\u00e9taire.<\/p>\n\n\n<div class=\"wp-block-image\">\n<figure class=\"aligncenter size-large is-resized\"><a href=\"https:\/\/www.norgeat.fr\/wp-content\/uploads\/2024\/12\/3_Arnaud-Jalbert-18391.jpg\" data-rel=\"lightbox-gallery-1Ldh21Qn\" data-rl_title=\"16 Ao\u00fbt 1839, l\u2019acte de g\u00e9n\u00e9reux d\u00e9vouement dont a fait preuve Arnaud Jalbert\" data-rl_caption=\"16 Ao\u00fbt 1839, l\u2019acte de g\u00e9n\u00e9reux d\u00e9vouement dont a fait preuve Arnaud Jalbert\" title=\"16 Ao\u00fbt 1839, l\u2019acte de g\u00e9n\u00e9reux d\u00e9vouement dont a fait preuve Arnaud Jalbert\"><img loading=\"lazy\" decoding=\"async\" width=\"1024\" height=\"662\" src=\"https:\/\/www.norgeat.fr\/wp-content\/uploads\/2024\/12\/3_Arnaud-Jalbert-18391-1024x662.jpg\" alt=\"\" class=\"wp-image-2100\" style=\"width:400px\"\/><\/a><figcaption class=\"wp-element-caption\">16 Ao\u00fbt 1839, l\u2019acte de g\u00e9n\u00e9reux d\u00e9vouement dont a fait preuve Arnaud Jalbert<\/figcaption><\/figure>\n<\/div>\n\n\n<p class=\"has-text-align-right\">G.L. &#8211; Avril 2021<\/p>\n\n\n\n<hr class=\"wp-block-separator has-alpha-channel-opacity\"\/>\n\n\n\n<h3 class=\"wp-block-heading\">\u00ab\u00a0Un inventeur \u00e9nigmatique\u00a0\u00bb<\/h3>\n\n\n\n<p>Dans le recensement de la population de Miglos \u00e9tabli en1886 (qui r\u00e9pertorie 932 individus, 224 m\u00e9nages et 213 maisons), au village d&rsquo;Arquizat, figure \u00ab\u00a0Fran\u00e7ois Teuli\u00e8re, 59 ans, profession : inventeur du mouvement perp\u00e9tuel\u00a0\u00bb.<\/p>\n\n\n<div class=\"wp-block-image\">\n<figure class=\"aligncenter size-full is-resized\"><a href=\"https:\/\/www.norgeat.fr\/wp-content\/uploads\/2024\/12\/denombrement-miglos-18861.jpg\" data-rel=\"lightbox-gallery-1Ldh21Qn\" data-rl_title=\"D\u00e9nombrement de Miglos 1886\" data-rl_caption=\"D\u00e9nombrement de Miglos 1886\" title=\"D\u00e9nombrement de Miglos 1886\"><img loading=\"lazy\" decoding=\"async\" width=\"1024\" height=\"672\" src=\"https:\/\/www.norgeat.fr\/wp-content\/uploads\/2024\/12\/denombrement-miglos-18861.jpg\" alt=\"\" class=\"wp-image-2103\" style=\"width:400px\"\/><\/a><figcaption class=\"wp-element-caption\">D\u00e9nombrement de Miglos 1886<\/figcaption><\/figure>\n<\/div>\n\n\n<p>L\u2019int\u00e9ress\u00e9 se pr\u00e9nommait en r\u00e9alit\u00e9 Jean-Fran\u00e7ois et \u00e9tait n\u00e9 le 7 Avril 1824 \u00e0 Miglos (Arquizat).<br>Le 23 Juin 1869, il avait \u00e9pous\u00e9 Victoire Marfaing, n\u00e9e \u00e0 Miglos le 13 D\u00e9cembre 1837.<br>Le mariage avait \u00e9t\u00e9 c\u00e9l\u00e9br\u00e9 \u00e0 Toulon, o\u00f9 il \u00e9tait parti exercer la profession de garde-chiourme (surveillant des for\u00e7ats).<br>Jean-Fran\u00e7ois Teuli\u00e8re revint finir ses jours \u00e0 Miglos, o\u00f9 il d\u00e9c\u00e8dera le 31 Juillet 1895, dans sa maison natale.<\/p>\n\n\n<div class=\"wp-block-image\">\n<figure class=\"aligncenter size-full is-resized\"><a href=\"https:\/\/www.norgeat.fr\/wp-content\/uploads\/2024\/12\/Teuliere-Inventeur-Recensement-18861.jpg\" data-rel=\"lightbox-gallery-1Ldh21Qn\" data-rl_title=\"Teuli\u00e8re Fran\u00e7ois - Inventeur du Mouvement Perp\u00e9tuel -1886\" data-rl_caption=\"Teuli\u00e8re Fran\u00e7ois - Inventeur du Mouvement Perp\u00e9tuel -1886\" title=\"Teuli\u00e8re Fran\u00e7ois - Inventeur du Mouvement Perp\u00e9tuel -1886\"><img loading=\"lazy\" decoding=\"async\" width=\"1024\" height=\"600\" src=\"https:\/\/www.norgeat.fr\/wp-content\/uploads\/2024\/12\/Teuliere-Inventeur-Recensement-18861.jpg\" alt=\"\" class=\"wp-image-2104\" style=\"width:450px\"\/><\/a><figcaption class=\"wp-element-caption\">Teuli\u00e8re Fran\u00e7ois &#8211; Inventeur du Mouvement Perp\u00e9tuel -1886<\/figcaption><\/figure>\n<\/div>\n\n\n<p>Malgr\u00e9 nos recherches, on n&rsquo;en sait pas plus sur son invention.<br>Le Mouvement perp\u00e9tuel, est un vieux r\u00eave qui n\u2019en finit pas de hanter les esprits.<br>Toujours est-il que le fils de l\u2019inventeur, Pierre (1870 \/1913), \u00e9tait surnomm\u00e9 \u00ab\u00a0Pierre de la machine\u00a0\u00bb.<\/p>\n\n\n\n<p class=\"has-text-align-right\">A.C. &amp; G.L. &#8211; Janvier 2023.<\/p>\n\n\n\n<p class=\"has-text-align-right\">En collaboration avec Andr\u00e9e Cantelaube.<\/p>\n\n\n\n<p><\/p>\n","protected":false},"excerpt":{"rendered":"<p>Miglosiens \u00e0 l\u2019honneur Un Maire courageux. D\u00e9but Mars 1905, le maire de Miglos, Lucien PUJOL, demeurant \u00e0 Norgeat, a r\u00e9ussi \u00e0 ma\u00eetriser, seul et jusqu\u2019\u00e0 l\u2019arriv\u00e9e d\u2019un soutien, une laie &#8230;<\/p>\n","protected":false},"author":2,"featured_media":878,"parent":416,"menu_order":2,"comment_status":"closed","ping_status":"closed","template":"","meta":{"footnotes":""},"class_list":["post-876","page","type-page","status-publish","has-post-thumbnail","hentry"],"yoast_head":"<!-- This site is optimized with the Yoast SEO plugin v24.0 - https:\/\/yoast.com\/wordpress\/plugins\/seo\/ -->\n<title>Miglosiens \u00e0 l\u2019honneur - Norgeat<\/title>\n<meta name=\"description\" content=\"Un Maire courageux. - Faisant preuve d\u2019un grand sang-froid, le maire lui introduisit sa canne recourb\u00e9e dans la bouche, \u00e0 la mani\u00e8re d\u2019un mors, et se pla\u00e7ant \u00e0 cheval sur le pachyderme (sic) l\u2019emp\u00eacha de se d\u00e9gager.\" \/>\n<meta name=\"robots\" content=\"index, follow, max-snippet:-1, max-image-preview:large, max-video-preview:-1\" \/>\n<link rel=\"canonical\" href=\"https:\/\/www.norgeat.fr\/index.php\/norgeat-au-fil-du-temps\/miglosiens-a-lhonneur-un-maire-courageux\/\" \/>\n<meta property=\"og:locale\" content=\"fr_FR\" \/>\n<meta property=\"og:type\" content=\"article\" \/>\n<meta property=\"og:title\" content=\"Miglosiens \u00e0 l\u2019honneur - Un Maire courageux.\" \/>\n<meta property=\"og:description\" content=\"Un Maire courageux. - Faisant preuve d\u2019un grand sang-froid, le maire lui introduisit sa canne recourb\u00e9e dans la bouche, \u00e0 la mani\u00e8re d\u2019un mors, et se pla\u00e7ant \u00e0 cheval sur le pachyderme (sic) l\u2019emp\u00eacha de se d\u00e9gager.\" \/>\n<meta property=\"og:url\" content=\"https:\/\/www.norgeat.fr\/index.php\/norgeat-au-fil-du-temps\/miglosiens-a-lhonneur-un-maire-courageux\/\" \/>\n<meta property=\"og:site_name\" content=\"Norgeat\" \/>\n<meta property=\"article:modified_time\" content=\"2024-12-16T14:44:08+00:00\" \/>\n<meta property=\"og:image\" content=\"https:\/\/www.norgeat.fr\/wp-content\/uploads\/2024\/12\/avant-reseau-maires.jpg\" \/>\n\t<meta property=\"og:image:width\" content=\"1000\" \/>\n\t<meta property=\"og:image:height\" content=\"522\" \/>\n\t<meta property=\"og:image:type\" content=\"image\/jpeg\" \/>\n<meta name=\"twitter:card\" content=\"summary_large_image\" \/>\n<meta name=\"twitter:title\" content=\"Miglosiens \u00e0 l\u2019honneur - Un Maire courageux.\" \/>\n<meta name=\"twitter:description\" content=\"Un Maire courageux. - Faisant preuve d\u2019un grand sang-froid, le maire lui introduisit sa canne recourb\u00e9e dans la bouche, \u00e0 la mani\u00e8re d\u2019un mors, et se pla\u00e7ant \u00e0 cheval sur le pachyderme (sic) l\u2019emp\u00eacha de se d\u00e9gager.\" \/>\n<meta name=\"twitter:image\" content=\"https:\/\/www.norgeat.fr\/wp-content\/uploads\/2024\/12\/avant-reseau-maires.jpg\" \/>\n<meta name=\"twitter:label1\" content=\"Dur\u00e9e de lecture estim\u00e9e\" \/>\n\t<meta name=\"twitter:data1\" content=\"6 minutes\" \/>\n<script type=\"application\/ld+json\" class=\"yoast-schema-graph\">{\"@context\":\"https:\/\/schema.org\",\"@graph\":[{\"@type\":\"WebPage\",\"@id\":\"https:\/\/www.norgeat.fr\/index.php\/norgeat-au-fil-du-temps\/miglosiens-a-lhonneur-un-maire-courageux\/\",\"url\":\"https:\/\/www.norgeat.fr\/index.php\/norgeat-au-fil-du-temps\/miglosiens-a-lhonneur-un-maire-courageux\/\",\"name\":\"Miglosiens \u00e0 l\u2019honneur - Norgeat\",\"isPartOf\":{\"@id\":\"https:\/\/www.norgeat.fr\/#website\"},\"primaryImageOfPage\":{\"@id\":\"https:\/\/www.norgeat.fr\/index.php\/norgeat-au-fil-du-temps\/miglosiens-a-lhonneur-un-maire-courageux\/#primaryimage\"},\"image\":{\"@id\":\"https:\/\/www.norgeat.fr\/index.php\/norgeat-au-fil-du-temps\/miglosiens-a-lhonneur-un-maire-courageux\/#primaryimage\"},\"thumbnailUrl\":\"https:\/\/www.norgeat.fr\/wp-content\/uploads\/2024\/12\/avant-reseau-maires.jpg\",\"datePublished\":\"2024-12-08T17:11:27+00:00\",\"dateModified\":\"2024-12-16T14:44:08+00:00\",\"description\":\"Un Maire courageux. - Faisant preuve d\u2019un grand sang-froid, le maire lui introduisit sa canne recourb\u00e9e dans la bouche, \u00e0 la mani\u00e8re d\u2019un mors, et se pla\u00e7ant \u00e0 cheval sur le pachyderme (sic) l\u2019emp\u00eacha de se d\u00e9gager.\",\"breadcrumb\":{\"@id\":\"https:\/\/www.norgeat.fr\/index.php\/norgeat-au-fil-du-temps\/miglosiens-a-lhonneur-un-maire-courageux\/#breadcrumb\"},\"inLanguage\":\"fr-FR\",\"potentialAction\":[{\"@type\":\"ReadAction\",\"target\":[\"https:\/\/www.norgeat.fr\/index.php\/norgeat-au-fil-du-temps\/miglosiens-a-lhonneur-un-maire-courageux\/\"]}]},{\"@type\":\"ImageObject\",\"inLanguage\":\"fr-FR\",\"@id\":\"https:\/\/www.norgeat.fr\/index.php\/norgeat-au-fil-du-temps\/miglosiens-a-lhonneur-un-maire-courageux\/#primaryimage\",\"url\":\"https:\/\/www.norgeat.fr\/wp-content\/uploads\/2024\/12\/avant-reseau-maires.jpg\",\"contentUrl\":\"https:\/\/www.norgeat.fr\/wp-content\/uploads\/2024\/12\/avant-reseau-maires.jpg\",\"width\":1000,\"height\":522},{\"@type\":\"BreadcrumbList\",\"@id\":\"https:\/\/www.norgeat.fr\/index.php\/norgeat-au-fil-du-temps\/miglosiens-a-lhonneur-un-maire-courageux\/#breadcrumb\",\"itemListElement\":[{\"@type\":\"ListItem\",\"position\":1,\"name\":\"Accueil\",\"item\":\"https:\/\/www.norgeat.fr\/\"},{\"@type\":\"ListItem\",\"position\":2,\"name\":\"Au fil du temps\",\"item\":\"https:\/\/www.norgeat.fr\/index.php\/norgeat-au-fil-du-temps\/\"},{\"@type\":\"ListItem\",\"position\":3,\"name\":\"Miglosiens \u00e0 l\u2019honneur\"}]},{\"@type\":\"WebSite\",\"@id\":\"https:\/\/www.norgeat.fr\/#website\",\"url\":\"https:\/\/www.norgeat.fr\/\",\"name\":\"Norgeat\",\"description\":\"Norgeat, d&#039;hier et d&#039;aujourd&#039;hui...\",\"publisher\":{\"@id\":\"https:\/\/www.norgeat.fr\/#organization\"},\"potentialAction\":[{\"@type\":\"SearchAction\",\"target\":{\"@type\":\"EntryPoint\",\"urlTemplate\":\"https:\/\/www.norgeat.fr\/?s={search_term_string}\"},\"query-input\":{\"@type\":\"PropertyValueSpecification\",\"valueRequired\":true,\"valueName\":\"search_term_string\"}}],\"inLanguage\":\"fr-FR\"},{\"@type\":\"Organization\",\"@id\":\"https:\/\/www.norgeat.fr\/#organization\",\"name\":\"Le village de Norgeat en Ari\u00e8ge\",\"url\":\"https:\/\/www.norgeat.fr\/\",\"logo\":{\"@type\":\"ImageObject\",\"inLanguage\":\"fr-FR\",\"@id\":\"https:\/\/www.norgeat.fr\/#\/schema\/logo\/image\/\",\"url\":\"https:\/\/www.norgeat.fr\/wp-content\/uploads\/2024\/12\/logo-norgeat-v.png\",\"contentUrl\":\"https:\/\/www.norgeat.fr\/wp-content\/uploads\/2024\/12\/logo-norgeat-v.png\",\"width\":4306,\"height\":1521,\"caption\":\"Le village de Norgeat en Ari\u00e8ge\"},\"image\":{\"@id\":\"https:\/\/www.norgeat.fr\/#\/schema\/logo\/image\/\"}}]}<\/script>\n<!-- \/ Yoast SEO plugin. -->","yoast_head_json":{"title":"Miglosiens \u00e0 l\u2019honneur - Norgeat","description":"Un Maire courageux. - Faisant preuve d\u2019un grand sang-froid, le maire lui introduisit sa canne recourb\u00e9e dans la bouche, \u00e0 la mani\u00e8re d\u2019un mors, et se pla\u00e7ant \u00e0 cheval sur le pachyderme (sic) l\u2019emp\u00eacha de se d\u00e9gager.","robots":{"index":"index","follow":"follow","max-snippet":"max-snippet:-1","max-image-preview":"max-image-preview:large","max-video-preview":"max-video-preview:-1"},"canonical":"https:\/\/www.norgeat.fr\/index.php\/norgeat-au-fil-du-temps\/miglosiens-a-lhonneur-un-maire-courageux\/","og_locale":"fr_FR","og_type":"article","og_title":"Miglosiens \u00e0 l\u2019honneur - Un Maire courageux.","og_description":"Un Maire courageux. - Faisant preuve d\u2019un grand sang-froid, le maire lui introduisit sa canne recourb\u00e9e dans la bouche, \u00e0 la mani\u00e8re d\u2019un mors, et se pla\u00e7ant \u00e0 cheval sur le pachyderme (sic) l\u2019emp\u00eacha de se d\u00e9gager.","og_url":"https:\/\/www.norgeat.fr\/index.php\/norgeat-au-fil-du-temps\/miglosiens-a-lhonneur-un-maire-courageux\/","og_site_name":"Norgeat","article_modified_time":"2024-12-16T14:44:08+00:00","og_image":[{"width":1000,"height":522,"url":"https:\/\/www.norgeat.fr\/wp-content\/uploads\/2024\/12\/avant-reseau-maires.jpg","type":"image\/jpeg"}],"twitter_card":"summary_large_image","twitter_title":"Miglosiens \u00e0 l\u2019honneur - Un Maire courageux.","twitter_description":"Un Maire courageux. - Faisant preuve d\u2019un grand sang-froid, le maire lui introduisit sa canne recourb\u00e9e dans la bouche, \u00e0 la mani\u00e8re d\u2019un mors, et se pla\u00e7ant \u00e0 cheval sur le pachyderme (sic) l\u2019emp\u00eacha de se d\u00e9gager.","twitter_image":"https:\/\/www.norgeat.fr\/wp-content\/uploads\/2024\/12\/avant-reseau-maires.jpg","twitter_misc":{"Dur\u00e9e de lecture estim\u00e9e":"6 minutes"},"schema":{"@context":"https:\/\/schema.org","@graph":[{"@type":"WebPage","@id":"https:\/\/www.norgeat.fr\/index.php\/norgeat-au-fil-du-temps\/miglosiens-a-lhonneur-un-maire-courageux\/","url":"https:\/\/www.norgeat.fr\/index.php\/norgeat-au-fil-du-temps\/miglosiens-a-lhonneur-un-maire-courageux\/","name":"Miglosiens \u00e0 l\u2019honneur - Norgeat","isPartOf":{"@id":"https:\/\/www.norgeat.fr\/#website"},"primaryImageOfPage":{"@id":"https:\/\/www.norgeat.fr\/index.php\/norgeat-au-fil-du-temps\/miglosiens-a-lhonneur-un-maire-courageux\/#primaryimage"},"image":{"@id":"https:\/\/www.norgeat.fr\/index.php\/norgeat-au-fil-du-temps\/miglosiens-a-lhonneur-un-maire-courageux\/#primaryimage"},"thumbnailUrl":"https:\/\/www.norgeat.fr\/wp-content\/uploads\/2024\/12\/avant-reseau-maires.jpg","datePublished":"2024-12-08T17:11:27+00:00","dateModified":"2024-12-16T14:44:08+00:00","description":"Un Maire courageux. - Faisant preuve d\u2019un grand sang-froid, le maire lui introduisit sa canne recourb\u00e9e dans la bouche, \u00e0 la mani\u00e8re d\u2019un mors, et se pla\u00e7ant \u00e0 cheval sur le pachyderme (sic) l\u2019emp\u00eacha de se d\u00e9gager.","breadcrumb":{"@id":"https:\/\/www.norgeat.fr\/index.php\/norgeat-au-fil-du-temps\/miglosiens-a-lhonneur-un-maire-courageux\/#breadcrumb"},"inLanguage":"fr-FR","potentialAction":[{"@type":"ReadAction","target":["https:\/\/www.norgeat.fr\/index.php\/norgeat-au-fil-du-temps\/miglosiens-a-lhonneur-un-maire-courageux\/"]}]},{"@type":"ImageObject","inLanguage":"fr-FR","@id":"https:\/\/www.norgeat.fr\/index.php\/norgeat-au-fil-du-temps\/miglosiens-a-lhonneur-un-maire-courageux\/#primaryimage","url":"https:\/\/www.norgeat.fr\/wp-content\/uploads\/2024\/12\/avant-reseau-maires.jpg","contentUrl":"https:\/\/www.norgeat.fr\/wp-content\/uploads\/2024\/12\/avant-reseau-maires.jpg","width":1000,"height":522},{"@type":"BreadcrumbList","@id":"https:\/\/www.norgeat.fr\/index.php\/norgeat-au-fil-du-temps\/miglosiens-a-lhonneur-un-maire-courageux\/#breadcrumb","itemListElement":[{"@type":"ListItem","position":1,"name":"Accueil","item":"https:\/\/www.norgeat.fr\/"},{"@type":"ListItem","position":2,"name":"Au fil du temps","item":"https:\/\/www.norgeat.fr\/index.php\/norgeat-au-fil-du-temps\/"},{"@type":"ListItem","position":3,"name":"Miglosiens \u00e0 l\u2019honneur"}]},{"@type":"WebSite","@id":"https:\/\/www.norgeat.fr\/#website","url":"https:\/\/www.norgeat.fr\/","name":"Norgeat","description":"Norgeat, d&#039;hier et d&#039;aujourd&#039;hui...","publisher":{"@id":"https:\/\/www.norgeat.fr\/#organization"},"potentialAction":[{"@type":"SearchAction","target":{"@type":"EntryPoint","urlTemplate":"https:\/\/www.norgeat.fr\/?s={search_term_string}"},"query-input":{"@type":"PropertyValueSpecification","valueRequired":true,"valueName":"search_term_string"}}],"inLanguage":"fr-FR"},{"@type":"Organization","@id":"https:\/\/www.norgeat.fr\/#organization","name":"Le village de Norgeat en Ari\u00e8ge","url":"https:\/\/www.norgeat.fr\/","logo":{"@type":"ImageObject","inLanguage":"fr-FR","@id":"https:\/\/www.norgeat.fr\/#\/schema\/logo\/image\/","url":"https:\/\/www.norgeat.fr\/wp-content\/uploads\/2024\/12\/logo-norgeat-v.png","contentUrl":"https:\/\/www.norgeat.fr\/wp-content\/uploads\/2024\/12\/logo-norgeat-v.png","width":4306,"height":1521,"caption":"Le village de Norgeat en Ari\u00e8ge"},"image":{"@id":"https:\/\/www.norgeat.fr\/#\/schema\/logo\/image\/"}}]}},"rttpg_featured_image_url":{"full":["https:\/\/www.norgeat.fr\/wp-content\/uploads\/2024\/12\/avant-reseau-maires.jpg",1000,522,false],"landscape":["https:\/\/www.norgeat.fr\/wp-content\/uploads\/2024\/12\/avant-reseau-maires.jpg",1000,522,false],"portraits":["https:\/\/www.norgeat.fr\/wp-content\/uploads\/2024\/12\/avant-reseau-maires.jpg",1000,522,false],"thumbnail":["https:\/\/www.norgeat.fr\/wp-content\/uploads\/2024\/12\/avant-reseau-maires-150x150.jpg",150,150,true],"medium":["https:\/\/www.norgeat.fr\/wp-content\/uploads\/2024\/12\/avant-reseau-maires-300x157.jpg",300,157,true],"large":["https:\/\/www.norgeat.fr\/wp-content\/uploads\/2024\/12\/avant-reseau-maires.jpg",800,418,false],"1536x1536":["https:\/\/www.norgeat.fr\/wp-content\/uploads\/2024\/12\/avant-reseau-maires.jpg",1000,522,false],"2048x2048":["https:\/\/www.norgeat.fr\/wp-content\/uploads\/2024\/12\/avant-reseau-maires.jpg",1000,522,false],"onepress-blog-small":["https:\/\/www.norgeat.fr\/wp-content\/uploads\/2024\/12\/avant-reseau-maires-300x150.jpg",300,150,true],"onepress-small":["https:\/\/www.norgeat.fr\/wp-content\/uploads\/2024\/12\/avant-reseau-maires-480x300.jpg",480,300,true],"onepress-medium":["https:\/\/www.norgeat.fr\/wp-content\/uploads\/2024\/12\/avant-reseau-maires-640x400.jpg",640,400,true]},"rttpg_author":{"display_name":"norgeat","author_link":"https:\/\/www.norgeat.fr\/index.php\/author\/norgeat\/"},"rttpg_comment":0,"rttpg_category":null,"rttpg_excerpt":"Miglosiens \u00e0 l\u2019honneur Un Maire courageux. D\u00e9but Mars 1905, le maire de Miglos, Lucien PUJOL, demeurant \u00e0 Norgeat, a r\u00e9ussi \u00e0 ma\u00eetriser, seul et jusqu\u2019\u00e0 l\u2019arriv\u00e9e d\u2019un soutien, une laie ...","_links":{"self":[{"href":"https:\/\/www.norgeat.fr\/index.php\/wp-json\/wp\/v2\/pages\/876","targetHints":{"allow":["GET"]}}],"collection":[{"href":"https:\/\/www.norgeat.fr\/index.php\/wp-json\/wp\/v2\/pages"}],"about":[{"href":"https:\/\/www.norgeat.fr\/index.php\/wp-json\/wp\/v2\/types\/page"}],"author":[{"embeddable":true,"href":"https:\/\/www.norgeat.fr\/index.php\/wp-json\/wp\/v2\/users\/2"}],"replies":[{"embeddable":true,"href":"https:\/\/www.norgeat.fr\/index.php\/wp-json\/wp\/v2\/comments?post=876"}],"version-history":[{"count":11,"href":"https:\/\/www.norgeat.fr\/index.php\/wp-json\/wp\/v2\/pages\/876\/revisions"}],"predecessor-version":[{"id":2437,"href":"https:\/\/www.norgeat.fr\/index.php\/wp-json\/wp\/v2\/pages\/876\/revisions\/2437"}],"up":[{"embeddable":true,"href":"https:\/\/www.norgeat.fr\/index.php\/wp-json\/wp\/v2\/pages\/416"}],"wp:featuredmedia":[{"embeddable":true,"href":"https:\/\/www.norgeat.fr\/index.php\/wp-json\/wp\/v2\/media\/878"}],"wp:attachment":[{"href":"https:\/\/www.norgeat.fr\/index.php\/wp-json\/wp\/v2\/media?parent=876"}],"curies":[{"name":"wp","href":"https:\/\/api.w.org\/{rel}","templated":true}]}}