{"id":990,"date":"2024-12-08T23:03:52","date_gmt":"2024-12-08T22:03:52","guid":{"rendered":"http:\/\/www.norgeat.fr\/?page_id=990"},"modified":"2025-02-19T12:00:44","modified_gmt":"2025-02-19T11:00:44","slug":"le-monument-aux-morts","status":"publish","type":"page","link":"https:\/\/www.norgeat.fr\/index.php\/norgeat-au-fil-du-temps\/le-monument-aux-morts\/","title":{"rendered":"Le Monument aux Morts"},"content":{"rendered":"\n<h2 class=\"wp-block-heading\">Le Monument aux Morts<\/h2>\n\n\n\n<p>Les Monuments aux Morts ont \u00e9t\u00e9 \u00e9rig\u00e9s en France d\u00e8s la fin de la Premi\u00e8re Guerre Mondiale, avec l&rsquo;encouragement de l&rsquo;Etat, qui accordait les autorisations administratives n\u00e9cessaires et pouvait \u00e9galement octroyer des subventions aux communes (Circulaire du 18 Avril 1919 et loi du 25 Octobre 1919).<\/p>\n\n\n\n<div class=\"wp-block-media-text has-media-on-the-right\" style=\"grid-template-columns:auto 24%\"><div class=\"wp-block-media-text__content\">\n<p>A Norgeat, le 30 D\u00e9cembre 1919, le pr\u00e9sident de la commission du \u00ab\u00a0Monument aux soldats morts pour la Patrie\u00a0\u00bb, Hilaire Gabarre, a adress\u00e9 une lettre au maire de la commune, Constantin Jean-Marie Montaud, pour l&rsquo;informer du projet de construction d&rsquo;un Monument aux Morts, dans l&rsquo;enceinte du cimeti\u00e8re et demander la concession du terrain n\u00e9cessaire.<br>Une souscription, \u00e0 laquelle tous les habitants du village ont particip\u00e9, avait permis de recueillir la somme de 1624,50 francs.<br>La liste d\u00e9taill\u00e9e \u00e9tait jointe \u00e0 ce courrier, ainsi qu&rsquo;un plan du monument projet\u00e9, \u00e0 l&rsquo;\u00e9chelle 1\/10e.<br>La lettre en question sera examin\u00e9e lors de la s\u00e9ance du Conseil municipal du 1er Janvier 1920. Apr\u00e8s d\u00e9lib\u00e9ration, le maire est charg\u00e9 de faire le n\u00e9cessaire pour que l&rsquo;autorisation administrative pr\u00e9vue soit accord\u00e9e.<\/p>\n\n\n\n<p><\/p>\n<\/div><figure class=\"wp-block-media-text__media\"><a href=\"https:\/\/www.norgeat.fr\/wp-content\/uploads\/2024\/12\/Monument-aux-Morts-1921.jpg\" data-rel=\"lightbox-gallery-ThMpclkL\" data-rl_title=\"Plan monument aux morts de Norgeat-Miglos\" data-rl_caption=\"Plan monument aux morts de Norgeat-Miglos\" title=\"Plan monument aux morts de Norgeat-Miglos\"><img loading=\"lazy\" decoding=\"async\" width=\"582\" height=\"800\" src=\"https:\/\/www.norgeat.fr\/wp-content\/uploads\/2024\/12\/Monument-aux-Morts-1921.jpg\" alt=\"\" class=\"wp-image-994 size-full\"\/><\/a><\/figure><\/div>\n\n\n\n<p>En cours d&rsquo;ann\u00e9e 1920, plusieurs correspondances (r\u00e9dig\u00e9es par l&rsquo;instituteur Galy, secr\u00e9taire de mairie) sont \u00e9chang\u00e9es, \u00e0 ce sujet, entre le maire de Miglos et le pr\u00e9fet.<br>Le d\u00e9put\u00e9 de l&rsquo;Ari\u00e8ge, Raoul Lafagette, et le s\u00e9nateur Reynald, sont \u00e9galement sollicit\u00e9s et interviendront aupr\u00e8s du ministre de l&rsquo;Int\u00e9rieur.<\/p>\n\n\n\n<p>Le co\u00fbt de la r\u00e9alisation est estim\u00e9 \u00e0 1600 francs, selon le devis \u00e9tabli par le tailleur de pierre de Tarascon, Fran\u00e7ois Pescaire, le 28 F\u00e9vrier 1920.<\/p>\n\n\n\n<p>L&rsquo;autorisation d&rsquo;\u00e9riger ledit monument sera finalement accord\u00e9e par le ministre de l&rsquo;Int\u00e9rieur, le 21 F\u00e9vrier 1921 &#8211; ampliation pr\u00e9fectorale du 25 F\u00e9vrier 1921.<\/p>\n\n\n\n<figure class=\"wp-block-gallery aligncenter has-nested-images columns-default is-cropped wp-block-gallery-1 is-layout-flex wp-block-gallery-is-layout-flex\">\n<figure class=\"wp-block-image size-large\"><a href=\"https:\/\/www.norgeat.fr\/wp-content\/uploads\/2024\/12\/Avr.2009-G.L.jpg\" data-rel=\"lightbox-gallery-ThMpclkL\" data-rl_title=\"Entr\u00e9e cimeti\u00e8re de Norgeat-Miglos\" data-rl_caption=\"Entr\u00e9e cimeti\u00e8re de Norgeat-Miglos\" title=\"Entr\u00e9e cimeti\u00e8re de Norgeat-Miglos\"><img loading=\"lazy\" decoding=\"async\" width=\"620\" height=\"452\" data-id=\"992\" src=\"https:\/\/www.norgeat.fr\/wp-content\/uploads\/2024\/12\/Avr.2009-G.L.jpg\" alt=\"\" class=\"wp-image-992\"\/><\/a><figcaption class=\"wp-element-caption\">Entr\u00e9e cimeti\u00e8re de Norgeat-Miglos<\/figcaption><\/figure>\n\n\n\n<figure class=\"wp-block-image size-large\"><a href=\"https:\/\/www.norgeat.fr\/wp-content\/uploads\/2024\/12\/Monument-aux-Morts-Juil.2008-G.L.jpg\" data-rel=\"lightbox-gallery-ThMpclkL\" data-rl_title=\"Le monument aux morts de Norgeat de nos jours\" data-rl_caption=\"Le monument aux morts de Norgeat de nos jours\" title=\"Le monument aux morts de Norgeat de nos jours\"><img loading=\"lazy\" decoding=\"async\" width=\"398\" height=\"620\" data-id=\"995\" src=\"https:\/\/www.norgeat.fr\/wp-content\/uploads\/2024\/12\/Monument-aux-Morts-Juil.2008-G.L.jpg\" alt=\"\" class=\"wp-image-995\"\/><\/a><figcaption class=\"wp-element-caption\">Le monument aux morts de Norgeat de nos jours<\/figcaption><\/figure>\n<\/figure>\n\n\n\n<p>Le Monument aux Morts sera construit en suivant.<\/p>\n\n\n\n<p>Quinze noms d&rsquo;enfants de Norgeat y figurent pour la Premi\u00e8re Guerre Mondiale; puis vont s&rsquo;ajouter \u00e0 cette trop longue liste les trois victimes de la Guerre de 1939\/45.<br>C&rsquo;est lors de la s\u00e9ance du Conseil municipal en date du 29 Novembre 1946 (maire Joseph Faur\u00e9 Lagrimpe) qu&rsquo;un cr\u00e9dit a \u00e9t\u00e9 vot\u00e9 \u00ab\u00a0<em>pour ajouter, \u00e0 la liste des Morts pour la France 1914-1918, les noms des victimes de la Guerre 1939-1945, sur la plaque du Monument aux Morts \u00e9lev\u00e9 \u00e0 Norgeat<\/em>\u00ab\u00a0.<\/p>\n\n\n\n<p>A consulter \u00e9galement, sur le site <a href=\"http:\/\/www.amiglos.fr\/accueil-vertf.htm\" target=\"_blank\" rel=\"noreferrer noopener\">www.amiglos.fr<\/a>, la remarquable \u00e9tude de Christian Pujol sur \u00ab\u00a0<em>Les Enfants de la Commune de Miglos morts pour la Patrie<\/em>\u00ab\u00a0.<\/p>\n\n\n\n<p class=\"has-text-align-right\">G.L. &#8211; Octobre 2009<\/p>\n\n\n\n<hr class=\"wp-block-separator has-alpha-channel-opacity\"\/>\n\n\n\n<h2 class=\"wp-block-heading\">2014 \u2013 Ann\u00e9e de la Comm\u00e9moration du Centenaire du d\u00e9but de la Grande Guerre.<\/h2>\n\n\n\n<p>L&rsquo;occasion pour nous d&rsquo;honorer la m\u00e9moire des soldats, natifs de Miglos, morts pour la France, pendant la Guerre 1914\/1918.<\/p>\n\n\n\n<p>32 jeunes hommes de la commune ont p\u00e9ri lors de ce terrible conflit (sur les fronts de la Marne, de la Meuse, ou encore de la Somme), parmi lesquels 15 sont originaires de Norgeat.<br>On n&rsquo;oubliera pas, non plus, les 6 morts de la Seconde Guerre Mondiale, dont 3 \u00e9taient Norgeatois.<\/p>\n\n\n\n<p>Aussi, afin de leur rendre hommage dans le cadre de \u00ab\u00a0<em>Norgeat d&rsquo;Hier et d&rsquo;Aujourd&rsquo;hui<\/em>\u00ab\u00a0, Christian Pujol a \u00e9tabli une fiche de renseignements pour chacune des victimes de ce village.<br>Ces documents regroupent l&rsquo;ensemble des informations \u00e9manant des bases de donn\u00e9es du Minist\u00e8re de la D\u00e9fense: \u00ab\u00a0<em>M\u00e9moire des Hommes<\/em>\u00ab\u00a0, \u00ab\u00a0<em>Journaux des Marches et Op\u00e9rations<\/em>\u00ab\u00a0, et \u00ab\u00a0<em>S\u00e9pultures de Guerre<\/em>\u00ab\u00a0, ainsi que du site \u00ab\u00a0<em>M\u00e9morial GenWeb<\/em>\u00ab\u00a0.<br>Autre source pr\u00e9cieuse : l&rsquo;\u00c9tat civil de la mairie de Miglos et les Monuments aux Morts de la commune.<\/p>\n\n\n\n<p>Merci \u00e0 Christian Pujol pour ce pr\u00e9cieux \u00ab\u00a0<em>Travail de M\u00e9moire<\/em>\u00ab\u00a0, qu&rsquo;il a entrepris depuis d\u00e9j\u00e0 plusieurs ann\u00e9es.<br>Ind\u00e9pendamment de la publication de l&rsquo;\u00e9tude, r\u00e9alis\u00e9e en 2008, sur \u00ab\u00a0<em>Les Enfants de la commune de Miglos morts pour la Patrie<\/em>\u00a0\u00bb (Cf. ci-dessus), l&rsquo;int\u00e9ress\u00e9 a obtenu, d\u00e8s 2002, que les nomm\u00e9s Faur\u00e9 Paul Justin, de Norrat, et Pujol Pierre Janiret, de Norgeat, tomb\u00e9s au Champ d&rsquo;Honneur, soient inscrits sur le \u00ab\u00a0Livre d&rsquo;Or de la Grande Guerre\u00a0\u00bb.<\/p>\n\n\n\n<p class=\"has-text-align-right\">G.L. &#8211; F\u00e9vrier 2014<\/p>\n\n\n\n<hr class=\"wp-block-separator has-alpha-channel-opacity\"\/>\n\n\n\n<h4 class=\"wp-block-heading\">Norgeatois victimes de la Guerre 1914\/1918<\/h4>\n\n\n<div style=\"text-align:center;\">\n<div style=\"margin:8px 0px 4px;\"><a href=\"https:\/\/www.calameo.com\/books\/000676571d4c2d3ae97ed\" target=\"_blank\">Monument aux Morts Norgeat 1914\/1918<\/a><\/div>\n<p><iframe loading=\"lazy\" src=\"\/\/v.calameo.com\/?bkcode=000676571d4c2d3ae97ed\" width=\"300\" height=\"194\" frameborder=\"0\" scrolling=\"no\" allowtransparency allowfullscreen style=\"margin:0 auto;\"><\/iframe><\/div>\n\n\n\n<h4 class=\"wp-block-heading\">Norgeatois victimes de la Guerre 1939\/1945<\/h4>\n\n\n<div style=\"text-align:center;\">\n<div style=\"margin:8px 0px 4px;\"><a href=\"https:\/\/www.calameo.com\/books\/0006765710453baa9a97a\" target=\"_blank\">Monument aux Morts Norgeat 1939\/1945<\/a><\/div>\n<p><iframe loading=\"lazy\" src=\"\/\/v.calameo.com\/?bkcode=0006765710453baa9a97a\" width=\"300\" height=\"194\" frameborder=\"0\" scrolling=\"no\" allowtransparency allowfullscreen style=\"margin:0 auto;\"><\/iframe><\/div>\n","protected":false},"excerpt":{"rendered":"<p>Le Monument aux Morts Les Monuments aux Morts ont \u00e9t\u00e9 \u00e9rig\u00e9s en France d\u00e8s la fin de la Premi\u00e8re Guerre Mondiale, avec l&rsquo;encouragement de l&rsquo;Etat, qui accordait les autorisations administratives &#8230;<\/p>\n","protected":false},"author":2,"featured_media":993,"parent":416,"menu_order":7,"comment_status":"closed","ping_status":"closed","template":"","meta":{"footnotes":""},"class_list":["post-990","page","type-page","status-publish","has-post-thumbnail","hentry"],"yoast_head":"<!-- This site is optimized with the Yoast SEO plugin v24.0 - https:\/\/yoast.com\/wordpress\/plugins\/seo\/ -->\n<title>Le Monument aux Morts - Norgeat<\/title>\n<meta name=\"robots\" content=\"index, follow, max-snippet:-1, max-image-preview:large, max-video-preview:-1\" \/>\n<link rel=\"canonical\" href=\"https:\/\/www.norgeat.fr\/index.php\/norgeat-au-fil-du-temps\/le-monument-aux-morts\/\" \/>\n<meta property=\"og:locale\" content=\"fr_FR\" \/>\n<meta property=\"og:type\" content=\"article\" \/>\n<meta property=\"og:title\" content=\"Le Monument aux Morts - Norgeat\" \/>\n<meta property=\"og:description\" content=\"Le Monument aux Morts Les Monuments aux Morts ont \u00e9t\u00e9 \u00e9rig\u00e9s en France d\u00e8s la fin de la Premi\u00e8re Guerre Mondiale, avec l&rsquo;encouragement de l&rsquo;Etat, qui accordait les autorisations administratives ...\" \/>\n<meta property=\"og:url\" content=\"https:\/\/www.norgeat.fr\/index.php\/norgeat-au-fil-du-temps\/le-monument-aux-morts\/\" \/>\n<meta property=\"og:site_name\" content=\"Norgeat\" \/>\n<meta property=\"article:modified_time\" content=\"2025-02-19T11:00:44+00:00\" \/>\n<meta property=\"og:image\" content=\"https:\/\/www.norgeat.fr\/wp-content\/uploads\/2024\/12\/avant-reseau-monument.jpg\" \/>\n\t<meta property=\"og:image:width\" content=\"1000\" \/>\n\t<meta property=\"og:image:height\" content=\"522\" \/>\n\t<meta property=\"og:image:type\" content=\"image\/jpeg\" \/>\n<meta name=\"twitter:card\" content=\"summary_large_image\" \/>\n<meta name=\"twitter:label1\" content=\"Dur\u00e9e de lecture estim\u00e9e\" \/>\n\t<meta name=\"twitter:data1\" content=\"5 minutes\" \/>\n<script type=\"application\/ld+json\" class=\"yoast-schema-graph\">{\"@context\":\"https:\/\/schema.org\",\"@graph\":[{\"@type\":\"WebPage\",\"@id\":\"https:\/\/www.norgeat.fr\/index.php\/norgeat-au-fil-du-temps\/le-monument-aux-morts\/\",\"url\":\"https:\/\/www.norgeat.fr\/index.php\/norgeat-au-fil-du-temps\/le-monument-aux-morts\/\",\"name\":\"Le Monument aux Morts - Norgeat\",\"isPartOf\":{\"@id\":\"https:\/\/www.norgeat.fr\/#website\"},\"primaryImageOfPage\":{\"@id\":\"https:\/\/www.norgeat.fr\/index.php\/norgeat-au-fil-du-temps\/le-monument-aux-morts\/#primaryimage\"},\"image\":{\"@id\":\"https:\/\/www.norgeat.fr\/index.php\/norgeat-au-fil-du-temps\/le-monument-aux-morts\/#primaryimage\"},\"thumbnailUrl\":\"https:\/\/www.norgeat.fr\/wp-content\/uploads\/2024\/12\/avant-reseau-monument.jpg\",\"datePublished\":\"2024-12-08T22:03:52+00:00\",\"dateModified\":\"2025-02-19T11:00:44+00:00\",\"breadcrumb\":{\"@id\":\"https:\/\/www.norgeat.fr\/index.php\/norgeat-au-fil-du-temps\/le-monument-aux-morts\/#breadcrumb\"},\"inLanguage\":\"fr-FR\",\"potentialAction\":[{\"@type\":\"ReadAction\",\"target\":[\"https:\/\/www.norgeat.fr\/index.php\/norgeat-au-fil-du-temps\/le-monument-aux-morts\/\"]}]},{\"@type\":\"ImageObject\",\"inLanguage\":\"fr-FR\",\"@id\":\"https:\/\/www.norgeat.fr\/index.php\/norgeat-au-fil-du-temps\/le-monument-aux-morts\/#primaryimage\",\"url\":\"https:\/\/www.norgeat.fr\/wp-content\/uploads\/2024\/12\/avant-reseau-monument.jpg\",\"contentUrl\":\"https:\/\/www.norgeat.fr\/wp-content\/uploads\/2024\/12\/avant-reseau-monument.jpg\",\"width\":1000,\"height\":522},{\"@type\":\"BreadcrumbList\",\"@id\":\"https:\/\/www.norgeat.fr\/index.php\/norgeat-au-fil-du-temps\/le-monument-aux-morts\/#breadcrumb\",\"itemListElement\":[{\"@type\":\"ListItem\",\"position\":1,\"name\":\"Accueil\",\"item\":\"https:\/\/www.norgeat.fr\/\"},{\"@type\":\"ListItem\",\"position\":2,\"name\":\"Au fil du temps\",\"item\":\"https:\/\/www.norgeat.fr\/index.php\/norgeat-au-fil-du-temps\/\"},{\"@type\":\"ListItem\",\"position\":3,\"name\":\"Le Monument aux Morts\"}]},{\"@type\":\"WebSite\",\"@id\":\"https:\/\/www.norgeat.fr\/#website\",\"url\":\"https:\/\/www.norgeat.fr\/\",\"name\":\"Norgeat\",\"description\":\"Norgeat, d&#039;hier et d&#039;aujourd&#039;hui...\",\"publisher\":{\"@id\":\"https:\/\/www.norgeat.fr\/#organization\"},\"potentialAction\":[{\"@type\":\"SearchAction\",\"target\":{\"@type\":\"EntryPoint\",\"urlTemplate\":\"https:\/\/www.norgeat.fr\/?s={search_term_string}\"},\"query-input\":{\"@type\":\"PropertyValueSpecification\",\"valueRequired\":true,\"valueName\":\"search_term_string\"}}],\"inLanguage\":\"fr-FR\"},{\"@type\":\"Organization\",\"@id\":\"https:\/\/www.norgeat.fr\/#organization\",\"name\":\"Le village de Norgeat en Ari\u00e8ge\",\"url\":\"https:\/\/www.norgeat.fr\/\",\"logo\":{\"@type\":\"ImageObject\",\"inLanguage\":\"fr-FR\",\"@id\":\"https:\/\/www.norgeat.fr\/#\/schema\/logo\/image\/\",\"url\":\"https:\/\/www.norgeat.fr\/wp-content\/uploads\/2024\/12\/logo-norgeat-v.png\",\"contentUrl\":\"https:\/\/www.norgeat.fr\/wp-content\/uploads\/2024\/12\/logo-norgeat-v.png\",\"width\":4306,\"height\":1521,\"caption\":\"Le village de Norgeat en Ari\u00e8ge\"},\"image\":{\"@id\":\"https:\/\/www.norgeat.fr\/#\/schema\/logo\/image\/\"}}]}<\/script>\n<!-- \/ Yoast SEO plugin. -->","yoast_head_json":{"title":"Le Monument aux Morts - Norgeat","robots":{"index":"index","follow":"follow","max-snippet":"max-snippet:-1","max-image-preview":"max-image-preview:large","max-video-preview":"max-video-preview:-1"},"canonical":"https:\/\/www.norgeat.fr\/index.php\/norgeat-au-fil-du-temps\/le-monument-aux-morts\/","og_locale":"fr_FR","og_type":"article","og_title":"Le Monument aux Morts - Norgeat","og_description":"Le Monument aux Morts Les Monuments aux Morts ont \u00e9t\u00e9 \u00e9rig\u00e9s en France d\u00e8s la fin de la Premi\u00e8re Guerre Mondiale, avec l&rsquo;encouragement de l&rsquo;Etat, qui accordait les autorisations administratives ...","og_url":"https:\/\/www.norgeat.fr\/index.php\/norgeat-au-fil-du-temps\/le-monument-aux-morts\/","og_site_name":"Norgeat","article_modified_time":"2025-02-19T11:00:44+00:00","og_image":[{"width":1000,"height":522,"url":"https:\/\/www.norgeat.fr\/wp-content\/uploads\/2024\/12\/avant-reseau-monument.jpg","type":"image\/jpeg"}],"twitter_card":"summary_large_image","twitter_misc":{"Dur\u00e9e de lecture estim\u00e9e":"5 minutes"},"schema":{"@context":"https:\/\/schema.org","@graph":[{"@type":"WebPage","@id":"https:\/\/www.norgeat.fr\/index.php\/norgeat-au-fil-du-temps\/le-monument-aux-morts\/","url":"https:\/\/www.norgeat.fr\/index.php\/norgeat-au-fil-du-temps\/le-monument-aux-morts\/","name":"Le Monument aux Morts - Norgeat","isPartOf":{"@id":"https:\/\/www.norgeat.fr\/#website"},"primaryImageOfPage":{"@id":"https:\/\/www.norgeat.fr\/index.php\/norgeat-au-fil-du-temps\/le-monument-aux-morts\/#primaryimage"},"image":{"@id":"https:\/\/www.norgeat.fr\/index.php\/norgeat-au-fil-du-temps\/le-monument-aux-morts\/#primaryimage"},"thumbnailUrl":"https:\/\/www.norgeat.fr\/wp-content\/uploads\/2024\/12\/avant-reseau-monument.jpg","datePublished":"2024-12-08T22:03:52+00:00","dateModified":"2025-02-19T11:00:44+00:00","breadcrumb":{"@id":"https:\/\/www.norgeat.fr\/index.php\/norgeat-au-fil-du-temps\/le-monument-aux-morts\/#breadcrumb"},"inLanguage":"fr-FR","potentialAction":[{"@type":"ReadAction","target":["https:\/\/www.norgeat.fr\/index.php\/norgeat-au-fil-du-temps\/le-monument-aux-morts\/"]}]},{"@type":"ImageObject","inLanguage":"fr-FR","@id":"https:\/\/www.norgeat.fr\/index.php\/norgeat-au-fil-du-temps\/le-monument-aux-morts\/#primaryimage","url":"https:\/\/www.norgeat.fr\/wp-content\/uploads\/2024\/12\/avant-reseau-monument.jpg","contentUrl":"https:\/\/www.norgeat.fr\/wp-content\/uploads\/2024\/12\/avant-reseau-monument.jpg","width":1000,"height":522},{"@type":"BreadcrumbList","@id":"https:\/\/www.norgeat.fr\/index.php\/norgeat-au-fil-du-temps\/le-monument-aux-morts\/#breadcrumb","itemListElement":[{"@type":"ListItem","position":1,"name":"Accueil","item":"https:\/\/www.norgeat.fr\/"},{"@type":"ListItem","position":2,"name":"Au fil du temps","item":"https:\/\/www.norgeat.fr\/index.php\/norgeat-au-fil-du-temps\/"},{"@type":"ListItem","position":3,"name":"Le Monument aux Morts"}]},{"@type":"WebSite","@id":"https:\/\/www.norgeat.fr\/#website","url":"https:\/\/www.norgeat.fr\/","name":"Norgeat","description":"Norgeat, d&#039;hier et d&#039;aujourd&#039;hui...","publisher":{"@id":"https:\/\/www.norgeat.fr\/#organization"},"potentialAction":[{"@type":"SearchAction","target":{"@type":"EntryPoint","urlTemplate":"https:\/\/www.norgeat.fr\/?s={search_term_string}"},"query-input":{"@type":"PropertyValueSpecification","valueRequired":true,"valueName":"search_term_string"}}],"inLanguage":"fr-FR"},{"@type":"Organization","@id":"https:\/\/www.norgeat.fr\/#organization","name":"Le village de Norgeat en Ari\u00e8ge","url":"https:\/\/www.norgeat.fr\/","logo":{"@type":"ImageObject","inLanguage":"fr-FR","@id":"https:\/\/www.norgeat.fr\/#\/schema\/logo\/image\/","url":"https:\/\/www.norgeat.fr\/wp-content\/uploads\/2024\/12\/logo-norgeat-v.png","contentUrl":"https:\/\/www.norgeat.fr\/wp-content\/uploads\/2024\/12\/logo-norgeat-v.png","width":4306,"height":1521,"caption":"Le village de Norgeat en Ari\u00e8ge"},"image":{"@id":"https:\/\/www.norgeat.fr\/#\/schema\/logo\/image\/"}}]}},"rttpg_featured_image_url":{"full":["https:\/\/www.norgeat.fr\/wp-content\/uploads\/2024\/12\/avant-reseau-monument.jpg",1000,522,false],"landscape":["https:\/\/www.norgeat.fr\/wp-content\/uploads\/2024\/12\/avant-reseau-monument.jpg",1000,522,false],"portraits":["https:\/\/www.norgeat.fr\/wp-content\/uploads\/2024\/12\/avant-reseau-monument.jpg",1000,522,false],"thumbnail":["https:\/\/www.norgeat.fr\/wp-content\/uploads\/2024\/12\/avant-reseau-monument-150x150.jpg",150,150,true],"medium":["https:\/\/www.norgeat.fr\/wp-content\/uploads\/2024\/12\/avant-reseau-monument-300x157.jpg",300,157,true],"large":["https:\/\/www.norgeat.fr\/wp-content\/uploads\/2024\/12\/avant-reseau-monument.jpg",800,418,false],"1536x1536":["https:\/\/www.norgeat.fr\/wp-content\/uploads\/2024\/12\/avant-reseau-monument.jpg",1000,522,false],"2048x2048":["https:\/\/www.norgeat.fr\/wp-content\/uploads\/2024\/12\/avant-reseau-monument.jpg",1000,522,false],"onepress-blog-small":["https:\/\/www.norgeat.fr\/wp-content\/uploads\/2024\/12\/avant-reseau-monument-300x150.jpg",300,150,true],"onepress-small":["https:\/\/www.norgeat.fr\/wp-content\/uploads\/2024\/12\/avant-reseau-monument-480x300.jpg",480,300,true],"onepress-medium":["https:\/\/www.norgeat.fr\/wp-content\/uploads\/2024\/12\/avant-reseau-monument-640x400.jpg",640,400,true]},"rttpg_author":{"display_name":"norgeat","author_link":"https:\/\/www.norgeat.fr\/index.php\/author\/norgeat\/"},"rttpg_comment":0,"rttpg_category":null,"rttpg_excerpt":"Le Monument aux Morts Les Monuments aux Morts ont \u00e9t\u00e9 \u00e9rig\u00e9s en France d\u00e8s la fin de la Premi\u00e8re Guerre Mondiale, avec l&rsquo;encouragement de l&rsquo;Etat, qui accordait les autorisations administratives ...","_links":{"self":[{"href":"https:\/\/www.norgeat.fr\/index.php\/wp-json\/wp\/v2\/pages\/990","targetHints":{"allow":["GET"]}}],"collection":[{"href":"https:\/\/www.norgeat.fr\/index.php\/wp-json\/wp\/v2\/pages"}],"about":[{"href":"https:\/\/www.norgeat.fr\/index.php\/wp-json\/wp\/v2\/types\/page"}],"author":[{"embeddable":true,"href":"https:\/\/www.norgeat.fr\/index.php\/wp-json\/wp\/v2\/users\/2"}],"replies":[{"embeddable":true,"href":"https:\/\/www.norgeat.fr\/index.php\/wp-json\/wp\/v2\/comments?post=990"}],"version-history":[{"count":5,"href":"https:\/\/www.norgeat.fr\/index.php\/wp-json\/wp\/v2\/pages\/990\/revisions"}],"predecessor-version":[{"id":1005,"href":"https:\/\/www.norgeat.fr\/index.php\/wp-json\/wp\/v2\/pages\/990\/revisions\/1005"}],"up":[{"embeddable":true,"href":"https:\/\/www.norgeat.fr\/index.php\/wp-json\/wp\/v2\/pages\/416"}],"wp:featuredmedia":[{"embeddable":true,"href":"https:\/\/www.norgeat.fr\/index.php\/wp-json\/wp\/v2\/media\/993"}],"wp:attachment":[{"href":"https:\/\/www.norgeat.fr\/index.php\/wp-json\/wp\/v2\/media?parent=990"}],"curies":[{"name":"wp","href":"https:\/\/api.w.org\/{rel}","templated":true}]}}